{"id":3,"date":"2021-10-05T07:56:20","date_gmt":"2021-10-05T05:56:20","guid":{"rendered":"http:\/\/uus.lainekarp.ee\/?page_id=3"},"modified":"2022-02-17T09:21:41","modified_gmt":"2022-02-17T07:21:41","slug":"privaatsuspoliitika","status":"publish","type":"page","link":"https:\/\/lainekarp.ee\/en\/privaatsuspoliitika\/","title":{"rendered":"Privaatsuspoliitika"},"content":{"rendered":"<div  class=\"tatsu-gv4mc9i0s38wdrh tatsu-section  tatsu-bg-overlay   tatsu-clearfix\" data-title=\"\"  data-headerscheme=\"background--dark\"><div class='tatsu-section-pad clearfix' data-padding='{\"d\":\"0px 0px 90px 0px\"}' data-padding-top='0px'><div class=\"tatsu-row-wrap  tatsu-wrap tatsu-row-one-col tatsu-row-has-one-cols tatsu-medium-gutter tatsu-reg-cols  tatsu-clearfix tatsu-gv4mc9i0ucfxuly9\" ><div  class=\"tatsu-row\" ><div  class=\"tatsu-column  tatsu-bg-overlay tatsu-one-col tatsu-column-image-none tatsu-column-effect-none  tatsu-gv4mc9i0webfiwje\"  data-parallax-speed=\"0\" style=\"\"><div class=\"tatsu-column-inner\" ><div class=\"tatsu-column-pad-wrap\"><div class=\"tatsu-column-pad\" ><div id = \"helvetica_font\" class=\"tatsu-module tatsu-text-block-wrap tatsu-gv4mc9i0y96mb9c1\"><div class=\"tatsu-text-inner tatsu-align-center  clearfix\" ><style>.tatsu-gv4mc9i0y96mb9c1.tatsu-text-block-wrap .tatsu-text-inner{width: 100%;text-align: left;}<\/style>\n<p>Lainekarp O\u00dc on vo\u0303tnud endale kohustuse kaitsta klientide privaatsust. Firma tegevus internetis on koosko\u0303las ko\u0303igi asjakohaste tegevuste ja vastavate Euroopa Liidu o\u0303igusaktide ja Eesti Vabariigi seadustega.<\/p>\n<h3>ISIKUANDMETE T\u00d6\u00d6TLEMINE<\/h3>\n<p>Veebipoe Lainekarp.ee isikuandmete vastutav t\u00f6\u00f6tleja on Lainekarp O\u00dc (registrikood 10708591) asukohaga Laki 5, 10621, Tallinn, Harjumaa, telefon +372 5135785 ja e-kiri info@lainekarp.ee.<\/p>\n<p>Lainekarp O\u00dc on isikuandmete vastutav t\u00f6\u00f6tleja.<\/p>\n<p>Lainekarp O\u00dc edastab maksete teostamiseks vajalikud isikuandmed volitatud t\u00f6\u00f6tleja Montonio Finance O\u00dc-le.<\/p>\n<h3>MILLISEID ISIKUANDMEID T\u00d6\u00d6DELDAKSE<\/h3>\n<p>Lainekarp.ee veebileht t\u00f6\u00f6tleb j\u00e4rgnevaid isikuandmeid:<\/p>\n<p>Ees- ja perekonnanimi, telefoninumber ja e-posti aadress;<\/p>\n<p>kauba kohaletoimetamise aadress;<\/p>\n<p>pangakonto number;<\/p>\n<p>kaupade ja teenuste maksumus ja maksetega seotud andmed;<\/p>\n<p>klienditoe andmed.<\/p>\n<h3>MIS EESM\u00c4RGIL ISIKUANDMEID T\u00d6\u00d6DELDAKSE<\/h3>\n<p>Lainekarp O\u00dc on isikuandmete vastututav t\u00f6\u00f6tleja.<\/p>\n<p>Isikuandmeid kasutatakse kliendi tellimuste haldamiseks ja kauba kohaletoimetamiseks.<\/p>\n<p>Ostuajaloo andmeid (ostu kuup\u00e4ev, kaup, kogus, kliendi andmed) kasutatakse ostetud kaupade ja teenuste \u00fclevaate koostamiseks ning kliendieelistuste anal\u00fc\u00fcsimiseks.<\/p>\n<p>Pangakonto numbrit kasutatakse kliendile maksete tagastamiseks.<\/p>\n<p>Klient annab e-poes andmeid sisestades ning vastava kinnitusega \u00f5iguse koguda ja t\u00f6\u00f6delda kliendi isikuandmeid (Ees- ja perekonnanimi, telefoni number, paki k\u00e4ttetoimetamise ja\/v\u00f5i kodune aadress, e-posti aadress).<\/p>\n<p>10.2 \u00a0M\u00fc\u00fcja ei edasta kliendi isikuandmeid kolmandatele isikutele, v\u00e4ljaarvatud makseteenust osutavale Montonio Finance O\u00dc-ile ja tarneteenust pakkuvale O\u00dc OSC Transport-ile.<\/p>\n<p>10.3\u00a0 M\u00fc\u00fcja s\u00e4ilitab kliendi kohta ostude sooritamise k\u00e4igus kliendi poolt sisestatud kontaktandmed ja info sooritatud ostude kohta. Seda infot k\u00e4sitletakse konfidentsiaalsena ja t\u00f6\u00f6deldakse koosk\u00f5las isikuandmete kaitse seadusega.<\/p>\n<p>10.4\u00a0 M\u00fc\u00fcja v\u00f5ib kasutada kliendi isikuandmeid otsepostituseks \u00fcksnes juhul, kui klient on selle jaoks andnud oma n\u00f5usoleku.<\/p>\n<p>10.5\u00a0 Andmeside kliendi ja pankade ning kaardimaksete vahel on kr\u00fcpteeritud, mis tagab kliendi isikuandmete ja pangaandmete turvalisuse. Makse teostamine toimub v\u00e4ljas pool e-poe keskkonda ning e-poel puudub ligip\u00e4\u00e4s kliendi pangaandmetele ja krediitkaardi andmetele.<\/p>\n<h3>\u00d5IGUSLIK ALUS<\/h3>\n<p>Isikuandmete t\u00f6\u00f6tlemine toimub kliendiga s\u00f5lmitud lepingu t\u00e4itmise eesm\u00e4rgil.<\/p>\n<p>Isikuandmete t\u00f6\u00f6tlemine toimub juriidilise kohustuse t\u00e4itmiseks (nt raamatupidamine ja tarbijavaidluste lahendamine).<\/p>\n<h3>VASTUV\u00d5TJAD, KELLELE ISIKUANDMEID EDASTATAKSE<\/h3>\n<p>Isikuandmed edastatakse veebipoe klienditoele ostude ja ostuajaloo haldamiseks ja kliendiprobleemide lahendamiseks.<\/p>\n<h3>TURVALISUS JA ANDMETELE LIGIP\u00c4\u00c4S<\/h3>\n<p>Isikuandmeid hoitakse Elkdata O\u00dc (veebileht Veebimajutus.ee) serverites, mis asuvad Euroopa Liidu\/Euroopa Majnduspiirkonna EL\/EMP piires. Andmeid v\u00f5idakse edastada riikidesse, mille andmekaitse taset on Euroopa Komisjon hinnanud piisavaks ning USA ettev\u00f5tetele, kes on liitunud andmekaitse kilbi (Privacy Shield) raamistikuga.<\/p>\n<p>Juurdep\u00e4\u00e4s isikuandmetele on veebipoe t\u00f6\u00f6tajatel, kes saavad isikuandmetega tutvuda selleks, et lahendada veebipoe kasutamisega seonduvaid tehnilisi k\u00fcsimusi ning osutada klienditoe teenust.<\/p>\n<p>Veebipood rakendab asjakohaseid f\u00fc\u00fcsilisi, organisatsioonilisi ja infotehnilisi turvameetmeid, et kaitsta isikuandmeid juhusliku v\u00f5i ebaseadusliku h\u00e4vitamise, kaotsimineku, muutmise v\u00f5i loata juurdep\u00e4\u00e4su ja avalikustamise eest.<\/p>\n<p>Isikuandmete edastamine veebipoe volitatud t\u00f6\u00f6tlejatele (nt transporditeenuse pakkuja ja andmemajutus) toimub veebipoe ja volitatud t\u00f6\u00f6tlejatega s\u00f5lmitud lepingute alusel. Volitatud t\u00f6\u00f6tlejaid on kohustatud tagama isikuandmete t\u00f6\u00f6tlemisel asjakohased kaitsemeetmed.<\/p>\n<h3>ISIKUANDMETEGA TUTVUMINE JA PARANDAMINE<\/h3>\n<p>Isikuandmetega saab tutvuda ja teha parandusi veebipoe kasutajaprofiilis. Kui ost on sooritatud ilma kasutajakontota, siis saab tutvuda isikuandmetega klinditoe vahendusel.<\/p>\n<h3>N\u00d5USOLEKU TAGASIV\u00d5TMINE<\/h3>\n<p>Kui isikundmete t\u00f6\u00f6tlemine toimub kliendi n\u00f5usoleku alusel, siis on kliendil \u00f5igus n\u00f5usolek tagasi v\u00f5tta teavitades sellest kliendituge e-posti <a href=\"mailto:info@lainekarp.ee\">info@lainekarp.ee<\/a> teel.<\/p>\n<h3>S\u00c4ILITAMINE<\/h3>\n<p>Veebipoe kliendikonto sulgemisel kustutatakse isikuandmed, va juhul kui selliseid andmeid on vaja s\u00e4ilitada raamatupidamise jaoks v\u00f5i tarbijavaidluste lahendamiseks.<\/p>\n<p>Maksetega ja tarbijavaidlustega seotud vaidluste korral s\u00e4ilitatakse isikuandmed kuni n\u00f5ude t\u00e4itmiseni v\u00f5i aegumist\u00e4htaja l\u00f5puni.<\/p>\n<p>Raamatupidamise jaoks vajalikud isikuandmed s\u00e4ilitatakse seitse aastat.<\/p>\n<h3>KUSTUTAMINE<\/h3>\n<p>Isikuandmete kustutamiseks tuleb v\u00f5tta \u00fchendust klienditoega e-posti teel. Kustutamistaotlusele vastatakse mitte hiljem kui kuu aja jooksul ning t\u00e4psustakse andmete kustutamise perioodi.<\/p>\n<h3>VAIDLUSTE LAHENDAMINE<\/h3>\n<p>Isikuandmete t\u00f6\u00f6tlemisega seotud vaidluste lahendamine toimub klienditoe vahendusel e-posti info@lainekarp.ee. J\u00e4relevalveasutus on Eesti Andmekaitse Inspektsioon (info@aki.ee).<\/p>\n<\/div><\/div><\/div><\/div><div class = \"tatsu-column-bg-image-wrap\"><div class = \"tatsu-column-bg-image\" ><\/div><\/div><div class=\"tatsu-overlay tatsu-column-overlay tatsu-animate-none\" ><\/div><\/div><style>.tatsu-row > .tatsu-gv4mc9i0webfiwje.tatsu-column{width: 100%;}.tatsu-gv4mc9i0webfiwje.tatsu-column > .tatsu-column-inner > .tatsu-column-overlay{mix-blend-mode: normal;}.tatsu-gv4mc9i0webfiwje > .tatsu-column-inner > .tatsu-top-divider{z-index: 9999;}.tatsu-gv4mc9i0webfiwje > .tatsu-column-inner > .tatsu-bottom-divider{z-index: 9999;}.tatsu-gv4mc9i0webfiwje > .tatsu-column-inner > .tatsu-left-divider{z-index: 9999;}.tatsu-gv4mc9i0webfiwje > .tatsu-column-inner > .tatsu-right-divider{z-index: 9999;}<\/style><\/div><\/div><\/div><\/div><div class=\"tatsu-section-background-wrap\"><div class = \"tatsu-section-background\" ><\/div><\/div><div class=\"tatsu-overlay tatsu-section-overlay\"><\/div><style>.tatsu-gv4mc9i0s38wdrh .tatsu-section-pad{padding: 0px 0px 90px 0px;}.tatsu-gv4mc9i0s38wdrh > .tatsu-bottom-divider{z-index: 9999;}.tatsu-gv4mc9i0s38wdrh > .tatsu-top-divider{z-index: 9999;}.tatsu-gv4mc9i0s38wdrh .tatsu-section-overlay{mix-blend-mode: normal;}<\/style><\/div>","protected":false},"excerpt":{"rendered":"","protected":false},"author":1,"featured_media":0,"parent":0,"menu_order":0,"comment_status":"closed","ping_status":"closed","template":"","meta":{"_acf_changed":false,"footnotes":""},"class_list":["post-3","page","type-page","status-publish","hentry"],"acf":[],"yoast_head":"<!-- This site is optimized with the Yoast SEO plugin v27.3 - https:\/\/yoast.com\/product\/yoast-seo-wordpress\/ -->\n<title>Privaatsuspoliitika - Lainekarp<\/title>\n<meta name=\"robots\" content=\"index, follow, max-snippet:-1, max-image-preview:large, max-video-preview:-1\" \/>\n<link rel=\"canonical\" href=\"https:\/\/lainekarp.ee\/en\/privaatsuspoliitika\/\" \/>\n<meta property=\"og:locale\" content=\"en_US\" \/>\n<meta property=\"og:type\" content=\"article\" \/>\n<meta property=\"og:title\" content=\"Privaatsuspoliitika - Lainekarp\" \/>\n<meta property=\"og:url\" content=\"https:\/\/lainekarp.ee\/en\/privaatsuspoliitika\/\" \/>\n<meta property=\"og:site_name\" content=\"Lainekarp\" \/>\n<meta property=\"article:modified_time\" content=\"2022-02-17T07:21:41+00:00\" \/>\n<meta name=\"twitter:card\" content=\"summary_large_image\" \/>\n<meta name=\"twitter:label1\" content=\"Est. reading time\" \/>\n\t<meta name=\"twitter:data1\" content=\"6 minutes\" \/>\n<script type=\"application\/ld+json\" class=\"yoast-schema-graph\">{\"@context\":\"https:\\\/\\\/schema.org\",\"@graph\":[{\"@type\":\"WebPage\",\"@id\":\"https:\\\/\\\/lainekarp.ee\\\/privaatsuspoliitika\\\/\",\"url\":\"https:\\\/\\\/lainekarp.ee\\\/privaatsuspoliitika\\\/\",\"name\":\"Privaatsuspoliitika - Lainekarp\",\"isPartOf\":{\"@id\":\"https:\\\/\\\/www.lainekarp.ee\\\/#website\"},\"datePublished\":\"2021-10-05T05:56:20+00:00\",\"dateModified\":\"2022-02-17T07:21:41+00:00\",\"breadcrumb\":{\"@id\":\"https:\\\/\\\/lainekarp.ee\\\/privaatsuspoliitika\\\/#breadcrumb\"},\"inLanguage\":\"en-US\",\"potentialAction\":[{\"@type\":\"ReadAction\",\"target\":[\"https:\\\/\\\/lainekarp.ee\\\/privaatsuspoliitika\\\/\"]}]},{\"@type\":\"BreadcrumbList\",\"@id\":\"https:\\\/\\\/lainekarp.ee\\\/privaatsuspoliitika\\\/#breadcrumb\",\"itemListElement\":[{\"@type\":\"ListItem\",\"position\":1,\"name\":\"Home\",\"item\":\"https:\\\/\\\/lainekarp.ee\\\/\"},{\"@type\":\"ListItem\",\"position\":2,\"name\":\"Privaatsuspoliitika\"}]},{\"@type\":\"WebSite\",\"@id\":\"https:\\\/\\\/www.lainekarp.ee\\\/#website\",\"url\":\"https:\\\/\\\/www.lainekarp.ee\\\/\",\"name\":\"Lainekarp\",\"description\":\"\",\"potentialAction\":[{\"@type\":\"SearchAction\",\"target\":{\"@type\":\"EntryPoint\",\"urlTemplate\":\"https:\\\/\\\/www.lainekarp.ee\\\/?s={search_term_string}\"},\"query-input\":{\"@type\":\"PropertyValueSpecification\",\"valueRequired\":true,\"valueName\":\"search_term_string\"}}],\"inLanguage\":\"en-US\"}]}<\/script>\n<!-- \/ Yoast SEO plugin. -->","yoast_head_json":{"title":"Privaatsuspoliitika - Lainekarp","robots":{"index":"index","follow":"follow","max-snippet":"max-snippet:-1","max-image-preview":"max-image-preview:large","max-video-preview":"max-video-preview:-1"},"canonical":"https:\/\/lainekarp.ee\/en\/privaatsuspoliitika\/","og_locale":"en_US","og_type":"article","og_title":"Privaatsuspoliitika - Lainekarp","og_url":"https:\/\/lainekarp.ee\/en\/privaatsuspoliitika\/","og_site_name":"Lainekarp","article_modified_time":"2022-02-17T07:21:41+00:00","twitter_card":"summary_large_image","twitter_misc":{"Est. reading time":"6 minutes"},"schema":{"@context":"https:\/\/schema.org","@graph":[{"@type":"WebPage","@id":"https:\/\/lainekarp.ee\/privaatsuspoliitika\/","url":"https:\/\/lainekarp.ee\/privaatsuspoliitika\/","name":"Privaatsuspoliitika - Lainekarp","isPartOf":{"@id":"https:\/\/www.lainekarp.ee\/#website"},"datePublished":"2021-10-05T05:56:20+00:00","dateModified":"2022-02-17T07:21:41+00:00","breadcrumb":{"@id":"https:\/\/lainekarp.ee\/privaatsuspoliitika\/#breadcrumb"},"inLanguage":"en-US","potentialAction":[{"@type":"ReadAction","target":["https:\/\/lainekarp.ee\/privaatsuspoliitika\/"]}]},{"@type":"BreadcrumbList","@id":"https:\/\/lainekarp.ee\/privaatsuspoliitika\/#breadcrumb","itemListElement":[{"@type":"ListItem","position":1,"name":"Home","item":"https:\/\/lainekarp.ee\/"},{"@type":"ListItem","position":2,"name":"Privaatsuspoliitika"}]},{"@type":"WebSite","@id":"https:\/\/www.lainekarp.ee\/#website","url":"https:\/\/www.lainekarp.ee\/","name":"Lainekarp","description":"","potentialAction":[{"@type":"SearchAction","target":{"@type":"EntryPoint","urlTemplate":"https:\/\/www.lainekarp.ee\/?s={search_term_string}"},"query-input":{"@type":"PropertyValueSpecification","valueRequired":true,"valueName":"search_term_string"}}],"inLanguage":"en-US"}]}},"_links":{"self":[{"href":"https:\/\/lainekarp.ee\/en\/wp-json\/wp\/v2\/pages\/3","targetHints":{"allow":["GET"]}}],"collection":[{"href":"https:\/\/lainekarp.ee\/en\/wp-json\/wp\/v2\/pages"}],"about":[{"href":"https:\/\/lainekarp.ee\/en\/wp-json\/wp\/v2\/types\/page"}],"author":[{"embeddable":true,"href":"https:\/\/lainekarp.ee\/en\/wp-json\/wp\/v2\/users\/1"}],"replies":[{"embeddable":true,"href":"https:\/\/lainekarp.ee\/en\/wp-json\/wp\/v2\/comments?post=3"}],"version-history":[{"count":0,"href":"https:\/\/lainekarp.ee\/en\/wp-json\/wp\/v2\/pages\/3\/revisions"}],"wp:attachment":[{"href":"https:\/\/lainekarp.ee\/en\/wp-json\/wp\/v2\/media?parent=3"}],"curies":[{"name":"wp","href":"https:\/\/api.w.org\/{rel}","templated":true}]}}