{"id":5348,"date":"2021-12-09T13:07:44","date_gmt":"2021-12-09T11:07:44","guid":{"rendered":"https:\/\/uus.lainekarp.ee\/?page_id=5348"},"modified":"2025-04-07T08:05:20","modified_gmt":"2025-04-07T06:05:20","slug":"e-pood","status":"publish","type":"page","link":"https:\/\/lainekarp.ee\/en\/e-pood\/","title":{"rendered":"Kataloog"},"content":{"rendered":"<div  class=\"tatsu-rJZdcQvJct tatsu-section  tatsu-bg-overlay   tatsu-clearfix\" data-title=\"\"  data-headerscheme=\"background--dark\"><div class='tatsu-section-pad clearfix' data-padding='{\"d\":\"30px 0px 30px 0px\"}' data-padding-top='30px'><div class=\"tatsu-row-wrap  tatsu-wrap tatsu-row-one-col tatsu-row-has-one-cols tatsu-medium-gutter tatsu-reg-cols  tatsu-clearfix tatsu-r1xO5mPy9F\" ><div  class=\"tatsu-row\" ><div  class=\"tatsu-column  tatsu-bg-overlay tatsu-one-col tatsu-column-image-none tatsu-column-effect-none  tatsu-BJ_9XvJcF\"  data-parallax-speed=\"0\" style=\"\"><div class=\"tatsu-column-inner\" ><div class=\"tatsu-column-pad-wrap\"><div class=\"tatsu-column-pad\" ><div  class=\"tatsu-shortcode-module tatsu-module tatsu-Hykn7PJct\"  ><div class=\"woocommerce columns-4\"><ul class=\"products columns-4\">\n<li class=\"product-category product first\">\n\t<a aria-label=\"Visit product category Alused ja sisud\" href=\"https:\/\/lainekarp.ee\/en\/product-category\/alused-ja-sisud\/\" data-no-translation-aria-label=\"\"><img fetchpriority=\"high\" decoding=\"async\" src=\"https:\/\/lainekarp.ee\/wp-content\/uploads\/2021\/11\/Tootegrupp-alused-ja-sisud-300x300.jpeg\" alt=\"Alused ja sisud\" width=\"300\" height=\"300\" srcset=\"https:\/\/lainekarp.ee\/wp-content\/uploads\/2021\/11\/Tootegrupp-alused-ja-sisud-300x300.jpeg 300w, https:\/\/lainekarp.ee\/wp-content\/uploads\/2021\/11\/Tootegrupp-alused-ja-sisud-150x150.jpeg 150w, https:\/\/lainekarp.ee\/wp-content\/uploads\/2021\/11\/Tootegrupp-alused-ja-sisud-500x500.jpeg 500w, https:\/\/lainekarp.ee\/wp-content\/uploads\/2021\/11\/Tootegrupp-alused-ja-sisud-100x100.jpeg 100w\" sizes=\"(max-width: 300px) 100vw, 300px\" \/>\t\t<h2 class=\"woocommerce-loop-category__title\">\n\t\t\tAlused ja sisud <mark class=\"count\">(194)<\/mark>\t\t<\/h2>\n\t\t<\/a><\/li>\n<li class=\"product-category product\">\n\t<a aria-label=\"Visit product category Dekoratsioon\" href=\"https:\/\/lainekarp.ee\/en\/product-category\/dekoratsioon\/\" data-no-translation-aria-label=\"\"><img decoding=\"async\" src=\"https:\/\/lainekarp.ee\/wp-content\/uploads\/2021\/11\/Tootegrupp-dekoratsioon-300x300.jpeg\" alt=\"Dekoratsioon\" width=\"300\" height=\"300\" srcset=\"https:\/\/lainekarp.ee\/wp-content\/uploads\/2021\/11\/Tootegrupp-dekoratsioon-300x300.jpeg 300w, https:\/\/lainekarp.ee\/wp-content\/uploads\/2021\/11\/Tootegrupp-dekoratsioon-150x150.jpeg 150w, https:\/\/lainekarp.ee\/wp-content\/uploads\/2021\/11\/Tootegrupp-dekoratsioon-500x500.jpeg 500w, https:\/\/lainekarp.ee\/wp-content\/uploads\/2021\/11\/Tootegrupp-dekoratsioon-100x100.jpeg 100w\" sizes=\"(max-width: 300px) 100vw, 300px\" \/>\t\t<h2 class=\"woocommerce-loop-category__title\">\n\t\t\tDekoratsioon <mark class=\"count\">(154)<\/mark>\t\t<\/h2>\n\t\t<\/a><\/li>\n<li class=\"product-category product\">\n\t<a aria-label=\"Visit product category Joogitopsid\" href=\"https:\/\/lainekarp.ee\/en\/product-category\/joogitopsid\/\" data-no-translation-aria-label=\"\"><img decoding=\"async\" src=\"https:\/\/lainekarp.ee\/wp-content\/uploads\/2021\/11\/Tootegrupp-joogitopsid-300x300.jpeg\" alt=\"Joogitopsid\" width=\"300\" height=\"300\" srcset=\"https:\/\/lainekarp.ee\/wp-content\/uploads\/2021\/11\/Tootegrupp-joogitopsid-300x300.jpeg 300w, https:\/\/lainekarp.ee\/wp-content\/uploads\/2021\/11\/Tootegrupp-joogitopsid-150x150.jpeg 150w, https:\/\/lainekarp.ee\/wp-content\/uploads\/2021\/11\/Tootegrupp-joogitopsid-500x500.jpeg 500w, https:\/\/lainekarp.ee\/wp-content\/uploads\/2021\/11\/Tootegrupp-joogitopsid-100x100.jpeg 100w\" sizes=\"(max-width: 300px) 100vw, 300px\" \/>\t\t<h2 class=\"woocommerce-loop-category__title\">\n\t\t\tJoogitopsid <mark class=\"count\">(28)<\/mark>\t\t<\/h2>\n\t\t<\/a><\/li>\n<li class=\"product-category product last\">\n\t<a aria-label=\"Visit product category Karbid ja kastid\" href=\"https:\/\/lainekarp.ee\/en\/product-category\/karbid-ja-kastid\/\" data-no-translation-aria-label=\"\"><img loading=\"lazy\" decoding=\"async\" src=\"https:\/\/lainekarp.ee\/wp-content\/uploads\/2021\/11\/Tootegrupp-karbid-ja-kastid-300x300.jpeg\" alt=\"Karbid ja kastid\" width=\"300\" height=\"300\" srcset=\"https:\/\/lainekarp.ee\/wp-content\/uploads\/2021\/11\/Tootegrupp-karbid-ja-kastid-300x300.jpeg 300w, https:\/\/lainekarp.ee\/wp-content\/uploads\/2021\/11\/Tootegrupp-karbid-ja-kastid-150x150.jpeg 150w, https:\/\/lainekarp.ee\/wp-content\/uploads\/2021\/11\/Tootegrupp-karbid-ja-kastid-500x500.jpeg 500w, https:\/\/lainekarp.ee\/wp-content\/uploads\/2021\/11\/Tootegrupp-karbid-ja-kastid-100x100.jpeg 100w\" sizes=\"(max-width: 300px) 100vw, 300px\" \/>\t\t<h2 class=\"woocommerce-loop-category__title\">\n\t\t\tKarbid ja kastid <mark class=\"count\">(51)<\/mark>\t\t<\/h2>\n\t\t<\/a><\/li>\n<li class=\"product-category product first\">\n\t<a aria-label=\"Visit product category Kinkekarbid\" href=\"https:\/\/lainekarp.ee\/en\/product-category\/kinkekarbid\/\" data-no-translation-aria-label=\"\"><img loading=\"lazy\" decoding=\"async\" src=\"https:\/\/lainekarp.ee\/wp-content\/uploads\/2021\/11\/Tootegrupp-kinkekarbid-300x300.jpeg\" alt=\"Kinkekarbid\" width=\"300\" height=\"300\" srcset=\"https:\/\/lainekarp.ee\/wp-content\/uploads\/2021\/11\/Tootegrupp-kinkekarbid-300x300.jpeg 300w, https:\/\/lainekarp.ee\/wp-content\/uploads\/2021\/11\/Tootegrupp-kinkekarbid-150x150.jpeg 150w, https:\/\/lainekarp.ee\/wp-content\/uploads\/2021\/11\/Tootegrupp-kinkekarbid-500x500.jpeg 500w, https:\/\/lainekarp.ee\/wp-content\/uploads\/2021\/11\/Tootegrupp-kinkekarbid-100x100.jpeg 100w\" sizes=\"(max-width: 300px) 100vw, 300px\" \/>\t\t<h2 class=\"woocommerce-loop-category__title\">\n\t\t\tKinkekarbid <mark class=\"count\">(373)<\/mark>\t\t<\/h2>\n\t\t<\/a><\/li>\n<li class=\"product-category product\">\n\t<a aria-label=\"Visit product category Kotid\" href=\"https:\/\/lainekarp.ee\/en\/product-category\/kotid\/\" data-no-translation-aria-label=\"\"><img loading=\"lazy\" decoding=\"async\" src=\"https:\/\/lainekarp.ee\/wp-content\/uploads\/2021\/11\/Tootegrupp-kotid-300x300.jpeg\" alt=\"Kotid\" width=\"300\" height=\"300\" srcset=\"https:\/\/lainekarp.ee\/wp-content\/uploads\/2021\/11\/Tootegrupp-kotid-300x300.jpeg 300w, https:\/\/lainekarp.ee\/wp-content\/uploads\/2021\/11\/Tootegrupp-kotid-150x150.jpeg 150w, https:\/\/lainekarp.ee\/wp-content\/uploads\/2021\/11\/Tootegrupp-kotid-500x500.jpeg 500w, https:\/\/lainekarp.ee\/wp-content\/uploads\/2021\/11\/Tootegrupp-kotid-100x100.jpeg 100w\" sizes=\"(max-width: 300px) 100vw, 300px\" \/>\t\t<h2 class=\"woocommerce-loop-category__title\">\n\t\t\tKotid <mark class=\"count\">(130)<\/mark>\t\t<\/h2>\n\t\t<\/a><\/li>\n<li class=\"product-category product\">\n\t<a aria-label=\"Visit product category Leiunurk\" href=\"https:\/\/lainekarp.ee\/en\/product-category\/leiunurk\/\" data-no-translation-aria-label=\"\"><img loading=\"lazy\" decoding=\"async\" src=\"https:\/\/lainekarp.ee\/wp-content\/uploads\/2025\/02\/Oranz-Rebane-300x300.png\" alt=\"Leiunurk\" width=\"300\" height=\"300\" srcset=\"https:\/\/lainekarp.ee\/wp-content\/uploads\/2025\/02\/Oranz-Rebane-300x300.png 300w, https:\/\/lainekarp.ee\/wp-content\/uploads\/2025\/02\/Oranz-Rebane-150x150.png 150w, https:\/\/lainekarp.ee\/wp-content\/uploads\/2025\/02\/Oranz-Rebane-500x500.png 500w, https:\/\/lainekarp.ee\/wp-content\/uploads\/2025\/02\/Oranz-Rebane-100x100.png 100w\" sizes=\"(max-width: 300px) 100vw, 300px\" \/>\t\t<h2 class=\"woocommerce-loop-category__title\">\n\t\t\tLeiunurk <mark class=\"count\">(9)<\/mark>\t\t<\/h2>\n\t\t<\/a><\/li>\n<li class=\"product-category product last\">\n\t<a aria-label=\"Visit product category Paberid, kiled ja fooliumid\" href=\"https:\/\/lainekarp.ee\/en\/product-category\/paberid-kiled-ja-fooliumid\/\" data-no-translation-aria-label=\"\"><img loading=\"lazy\" decoding=\"async\" src=\"https:\/\/lainekarp.ee\/wp-content\/uploads\/2021\/11\/Tootegrupp-paberid-kiled-ja-fooliumid-300x300.jpeg\" alt=\"Paberid, kiled ja fooliumid\" width=\"300\" height=\"300\" srcset=\"https:\/\/lainekarp.ee\/wp-content\/uploads\/2021\/11\/Tootegrupp-paberid-kiled-ja-fooliumid-300x300.jpeg 300w, https:\/\/lainekarp.ee\/wp-content\/uploads\/2021\/11\/Tootegrupp-paberid-kiled-ja-fooliumid-150x150.jpeg 150w, https:\/\/lainekarp.ee\/wp-content\/uploads\/2021\/11\/Tootegrupp-paberid-kiled-ja-fooliumid-500x500.jpeg 500w, https:\/\/lainekarp.ee\/wp-content\/uploads\/2021\/11\/Tootegrupp-paberid-kiled-ja-fooliumid-100x100.jpeg 100w\" sizes=\"(max-width: 300px) 100vw, 300px\" \/>\t\t<h2 class=\"woocommerce-loop-category__title\">\n\t\t\tPaberid, kiled ja fooliumid <mark class=\"count\">(24)<\/mark>\t\t<\/h2>\n\t\t<\/a><\/li>\n<li class=\"product-category product first\">\n\t<a aria-label=\"Visit product category Seadmed ja abivahendid\" href=\"https:\/\/lainekarp.ee\/en\/product-category\/seadmed-ja-abivahendid\/\" data-no-translation-aria-label=\"\"><img loading=\"lazy\" decoding=\"async\" src=\"https:\/\/lainekarp.ee\/wp-content\/uploads\/2021\/12\/Seadmed-300x300.jpeg\" alt=\"Seadmed ja abivahendid\" width=\"300\" height=\"300\" srcset=\"https:\/\/lainekarp.ee\/wp-content\/uploads\/2021\/12\/Seadmed-300x300.jpeg 300w, https:\/\/lainekarp.ee\/wp-content\/uploads\/2021\/12\/Seadmed-150x150.jpeg 150w, https:\/\/lainekarp.ee\/wp-content\/uploads\/2021\/12\/Seadmed-500x500.jpeg 500w, https:\/\/lainekarp.ee\/wp-content\/uploads\/2021\/12\/Seadmed-100x100.jpeg 100w\" sizes=\"(max-width: 300px) 100vw, 300px\" \/>\t\t<h2 class=\"woocommerce-loop-category__title\">\n\t\t\tSeadmed ja abivahendid <mark class=\"count\">(8)<\/mark>\t\t<\/h2>\n\t\t<\/a><\/li>\n<li class=\"product-category product\">\n\t<a aria-label=\"Visit product category T\u00e4htp\u00e4evad\" href=\"https:\/\/lainekarp.ee\/en\/product-category\/tahtpaevad\/\" data-no-translation-aria-label=\"\"><img loading=\"lazy\" decoding=\"async\" src=\"https:\/\/lainekarp.ee\/wp-content\/uploads\/2023\/01\/LKSJgrupp-300x300.jpeg\" alt=\"T\u00e4htp\u00e4evad\" width=\"300\" height=\"300\" srcset=\"https:\/\/lainekarp.ee\/wp-content\/uploads\/2023\/01\/LKSJgrupp-300x300.jpeg 300w, https:\/\/lainekarp.ee\/wp-content\/uploads\/2023\/01\/LKSJgrupp-150x150.jpeg 150w, https:\/\/lainekarp.ee\/wp-content\/uploads\/2023\/01\/LKSJgrupp-500x500.jpeg 500w, https:\/\/lainekarp.ee\/wp-content\/uploads\/2023\/01\/LKSJgrupp-100x100.jpeg 100w\" sizes=\"(max-width: 300px) 100vw, 300px\" \/>\t\t<h2 class=\"woocommerce-loop-category__title\">\n\t\t\tT\u00e4htp\u00e4evad <mark class=\"count\">(58)<\/mark>\t\t<\/h2>\n\t\t<\/a><\/li>\n<li class=\"product-category product\">\n\t<a aria-label=\"Visit product category Toidukarbid\/topsid\" href=\"https:\/\/lainekarp.ee\/en\/product-category\/toidukarbid-topsid\/\" data-no-translation-aria-label=\"\"><img loading=\"lazy\" decoding=\"async\" src=\"https:\/\/lainekarp.ee\/wp-content\/uploads\/2021\/11\/Tootegrupp-toidutopsidkarbid-300x300.jpeg\" alt=\"Toidukarbid\/topsid\" width=\"300\" height=\"300\" srcset=\"https:\/\/lainekarp.ee\/wp-content\/uploads\/2021\/11\/Tootegrupp-toidutopsidkarbid-300x300.jpeg 300w, https:\/\/lainekarp.ee\/wp-content\/uploads\/2021\/11\/Tootegrupp-toidutopsidkarbid-150x150.jpeg 150w, https:\/\/lainekarp.ee\/wp-content\/uploads\/2021\/11\/Tootegrupp-toidutopsidkarbid-500x500.jpeg 500w, https:\/\/lainekarp.ee\/wp-content\/uploads\/2021\/11\/Tootegrupp-toidutopsidkarbid-100x100.jpeg 100w\" sizes=\"(max-width: 300px) 100vw, 300px\" \/>\t\t<h2 class=\"woocommerce-loop-category__title\">\n\t\t\tToidukarbid\/topsid <mark class=\"count\">(216)<\/mark>\t\t<\/h2>\n\t\t<\/a><\/li>\n<li class=\"product-category product last\">\n\t<a aria-label=\"Visit product category Tordi- ja koogikarbid\" href=\"https:\/\/lainekarp.ee\/en\/product-category\/tordi-ja-koogikarbid\/\" data-no-translation-aria-label=\"\"><img loading=\"lazy\" decoding=\"async\" src=\"https:\/\/lainekarp.ee\/wp-content\/uploads\/2021\/11\/Tootegrupp-tordi-ja-koogikarbid-300x300.jpeg\" alt=\"Tordi- ja koogikarbid\" width=\"300\" height=\"300\" srcset=\"https:\/\/lainekarp.ee\/wp-content\/uploads\/2021\/11\/Tootegrupp-tordi-ja-koogikarbid-300x300.jpeg 300w, https:\/\/lainekarp.ee\/wp-content\/uploads\/2021\/11\/Tootegrupp-tordi-ja-koogikarbid-150x150.jpeg 150w, https:\/\/lainekarp.ee\/wp-content\/uploads\/2021\/11\/Tootegrupp-tordi-ja-koogikarbid-500x500.jpeg 500w, https:\/\/lainekarp.ee\/wp-content\/uploads\/2021\/11\/Tootegrupp-tordi-ja-koogikarbid-100x100.jpeg 100w\" sizes=\"(max-width: 300px) 100vw, 300px\" \/>\t\t<h2 class=\"woocommerce-loop-category__title\">\n\t\t\tTordi- ja koogikarbid <mark class=\"count\">(311)<\/mark>\t\t<\/h2>\n\t\t<\/a><\/li>\n<li class=\"product-category product first\">\n\t<a aria-label=\"Visit product category \u00dchekordsed s\u00f6\u00f6gin\u00f5ud\" href=\"https:\/\/lainekarp.ee\/en\/product-category\/uhekordsed-sooginoud\/\" data-no-translation-aria-label=\"\"><img loading=\"lazy\" decoding=\"async\" src=\"https:\/\/lainekarp.ee\/wp-content\/uploads\/2021\/11\/Tootegrupp-uhekordsed-sooginoud-300x300.jpeg\" alt=\"\u00dchekordsed s\u00f6\u00f6gin\u00f5ud\" width=\"300\" height=\"300\" srcset=\"https:\/\/lainekarp.ee\/wp-content\/uploads\/2021\/11\/Tootegrupp-uhekordsed-sooginoud-300x300.jpeg 300w, https:\/\/lainekarp.ee\/wp-content\/uploads\/2021\/11\/Tootegrupp-uhekordsed-sooginoud-150x150.jpeg 150w, https:\/\/lainekarp.ee\/wp-content\/uploads\/2021\/11\/Tootegrupp-uhekordsed-sooginoud-500x500.jpeg 500w, https:\/\/lainekarp.ee\/wp-content\/uploads\/2021\/11\/Tootegrupp-uhekordsed-sooginoud-100x100.jpeg 100w\" sizes=\"(max-width: 300px) 100vw, 300px\" \/>\t\t<h2 class=\"woocommerce-loop-category__title\">\n\t\t\t\u00dchekordsed s\u00f6\u00f6gin\u00f5ud <mark class=\"count\">(31)<\/mark>\t\t<\/h2>\n\t\t<\/a><\/li>\n<li class=\"product-category product\">\n\t<a aria-label=\"Visit product category Vormid\" href=\"https:\/\/lainekarp.ee\/en\/product-category\/vormid\/\" data-no-translation-aria-label=\"\"><img loading=\"lazy\" decoding=\"async\" src=\"https:\/\/lainekarp.ee\/wp-content\/uploads\/2021\/11\/Tootegrupp-vormid-300x300.jpeg\" alt=\"Vormid\" width=\"300\" height=\"300\" srcset=\"https:\/\/lainekarp.ee\/wp-content\/uploads\/2021\/11\/Tootegrupp-vormid-300x300.jpeg 300w, https:\/\/lainekarp.ee\/wp-content\/uploads\/2021\/11\/Tootegrupp-vormid-150x150.jpeg 150w, https:\/\/lainekarp.ee\/wp-content\/uploads\/2021\/11\/Tootegrupp-vormid-500x500.jpeg 500w, https:\/\/lainekarp.ee\/wp-content\/uploads\/2021\/11\/Tootegrupp-vormid-100x100.jpeg 100w\" sizes=\"(max-width: 300px) 100vw, 300px\" \/>\t\t<h2 class=\"woocommerce-loop-category__title\">\n\t\t\tVormid <mark class=\"count\">(235)<\/mark>\t\t<\/h2>\n\t\t<\/a><\/li>\n<\/ul>\n<\/div><\/div><\/div><\/div><div class = \"tatsu-column-bg-image-wrap\"><div class = \"tatsu-column-bg-image\" ><\/div><\/div><div class=\"tatsu-overlay tatsu-column-overlay tatsu-animate-none\" ><\/div><\/div><style>.tatsu-row > .tatsu-BJ_9XvJcF.tatsu-column{width: 100%;}.tatsu-BJ_9XvJcF.tatsu-column > .tatsu-column-inner > .tatsu-column-overlay{mix-blend-mode: normal;}.tatsu-BJ_9XvJcF > .tatsu-column-inner > .tatsu-top-divider{z-index: 9999;}.tatsu-BJ_9XvJcF > .tatsu-column-inner > .tatsu-bottom-divider{z-index: 9999;}.tatsu-BJ_9XvJcF > .tatsu-column-inner > .tatsu-left-divider{z-index: 9999;}.tatsu-BJ_9XvJcF > .tatsu-column-inner > .tatsu-right-divider{z-index: 9999;}@media only screen and (max-width:1377px) {.tatsu-row > .tatsu-BJ_9XvJcF.tatsu-column{width: 100%;}}@media only screen and (min-width:768px) and (max-width: 1024px) {.tatsu-row > .tatsu-BJ_9XvJcF.tatsu-column{width: 100%;}}@media only screen and (max-width: 767px) {.tatsu-row > .tatsu-BJ_9XvJcF.tatsu-column{width: 100%;}}<\/style><\/div><\/div><\/div><\/div><div class=\"tatsu-section-background-wrap\"><div class = \"tatsu-section-background\" ><\/div><\/div><div class=\"tatsu-overlay tatsu-section-overlay\"><\/div><style>.tatsu-rJZdcQvJct .tatsu-section-pad{padding: 30px 0px 30px 0px;}.tatsu-rJZdcQvJct .tatsu-section-offset-wrap{transform: translateY(-0px);}.tatsu-rJZdcQvJct > .tatsu-bottom-divider{z-index: 9999;}.tatsu-rJZdcQvJct > .tatsu-top-divider{z-index: 9999;}.tatsu-rJZdcQvJct .tatsu-section-overlay{mix-blend-mode: normal;}<\/style><\/div>","protected":false},"excerpt":{"rendered":"","protected":false},"author":1,"featured_media":0,"parent":0,"menu_order":0,"comment_status":"closed","ping_status":"closed","template":"","meta":{"_acf_changed":false,"footnotes":""},"class_list":["post-5348","page","type-page","status-publish","hentry"],"acf":[],"yoast_head":"<!-- This site is optimized with the Yoast SEO plugin v27.3 - https:\/\/yoast.com\/product\/yoast-seo-wordpress\/ -->\n<title>Kataloog - Lainekarp<\/title>\n<meta name=\"robots\" content=\"index, follow, max-snippet:-1, max-image-preview:large, max-video-preview:-1\" \/>\n<link rel=\"canonical\" href=\"https:\/\/lainekarp.ee\/en\/e-pood\/\" \/>\n<meta property=\"og:locale\" content=\"en_US\" \/>\n<meta property=\"og:type\" content=\"article\" \/>\n<meta property=\"og:title\" content=\"Kataloog - Lainekarp\" \/>\n<meta property=\"og:url\" content=\"https:\/\/lainekarp.ee\/en\/e-pood\/\" \/>\n<meta property=\"og:site_name\" content=\"Lainekarp\" \/>\n<meta property=\"article:modified_time\" content=\"2025-04-07T06:05:20+00:00\" \/>\n<meta name=\"twitter:card\" content=\"summary_large_image\" \/>\n<meta name=\"twitter:label1\" content=\"Est. reading time\" \/>\n\t<meta name=\"twitter:data1\" content=\"3 minutes\" \/>\n<script type=\"application\/ld+json\" class=\"yoast-schema-graph\">{\"@context\":\"https:\\\/\\\/schema.org\",\"@graph\":[{\"@type\":\"WebPage\",\"@id\":\"https:\\\/\\\/lainekarp.ee\\\/e-pood\\\/\",\"url\":\"https:\\\/\\\/lainekarp.ee\\\/e-pood\\\/\",\"name\":\"Kataloog - Lainekarp\",\"isPartOf\":{\"@id\":\"https:\\\/\\\/www.lainekarp.ee\\\/#website\"},\"datePublished\":\"2021-12-09T11:07:44+00:00\",\"dateModified\":\"2025-04-07T06:05:20+00:00\",\"breadcrumb\":{\"@id\":\"https:\\\/\\\/lainekarp.ee\\\/e-pood\\\/#breadcrumb\"},\"inLanguage\":\"en-US\",\"potentialAction\":[{\"@type\":\"ReadAction\",\"target\":[\"https:\\\/\\\/lainekarp.ee\\\/e-pood\\\/\"]}]},{\"@type\":\"BreadcrumbList\",\"@id\":\"https:\\\/\\\/lainekarp.ee\\\/e-pood\\\/#breadcrumb\",\"itemListElement\":[{\"@type\":\"ListItem\",\"position\":1,\"name\":\"Home\",\"item\":\"https:\\\/\\\/lainekarp.ee\\\/\"},{\"@type\":\"ListItem\",\"position\":2,\"name\":\"Kataloog\"}]},{\"@type\":\"WebSite\",\"@id\":\"https:\\\/\\\/www.lainekarp.ee\\\/#website\",\"url\":\"https:\\\/\\\/www.lainekarp.ee\\\/\",\"name\":\"Lainekarp\",\"description\":\"\",\"potentialAction\":[{\"@type\":\"SearchAction\",\"target\":{\"@type\":\"EntryPoint\",\"urlTemplate\":\"https:\\\/\\\/www.lainekarp.ee\\\/?s={search_term_string}\"},\"query-input\":{\"@type\":\"PropertyValueSpecification\",\"valueRequired\":true,\"valueName\":\"search_term_string\"}}],\"inLanguage\":\"en-US\"}]}<\/script>\n<!-- \/ Yoast SEO plugin. -->","yoast_head_json":{"title":"Kataloog - Lainekarp","robots":{"index":"index","follow":"follow","max-snippet":"max-snippet:-1","max-image-preview":"max-image-preview:large","max-video-preview":"max-video-preview:-1"},"canonical":"https:\/\/lainekarp.ee\/en\/e-pood\/","og_locale":"en_US","og_type":"article","og_title":"Kataloog - Lainekarp","og_url":"https:\/\/lainekarp.ee\/en\/e-pood\/","og_site_name":"Lainekarp","article_modified_time":"2025-04-07T06:05:20+00:00","twitter_card":"summary_large_image","twitter_misc":{"Est. reading time":"3 minutes"},"schema":{"@context":"https:\/\/schema.org","@graph":[{"@type":"WebPage","@id":"https:\/\/lainekarp.ee\/e-pood\/","url":"https:\/\/lainekarp.ee\/e-pood\/","name":"Kataloog - Lainekarp","isPartOf":{"@id":"https:\/\/www.lainekarp.ee\/#website"},"datePublished":"2021-12-09T11:07:44+00:00","dateModified":"2025-04-07T06:05:20+00:00","breadcrumb":{"@id":"https:\/\/lainekarp.ee\/e-pood\/#breadcrumb"},"inLanguage":"en-US","potentialAction":[{"@type":"ReadAction","target":["https:\/\/lainekarp.ee\/e-pood\/"]}]},{"@type":"BreadcrumbList","@id":"https:\/\/lainekarp.ee\/e-pood\/#breadcrumb","itemListElement":[{"@type":"ListItem","position":1,"name":"Home","item":"https:\/\/lainekarp.ee\/"},{"@type":"ListItem","position":2,"name":"Kataloog"}]},{"@type":"WebSite","@id":"https:\/\/www.lainekarp.ee\/#website","url":"https:\/\/www.lainekarp.ee\/","name":"Lainekarp","description":"","potentialAction":[{"@type":"SearchAction","target":{"@type":"EntryPoint","urlTemplate":"https:\/\/www.lainekarp.ee\/?s={search_term_string}"},"query-input":{"@type":"PropertyValueSpecification","valueRequired":true,"valueName":"search_term_string"}}],"inLanguage":"en-US"}]}},"_links":{"self":[{"href":"https:\/\/lainekarp.ee\/en\/wp-json\/wp\/v2\/pages\/5348","targetHints":{"allow":["GET"]}}],"collection":[{"href":"https:\/\/lainekarp.ee\/en\/wp-json\/wp\/v2\/pages"}],"about":[{"href":"https:\/\/lainekarp.ee\/en\/wp-json\/wp\/v2\/types\/page"}],"author":[{"embeddable":true,"href":"https:\/\/lainekarp.ee\/en\/wp-json\/wp\/v2\/users\/1"}],"replies":[{"embeddable":true,"href":"https:\/\/lainekarp.ee\/en\/wp-json\/wp\/v2\/comments?post=5348"}],"version-history":[{"count":3,"href":"https:\/\/lainekarp.ee\/en\/wp-json\/wp\/v2\/pages\/5348\/revisions"}],"predecessor-version":[{"id":17634,"href":"https:\/\/lainekarp.ee\/en\/wp-json\/wp\/v2\/pages\/5348\/revisions\/17634"}],"wp:attachment":[{"href":"https:\/\/lainekarp.ee\/en\/wp-json\/wp\/v2\/media?parent=5348"}],"curies":[{"name":"wp","href":"https:\/\/api.w.org\/{rel}","templated":true}]}}