{"id":9,"date":"2021-10-05T07:57:37","date_gmt":"2021-10-05T05:57:37","guid":{"rendered":"http:\/\/uus.lainekarp.ee\/?page_id=9"},"modified":"2022-03-07T09:33:51","modified_gmt":"2022-03-07T07:33:51","slug":"ostutingimused","status":"publish","type":"page","link":"https:\/\/lainekarp.ee\/en\/ostutingimused\/","title":{"rendered":"Ostutingimused"},"content":{"rendered":"<div  class=\"tatsu-gv4mb9kj47faczid tatsu-section  tatsu-bg-overlay helvetica_font  tatsu-clearfix\" data-title=\"\"  data-headerscheme=\"background--dark\"><div class='tatsu-section-pad clearfix' data-padding='{\"d\":\"0px 0px 90px 0px\"}' data-padding-top='0px'><div class=\"tatsu-row-wrap  tatsu-wrap tatsu-row-one-col tatsu-row-has-one-cols tatsu-medium-gutter tatsu-reg-cols  tatsu-clearfix tatsu-gv4mb9kj6g6pd69b\" ><div  class=\"tatsu-row\" ><div  class=\"tatsu-column  tatsu-bg-overlay tatsu-one-col tatsu-column-image-none tatsu-column-effect-none  tatsu-gv4mb9kj8ib11mgw\"  data-parallax-speed=\"0\" style=\"\"><div class=\"tatsu-column-inner\" ><div class=\"tatsu-column-pad-wrap\"><div class=\"tatsu-column-pad\" ><div id = \"helvetica_font\" class=\"tatsu-module tatsu-text-block-wrap tatsu-gv4mb9kjabe5qu1t\"><div class=\"tatsu-text-inner tatsu-align-center  clearfix\" ><style>.tatsu-gv4mb9kjabe5qu1t.tatsu-text-block-wrap .tatsu-text-inner{width: 100%;text-align: left;}<\/style><p><\/p>\n<p><\/p>\n<p><\/p>\n<p>Veebipoe Lainekarp.ee isikuandmete omanik ja haldaja on Lainekarp O\u00dc (registrikood 10708591) asukohaga Laki 5, Tallinn, Harjumaa, 10621, telefon +372 6572 746 \u00a0ja e-kiri\u00a0<a href=\"mailto:info@lainekarp.ee\">info@lainekarp.ee<\/a>.<\/p>\n<h2>\u00dcLD- JA TELLIMISTINGIMUSED<\/h2>\n<h3>1. TINGIMUSTE ULATUS JA KEHTIVUS<\/h3>\n<p>K\u00e4esolevad Lainekarp O\u00dc (edaspidi M\u00fc\u00fcja) e-poe kasutustingimused (edaspidi nimetatud Tingimused) kehtivad k\u00f5ikide isikute suhtes (edaspidi Ostja), kes kasutavad Lainekarp.ee e-poodi (edaspidi e-pood), tellivad e-poest kaupu ja teenuseid (edaspidi Kaup), sealhulgas s\u00f5lmides e-poest kauba ostmiseks ostu- m\u00fc\u00fcgilepingu (edaspidi M\u00fc\u00fcgileping).<\/p>\n<p>Tingimuste aktsepteerimisega kinnitab Ostja, et ta on M\u00fc\u00fcgilepingu tingimustega tutvunud, nendega n\u00f5us ja t\u00e4idab neid.<\/p>\n<h3>2. KAUPADE OSTMINE JA TELLIMUSE VORMISTAMINE E-POES<\/h3>\n<p>E-poest on v\u00f5imalik osta neid Kaupu, millel on link \u201eLisa korvi\u201c. Kauba hind ja Kauba saadavus v\u00f5ivad jooksvalt ja ette teatamata muutuda. Kui Ostja on esitanud tellimuse enne Kauba hinna muutumist, rakendub tellimuse hetkel kehtinud hind.<\/p>\n<h3>2.1. Ostukorv ja tellimuse vormistamine<\/h3>\n<p>Ostukorvis olevate Kaupade kogust v\u00f5ib muuta. E-poe ostutingimustega saab tutvuda ning nendega n\u00f5ustumisel kinnitatakse seda, tehes m\u00e4rke (\u201elinnuke\u201c) tingimuste ette.<\/p>\n<p>Tellimuse kinnitamiseks tuleb Ostjal vajutada nupul \u201eMine maksma\u201c ning Ostja suunatakse makseviisi lehele, kus tuleb valida sobiv makseviis. Makseviisi saab Ostja muuta ka tellimuse viimases etapis. Sisestada tuleb Ostja andmed ja vajutada nuppu \u201cEsita tellimus\u201d. J\u00e4rgnevalt ilmub Tellimuse kinnitamiseks ja ostu sooritamiseks vajalik l\u00f5plik makseviisi valik. Ostja saab valida makseviisi ning tasuda oma ostu eest.<\/p>\n<p>M\u00fc\u00fcgileping loetakse s\u00f5lmituks arvates tellimuse kinnituse j\u00e4rgi tasumisele kuuluva summa laekumisest M\u00fc\u00fcja arvelduskontole. Tasumata tellimuse kinnitust M\u00fc\u00fcja poolt ei t\u00e4ideta.<\/p>\n<h3>2.2. Hinnainfo ja kaupade eest tasumine<\/h3>\n<p>E-poe valuuta on euro (\u20ac). Hinnad ei sisalda k\u00e4ibemaksu. K\u00e4ibemaks lisandub ostukorvis. Kaupade hinnad v\u00f5ivad muutuda ette teatamata.<\/p>\n<p>M\u00fc\u00fcja ei ole vastutav mistahes muude maksude v\u00f5i l\u00f5ivude eest, mida Ostja suhtes v\u00f5idakse rakendada ning mille suhtes j\u00e4\u00e4b t\u00e4ielik vastutus Ostjale.<\/p>\n<p>Kaupade eest on v\u00f5imalik tasuda Montonio Finance O\u00dc \u00a0vahendusel:<\/p>\n<ul>\n<li>pangalingiga (Swedbank, SEB, LHV, Coop pank, Luminor, Citadele)<\/li>\n<li>krediitkaardiga (Visa, Mastercard)<\/li>\n<\/ul>\n<p>Peale makse sooritamist saadab e-pood Ostjale tellimuse kinnituse e-mailile.<\/p>\n<p>K\u00f5iki e-poe k\u00fclastamise ja ostude sooritamise k\u00e4igus teatavaks saanud isikuandmeid k\u00e4sitletakse kui konfidentsiaalset infot. Kr\u00fcpteeritud andmesidekanal pankadega tagab Ostja isikuandmete ja pangarekvisiitide turvalisuse. M\u00fc\u00fcja esindajatel puudub ligip\u00e4\u00e4s vastavatele kr\u00fcpteeritud andmetele.<\/p>\n<h3>2.3. Toodete tarne<\/h3>\n<p>Lainekarp.ee e-poe tarnepartnerid on OSC Transport O\u00dc. Tooted tarnitakse kohale s\u00f5ltuvalt tarnepartnerite v\u00f5imekusest keskmiselt 2-4 t\u00f6\u00f6p\u00e4evaga, maksimaalselt 7 p\u00e4evaga.<\/p>\n<p>Me ei vastuta viivituste eest, mis on seotud tellimuse kohaletoimetamise v\u00f5i valele aadressile v\u00f5i valele isikule toimetamisega, kui tellimust sooritades edastati puudulikud v\u00f5i ebat\u00e4psed andmed.<\/p>\n<p>Teeme k\u00f5ik endast oleneva, et tarnida tellimus eeldatava aja jooksul, kuid viivitused v\u00f5ivad olla aeg-ajalt v\u00e4ltimatud etten\u00e4gematute s\u00fcndmuste, riiklide p\u00fchade ajal v\u00f5i meie kontrolli alt v\u00e4ljas olevate tegurite t\u00f5ttu.<\/p>\n<h3>2.4. Taganemis\u00f5igus<\/h3>\n<p>Ostjal on \u00f5igus lepingust taganeda (toote v\u00f5i teenuse kasutamisest loobuda) 14 kalendrip\u00e4eva jooksul toote v\u00f5i teenuse k\u00e4ttesaadavaks tegemisest ehk kasutajatunnuse ja salas\u00f5na kasutajale v\u00e4ljasaatmisest.<\/p>\n<p>Lepingust taganemiseks esitab Ostja taganemisavalduse. Taganemisavaldust on Ostjal v\u00f5imalik esitada e-posti aadressile info@lainekarp.ee.<\/p>\n<p>Juhul, kui Ostja on lepingust taganenud, tagastab Lainekarp.ee Ostjale tellimuse maksumuse 14 p\u00e4eva jooksul taganemisavalduse esitamisest. Tagasimaksed tehakse Ostjale samale arvelduskontole, kust laekus raha tellimuse eest.<\/p>\n<h3>3. ANDMETE KAITSE JA T\u00d6\u00d6TLEMISE P\u00d5HIM\u00d5TTED<\/h3>\n<p>M\u00fc\u00fcja tagab Ostja andmete sh. isikuandmete kaitse ja kasutamise privaatsuspoliitika tingimuste kohaselt ette n\u00e4htud korras. Ostja kinnitab, et on tutvunud ja n\u00f5us privaatsuspoliitika tingimustega. L\u00e4htudes kehtivatest \u00f5igusaktidest ja privaatsuspoliitika tingimustes s\u00e4testatust, on M\u00fc\u00fcjal, Ostja n\u00f5usolekuta, \u00f5igus t\u00f6\u00f6delda andmeid (sealhulgas isikuandmeid) ulatuses, mis on vajalik e-poes kasutamiseks, M\u00fc\u00fcgilepingu t\u00e4itmiseks v\u00f5i M\u00fc\u00fcgilepingu t\u00e4itmise tagamiseks. Muuhulgas on eeltoodust tulenevalt M\u00fc\u00fcjal eraldiseisva n\u00f5usolekuta \u00f5igus: saata Ostjale e-poe teenuste kasutamisega seonduvaid teateid, sh. teateid, mille saatmine on e-poe kasutajate turvalisuse huvides; s\u00e4ilitada Ostjate paremaks teenindamiseks ja tehingute t\u00f5endamiseks e-poodi sisseloginud Ostja tellimuste andmed, sh m\u00f5istliku t\u00e4htaja jooksul ka nende tellimuste kohta, mida Ostja sessiooni k\u00e4igus ei l\u00f5petanud.<\/p>\n<h3>4. VASTUTUS<\/h3>\n<p>Ostja on ainuisikuliselt vastutav oma kasutajanime ja salas\u00f5na turvalisuse ning kasutamise eest, mis on vajalikud toote v\u00f5i teenuse kasutamiseks. Ostja kasutajatunnuse ja salas\u00f5na igakordset kasutamist t\u00f5lgendatakse kui Ostja poolt sisestatut ning Ostja on vastutav k\u00f5igi selle kasutajatunnuse alt tehtavate tegevuste eest.<\/p>\n<p>Ostja kinnitab, et kasutab e-poest ostetud tooteid ja teenuseid enda t\u00e4ielikul vastutusel. M\u00fc\u00fcja ei vastuta e-poest ostetud toodete ja\/v\u00f5i teenuste kasutamisel Ostjale v\u00f5i kolmandatele isikutele tekkinud mistahes kahjude eest.<\/p>\n<h3>5. TINGIMUSTE KEHTIVUS<\/h3>\n<p>K\u00e4esolevad e-poe tingimused on kehtivad alates 01.01.2021.<\/p>\n<p>OSTUINFO<\/p>\n<ol>\n<li>TELLIMINE<\/li>\n<\/ol>\n<ul>\n<li>Valige e-poest tooted v\u00f5i teenused, mida soovite osta ning lisage need ostukorvi.<\/li>\n<li>Avades ostukorvi on Teil v\u00f5imalus korrigeerida toodete kogust ning tooteid ostukorvist ka kustutada.<\/li>\n<li>Kui olete k\u00f5ik tooted ostukorvi sisestanud, vajutage MINE MAKSMA.<\/li>\n<li>Tellimuses tuleb t\u00e4ita k\u00f5ik * (t\u00e4rniga) t\u00e4histatud lahtrid.<\/li>\n<\/ul>\n<h3>2. TASUMINE<\/h3>\n<p>P\u00e4rast tellimuse esitamist on v\u00f5imalik tasuda tellimuse eest kasutades Montonio Finance O\u00dc poolt pakutava pangalingi panga\u00fclekande kaudu. Arve edastatakse tellija e-mailile p\u00e4rast tellimuse vormistamist.<\/p>\n<h3>3. LISAINFO<\/h3>\n<p>E-posti aadress:\u00a0<a href=\"mailto:info@lainekarp.ee\">info@lainekarp.ee<\/a><br \/>Telefon:\u00a0+372 6572 746<\/p>\n<p><\/p>\n<\/div><\/div><\/div><\/div><div class = \"tatsu-column-bg-image-wrap\"><div class = \"tatsu-column-bg-image\" ><\/div><\/div><div class=\"tatsu-overlay tatsu-column-overlay tatsu-animate-none\" ><\/div><\/div><style>.tatsu-row > .tatsu-gv4mb9kj8ib11mgw.tatsu-column{width: 100%;}.tatsu-gv4mb9kj8ib11mgw.tatsu-column > .tatsu-column-inner > .tatsu-column-overlay{mix-blend-mode: normal;}.tatsu-gv4mb9kj8ib11mgw > .tatsu-column-inner > .tatsu-top-divider{z-index: 9999;}.tatsu-gv4mb9kj8ib11mgw > .tatsu-column-inner > .tatsu-bottom-divider{z-index: 9999;}.tatsu-gv4mb9kj8ib11mgw > .tatsu-column-inner > .tatsu-left-divider{z-index: 9999;}.tatsu-gv4mb9kj8ib11mgw > .tatsu-column-inner > .tatsu-right-divider{z-index: 9999;}<\/style><\/div><\/div><\/div><\/div><div class=\"tatsu-section-background-wrap\"><div class = \"tatsu-section-background\" ><\/div><\/div><div class=\"tatsu-overlay tatsu-section-overlay\"><\/div><style>.tatsu-gv4mb9kj47faczid .tatsu-section-pad{padding: 0px 0px 90px 0px;}.tatsu-gv4mb9kj47faczid > .tatsu-bottom-divider{z-index: 9999;}.tatsu-gv4mb9kj47faczid > .tatsu-top-divider{z-index: 9999;}.tatsu-gv4mb9kj47faczid .tatsu-section-overlay{mix-blend-mode: normal;}<\/style><\/div>","protected":false},"excerpt":{"rendered":"","protected":false},"author":1,"featured_media":0,"parent":0,"menu_order":0,"comment_status":"closed","ping_status":"closed","template":"","meta":{"_acf_changed":false,"footnotes":""},"class_list":["post-9","page","type-page","status-publish","hentry"],"acf":[],"yoast_head":"<!-- This site is optimized with the Yoast SEO plugin v27.3 - https:\/\/yoast.com\/product\/yoast-seo-wordpress\/ -->\n<title>Ostutingimused - Lainekarp<\/title>\n<meta name=\"robots\" content=\"index, follow, max-snippet:-1, max-image-preview:large, max-video-preview:-1\" \/>\n<link rel=\"canonical\" href=\"https:\/\/lainekarp.ee\/en\/ostutingimused\/\" \/>\n<meta property=\"og:locale\" content=\"en_US\" \/>\n<meta property=\"og:type\" content=\"article\" \/>\n<meta property=\"og:title\" content=\"Ostutingimused - Lainekarp\" \/>\n<meta property=\"og:url\" content=\"https:\/\/lainekarp.ee\/en\/ostutingimused\/\" \/>\n<meta property=\"og:site_name\" content=\"Lainekarp\" \/>\n<meta property=\"article:modified_time\" content=\"2022-03-07T07:33:51+00:00\" \/>\n<meta name=\"twitter:card\" content=\"summary_large_image\" \/>\n<meta name=\"twitter:label1\" content=\"Est. reading time\" \/>\n\t<meta name=\"twitter:data1\" content=\"7 minutes\" \/>\n<script type=\"application\/ld+json\" class=\"yoast-schema-graph\">{\"@context\":\"https:\\\/\\\/schema.org\",\"@graph\":[{\"@type\":\"WebPage\",\"@id\":\"https:\\\/\\\/lainekarp.ee\\\/ostutingimused\\\/\",\"url\":\"https:\\\/\\\/lainekarp.ee\\\/ostutingimused\\\/\",\"name\":\"Ostutingimused - Lainekarp\",\"isPartOf\":{\"@id\":\"https:\\\/\\\/www.lainekarp.ee\\\/#website\"},\"datePublished\":\"2021-10-05T05:57:37+00:00\",\"dateModified\":\"2022-03-07T07:33:51+00:00\",\"breadcrumb\":{\"@id\":\"https:\\\/\\\/lainekarp.ee\\\/ostutingimused\\\/#breadcrumb\"},\"inLanguage\":\"en-US\",\"potentialAction\":[{\"@type\":\"ReadAction\",\"target\":[\"https:\\\/\\\/lainekarp.ee\\\/ostutingimused\\\/\"]}]},{\"@type\":\"BreadcrumbList\",\"@id\":\"https:\\\/\\\/lainekarp.ee\\\/ostutingimused\\\/#breadcrumb\",\"itemListElement\":[{\"@type\":\"ListItem\",\"position\":1,\"name\":\"Home\",\"item\":\"https:\\\/\\\/lainekarp.ee\\\/\"},{\"@type\":\"ListItem\",\"position\":2,\"name\":\"Ostutingimused\"}]},{\"@type\":\"WebSite\",\"@id\":\"https:\\\/\\\/www.lainekarp.ee\\\/#website\",\"url\":\"https:\\\/\\\/www.lainekarp.ee\\\/\",\"name\":\"Lainekarp\",\"description\":\"\",\"potentialAction\":[{\"@type\":\"SearchAction\",\"target\":{\"@type\":\"EntryPoint\",\"urlTemplate\":\"https:\\\/\\\/www.lainekarp.ee\\\/?s={search_term_string}\"},\"query-input\":{\"@type\":\"PropertyValueSpecification\",\"valueRequired\":true,\"valueName\":\"search_term_string\"}}],\"inLanguage\":\"en-US\"}]}<\/script>\n<!-- \/ Yoast SEO plugin. -->","yoast_head_json":{"title":"Ostutingimused - Lainekarp","robots":{"index":"index","follow":"follow","max-snippet":"max-snippet:-1","max-image-preview":"max-image-preview:large","max-video-preview":"max-video-preview:-1"},"canonical":"https:\/\/lainekarp.ee\/en\/ostutingimused\/","og_locale":"en_US","og_type":"article","og_title":"Ostutingimused - Lainekarp","og_url":"https:\/\/lainekarp.ee\/en\/ostutingimused\/","og_site_name":"Lainekarp","article_modified_time":"2022-03-07T07:33:51+00:00","twitter_card":"summary_large_image","twitter_misc":{"Est. reading time":"7 minutes"},"schema":{"@context":"https:\/\/schema.org","@graph":[{"@type":"WebPage","@id":"https:\/\/lainekarp.ee\/ostutingimused\/","url":"https:\/\/lainekarp.ee\/ostutingimused\/","name":"Ostutingimused - Lainekarp","isPartOf":{"@id":"https:\/\/www.lainekarp.ee\/#website"},"datePublished":"2021-10-05T05:57:37+00:00","dateModified":"2022-03-07T07:33:51+00:00","breadcrumb":{"@id":"https:\/\/lainekarp.ee\/ostutingimused\/#breadcrumb"},"inLanguage":"en-US","potentialAction":[{"@type":"ReadAction","target":["https:\/\/lainekarp.ee\/ostutingimused\/"]}]},{"@type":"BreadcrumbList","@id":"https:\/\/lainekarp.ee\/ostutingimused\/#breadcrumb","itemListElement":[{"@type":"ListItem","position":1,"name":"Home","item":"https:\/\/lainekarp.ee\/"},{"@type":"ListItem","position":2,"name":"Ostutingimused"}]},{"@type":"WebSite","@id":"https:\/\/www.lainekarp.ee\/#website","url":"https:\/\/www.lainekarp.ee\/","name":"Lainekarp","description":"","potentialAction":[{"@type":"SearchAction","target":{"@type":"EntryPoint","urlTemplate":"https:\/\/www.lainekarp.ee\/?s={search_term_string}"},"query-input":{"@type":"PropertyValueSpecification","valueRequired":true,"valueName":"search_term_string"}}],"inLanguage":"en-US"}]}},"_links":{"self":[{"href":"https:\/\/lainekarp.ee\/en\/wp-json\/wp\/v2\/pages\/9","targetHints":{"allow":["GET"]}}],"collection":[{"href":"https:\/\/lainekarp.ee\/en\/wp-json\/wp\/v2\/pages"}],"about":[{"href":"https:\/\/lainekarp.ee\/en\/wp-json\/wp\/v2\/types\/page"}],"author":[{"embeddable":true,"href":"https:\/\/lainekarp.ee\/en\/wp-json\/wp\/v2\/users\/1"}],"replies":[{"embeddable":true,"href":"https:\/\/lainekarp.ee\/en\/wp-json\/wp\/v2\/comments?post=9"}],"version-history":[{"count":0,"href":"https:\/\/lainekarp.ee\/en\/wp-json\/wp\/v2\/pages\/9\/revisions"}],"wp:attachment":[{"href":"https:\/\/lainekarp.ee\/en\/wp-json\/wp\/v2\/media?parent=9"}],"curies":[{"name":"wp","href":"https:\/\/api.w.org\/{rel}","templated":true}]}}