{"id":11464,"date":"2022-09-15T11:14:39","date_gmt":"2022-09-15T09:14:39","guid":{"rendered":"https:\/\/www.lainekarp.ee\/toode\/purustatud-paber-1kg-bordoo\/"},"modified":"2026-01-20T15:40:46","modified_gmt":"2026-01-20T13:40:46","slug":"purustatud-paber-1kg-bordoo","status":"publish","type":"product","link":"https:\/\/lainekarp.ee\/en\/product\/purustatud-paber-1kg-bordoo\/","title":{"rendered":"Purustatud paber 1kg burgundia"},"content":{"rendered":"","protected":false},"excerpt":{"rendered":"<p>Kinkekarbi t\u00e4idis \u2013 purustatud paber erinevates v\u00e4rvitoonides. Dekoratiivne ja pehmendav purustatud paber t\u00e4idisena kinkekarpidesse. Sobib ideaalselt toodete kaitsmiseks ning kingituste visuaalseks esilet\u00f5stmiseks. Saadaval mitmetes v\u00e4rvitoonides, et sobituda erinevate pakendite ja s\u00fcndmuste stiiliga. Lisab pakendile vol\u00fc\u00fcmi, pehmust ja elegantsi. Pakis 1kg.<\/p>","protected":false},"featured_media":11483,"template":"","meta":{"_acf_changed":false},"product_brand":[],"product_cat":[629],"product_tag":[],"class_list":{"0":"post-11464","1":"product","2":"type-product","3":"status-publish","4":"has-post-thumbnail","6":"product_cat-taitematerjal","8":"first","9":"outofstock","10":"taxable","11":"shipping-taxable","12":"purchasable","13":"product-type-simple"},"acf":[],"yoast_head":"<!-- This site is optimized with the Yoast SEO plugin v27.3 - https:\/\/yoast.com\/product\/yoast-seo-wordpress\/ -->\n<title>Purustatud paber 1kg burgundia - Lainekarp<\/title>\n<meta name=\"robots\" content=\"index, follow, max-snippet:-1, max-image-preview:large, max-video-preview:-1\" \/>\n<link rel=\"canonical\" href=\"https:\/\/lainekarp.ee\/en\/product\/purustatud-paber-1kg-bordoo\/\" \/>\n<meta property=\"og:locale\" content=\"en_US\" \/>\n<meta property=\"og:type\" content=\"article\" \/>\n<meta property=\"og:title\" content=\"Purustatud paber 1kg burgundia - Lainekarp\" \/>\n<meta property=\"og:description\" content=\"Kinkekarbi t\u00e4idis \u2013 purustatud paber erinevates v\u00e4rvitoonides. Dekoratiivne ja pehmendav purustatud paber t\u00e4idisena kinkekarpidesse. Sobib ideaalselt toodete kaitsmiseks ning kingituste visuaalseks esilet\u00f5stmiseks. Saadaval mitmetes v\u00e4rvitoonides, et sobituda erinevate pakendite ja s\u00fcndmuste stiiliga. Lisab pakendile vol\u00fc\u00fcmi, pehmust ja elegantsi. Pakis 1kg.\" \/>\n<meta property=\"og:url\" content=\"https:\/\/lainekarp.ee\/en\/product\/purustatud-paber-1kg-bordoo\/\" \/>\n<meta property=\"og:site_name\" content=\"Lainekarp\" \/>\n<meta property=\"article:modified_time\" content=\"2026-01-20T13:40:46+00:00\" \/>\n<meta property=\"og:image\" content=\"https:\/\/lainekarp.ee\/wp-content\/uploads\/2022\/09\/EPPBU.jpg\" \/>\n\t<meta property=\"og:image:width\" content=\"640\" \/>\n\t<meta property=\"og:image:height\" content=\"635\" \/>\n\t<meta property=\"og:image:type\" content=\"image\/jpeg\" \/>\n<meta name=\"twitter:card\" content=\"summary_large_image\" \/>\n<script type=\"application\/ld+json\" class=\"yoast-schema-graph\">{\"@context\":\"https:\\\/\\\/schema.org\",\"@graph\":[{\"@type\":\"WebPage\",\"@id\":\"https:\\\/\\\/lainekarp.ee\\\/toode\\\/purustatud-paber-1kg-bordoo\\\/\",\"url\":\"https:\\\/\\\/lainekarp.ee\\\/toode\\\/purustatud-paber-1kg-bordoo\\\/\",\"name\":\"Purustatud paber 1kg burgundia - Lainekarp\",\"isPartOf\":{\"@id\":\"https:\\\/\\\/www.lainekarp.ee\\\/#website\"},\"primaryImageOfPage\":{\"@id\":\"https:\\\/\\\/lainekarp.ee\\\/toode\\\/purustatud-paber-1kg-bordoo\\\/#primaryimage\"},\"image\":{\"@id\":\"https:\\\/\\\/lainekarp.ee\\\/toode\\\/purustatud-paber-1kg-bordoo\\\/#primaryimage\"},\"thumbnailUrl\":\"https:\\\/\\\/lainekarp.ee\\\/wp-content\\\/uploads\\\/2022\\\/09\\\/EPPBU.jpg\",\"datePublished\":\"2022-09-15T09:14:39+00:00\",\"dateModified\":\"2026-01-20T13:40:46+00:00\",\"breadcrumb\":{\"@id\":\"https:\\\/\\\/lainekarp.ee\\\/toode\\\/purustatud-paber-1kg-bordoo\\\/#breadcrumb\"},\"inLanguage\":\"en-US\",\"potentialAction\":[{\"@type\":\"ReadAction\",\"target\":[\"https:\\\/\\\/lainekarp.ee\\\/toode\\\/purustatud-paber-1kg-bordoo\\\/\"]}]},{\"@type\":\"ImageObject\",\"inLanguage\":\"en-US\",\"@id\":\"https:\\\/\\\/lainekarp.ee\\\/toode\\\/purustatud-paber-1kg-bordoo\\\/#primaryimage\",\"url\":\"https:\\\/\\\/lainekarp.ee\\\/wp-content\\\/uploads\\\/2022\\\/09\\\/EPPBU.jpg\",\"contentUrl\":\"https:\\\/\\\/lainekarp.ee\\\/wp-content\\\/uploads\\\/2022\\\/09\\\/EPPBU.jpg\",\"width\":640,\"height\":635,\"caption\":\"EPPBU\"},{\"@type\":\"BreadcrumbList\",\"@id\":\"https:\\\/\\\/lainekarp.ee\\\/toode\\\/purustatud-paber-1kg-bordoo\\\/#breadcrumb\",\"itemListElement\":[{\"@type\":\"ListItem\",\"position\":1,\"name\":\"Home\",\"item\":\"https:\\\/\\\/lainekarp.ee\\\/\"},{\"@type\":\"ListItem\",\"position\":2,\"name\":\"Kataloog\",\"item\":\"https:\\\/\\\/lainekarp.ee\\\/epood\\\/\"},{\"@type\":\"ListItem\",\"position\":3,\"name\":\"Dekoratsioon\",\"item\":\"https:\\\/\\\/lainekarp.ee\\\/tootekategooria\\\/dekoratsioon\\\/\"},{\"@type\":\"ListItem\",\"position\":4,\"name\":\"T\u00e4itematerjal\",\"item\":\"https:\\\/\\\/lainekarp.ee\\\/tootekategooria\\\/dekoratsioon\\\/taitematerjal\\\/\"},{\"@type\":\"ListItem\",\"position\":5,\"name\":\"Purustatud paber 1kg burgundia\"}]},{\"@type\":\"WebSite\",\"@id\":\"https:\\\/\\\/www.lainekarp.ee\\\/#website\",\"url\":\"https:\\\/\\\/www.lainekarp.ee\\\/\",\"name\":\"Lainekarp\",\"description\":\"\",\"potentialAction\":[{\"@type\":\"SearchAction\",\"target\":{\"@type\":\"EntryPoint\",\"urlTemplate\":\"https:\\\/\\\/www.lainekarp.ee\\\/?s={search_term_string}\"},\"query-input\":{\"@type\":\"PropertyValueSpecification\",\"valueRequired\":true,\"valueName\":\"search_term_string\"}}],\"inLanguage\":\"en-US\"}]}<\/script>\n<!-- \/ Yoast SEO plugin. -->","yoast_head_json":{"title":"Purustatud paber 1kg burgundia - Lainekarp","robots":{"index":"index","follow":"follow","max-snippet":"max-snippet:-1","max-image-preview":"max-image-preview:large","max-video-preview":"max-video-preview:-1"},"canonical":"https:\/\/lainekarp.ee\/en\/product\/purustatud-paber-1kg-bordoo\/","og_locale":"en_US","og_type":"article","og_title":"Purustatud paber 1kg burgundia - Lainekarp","og_description":"Kinkekarbi t\u00e4idis \u2013 purustatud paber erinevates v\u00e4rvitoonides. Dekoratiivne ja pehmendav purustatud paber t\u00e4idisena kinkekarpidesse. Sobib ideaalselt toodete kaitsmiseks ning kingituste visuaalseks esilet\u00f5stmiseks. Saadaval mitmetes v\u00e4rvitoonides, et sobituda erinevate pakendite ja s\u00fcndmuste stiiliga. Lisab pakendile vol\u00fc\u00fcmi, pehmust ja elegantsi. Pakis 1kg.","og_url":"https:\/\/lainekarp.ee\/en\/product\/purustatud-paber-1kg-bordoo\/","og_site_name":"Lainekarp","article_modified_time":"2026-01-20T13:40:46+00:00","og_image":[{"width":640,"height":635,"url":"https:\/\/lainekarp.ee\/wp-content\/uploads\/2022\/09\/EPPBU.jpg","type":"image\/jpeg"}],"twitter_card":"summary_large_image","schema":{"@context":"https:\/\/schema.org","@graph":[{"@type":"WebPage","@id":"https:\/\/lainekarp.ee\/toode\/purustatud-paber-1kg-bordoo\/","url":"https:\/\/lainekarp.ee\/toode\/purustatud-paber-1kg-bordoo\/","name":"Purustatud paber 1kg burgundia - Lainekarp","isPartOf":{"@id":"https:\/\/www.lainekarp.ee\/#website"},"primaryImageOfPage":{"@id":"https:\/\/lainekarp.ee\/toode\/purustatud-paber-1kg-bordoo\/#primaryimage"},"image":{"@id":"https:\/\/lainekarp.ee\/toode\/purustatud-paber-1kg-bordoo\/#primaryimage"},"thumbnailUrl":"https:\/\/lainekarp.ee\/wp-content\/uploads\/2022\/09\/EPPBU.jpg","datePublished":"2022-09-15T09:14:39+00:00","dateModified":"2026-01-20T13:40:46+00:00","breadcrumb":{"@id":"https:\/\/lainekarp.ee\/toode\/purustatud-paber-1kg-bordoo\/#breadcrumb"},"inLanguage":"en-US","potentialAction":[{"@type":"ReadAction","target":["https:\/\/lainekarp.ee\/toode\/purustatud-paber-1kg-bordoo\/"]}]},{"@type":"ImageObject","inLanguage":"en-US","@id":"https:\/\/lainekarp.ee\/toode\/purustatud-paber-1kg-bordoo\/#primaryimage","url":"https:\/\/lainekarp.ee\/wp-content\/uploads\/2022\/09\/EPPBU.jpg","contentUrl":"https:\/\/lainekarp.ee\/wp-content\/uploads\/2022\/09\/EPPBU.jpg","width":640,"height":635,"caption":"EPPBU"},{"@type":"BreadcrumbList","@id":"https:\/\/lainekarp.ee\/toode\/purustatud-paber-1kg-bordoo\/#breadcrumb","itemListElement":[{"@type":"ListItem","position":1,"name":"Home","item":"https:\/\/lainekarp.ee\/"},{"@type":"ListItem","position":2,"name":"Kataloog","item":"https:\/\/lainekarp.ee\/epood\/"},{"@type":"ListItem","position":3,"name":"Dekoratsioon","item":"https:\/\/lainekarp.ee\/tootekategooria\/dekoratsioon\/"},{"@type":"ListItem","position":4,"name":"T\u00e4itematerjal","item":"https:\/\/lainekarp.ee\/tootekategooria\/dekoratsioon\/taitematerjal\/"},{"@type":"ListItem","position":5,"name":"Purustatud paber 1kg burgundia"}]},{"@type":"WebSite","@id":"https:\/\/www.lainekarp.ee\/#website","url":"https:\/\/www.lainekarp.ee\/","name":"Lainekarp","description":"","potentialAction":[{"@type":"SearchAction","target":{"@type":"EntryPoint","urlTemplate":"https:\/\/www.lainekarp.ee\/?s={search_term_string}"},"query-input":{"@type":"PropertyValueSpecification","valueRequired":true,"valueName":"search_term_string"}}],"inLanguage":"en-US"}]}},"_links":{"self":[{"href":"https:\/\/lainekarp.ee\/en\/wp-json\/wp\/v2\/product\/11464","targetHints":{"allow":["GET"]}}],"collection":[{"href":"https:\/\/lainekarp.ee\/en\/wp-json\/wp\/v2\/product"}],"about":[{"href":"https:\/\/lainekarp.ee\/en\/wp-json\/wp\/v2\/types\/product"}],"version-history":[{"count":1,"href":"https:\/\/lainekarp.ee\/en\/wp-json\/wp\/v2\/product\/11464\/revisions"}],"predecessor-version":[{"id":17926,"href":"https:\/\/lainekarp.ee\/en\/wp-json\/wp\/v2\/product\/11464\/revisions\/17926"}],"wp:featuredmedia":[{"embeddable":true,"href":"https:\/\/lainekarp.ee\/en\/wp-json\/wp\/v2\/media\/11483"}],"wp:attachment":[{"href":"https:\/\/lainekarp.ee\/en\/wp-json\/wp\/v2\/media?parent=11464"}],"wp:term":[{"taxonomy":"product_brand","embeddable":true,"href":"https:\/\/lainekarp.ee\/en\/wp-json\/wp\/v2\/product_brand?post=11464"},{"taxonomy":"product_cat","embeddable":true,"href":"https:\/\/lainekarp.ee\/en\/wp-json\/wp\/v2\/product_cat?post=11464"},{"taxonomy":"product_tag","embeddable":true,"href":"https:\/\/lainekarp.ee\/en\/wp-json\/wp\/v2\/product_tag?post=11464"}],"curies":[{"name":"wp","href":"https:\/\/api.w.org\/{rel}","templated":true}]}}