{"id":11966,"date":"2022-11-23T14:23:14","date_gmt":"2022-11-23T12:23:14","guid":{"rendered":"https:\/\/www.lainekarp.ee\/toode\/kleeps-kasitoo-500tk-rull\/"},"modified":"2026-03-31T02:00:29","modified_gmt":"2026-03-31T00:00:29","slug":"kleeps-kasitoo-500tk-rull","status":"publish","type":"product","link":"https:\/\/lainekarp.ee\/en\/product\/kleeps-kasitoo-500tk-rull\/","title":{"rendered":"Kleeps &#8220;K\u00e4sit\u00f6\u00f6&#8221; 500tk rull"},"content":{"rendered":"","protected":false},"excerpt":{"rendered":"<p>Kleeps s\u00f5naga \u201cK\u00e4sit\u00f6\u00f6\u201d on ideaalne viis r\u00f5hutada toodete unikaalsust ja k\u00e4sitsi valmistatud p\u00e4ritolu. Sobib suurep\u00e4raselt kinkepakenditele, purkidele, kaartidele, toodetele ja muudele k\u00e4sit\u00f6\u00f6esemetele, andes neile professionaalse ja isikup\u00e4rase viimistluse. Kleebis aitab eristuda ning n\u00e4itab, et tegemist on hoole ja armastusega loodud esemega.<\/p>","protected":false},"featured_media":12013,"template":"","meta":{"_acf_changed":false},"product_brand":[],"product_cat":[610],"product_tag":[],"class_list":{"0":"post-11966","1":"product","2":"type-product","3":"status-publish","4":"has-post-thumbnail","6":"product_cat-kleepsud","8":"first","9":"instock","10":"taxable","11":"shipping-taxable","12":"purchasable","13":"product-type-simple"},"acf":[],"yoast_head":"<!-- This site is optimized with the Yoast SEO plugin v27.3 - https:\/\/yoast.com\/product\/yoast-seo-wordpress\/ -->\n<title>Kleeps &quot;K\u00e4sit\u00f6\u00f6&quot; 500tk rull - Lainekarp<\/title>\n<meta name=\"robots\" content=\"index, follow, max-snippet:-1, max-image-preview:large, max-video-preview:-1\" \/>\n<link rel=\"canonical\" href=\"https:\/\/lainekarp.ee\/en\/product\/kleeps-kasitoo-500tk-rull\/\" \/>\n<meta property=\"og:locale\" content=\"en_US\" \/>\n<meta property=\"og:type\" content=\"article\" \/>\n<meta property=\"og:title\" content=\"Kleeps &quot;K\u00e4sit\u00f6\u00f6&quot; 500tk rull - Lainekarp\" \/>\n<meta property=\"og:description\" content=\"Kleeps s\u00f5naga \u201cK\u00e4sit\u00f6\u00f6\u201d on ideaalne viis r\u00f5hutada toodete unikaalsust ja k\u00e4sitsi valmistatud p\u00e4ritolu. Sobib suurep\u00e4raselt kinkepakenditele, purkidele, kaartidele, toodetele ja muudele k\u00e4sit\u00f6\u00f6esemetele, andes neile professionaalse ja isikup\u00e4rase viimistluse. Kleebis aitab eristuda ning n\u00e4itab, et tegemist on hoole ja armastusega loodud esemega.\" \/>\n<meta property=\"og:url\" content=\"https:\/\/lainekarp.ee\/en\/product\/kleeps-kasitoo-500tk-rull\/\" \/>\n<meta property=\"og:site_name\" content=\"Lainekarp\" \/>\n<meta property=\"article:modified_time\" content=\"2026-03-31T00:00:29+00:00\" \/>\n<meta property=\"og:image\" content=\"https:\/\/lainekarp.ee\/wp-content\/uploads\/2022\/12\/KLKT.jpg\" \/>\n\t<meta property=\"og:image:width\" content=\"554\" \/>\n\t<meta property=\"og:image:height\" content=\"640\" \/>\n\t<meta property=\"og:image:type\" content=\"image\/jpeg\" \/>\n<meta name=\"twitter:card\" content=\"summary_large_image\" \/>\n<script type=\"application\/ld+json\" class=\"yoast-schema-graph\">{\"@context\":\"https:\\\/\\\/schema.org\",\"@graph\":[{\"@type\":\"WebPage\",\"@id\":\"https:\\\/\\\/lainekarp.ee\\\/toode\\\/kleeps-kasitoo-500tk-rull\\\/\",\"url\":\"https:\\\/\\\/lainekarp.ee\\\/toode\\\/kleeps-kasitoo-500tk-rull\\\/\",\"name\":\"Kleeps \\\"K\u00e4sit\u00f6\u00f6\\\" 500tk rull - Lainekarp\",\"isPartOf\":{\"@id\":\"https:\\\/\\\/www.lainekarp.ee\\\/#website\"},\"primaryImageOfPage\":{\"@id\":\"https:\\\/\\\/lainekarp.ee\\\/toode\\\/kleeps-kasitoo-500tk-rull\\\/#primaryimage\"},\"image\":{\"@id\":\"https:\\\/\\\/lainekarp.ee\\\/toode\\\/kleeps-kasitoo-500tk-rull\\\/#primaryimage\"},\"thumbnailUrl\":\"https:\\\/\\\/lainekarp.ee\\\/wp-content\\\/uploads\\\/2022\\\/12\\\/KLKT.jpg\",\"datePublished\":\"2022-11-23T12:23:14+00:00\",\"dateModified\":\"2026-03-31T00:00:29+00:00\",\"breadcrumb\":{\"@id\":\"https:\\\/\\\/lainekarp.ee\\\/toode\\\/kleeps-kasitoo-500tk-rull\\\/#breadcrumb\"},\"inLanguage\":\"en-US\",\"potentialAction\":[{\"@type\":\"ReadAction\",\"target\":[\"https:\\\/\\\/lainekarp.ee\\\/toode\\\/kleeps-kasitoo-500tk-rull\\\/\"]}]},{\"@type\":\"ImageObject\",\"inLanguage\":\"en-US\",\"@id\":\"https:\\\/\\\/lainekarp.ee\\\/toode\\\/kleeps-kasitoo-500tk-rull\\\/#primaryimage\",\"url\":\"https:\\\/\\\/lainekarp.ee\\\/wp-content\\\/uploads\\\/2022\\\/12\\\/KLKT.jpg\",\"contentUrl\":\"https:\\\/\\\/lainekarp.ee\\\/wp-content\\\/uploads\\\/2022\\\/12\\\/KLKT.jpg\",\"width\":554,\"height\":640,\"caption\":\"KLKT\"},{\"@type\":\"BreadcrumbList\",\"@id\":\"https:\\\/\\\/lainekarp.ee\\\/toode\\\/kleeps-kasitoo-500tk-rull\\\/#breadcrumb\",\"itemListElement\":[{\"@type\":\"ListItem\",\"position\":1,\"name\":\"Home\",\"item\":\"https:\\\/\\\/lainekarp.ee\\\/\"},{\"@type\":\"ListItem\",\"position\":2,\"name\":\"Kataloog\",\"item\":\"https:\\\/\\\/lainekarp.ee\\\/epood\\\/\"},{\"@type\":\"ListItem\",\"position\":3,\"name\":\"Dekoratsioon\",\"item\":\"https:\\\/\\\/lainekarp.ee\\\/tootekategooria\\\/dekoratsioon\\\/\"},{\"@type\":\"ListItem\",\"position\":4,\"name\":\"Kleepsud\",\"item\":\"https:\\\/\\\/lainekarp.ee\\\/tootekategooria\\\/dekoratsioon\\\/kleepsud\\\/\"},{\"@type\":\"ListItem\",\"position\":5,\"name\":\"Kleeps &#8220;K\u00e4sit\u00f6\u00f6&#8221; 500tk rull\"}]},{\"@type\":\"WebSite\",\"@id\":\"https:\\\/\\\/www.lainekarp.ee\\\/#website\",\"url\":\"https:\\\/\\\/www.lainekarp.ee\\\/\",\"name\":\"Lainekarp\",\"description\":\"\",\"potentialAction\":[{\"@type\":\"SearchAction\",\"target\":{\"@type\":\"EntryPoint\",\"urlTemplate\":\"https:\\\/\\\/www.lainekarp.ee\\\/?s={search_term_string}\"},\"query-input\":{\"@type\":\"PropertyValueSpecification\",\"valueRequired\":true,\"valueName\":\"search_term_string\"}}],\"inLanguage\":\"en-US\"}]}<\/script>\n<!-- \/ Yoast SEO plugin. -->","yoast_head_json":{"title":"Kleeps \"K\u00e4sit\u00f6\u00f6\" 500tk rull - Lainekarp","robots":{"index":"index","follow":"follow","max-snippet":"max-snippet:-1","max-image-preview":"max-image-preview:large","max-video-preview":"max-video-preview:-1"},"canonical":"https:\/\/lainekarp.ee\/en\/product\/kleeps-kasitoo-500tk-rull\/","og_locale":"en_US","og_type":"article","og_title":"Kleeps \"K\u00e4sit\u00f6\u00f6\" 500tk rull - Lainekarp","og_description":"Kleeps s\u00f5naga \u201cK\u00e4sit\u00f6\u00f6\u201d on ideaalne viis r\u00f5hutada toodete unikaalsust ja k\u00e4sitsi valmistatud p\u00e4ritolu. Sobib suurep\u00e4raselt kinkepakenditele, purkidele, kaartidele, toodetele ja muudele k\u00e4sit\u00f6\u00f6esemetele, andes neile professionaalse ja isikup\u00e4rase viimistluse. Kleebis aitab eristuda ning n\u00e4itab, et tegemist on hoole ja armastusega loodud esemega.","og_url":"https:\/\/lainekarp.ee\/en\/product\/kleeps-kasitoo-500tk-rull\/","og_site_name":"Lainekarp","article_modified_time":"2026-03-31T00:00:29+00:00","og_image":[{"width":554,"height":640,"url":"https:\/\/lainekarp.ee\/wp-content\/uploads\/2022\/12\/KLKT.jpg","type":"image\/jpeg"}],"twitter_card":"summary_large_image","schema":{"@context":"https:\/\/schema.org","@graph":[{"@type":"WebPage","@id":"https:\/\/lainekarp.ee\/toode\/kleeps-kasitoo-500tk-rull\/","url":"https:\/\/lainekarp.ee\/toode\/kleeps-kasitoo-500tk-rull\/","name":"Kleeps \"K\u00e4sit\u00f6\u00f6\" 500tk rull - Lainekarp","isPartOf":{"@id":"https:\/\/www.lainekarp.ee\/#website"},"primaryImageOfPage":{"@id":"https:\/\/lainekarp.ee\/toode\/kleeps-kasitoo-500tk-rull\/#primaryimage"},"image":{"@id":"https:\/\/lainekarp.ee\/toode\/kleeps-kasitoo-500tk-rull\/#primaryimage"},"thumbnailUrl":"https:\/\/lainekarp.ee\/wp-content\/uploads\/2022\/12\/KLKT.jpg","datePublished":"2022-11-23T12:23:14+00:00","dateModified":"2026-03-31T00:00:29+00:00","breadcrumb":{"@id":"https:\/\/lainekarp.ee\/toode\/kleeps-kasitoo-500tk-rull\/#breadcrumb"},"inLanguage":"en-US","potentialAction":[{"@type":"ReadAction","target":["https:\/\/lainekarp.ee\/toode\/kleeps-kasitoo-500tk-rull\/"]}]},{"@type":"ImageObject","inLanguage":"en-US","@id":"https:\/\/lainekarp.ee\/toode\/kleeps-kasitoo-500tk-rull\/#primaryimage","url":"https:\/\/lainekarp.ee\/wp-content\/uploads\/2022\/12\/KLKT.jpg","contentUrl":"https:\/\/lainekarp.ee\/wp-content\/uploads\/2022\/12\/KLKT.jpg","width":554,"height":640,"caption":"KLKT"},{"@type":"BreadcrumbList","@id":"https:\/\/lainekarp.ee\/toode\/kleeps-kasitoo-500tk-rull\/#breadcrumb","itemListElement":[{"@type":"ListItem","position":1,"name":"Home","item":"https:\/\/lainekarp.ee\/"},{"@type":"ListItem","position":2,"name":"Kataloog","item":"https:\/\/lainekarp.ee\/epood\/"},{"@type":"ListItem","position":3,"name":"Dekoratsioon","item":"https:\/\/lainekarp.ee\/tootekategooria\/dekoratsioon\/"},{"@type":"ListItem","position":4,"name":"Kleepsud","item":"https:\/\/lainekarp.ee\/tootekategooria\/dekoratsioon\/kleepsud\/"},{"@type":"ListItem","position":5,"name":"Kleeps &#8220;K\u00e4sit\u00f6\u00f6&#8221; 500tk rull"}]},{"@type":"WebSite","@id":"https:\/\/www.lainekarp.ee\/#website","url":"https:\/\/www.lainekarp.ee\/","name":"Lainekarp","description":"","potentialAction":[{"@type":"SearchAction","target":{"@type":"EntryPoint","urlTemplate":"https:\/\/www.lainekarp.ee\/?s={search_term_string}"},"query-input":{"@type":"PropertyValueSpecification","valueRequired":true,"valueName":"search_term_string"}}],"inLanguage":"en-US"}]}},"_links":{"self":[{"href":"https:\/\/lainekarp.ee\/en\/wp-json\/wp\/v2\/product\/11966","targetHints":{"allow":["GET"]}}],"collection":[{"href":"https:\/\/lainekarp.ee\/en\/wp-json\/wp\/v2\/product"}],"about":[{"href":"https:\/\/lainekarp.ee\/en\/wp-json\/wp\/v2\/types\/product"}],"version-history":[{"count":2,"href":"https:\/\/lainekarp.ee\/en\/wp-json\/wp\/v2\/product\/11966\/revisions"}],"predecessor-version":[{"id":17858,"href":"https:\/\/lainekarp.ee\/en\/wp-json\/wp\/v2\/product\/11966\/revisions\/17858"}],"wp:featuredmedia":[{"embeddable":true,"href":"https:\/\/lainekarp.ee\/en\/wp-json\/wp\/v2\/media\/12013"}],"wp:attachment":[{"href":"https:\/\/lainekarp.ee\/en\/wp-json\/wp\/v2\/media?parent=11966"}],"wp:term":[{"taxonomy":"product_brand","embeddable":true,"href":"https:\/\/lainekarp.ee\/en\/wp-json\/wp\/v2\/product_brand?post=11966"},{"taxonomy":"product_cat","embeddable":true,"href":"https:\/\/lainekarp.ee\/en\/wp-json\/wp\/v2\/product_cat?post=11966"},{"taxonomy":"product_tag","embeddable":true,"href":"https:\/\/lainekarp.ee\/en\/wp-json\/wp\/v2\/product_tag?post=11966"}],"curies":[{"name":"wp","href":"https:\/\/api.w.org\/{rel}","templated":true}]}}