{"id":12218,"date":"2023-02-02T15:48:01","date_gmt":"2023-02-02T13:48:01","guid":{"rendered":"https:\/\/www.lainekarp.ee\/toode\/lainekarp-1-kaas-200x200x200\/"},"modified":"2026-04-21T02:00:23","modified_gmt":"2026-04-21T00:00:23","slug":"lainekarp-1-kaas-200x200x200","status":"publish","type":"product","link":"https:\/\/lainekarp.ee\/en\/product\/lainekarp-1-kaas-200x200x200\/","title":{"rendered":"Lainekarp 1 kaas 200x200x200"},"content":{"rendered":"","protected":false},"excerpt":{"rendered":"<p>Mikrolainepapist tordikarbi k\u00f5rge kaas (200mm). Tordikarbile p\u00f5hjaks sobib LK01PB. Sobiva toote leiad: SELLE TOOTEGA \u00dcHILDUVAD KA\u2026 Kogus pakis 50tk<\/p>","protected":false},"featured_media":16736,"template":"","meta":{"_acf_changed":false},"product_brand":[],"product_cat":[595],"product_tag":[],"class_list":{"0":"post-12218","1":"product","2":"type-product","3":"status-publish","4":"has-post-thumbnail","6":"product_cat-lainekarbid","8":"first","9":"instock","10":"taxable","11":"shipping-taxable","12":"purchasable","13":"product-type-simple"},"acf":[],"yoast_head":"<!-- This site is optimized with the Yoast SEO plugin v27.5 - https:\/\/yoast.com\/product\/yoast-seo-wordpress\/ -->\n<title>Lainekarp 1 kaas 200x200x200 - Lainekarp<\/title>\n<meta name=\"robots\" content=\"index, follow, max-snippet:-1, max-image-preview:large, max-video-preview:-1\" \/>\n<link rel=\"canonical\" href=\"https:\/\/lainekarp.ee\/en\/product\/lainekarp-1-kaas-200x200x200\/\" \/>\n<meta property=\"og:locale\" content=\"en_US\" \/>\n<meta property=\"og:type\" content=\"article\" \/>\n<meta property=\"og:title\" content=\"Lainekarp 1 kaas 200x200x200 - Lainekarp\" \/>\n<meta property=\"og:description\" content=\"Mikrolainepapist tordikarbi k\u00f5rge kaas (200mm). Tordikarbile p\u00f5hjaks sobib LK01PB. Sobiva toote leiad: SELLE TOOTEGA \u00dcHILDUVAD KA\u2026 Kogus pakis 50tk\" \/>\n<meta property=\"og:url\" content=\"https:\/\/lainekarp.ee\/en\/product\/lainekarp-1-kaas-200x200x200\/\" \/>\n<meta property=\"og:site_name\" content=\"Lainekarp\" \/>\n<meta property=\"article:modified_time\" content=\"2026-04-21T00:00:23+00:00\" \/>\n<meta property=\"og:image\" content=\"https:\/\/lainekarp.ee\/wp-content\/uploads\/2024\/11\/LK01KB20-4.jpg\" \/>\n\t<meta property=\"og:image:width\" content=\"756\" \/>\n\t<meta property=\"og:image:height\" content=\"1000\" \/>\n\t<meta property=\"og:image:type\" content=\"image\/jpeg\" \/>\n<meta name=\"twitter:card\" content=\"summary_large_image\" \/>\n<meta name=\"twitter:label1\" content=\"Est. reading time\" \/>\n\t<meta name=\"twitter:data1\" content=\"1 minute\" \/>\n<script type=\"application\/ld+json\" class=\"yoast-schema-graph\">{\"@context\":\"https:\\\/\\\/schema.org\",\"@graph\":[{\"@type\":\"WebPage\",\"@id\":\"https:\\\/\\\/lainekarp.ee\\\/toode\\\/lainekarp-1-kaas-200x200x200\\\/\",\"url\":\"https:\\\/\\\/lainekarp.ee\\\/toode\\\/lainekarp-1-kaas-200x200x200\\\/\",\"name\":\"Lainekarp 1 kaas 200x200x200 - Lainekarp\",\"isPartOf\":{\"@id\":\"https:\\\/\\\/www.lainekarp.ee\\\/#website\"},\"primaryImageOfPage\":{\"@id\":\"https:\\\/\\\/lainekarp.ee\\\/toode\\\/lainekarp-1-kaas-200x200x200\\\/#primaryimage\"},\"image\":{\"@id\":\"https:\\\/\\\/lainekarp.ee\\\/toode\\\/lainekarp-1-kaas-200x200x200\\\/#primaryimage\"},\"thumbnailUrl\":\"https:\\\/\\\/lainekarp.ee\\\/wp-content\\\/uploads\\\/2024\\\/11\\\/LK01KB20-4.jpg\",\"datePublished\":\"2023-02-02T13:48:01+00:00\",\"dateModified\":\"2026-04-21T00:00:23+00:00\",\"breadcrumb\":{\"@id\":\"https:\\\/\\\/lainekarp.ee\\\/toode\\\/lainekarp-1-kaas-200x200x200\\\/#breadcrumb\"},\"inLanguage\":\"en-US\",\"potentialAction\":[{\"@type\":\"ReadAction\",\"target\":[\"https:\\\/\\\/lainekarp.ee\\\/toode\\\/lainekarp-1-kaas-200x200x200\\\/\"]}]},{\"@type\":\"ImageObject\",\"inLanguage\":\"en-US\",\"@id\":\"https:\\\/\\\/lainekarp.ee\\\/toode\\\/lainekarp-1-kaas-200x200x200\\\/#primaryimage\",\"url\":\"https:\\\/\\\/lainekarp.ee\\\/wp-content\\\/uploads\\\/2024\\\/11\\\/LK01KB20-4.jpg\",\"contentUrl\":\"https:\\\/\\\/lainekarp.ee\\\/wp-content\\\/uploads\\\/2024\\\/11\\\/LK01KB20-4.jpg\",\"width\":756,\"height\":1000,\"caption\":\"LK01KB20-4\"},{\"@type\":\"BreadcrumbList\",\"@id\":\"https:\\\/\\\/lainekarp.ee\\\/toode\\\/lainekarp-1-kaas-200x200x200\\\/#breadcrumb\",\"itemListElement\":[{\"@type\":\"ListItem\",\"position\":1,\"name\":\"Home\",\"item\":\"https:\\\/\\\/lainekarp.ee\\\/\"},{\"@type\":\"ListItem\",\"position\":2,\"name\":\"Kataloog\",\"item\":\"https:\\\/\\\/lainekarp.ee\\\/epood\\\/\"},{\"@type\":\"ListItem\",\"position\":3,\"name\":\"Tordi- ja koogikarbid\",\"item\":\"https:\\\/\\\/www.lainekarp.ee\\\/tootekategooria\\\/tordi-ja-koogikarbid\\\/\"},{\"@type\":\"ListItem\",\"position\":4,\"name\":\"Lainekarbid\",\"item\":\"https:\\\/\\\/www.lainekarp.ee\\\/tootekategooria\\\/tordi-ja-koogikarbid\\\/lainekarbid\\\/\"},{\"@type\":\"ListItem\",\"position\":5,\"name\":\"Lainekarp 1 kaas 200x200x200\"}]},{\"@type\":\"WebSite\",\"@id\":\"https:\\\/\\\/www.lainekarp.ee\\\/#website\",\"url\":\"https:\\\/\\\/www.lainekarp.ee\\\/\",\"name\":\"Lainekarp\",\"description\":\"\",\"potentialAction\":[{\"@type\":\"SearchAction\",\"target\":{\"@type\":\"EntryPoint\",\"urlTemplate\":\"https:\\\/\\\/www.lainekarp.ee\\\/?s={search_term_string}\"},\"query-input\":{\"@type\":\"PropertyValueSpecification\",\"valueRequired\":true,\"valueName\":\"search_term_string\"}}],\"inLanguage\":\"en-US\"}]}<\/script>\n<!-- \/ Yoast SEO plugin. -->","yoast_head_json":{"title":"Lainekarp 1 kaas 200x200x200 - Lainekarp","robots":{"index":"index","follow":"follow","max-snippet":"max-snippet:-1","max-image-preview":"max-image-preview:large","max-video-preview":"max-video-preview:-1"},"canonical":"https:\/\/lainekarp.ee\/en\/product\/lainekarp-1-kaas-200x200x200\/","og_locale":"en_US","og_type":"article","og_title":"Lainekarp 1 kaas 200x200x200 - Lainekarp","og_description":"Mikrolainepapist tordikarbi k\u00f5rge kaas (200mm). Tordikarbile p\u00f5hjaks sobib LK01PB. Sobiva toote leiad: SELLE TOOTEGA \u00dcHILDUVAD KA\u2026 Kogus pakis 50tk","og_url":"https:\/\/lainekarp.ee\/en\/product\/lainekarp-1-kaas-200x200x200\/","og_site_name":"Lainekarp","article_modified_time":"2026-04-21T00:00:23+00:00","og_image":[{"width":756,"height":1000,"url":"https:\/\/lainekarp.ee\/wp-content\/uploads\/2024\/11\/LK01KB20-4.jpg","type":"image\/jpeg"}],"twitter_card":"summary_large_image","twitter_misc":{"Est. reading time":"1 minute"},"schema":{"@context":"https:\/\/schema.org","@graph":[{"@type":"WebPage","@id":"https:\/\/lainekarp.ee\/toode\/lainekarp-1-kaas-200x200x200\/","url":"https:\/\/lainekarp.ee\/toode\/lainekarp-1-kaas-200x200x200\/","name":"Lainekarp 1 kaas 200x200x200 - Lainekarp","isPartOf":{"@id":"https:\/\/www.lainekarp.ee\/#website"},"primaryImageOfPage":{"@id":"https:\/\/lainekarp.ee\/toode\/lainekarp-1-kaas-200x200x200\/#primaryimage"},"image":{"@id":"https:\/\/lainekarp.ee\/toode\/lainekarp-1-kaas-200x200x200\/#primaryimage"},"thumbnailUrl":"https:\/\/lainekarp.ee\/wp-content\/uploads\/2024\/11\/LK01KB20-4.jpg","datePublished":"2023-02-02T13:48:01+00:00","dateModified":"2026-04-21T00:00:23+00:00","breadcrumb":{"@id":"https:\/\/lainekarp.ee\/toode\/lainekarp-1-kaas-200x200x200\/#breadcrumb"},"inLanguage":"en-US","potentialAction":[{"@type":"ReadAction","target":["https:\/\/lainekarp.ee\/toode\/lainekarp-1-kaas-200x200x200\/"]}]},{"@type":"ImageObject","inLanguage":"en-US","@id":"https:\/\/lainekarp.ee\/toode\/lainekarp-1-kaas-200x200x200\/#primaryimage","url":"https:\/\/lainekarp.ee\/wp-content\/uploads\/2024\/11\/LK01KB20-4.jpg","contentUrl":"https:\/\/lainekarp.ee\/wp-content\/uploads\/2024\/11\/LK01KB20-4.jpg","width":756,"height":1000,"caption":"LK01KB20-4"},{"@type":"BreadcrumbList","@id":"https:\/\/lainekarp.ee\/toode\/lainekarp-1-kaas-200x200x200\/#breadcrumb","itemListElement":[{"@type":"ListItem","position":1,"name":"Home","item":"https:\/\/lainekarp.ee\/"},{"@type":"ListItem","position":2,"name":"Kataloog","item":"https:\/\/lainekarp.ee\/epood\/"},{"@type":"ListItem","position":3,"name":"Tordi- ja koogikarbid","item":"https:\/\/www.lainekarp.ee\/tootekategooria\/tordi-ja-koogikarbid\/"},{"@type":"ListItem","position":4,"name":"Lainekarbid","item":"https:\/\/www.lainekarp.ee\/tootekategooria\/tordi-ja-koogikarbid\/lainekarbid\/"},{"@type":"ListItem","position":5,"name":"Lainekarp 1 kaas 200x200x200"}]},{"@type":"WebSite","@id":"https:\/\/www.lainekarp.ee\/#website","url":"https:\/\/www.lainekarp.ee\/","name":"Lainekarp","description":"","potentialAction":[{"@type":"SearchAction","target":{"@type":"EntryPoint","urlTemplate":"https:\/\/www.lainekarp.ee\/?s={search_term_string}"},"query-input":{"@type":"PropertyValueSpecification","valueRequired":true,"valueName":"search_term_string"}}],"inLanguage":"en-US"}]}},"_links":{"self":[{"href":"https:\/\/lainekarp.ee\/en\/wp-json\/wp\/v2\/product\/12218","targetHints":{"allow":["GET"]}}],"collection":[{"href":"https:\/\/lainekarp.ee\/en\/wp-json\/wp\/v2\/product"}],"about":[{"href":"https:\/\/lainekarp.ee\/en\/wp-json\/wp\/v2\/types\/product"}],"version-history":[{"count":2,"href":"https:\/\/lainekarp.ee\/en\/wp-json\/wp\/v2\/product\/12218\/revisions"}],"predecessor-version":[{"id":20027,"href":"https:\/\/lainekarp.ee\/en\/wp-json\/wp\/v2\/product\/12218\/revisions\/20027"}],"wp:featuredmedia":[{"embeddable":true,"href":"https:\/\/lainekarp.ee\/en\/wp-json\/wp\/v2\/media\/16736"}],"wp:attachment":[{"href":"https:\/\/lainekarp.ee\/en\/wp-json\/wp\/v2\/media?parent=12218"}],"wp:term":[{"taxonomy":"product_brand","embeddable":true,"href":"https:\/\/lainekarp.ee\/en\/wp-json\/wp\/v2\/product_brand?post=12218"},{"taxonomy":"product_cat","embeddable":true,"href":"https:\/\/lainekarp.ee\/en\/wp-json\/wp\/v2\/product_cat?post=12218"},{"taxonomy":"product_tag","embeddable":true,"href":"https:\/\/lainekarp.ee\/en\/wp-json\/wp\/v2\/product_tag?post=12218"}],"curies":[{"name":"wp","href":"https:\/\/api.w.org\/{rel}","templated":true}]}}