{"id":13572,"date":"2023-06-13T13:38:52","date_gmt":"2023-06-13T11:38:52","guid":{"rendered":"https:\/\/www.lainekarp.ee\/toode\/purustatud-paber-1kg-pruun\/"},"modified":"2026-01-20T15:38:30","modified_gmt":"2026-01-20T13:38:30","slug":"purustatud-paber-1kg-pruun","status":"publish","type":"product","link":"https:\/\/lainekarp.ee\/en\/product\/purustatud-paber-1kg-pruun\/","title":{"rendered":"Purustatud paber 1kg pruun"},"content":{"rendered":"","protected":false},"excerpt":{"rendered":"<p>Kinkekarbi t\u00e4idis \u2013 purustatud paber erinevates v\u00e4rvitoonides. Dekoratiivne ja pehmendav purustatud paber t\u00e4idisena kinkekarpidesse. Sobib ideaalselt toodete kaitsmiseks ning kingituste visuaalseks esilet\u00f5stmiseks. Saadaval mitmetes v\u00e4rvitoonides, et sobituda erinevate pakendite ja s\u00fcndmuste stiiliga. Lisab pakendile vol\u00fc\u00fcmi, pehmust ja elegantsi. Pakis 1kg.<\/p>","protected":false},"featured_media":13571,"template":"","meta":{"_acf_changed":false},"product_brand":[],"product_cat":[629],"product_tag":[],"class_list":{"0":"post-13572","1":"product","2":"type-product","3":"status-publish","4":"has-post-thumbnail","6":"product_cat-taitematerjal","8":"first","9":"instock","10":"taxable","11":"shipping-taxable","12":"purchasable","13":"product-type-simple"},"acf":[],"yoast_head":"<!-- This site is optimized with the Yoast SEO plugin v27.3 - https:\/\/yoast.com\/product\/yoast-seo-wordpress\/ -->\n<title>Purustatud paber 1kg pruun - Lainekarp<\/title>\n<meta name=\"robots\" content=\"index, follow, max-snippet:-1, max-image-preview:large, max-video-preview:-1\" \/>\n<link rel=\"canonical\" href=\"https:\/\/lainekarp.ee\/en\/product\/purustatud-paber-1kg-pruun\/\" \/>\n<meta property=\"og:locale\" content=\"en_US\" \/>\n<meta property=\"og:type\" content=\"article\" \/>\n<meta property=\"og:title\" content=\"Purustatud paber 1kg pruun - Lainekarp\" \/>\n<meta property=\"og:description\" content=\"Kinkekarbi t\u00e4idis \u2013 purustatud paber erinevates v\u00e4rvitoonides. Dekoratiivne ja pehmendav purustatud paber t\u00e4idisena kinkekarpidesse. Sobib ideaalselt toodete kaitsmiseks ning kingituste visuaalseks esilet\u00f5stmiseks. Saadaval mitmetes v\u00e4rvitoonides, et sobituda erinevate pakendite ja s\u00fcndmuste stiiliga. Lisab pakendile vol\u00fc\u00fcmi, pehmust ja elegantsi. Pakis 1kg.\" \/>\n<meta property=\"og:url\" content=\"https:\/\/lainekarp.ee\/en\/product\/purustatud-paber-1kg-pruun\/\" \/>\n<meta property=\"og:site_name\" content=\"Lainekarp\" \/>\n<meta property=\"article:modified_time\" content=\"2026-01-20T13:38:30+00:00\" \/>\n<meta property=\"og:image\" content=\"https:\/\/lainekarp.ee\/wp-content\/uploads\/2023\/06\/EPPPR.jpg\" \/>\n\t<meta property=\"og:image:width\" content=\"632\" \/>\n\t<meta property=\"og:image:height\" content=\"640\" \/>\n\t<meta property=\"og:image:type\" content=\"image\/jpeg\" \/>\n<meta name=\"twitter:card\" content=\"summary_large_image\" \/>\n<script type=\"application\/ld+json\" class=\"yoast-schema-graph\">{\"@context\":\"https:\\\/\\\/schema.org\",\"@graph\":[{\"@type\":\"WebPage\",\"@id\":\"https:\\\/\\\/lainekarp.ee\\\/toode\\\/purustatud-paber-1kg-pruun\\\/\",\"url\":\"https:\\\/\\\/lainekarp.ee\\\/toode\\\/purustatud-paber-1kg-pruun\\\/\",\"name\":\"Purustatud paber 1kg pruun - Lainekarp\",\"isPartOf\":{\"@id\":\"https:\\\/\\\/www.lainekarp.ee\\\/#website\"},\"primaryImageOfPage\":{\"@id\":\"https:\\\/\\\/lainekarp.ee\\\/toode\\\/purustatud-paber-1kg-pruun\\\/#primaryimage\"},\"image\":{\"@id\":\"https:\\\/\\\/lainekarp.ee\\\/toode\\\/purustatud-paber-1kg-pruun\\\/#primaryimage\"},\"thumbnailUrl\":\"https:\\\/\\\/lainekarp.ee\\\/wp-content\\\/uploads\\\/2023\\\/06\\\/EPPPR.jpg\",\"datePublished\":\"2023-06-13T11:38:52+00:00\",\"dateModified\":\"2026-01-20T13:38:30+00:00\",\"breadcrumb\":{\"@id\":\"https:\\\/\\\/lainekarp.ee\\\/toode\\\/purustatud-paber-1kg-pruun\\\/#breadcrumb\"},\"inLanguage\":\"en-US\",\"potentialAction\":[{\"@type\":\"ReadAction\",\"target\":[\"https:\\\/\\\/lainekarp.ee\\\/toode\\\/purustatud-paber-1kg-pruun\\\/\"]}]},{\"@type\":\"ImageObject\",\"inLanguage\":\"en-US\",\"@id\":\"https:\\\/\\\/lainekarp.ee\\\/toode\\\/purustatud-paber-1kg-pruun\\\/#primaryimage\",\"url\":\"https:\\\/\\\/lainekarp.ee\\\/wp-content\\\/uploads\\\/2023\\\/06\\\/EPPPR.jpg\",\"contentUrl\":\"https:\\\/\\\/lainekarp.ee\\\/wp-content\\\/uploads\\\/2023\\\/06\\\/EPPPR.jpg\",\"width\":632,\"height\":640,\"caption\":\"EPPPR\"},{\"@type\":\"BreadcrumbList\",\"@id\":\"https:\\\/\\\/lainekarp.ee\\\/toode\\\/purustatud-paber-1kg-pruun\\\/#breadcrumb\",\"itemListElement\":[{\"@type\":\"ListItem\",\"position\":1,\"name\":\"Home\",\"item\":\"https:\\\/\\\/lainekarp.ee\\\/\"},{\"@type\":\"ListItem\",\"position\":2,\"name\":\"Kataloog\",\"item\":\"https:\\\/\\\/lainekarp.ee\\\/epood\\\/\"},{\"@type\":\"ListItem\",\"position\":3,\"name\":\"Dekoratsioon\",\"item\":\"https:\\\/\\\/lainekarp.ee\\\/tootekategooria\\\/dekoratsioon\\\/\"},{\"@type\":\"ListItem\",\"position\":4,\"name\":\"T\u00e4itematerjal\",\"item\":\"https:\\\/\\\/lainekarp.ee\\\/tootekategooria\\\/dekoratsioon\\\/taitematerjal\\\/\"},{\"@type\":\"ListItem\",\"position\":5,\"name\":\"Purustatud paber 1kg pruun\"}]},{\"@type\":\"WebSite\",\"@id\":\"https:\\\/\\\/www.lainekarp.ee\\\/#website\",\"url\":\"https:\\\/\\\/www.lainekarp.ee\\\/\",\"name\":\"Lainekarp\",\"description\":\"\",\"potentialAction\":[{\"@type\":\"SearchAction\",\"target\":{\"@type\":\"EntryPoint\",\"urlTemplate\":\"https:\\\/\\\/www.lainekarp.ee\\\/?s={search_term_string}\"},\"query-input\":{\"@type\":\"PropertyValueSpecification\",\"valueRequired\":true,\"valueName\":\"search_term_string\"}}],\"inLanguage\":\"en-US\"}]}<\/script>\n<!-- \/ Yoast SEO plugin. -->","yoast_head_json":{"title":"Purustatud paber 1kg pruun - Lainekarp","robots":{"index":"index","follow":"follow","max-snippet":"max-snippet:-1","max-image-preview":"max-image-preview:large","max-video-preview":"max-video-preview:-1"},"canonical":"https:\/\/lainekarp.ee\/en\/product\/purustatud-paber-1kg-pruun\/","og_locale":"en_US","og_type":"article","og_title":"Purustatud paber 1kg pruun - Lainekarp","og_description":"Kinkekarbi t\u00e4idis \u2013 purustatud paber erinevates v\u00e4rvitoonides. Dekoratiivne ja pehmendav purustatud paber t\u00e4idisena kinkekarpidesse. Sobib ideaalselt toodete kaitsmiseks ning kingituste visuaalseks esilet\u00f5stmiseks. Saadaval mitmetes v\u00e4rvitoonides, et sobituda erinevate pakendite ja s\u00fcndmuste stiiliga. Lisab pakendile vol\u00fc\u00fcmi, pehmust ja elegantsi. Pakis 1kg.","og_url":"https:\/\/lainekarp.ee\/en\/product\/purustatud-paber-1kg-pruun\/","og_site_name":"Lainekarp","article_modified_time":"2026-01-20T13:38:30+00:00","og_image":[{"width":632,"height":640,"url":"https:\/\/lainekarp.ee\/wp-content\/uploads\/2023\/06\/EPPPR.jpg","type":"image\/jpeg"}],"twitter_card":"summary_large_image","schema":{"@context":"https:\/\/schema.org","@graph":[{"@type":"WebPage","@id":"https:\/\/lainekarp.ee\/toode\/purustatud-paber-1kg-pruun\/","url":"https:\/\/lainekarp.ee\/toode\/purustatud-paber-1kg-pruun\/","name":"Purustatud paber 1kg pruun - Lainekarp","isPartOf":{"@id":"https:\/\/www.lainekarp.ee\/#website"},"primaryImageOfPage":{"@id":"https:\/\/lainekarp.ee\/toode\/purustatud-paber-1kg-pruun\/#primaryimage"},"image":{"@id":"https:\/\/lainekarp.ee\/toode\/purustatud-paber-1kg-pruun\/#primaryimage"},"thumbnailUrl":"https:\/\/lainekarp.ee\/wp-content\/uploads\/2023\/06\/EPPPR.jpg","datePublished":"2023-06-13T11:38:52+00:00","dateModified":"2026-01-20T13:38:30+00:00","breadcrumb":{"@id":"https:\/\/lainekarp.ee\/toode\/purustatud-paber-1kg-pruun\/#breadcrumb"},"inLanguage":"en-US","potentialAction":[{"@type":"ReadAction","target":["https:\/\/lainekarp.ee\/toode\/purustatud-paber-1kg-pruun\/"]}]},{"@type":"ImageObject","inLanguage":"en-US","@id":"https:\/\/lainekarp.ee\/toode\/purustatud-paber-1kg-pruun\/#primaryimage","url":"https:\/\/lainekarp.ee\/wp-content\/uploads\/2023\/06\/EPPPR.jpg","contentUrl":"https:\/\/lainekarp.ee\/wp-content\/uploads\/2023\/06\/EPPPR.jpg","width":632,"height":640,"caption":"EPPPR"},{"@type":"BreadcrumbList","@id":"https:\/\/lainekarp.ee\/toode\/purustatud-paber-1kg-pruun\/#breadcrumb","itemListElement":[{"@type":"ListItem","position":1,"name":"Home","item":"https:\/\/lainekarp.ee\/"},{"@type":"ListItem","position":2,"name":"Kataloog","item":"https:\/\/lainekarp.ee\/epood\/"},{"@type":"ListItem","position":3,"name":"Dekoratsioon","item":"https:\/\/lainekarp.ee\/tootekategooria\/dekoratsioon\/"},{"@type":"ListItem","position":4,"name":"T\u00e4itematerjal","item":"https:\/\/lainekarp.ee\/tootekategooria\/dekoratsioon\/taitematerjal\/"},{"@type":"ListItem","position":5,"name":"Purustatud paber 1kg pruun"}]},{"@type":"WebSite","@id":"https:\/\/www.lainekarp.ee\/#website","url":"https:\/\/www.lainekarp.ee\/","name":"Lainekarp","description":"","potentialAction":[{"@type":"SearchAction","target":{"@type":"EntryPoint","urlTemplate":"https:\/\/www.lainekarp.ee\/?s={search_term_string}"},"query-input":{"@type":"PropertyValueSpecification","valueRequired":true,"valueName":"search_term_string"}}],"inLanguage":"en-US"}]}},"_links":{"self":[{"href":"https:\/\/lainekarp.ee\/en\/wp-json\/wp\/v2\/product\/13572","targetHints":{"allow":["GET"]}}],"collection":[{"href":"https:\/\/lainekarp.ee\/en\/wp-json\/wp\/v2\/product"}],"about":[{"href":"https:\/\/lainekarp.ee\/en\/wp-json\/wp\/v2\/types\/product"}],"version-history":[{"count":1,"href":"https:\/\/lainekarp.ee\/en\/wp-json\/wp\/v2\/product\/13572\/revisions"}],"predecessor-version":[{"id":17886,"href":"https:\/\/lainekarp.ee\/en\/wp-json\/wp\/v2\/product\/13572\/revisions\/17886"}],"wp:featuredmedia":[{"embeddable":true,"href":"https:\/\/lainekarp.ee\/en\/wp-json\/wp\/v2\/media\/13571"}],"wp:attachment":[{"href":"https:\/\/lainekarp.ee\/en\/wp-json\/wp\/v2\/media?parent=13572"}],"wp:term":[{"taxonomy":"product_brand","embeddable":true,"href":"https:\/\/lainekarp.ee\/en\/wp-json\/wp\/v2\/product_brand?post=13572"},{"taxonomy":"product_cat","embeddable":true,"href":"https:\/\/lainekarp.ee\/en\/wp-json\/wp\/v2\/product_cat?post=13572"},{"taxonomy":"product_tag","embeddable":true,"href":"https:\/\/lainekarp.ee\/en\/wp-json\/wp\/v2\/product_tag?post=13572"}],"curies":[{"name":"wp","href":"https:\/\/api.w.org\/{rel}","templated":true}]}}