{"id":14834,"date":"2024-04-19T14:14:29","date_gmt":"2024-04-19T12:14:29","guid":{"rendered":"https:\/\/lainekarp.ee\/toode\/pael-raphia-valge-5-8mm-100m-rull\/"},"modified":"2026-03-12T02:00:23","modified_gmt":"2026-03-12T00:00:23","slug":"pael-raphia-valge-5-8mm-100m-rull","status":"publish","type":"product","link":"https:\/\/lainekarp.ee\/en\/product\/pael-raphia-valge-5-8mm-100m-rull\/","title":{"rendered":"Pael Raphia valge 5-8mm 100m rull"},"content":{"rendered":"","protected":false},"excerpt":{"rendered":"<p>Paberpael \u2013 looduslik ja stiilne pakkimislahendus. Tugev ja keskkonnas\u00f5bralik paberpael, sobib suurep\u00e4raselt kingituste, toodete ja k\u00e4sit\u00f6\u00f6 esemete sidumiseks ning dekoreerimiseks. Naturaalne tekstuur ja maal\u00e4hedane v\u00e4limus teevad sellest ideaalse valiku \u00f6koloogilise ja esteetilise pakendamise jaoks. Lihtne s\u00f5lmida, sobib h\u00e4sti ka siltide kinnitamiseks.<\/p>","protected":false},"featured_media":14908,"template":"","meta":{"_acf_changed":false},"product_brand":[],"product_cat":[640],"product_tag":[],"class_list":{"0":"post-14834","1":"product","2":"type-product","3":"status-publish","4":"has-post-thumbnail","6":"product_cat-paber-paelad","8":"first","9":"instock","10":"taxable","11":"shipping-taxable","12":"purchasable","13":"product-type-simple"},"acf":[],"yoast_head":"<!-- This site is optimized with the Yoast SEO plugin v27.3 - https:\/\/yoast.com\/product\/yoast-seo-wordpress\/ -->\n<title>Pael Raphia valge 5-8mm 100m rull - Lainekarp<\/title>\n<meta name=\"robots\" content=\"index, follow, max-snippet:-1, max-image-preview:large, max-video-preview:-1\" \/>\n<link rel=\"canonical\" href=\"https:\/\/lainekarp.ee\/en\/product\/pael-raphia-valge-5-8mm-100m-rull\/\" \/>\n<meta property=\"og:locale\" content=\"en_US\" \/>\n<meta property=\"og:type\" content=\"article\" \/>\n<meta property=\"og:title\" content=\"Pael Raphia valge 5-8mm 100m rull - Lainekarp\" \/>\n<meta property=\"og:description\" content=\"Paberpael \u2013 looduslik ja stiilne pakkimislahendus. Tugev ja keskkonnas\u00f5bralik paberpael, sobib suurep\u00e4raselt kingituste, toodete ja k\u00e4sit\u00f6\u00f6 esemete sidumiseks ning dekoreerimiseks. Naturaalne tekstuur ja maal\u00e4hedane v\u00e4limus teevad sellest ideaalse valiku \u00f6koloogilise ja esteetilise pakendamise jaoks. Lihtne s\u00f5lmida, sobib h\u00e4sti ka siltide kinnitamiseks.\" \/>\n<meta property=\"og:url\" content=\"https:\/\/lainekarp.ee\/en\/product\/pael-raphia-valge-5-8mm-100m-rull\/\" \/>\n<meta property=\"og:site_name\" content=\"Lainekarp\" \/>\n<meta property=\"article:modified_time\" content=\"2026-03-12T00:00:23+00:00\" \/>\n<meta property=\"og:image\" content=\"https:\/\/lainekarp.ee\/wp-content\/uploads\/2024\/04\/PC388201.jpg\" \/>\n\t<meta property=\"og:image:width\" content=\"503\" \/>\n\t<meta property=\"og:image:height\" content=\"640\" \/>\n\t<meta property=\"og:image:type\" content=\"image\/jpeg\" \/>\n<meta name=\"twitter:card\" content=\"summary_large_image\" \/>\n<meta name=\"twitter:label1\" content=\"Est. reading time\" \/>\n\t<meta name=\"twitter:data1\" content=\"1 minute\" \/>\n<script type=\"application\/ld+json\" class=\"yoast-schema-graph\">{\"@context\":\"https:\\\/\\\/schema.org\",\"@graph\":[{\"@type\":\"WebPage\",\"@id\":\"https:\\\/\\\/lainekarp.ee\\\/toode\\\/pael-raphia-valge-5-8mm-100m-rull\\\/\",\"url\":\"https:\\\/\\\/lainekarp.ee\\\/toode\\\/pael-raphia-valge-5-8mm-100m-rull\\\/\",\"name\":\"Pael Raphia valge 5-8mm 100m rull - Lainekarp\",\"isPartOf\":{\"@id\":\"https:\\\/\\\/www.lainekarp.ee\\\/#website\"},\"primaryImageOfPage\":{\"@id\":\"https:\\\/\\\/lainekarp.ee\\\/toode\\\/pael-raphia-valge-5-8mm-100m-rull\\\/#primaryimage\"},\"image\":{\"@id\":\"https:\\\/\\\/lainekarp.ee\\\/toode\\\/pael-raphia-valge-5-8mm-100m-rull\\\/#primaryimage\"},\"thumbnailUrl\":\"https:\\\/\\\/lainekarp.ee\\\/wp-content\\\/uploads\\\/2024\\\/04\\\/PC388201.jpg\",\"datePublished\":\"2024-04-19T12:14:29+00:00\",\"dateModified\":\"2026-03-12T00:00:23+00:00\",\"breadcrumb\":{\"@id\":\"https:\\\/\\\/lainekarp.ee\\\/toode\\\/pael-raphia-valge-5-8mm-100m-rull\\\/#breadcrumb\"},\"inLanguage\":\"en-US\",\"potentialAction\":[{\"@type\":\"ReadAction\",\"target\":[\"https:\\\/\\\/lainekarp.ee\\\/toode\\\/pael-raphia-valge-5-8mm-100m-rull\\\/\"]}]},{\"@type\":\"ImageObject\",\"inLanguage\":\"en-US\",\"@id\":\"https:\\\/\\\/lainekarp.ee\\\/toode\\\/pael-raphia-valge-5-8mm-100m-rull\\\/#primaryimage\",\"url\":\"https:\\\/\\\/lainekarp.ee\\\/wp-content\\\/uploads\\\/2024\\\/04\\\/PC388201.jpg\",\"contentUrl\":\"https:\\\/\\\/lainekarp.ee\\\/wp-content\\\/uploads\\\/2024\\\/04\\\/PC388201.jpg\",\"width\":503,\"height\":640,\"caption\":\"PC388201\"},{\"@type\":\"BreadcrumbList\",\"@id\":\"https:\\\/\\\/lainekarp.ee\\\/toode\\\/pael-raphia-valge-5-8mm-100m-rull\\\/#breadcrumb\",\"itemListElement\":[{\"@type\":\"ListItem\",\"position\":1,\"name\":\"Home\",\"item\":\"https:\\\/\\\/lainekarp.ee\\\/\"},{\"@type\":\"ListItem\",\"position\":2,\"name\":\"Kataloog\",\"item\":\"https:\\\/\\\/lainekarp.ee\\\/epood\\\/\"},{\"@type\":\"ListItem\",\"position\":3,\"name\":\"Dekoratsioon\",\"item\":\"https:\\\/\\\/lainekarp.ee\\\/tootekategooria\\\/dekoratsioon\\\/\"},{\"@type\":\"ListItem\",\"position\":4,\"name\":\"Paber paelad\",\"item\":\"https:\\\/\\\/lainekarp.ee\\\/tootekategooria\\\/dekoratsioon\\\/paber-paelad\\\/\"},{\"@type\":\"ListItem\",\"position\":5,\"name\":\"Pael Raphia valge 5-8mm 100m rull\"}]},{\"@type\":\"WebSite\",\"@id\":\"https:\\\/\\\/www.lainekarp.ee\\\/#website\",\"url\":\"https:\\\/\\\/www.lainekarp.ee\\\/\",\"name\":\"Lainekarp\",\"description\":\"\",\"potentialAction\":[{\"@type\":\"SearchAction\",\"target\":{\"@type\":\"EntryPoint\",\"urlTemplate\":\"https:\\\/\\\/www.lainekarp.ee\\\/?s={search_term_string}\"},\"query-input\":{\"@type\":\"PropertyValueSpecification\",\"valueRequired\":true,\"valueName\":\"search_term_string\"}}],\"inLanguage\":\"en-US\"}]}<\/script>\n<!-- \/ Yoast SEO plugin. -->","yoast_head_json":{"title":"Pael Raphia valge 5-8mm 100m rull - Lainekarp","robots":{"index":"index","follow":"follow","max-snippet":"max-snippet:-1","max-image-preview":"max-image-preview:large","max-video-preview":"max-video-preview:-1"},"canonical":"https:\/\/lainekarp.ee\/en\/product\/pael-raphia-valge-5-8mm-100m-rull\/","og_locale":"en_US","og_type":"article","og_title":"Pael Raphia valge 5-8mm 100m rull - Lainekarp","og_description":"Paberpael \u2013 looduslik ja stiilne pakkimislahendus. Tugev ja keskkonnas\u00f5bralik paberpael, sobib suurep\u00e4raselt kingituste, toodete ja k\u00e4sit\u00f6\u00f6 esemete sidumiseks ning dekoreerimiseks. Naturaalne tekstuur ja maal\u00e4hedane v\u00e4limus teevad sellest ideaalse valiku \u00f6koloogilise ja esteetilise pakendamise jaoks. Lihtne s\u00f5lmida, sobib h\u00e4sti ka siltide kinnitamiseks.","og_url":"https:\/\/lainekarp.ee\/en\/product\/pael-raphia-valge-5-8mm-100m-rull\/","og_site_name":"Lainekarp","article_modified_time":"2026-03-12T00:00:23+00:00","og_image":[{"width":503,"height":640,"url":"https:\/\/lainekarp.ee\/wp-content\/uploads\/2024\/04\/PC388201.jpg","type":"image\/jpeg"}],"twitter_card":"summary_large_image","twitter_misc":{"Est. reading time":"1 minute"},"schema":{"@context":"https:\/\/schema.org","@graph":[{"@type":"WebPage","@id":"https:\/\/lainekarp.ee\/toode\/pael-raphia-valge-5-8mm-100m-rull\/","url":"https:\/\/lainekarp.ee\/toode\/pael-raphia-valge-5-8mm-100m-rull\/","name":"Pael Raphia valge 5-8mm 100m rull - Lainekarp","isPartOf":{"@id":"https:\/\/www.lainekarp.ee\/#website"},"primaryImageOfPage":{"@id":"https:\/\/lainekarp.ee\/toode\/pael-raphia-valge-5-8mm-100m-rull\/#primaryimage"},"image":{"@id":"https:\/\/lainekarp.ee\/toode\/pael-raphia-valge-5-8mm-100m-rull\/#primaryimage"},"thumbnailUrl":"https:\/\/lainekarp.ee\/wp-content\/uploads\/2024\/04\/PC388201.jpg","datePublished":"2024-04-19T12:14:29+00:00","dateModified":"2026-03-12T00:00:23+00:00","breadcrumb":{"@id":"https:\/\/lainekarp.ee\/toode\/pael-raphia-valge-5-8mm-100m-rull\/#breadcrumb"},"inLanguage":"en-US","potentialAction":[{"@type":"ReadAction","target":["https:\/\/lainekarp.ee\/toode\/pael-raphia-valge-5-8mm-100m-rull\/"]}]},{"@type":"ImageObject","inLanguage":"en-US","@id":"https:\/\/lainekarp.ee\/toode\/pael-raphia-valge-5-8mm-100m-rull\/#primaryimage","url":"https:\/\/lainekarp.ee\/wp-content\/uploads\/2024\/04\/PC388201.jpg","contentUrl":"https:\/\/lainekarp.ee\/wp-content\/uploads\/2024\/04\/PC388201.jpg","width":503,"height":640,"caption":"PC388201"},{"@type":"BreadcrumbList","@id":"https:\/\/lainekarp.ee\/toode\/pael-raphia-valge-5-8mm-100m-rull\/#breadcrumb","itemListElement":[{"@type":"ListItem","position":1,"name":"Home","item":"https:\/\/lainekarp.ee\/"},{"@type":"ListItem","position":2,"name":"Kataloog","item":"https:\/\/lainekarp.ee\/epood\/"},{"@type":"ListItem","position":3,"name":"Dekoratsioon","item":"https:\/\/lainekarp.ee\/tootekategooria\/dekoratsioon\/"},{"@type":"ListItem","position":4,"name":"Paber paelad","item":"https:\/\/lainekarp.ee\/tootekategooria\/dekoratsioon\/paber-paelad\/"},{"@type":"ListItem","position":5,"name":"Pael Raphia valge 5-8mm 100m rull"}]},{"@type":"WebSite","@id":"https:\/\/www.lainekarp.ee\/#website","url":"https:\/\/www.lainekarp.ee\/","name":"Lainekarp","description":"","potentialAction":[{"@type":"SearchAction","target":{"@type":"EntryPoint","urlTemplate":"https:\/\/www.lainekarp.ee\/?s={search_term_string}"},"query-input":{"@type":"PropertyValueSpecification","valueRequired":true,"valueName":"search_term_string"}}],"inLanguage":"en-US"}]}},"_links":{"self":[{"href":"https:\/\/lainekarp.ee\/en\/wp-json\/wp\/v2\/product\/14834","targetHints":{"allow":["GET"]}}],"collection":[{"href":"https:\/\/lainekarp.ee\/en\/wp-json\/wp\/v2\/product"}],"about":[{"href":"https:\/\/lainekarp.ee\/en\/wp-json\/wp\/v2\/types\/product"}],"version-history":[{"count":2,"href":"https:\/\/lainekarp.ee\/en\/wp-json\/wp\/v2\/product\/14834\/revisions"}],"predecessor-version":[{"id":17892,"href":"https:\/\/lainekarp.ee\/en\/wp-json\/wp\/v2\/product\/14834\/revisions\/17892"}],"wp:featuredmedia":[{"embeddable":true,"href":"https:\/\/lainekarp.ee\/en\/wp-json\/wp\/v2\/media\/14908"}],"wp:attachment":[{"href":"https:\/\/lainekarp.ee\/en\/wp-json\/wp\/v2\/media?parent=14834"}],"wp:term":[{"taxonomy":"product_brand","embeddable":true,"href":"https:\/\/lainekarp.ee\/en\/wp-json\/wp\/v2\/product_brand?post=14834"},{"taxonomy":"product_cat","embeddable":true,"href":"https:\/\/lainekarp.ee\/en\/wp-json\/wp\/v2\/product_cat?post=14834"},{"taxonomy":"product_tag","embeddable":true,"href":"https:\/\/lainekarp.ee\/en\/wp-json\/wp\/v2\/product_tag?post=14834"}],"curies":[{"name":"wp","href":"https:\/\/api.w.org\/{rel}","templated":true}]}}