{"id":14983,"date":"2024-04-25T09:27:54","date_gmt":"2024-04-25T07:27:54","guid":{"rendered":"https:\/\/lainekarp.ee\/toode\/koogikarp-6-korge-pe-275x275x95-250\/"},"modified":"2026-04-15T02:00:18","modified_gmt":"2026-04-15T00:00:18","slug":"koogikarp-6-korge-pe-275x275x95-250","status":"publish","type":"product","link":"https:\/\/lainekarp.ee\/en\/product\/koogikarp-6-korge-pe-275x275x95-250\/","title":{"rendered":"Koogikarp 6 k\u00f5rge valge-valge kiletatud  275x275x95\/250"},"content":{"rendered":"","protected":false},"excerpt":{"rendered":"<p>Koogikarp koosneb kahest lehest. KK6KKI-st saab nii p\u00f5hja kui kaane. Kui soovid 125 karpi, siis pane ostukorvi koguseks 250 tk. KK6KKI-p\u00f5hjale saab panna ka aknaga kaane. Erinevad kombineerimisv\u00f5imalusi leiad: SELLE TOOTEGA \u00dcHILDUVAD KA&#8230;. Kogus pakis 250tk<\/p>","protected":false},"featured_media":15027,"template":"","meta":{"_acf_changed":false},"product_brand":[],"product_cat":[627],"product_tag":[],"class_list":{"0":"post-14983","1":"product","2":"type-product","3":"status-publish","4":"has-post-thumbnail","6":"product_cat-kartongist-koogikarbid","8":"first","9":"instock","10":"taxable","11":"shipping-taxable","12":"purchasable","13":"product-type-simple"},"acf":[],"yoast_head":"<!-- This site is optimized with the Yoast SEO plugin v27.3 - https:\/\/yoast.com\/product\/yoast-seo-wordpress\/ -->\n<title>Koogikarp 6 k\u00f5rge valge-valge kiletatud 275x275x95\/250 - Lainekarp<\/title>\n<meta name=\"robots\" content=\"index, follow, max-snippet:-1, max-image-preview:large, max-video-preview:-1\" \/>\n<link rel=\"canonical\" href=\"https:\/\/lainekarp.ee\/en\/product\/koogikarp-6-korge-pe-275x275x95-250\/\" \/>\n<meta property=\"og:locale\" content=\"en_US\" \/>\n<meta property=\"og:type\" content=\"article\" \/>\n<meta property=\"og:title\" content=\"Koogikarp 6 k\u00f5rge valge-valge kiletatud 275x275x95\/250 - Lainekarp\" \/>\n<meta property=\"og:description\" content=\"Koogikarp koosneb kahest lehest. KK6KKI-st saab nii p\u00f5hja kui kaane. Kui soovid 125 karpi, siis pane ostukorvi koguseks 250 tk. KK6KKI-p\u00f5hjale saab panna ka aknaga kaane. Erinevad kombineerimisv\u00f5imalusi leiad: SELLE TOOTEGA \u00dcHILDUVAD KA.... Kogus pakis 250tk\" \/>\n<meta property=\"og:url\" content=\"https:\/\/lainekarp.ee\/en\/product\/koogikarp-6-korge-pe-275x275x95-250\/\" \/>\n<meta property=\"og:site_name\" content=\"Lainekarp\" \/>\n<meta property=\"article:modified_time\" content=\"2026-04-15T00:00:18+00:00\" \/>\n<meta property=\"og:image\" content=\"https:\/\/lainekarp.ee\/wp-content\/uploads\/2024\/04\/KK6KKI_1.jpeg\" \/>\n\t<meta property=\"og:image:width\" content=\"556\" \/>\n\t<meta property=\"og:image:height\" content=\"640\" \/>\n\t<meta property=\"og:image:type\" content=\"image\/jpeg\" \/>\n<meta name=\"twitter:card\" content=\"summary_large_image\" \/>\n<meta name=\"twitter:label1\" content=\"Est. reading time\" \/>\n\t<meta name=\"twitter:data1\" content=\"1 minute\" \/>\n<script type=\"application\/ld+json\" class=\"yoast-schema-graph\">{\"@context\":\"https:\\\/\\\/schema.org\",\"@graph\":[{\"@type\":\"WebPage\",\"@id\":\"https:\\\/\\\/lainekarp.ee\\\/toode\\\/koogikarp-6-korge-pe-275x275x95-250\\\/\",\"url\":\"https:\\\/\\\/lainekarp.ee\\\/toode\\\/koogikarp-6-korge-pe-275x275x95-250\\\/\",\"name\":\"Koogikarp 6 k\u00f5rge valge-valge kiletatud 275x275x95\\\/250 - Lainekarp\",\"isPartOf\":{\"@id\":\"https:\\\/\\\/www.lainekarp.ee\\\/#website\"},\"primaryImageOfPage\":{\"@id\":\"https:\\\/\\\/lainekarp.ee\\\/toode\\\/koogikarp-6-korge-pe-275x275x95-250\\\/#primaryimage\"},\"image\":{\"@id\":\"https:\\\/\\\/lainekarp.ee\\\/toode\\\/koogikarp-6-korge-pe-275x275x95-250\\\/#primaryimage\"},\"thumbnailUrl\":\"https:\\\/\\\/lainekarp.ee\\\/wp-content\\\/uploads\\\/2024\\\/04\\\/KK6KKI_1.jpeg\",\"datePublished\":\"2024-04-25T07:27:54+00:00\",\"dateModified\":\"2026-04-15T00:00:18+00:00\",\"breadcrumb\":{\"@id\":\"https:\\\/\\\/lainekarp.ee\\\/toode\\\/koogikarp-6-korge-pe-275x275x95-250\\\/#breadcrumb\"},\"inLanguage\":\"en-US\",\"potentialAction\":[{\"@type\":\"ReadAction\",\"target\":[\"https:\\\/\\\/lainekarp.ee\\\/toode\\\/koogikarp-6-korge-pe-275x275x95-250\\\/\"]}]},{\"@type\":\"ImageObject\",\"inLanguage\":\"en-US\",\"@id\":\"https:\\\/\\\/lainekarp.ee\\\/toode\\\/koogikarp-6-korge-pe-275x275x95-250\\\/#primaryimage\",\"url\":\"https:\\\/\\\/lainekarp.ee\\\/wp-content\\\/uploads\\\/2024\\\/04\\\/KK6KKI_1.jpeg\",\"contentUrl\":\"https:\\\/\\\/lainekarp.ee\\\/wp-content\\\/uploads\\\/2024\\\/04\\\/KK6KKI_1.jpeg\",\"width\":556,\"height\":640,\"caption\":\"KK6KKI\"},{\"@type\":\"BreadcrumbList\",\"@id\":\"https:\\\/\\\/lainekarp.ee\\\/toode\\\/koogikarp-6-korge-pe-275x275x95-250\\\/#breadcrumb\",\"itemListElement\":[{\"@type\":\"ListItem\",\"position\":1,\"name\":\"Home\",\"item\":\"https:\\\/\\\/lainekarp.ee\\\/\"},{\"@type\":\"ListItem\",\"position\":2,\"name\":\"Kataloog\",\"item\":\"https:\\\/\\\/lainekarp.ee\\\/epood\\\/\"},{\"@type\":\"ListItem\",\"position\":3,\"name\":\"Tordi- ja koogikarbid\",\"item\":\"https:\\\/\\\/www.lainekarp.ee\\\/tootekategooria\\\/tordi-ja-koogikarbid\\\/\"},{\"@type\":\"ListItem\",\"position\":4,\"name\":\"Kartongist koogikarbid\",\"item\":\"https:\\\/\\\/lainekarp.ee\\\/tootekategooria\\\/tordi-ja-koogikarbid\\\/kartongist-koogikarbid\\\/\"},{\"@type\":\"ListItem\",\"position\":5,\"name\":\"Koogikarp 6 k\u00f5rge valge-valge kiletatud 275x275x95\\\/250\"}]},{\"@type\":\"WebSite\",\"@id\":\"https:\\\/\\\/www.lainekarp.ee\\\/#website\",\"url\":\"https:\\\/\\\/www.lainekarp.ee\\\/\",\"name\":\"Lainekarp\",\"description\":\"\",\"potentialAction\":[{\"@type\":\"SearchAction\",\"target\":{\"@type\":\"EntryPoint\",\"urlTemplate\":\"https:\\\/\\\/www.lainekarp.ee\\\/?s={search_term_string}\"},\"query-input\":{\"@type\":\"PropertyValueSpecification\",\"valueRequired\":true,\"valueName\":\"search_term_string\"}}],\"inLanguage\":\"en-US\"}]}<\/script>\n<!-- \/ Yoast SEO plugin. -->","yoast_head_json":{"title":"Koogikarp 6 k\u00f5rge valge-valge kiletatud 275x275x95\/250 - Lainekarp","robots":{"index":"index","follow":"follow","max-snippet":"max-snippet:-1","max-image-preview":"max-image-preview:large","max-video-preview":"max-video-preview:-1"},"canonical":"https:\/\/lainekarp.ee\/en\/product\/koogikarp-6-korge-pe-275x275x95-250\/","og_locale":"en_US","og_type":"article","og_title":"Koogikarp 6 k\u00f5rge valge-valge kiletatud 275x275x95\/250 - Lainekarp","og_description":"Koogikarp koosneb kahest lehest. KK6KKI-st saab nii p\u00f5hja kui kaane. Kui soovid 125 karpi, siis pane ostukorvi koguseks 250 tk. KK6KKI-p\u00f5hjale saab panna ka aknaga kaane. Erinevad kombineerimisv\u00f5imalusi leiad: SELLE TOOTEGA \u00dcHILDUVAD KA.... Kogus pakis 250tk","og_url":"https:\/\/lainekarp.ee\/en\/product\/koogikarp-6-korge-pe-275x275x95-250\/","og_site_name":"Lainekarp","article_modified_time":"2026-04-15T00:00:18+00:00","og_image":[{"width":556,"height":640,"url":"https:\/\/lainekarp.ee\/wp-content\/uploads\/2024\/04\/KK6KKI_1.jpeg","type":"image\/jpeg"}],"twitter_card":"summary_large_image","twitter_misc":{"Est. reading time":"1 minute"},"schema":{"@context":"https:\/\/schema.org","@graph":[{"@type":"WebPage","@id":"https:\/\/lainekarp.ee\/toode\/koogikarp-6-korge-pe-275x275x95-250\/","url":"https:\/\/lainekarp.ee\/toode\/koogikarp-6-korge-pe-275x275x95-250\/","name":"Koogikarp 6 k\u00f5rge valge-valge kiletatud 275x275x95\/250 - Lainekarp","isPartOf":{"@id":"https:\/\/www.lainekarp.ee\/#website"},"primaryImageOfPage":{"@id":"https:\/\/lainekarp.ee\/toode\/koogikarp-6-korge-pe-275x275x95-250\/#primaryimage"},"image":{"@id":"https:\/\/lainekarp.ee\/toode\/koogikarp-6-korge-pe-275x275x95-250\/#primaryimage"},"thumbnailUrl":"https:\/\/lainekarp.ee\/wp-content\/uploads\/2024\/04\/KK6KKI_1.jpeg","datePublished":"2024-04-25T07:27:54+00:00","dateModified":"2026-04-15T00:00:18+00:00","breadcrumb":{"@id":"https:\/\/lainekarp.ee\/toode\/koogikarp-6-korge-pe-275x275x95-250\/#breadcrumb"},"inLanguage":"en-US","potentialAction":[{"@type":"ReadAction","target":["https:\/\/lainekarp.ee\/toode\/koogikarp-6-korge-pe-275x275x95-250\/"]}]},{"@type":"ImageObject","inLanguage":"en-US","@id":"https:\/\/lainekarp.ee\/toode\/koogikarp-6-korge-pe-275x275x95-250\/#primaryimage","url":"https:\/\/lainekarp.ee\/wp-content\/uploads\/2024\/04\/KK6KKI_1.jpeg","contentUrl":"https:\/\/lainekarp.ee\/wp-content\/uploads\/2024\/04\/KK6KKI_1.jpeg","width":556,"height":640,"caption":"KK6KKI"},{"@type":"BreadcrumbList","@id":"https:\/\/lainekarp.ee\/toode\/koogikarp-6-korge-pe-275x275x95-250\/#breadcrumb","itemListElement":[{"@type":"ListItem","position":1,"name":"Home","item":"https:\/\/lainekarp.ee\/"},{"@type":"ListItem","position":2,"name":"Kataloog","item":"https:\/\/lainekarp.ee\/epood\/"},{"@type":"ListItem","position":3,"name":"Tordi- ja koogikarbid","item":"https:\/\/www.lainekarp.ee\/tootekategooria\/tordi-ja-koogikarbid\/"},{"@type":"ListItem","position":4,"name":"Kartongist koogikarbid","item":"https:\/\/lainekarp.ee\/tootekategooria\/tordi-ja-koogikarbid\/kartongist-koogikarbid\/"},{"@type":"ListItem","position":5,"name":"Koogikarp 6 k\u00f5rge valge-valge kiletatud 275x275x95\/250"}]},{"@type":"WebSite","@id":"https:\/\/www.lainekarp.ee\/#website","url":"https:\/\/www.lainekarp.ee\/","name":"Lainekarp","description":"","potentialAction":[{"@type":"SearchAction","target":{"@type":"EntryPoint","urlTemplate":"https:\/\/www.lainekarp.ee\/?s={search_term_string}"},"query-input":{"@type":"PropertyValueSpecification","valueRequired":true,"valueName":"search_term_string"}}],"inLanguage":"en-US"}]}},"_links":{"self":[{"href":"https:\/\/lainekarp.ee\/en\/wp-json\/wp\/v2\/product\/14983","targetHints":{"allow":["GET"]}}],"collection":[{"href":"https:\/\/lainekarp.ee\/en\/wp-json\/wp\/v2\/product"}],"about":[{"href":"https:\/\/lainekarp.ee\/en\/wp-json\/wp\/v2\/types\/product"}],"version-history":[{"count":3,"href":"https:\/\/lainekarp.ee\/en\/wp-json\/wp\/v2\/product\/14983\/revisions"}],"predecessor-version":[{"id":17258,"href":"https:\/\/lainekarp.ee\/en\/wp-json\/wp\/v2\/product\/14983\/revisions\/17258"}],"wp:featuredmedia":[{"embeddable":true,"href":"https:\/\/lainekarp.ee\/en\/wp-json\/wp\/v2\/media\/15027"}],"wp:attachment":[{"href":"https:\/\/lainekarp.ee\/en\/wp-json\/wp\/v2\/media?parent=14983"}],"wp:term":[{"taxonomy":"product_brand","embeddable":true,"href":"https:\/\/lainekarp.ee\/en\/wp-json\/wp\/v2\/product_brand?post=14983"},{"taxonomy":"product_cat","embeddable":true,"href":"https:\/\/lainekarp.ee\/en\/wp-json\/wp\/v2\/product_cat?post=14983"},{"taxonomy":"product_tag","embeddable":true,"href":"https:\/\/lainekarp.ee\/en\/wp-json\/wp\/v2\/product_tag?post=14983"}],"curies":[{"name":"wp","href":"https:\/\/api.w.org\/{rel}","templated":true}]}}