{"id":15457,"date":"2024-06-20T13:42:41","date_gmt":"2024-06-20T11:42:41","guid":{"rendered":"https:\/\/lainekarp.ee\/toode\/joogikors-10x200mm-paberist-valge-250-2000\/"},"modified":"2026-04-15T02:00:18","modified_gmt":"2026-04-15T00:00:18","slug":"joogikors-10x200mm-paberist-valge-250-2000","status":"publish","type":"product","link":"https:\/\/lainekarp.ee\/en\/product\/joogikors-10x200mm-paberist-valge-250-2000\/","title":{"rendered":"Joogik\u00f5rs \u00d810 h200 paberist valge\/250tk\/2000"},"content":{"rendered":"","protected":false},"excerpt":{"rendered":"","protected":false},"featured_media":15493,"template":"","meta":{"_acf_changed":false},"product_brand":[],"product_cat":[658],"product_tag":[],"class_list":{"0":"post-15457","1":"product","2":"type-product","3":"status-publish","4":"has-post-thumbnail","6":"product_cat-joogikorred","8":"first","9":"instock","10":"taxable","11":"shipping-taxable","12":"purchasable","13":"product-type-simple"},"acf":[],"yoast_head":"<!-- This site is optimized with the Yoast SEO plugin v27.3 - https:\/\/yoast.com\/product\/yoast-seo-wordpress\/ -->\n<title>Joogik\u00f5rs \u00d810 h200 paberist valge\/250tk\/2000 - Lainekarp<\/title>\n<meta name=\"robots\" content=\"index, follow, max-snippet:-1, max-image-preview:large, max-video-preview:-1\" \/>\n<link rel=\"canonical\" href=\"https:\/\/lainekarp.ee\/en\/product\/joogikors-10x200mm-paberist-valge-250-2000\/\" \/>\n<meta property=\"og:locale\" content=\"en_US\" \/>\n<meta property=\"og:type\" content=\"article\" \/>\n<meta property=\"og:title\" content=\"Joogik\u00f5rs \u00d810 h200 paberist valge\/250tk\/2000 - Lainekarp\" \/>\n<meta property=\"og:url\" content=\"https:\/\/lainekarp.ee\/en\/product\/joogikors-10x200mm-paberist-valge-250-2000\/\" \/>\n<meta property=\"og:site_name\" content=\"Lainekarp\" \/>\n<meta property=\"article:modified_time\" content=\"2026-04-15T00:00:18+00:00\" \/>\n<meta property=\"og:image\" content=\"https:\/\/lainekarp.ee\/wp-content\/uploads\/2024\/07\/072-40.jpg\" \/>\n\t<meta property=\"og:image:width\" content=\"640\" \/>\n\t<meta property=\"og:image:height\" content=\"592\" \/>\n\t<meta property=\"og:image:type\" content=\"image\/jpeg\" \/>\n<meta name=\"twitter:card\" content=\"summary_large_image\" \/>\n<meta name=\"twitter:label1\" content=\"Est. reading time\" \/>\n\t<meta name=\"twitter:data1\" content=\"1 minute\" \/>\n<script type=\"application\/ld+json\" class=\"yoast-schema-graph\">{\"@context\":\"https:\\\/\\\/schema.org\",\"@graph\":[{\"@type\":\"WebPage\",\"@id\":\"https:\\\/\\\/lainekarp.ee\\\/toode\\\/joogikors-10x200mm-paberist-valge-250-2000\\\/\",\"url\":\"https:\\\/\\\/lainekarp.ee\\\/toode\\\/joogikors-10x200mm-paberist-valge-250-2000\\\/\",\"name\":\"Joogik\u00f5rs \u00d810 h200 paberist valge\\\/250tk\\\/2000 - Lainekarp\",\"isPartOf\":{\"@id\":\"https:\\\/\\\/www.lainekarp.ee\\\/#website\"},\"primaryImageOfPage\":{\"@id\":\"https:\\\/\\\/lainekarp.ee\\\/toode\\\/joogikors-10x200mm-paberist-valge-250-2000\\\/#primaryimage\"},\"image\":{\"@id\":\"https:\\\/\\\/lainekarp.ee\\\/toode\\\/joogikors-10x200mm-paberist-valge-250-2000\\\/#primaryimage\"},\"thumbnailUrl\":\"https:\\\/\\\/lainekarp.ee\\\/wp-content\\\/uploads\\\/2024\\\/07\\\/072-40.jpg\",\"datePublished\":\"2024-06-20T11:42:41+00:00\",\"dateModified\":\"2026-04-15T00:00:18+00:00\",\"breadcrumb\":{\"@id\":\"https:\\\/\\\/lainekarp.ee\\\/toode\\\/joogikors-10x200mm-paberist-valge-250-2000\\\/#breadcrumb\"},\"inLanguage\":\"en-US\",\"potentialAction\":[{\"@type\":\"ReadAction\",\"target\":[\"https:\\\/\\\/lainekarp.ee\\\/toode\\\/joogikors-10x200mm-paberist-valge-250-2000\\\/\"]}]},{\"@type\":\"ImageObject\",\"inLanguage\":\"en-US\",\"@id\":\"https:\\\/\\\/lainekarp.ee\\\/toode\\\/joogikors-10x200mm-paberist-valge-250-2000\\\/#primaryimage\",\"url\":\"https:\\\/\\\/lainekarp.ee\\\/wp-content\\\/uploads\\\/2024\\\/07\\\/072-40.jpg\",\"contentUrl\":\"https:\\\/\\\/lainekarp.ee\\\/wp-content\\\/uploads\\\/2024\\\/07\\\/072-40.jpg\",\"width\":640,\"height\":592,\"caption\":\"072-40\"},{\"@type\":\"BreadcrumbList\",\"@id\":\"https:\\\/\\\/lainekarp.ee\\\/toode\\\/joogikors-10x200mm-paberist-valge-250-2000\\\/#breadcrumb\",\"itemListElement\":[{\"@type\":\"ListItem\",\"position\":1,\"name\":\"Home\",\"item\":\"https:\\\/\\\/lainekarp.ee\\\/\"},{\"@type\":\"ListItem\",\"position\":2,\"name\":\"Kataloog\",\"item\":\"https:\\\/\\\/lainekarp.ee\\\/epood\\\/\"},{\"@type\":\"ListItem\",\"position\":3,\"name\":\"\u00dchekordsed s\u00f6\u00f6gin\u00f5ud\",\"item\":\"https:\\\/\\\/lainekarp.ee\\\/tootekategooria\\\/uhekordsed-sooginoud\\\/\"},{\"@type\":\"ListItem\",\"position\":4,\"name\":\"Joogik\u00f5rred\",\"item\":\"https:\\\/\\\/lainekarp.ee\\\/tootekategooria\\\/uhekordsed-sooginoud\\\/joogikorred\\\/\"},{\"@type\":\"ListItem\",\"position\":5,\"name\":\"Joogik\u00f5rs \u00d810 h200 paberist valge\\\/250tk\\\/2000\"}]},{\"@type\":\"WebSite\",\"@id\":\"https:\\\/\\\/www.lainekarp.ee\\\/#website\",\"url\":\"https:\\\/\\\/www.lainekarp.ee\\\/\",\"name\":\"Lainekarp\",\"description\":\"\",\"potentialAction\":[{\"@type\":\"SearchAction\",\"target\":{\"@type\":\"EntryPoint\",\"urlTemplate\":\"https:\\\/\\\/www.lainekarp.ee\\\/?s={search_term_string}\"},\"query-input\":{\"@type\":\"PropertyValueSpecification\",\"valueRequired\":true,\"valueName\":\"search_term_string\"}}],\"inLanguage\":\"en-US\"}]}<\/script>\n<!-- \/ Yoast SEO plugin. -->","yoast_head_json":{"title":"Joogik\u00f5rs \u00d810 h200 paberist valge\/250tk\/2000 - Lainekarp","robots":{"index":"index","follow":"follow","max-snippet":"max-snippet:-1","max-image-preview":"max-image-preview:large","max-video-preview":"max-video-preview:-1"},"canonical":"https:\/\/lainekarp.ee\/en\/product\/joogikors-10x200mm-paberist-valge-250-2000\/","og_locale":"en_US","og_type":"article","og_title":"Joogik\u00f5rs \u00d810 h200 paberist valge\/250tk\/2000 - Lainekarp","og_url":"https:\/\/lainekarp.ee\/en\/product\/joogikors-10x200mm-paberist-valge-250-2000\/","og_site_name":"Lainekarp","article_modified_time":"2026-04-15T00:00:18+00:00","og_image":[{"width":640,"height":592,"url":"https:\/\/lainekarp.ee\/wp-content\/uploads\/2024\/07\/072-40.jpg","type":"image\/jpeg"}],"twitter_card":"summary_large_image","twitter_misc":{"Est. reading time":"1 minute"},"schema":{"@context":"https:\/\/schema.org","@graph":[{"@type":"WebPage","@id":"https:\/\/lainekarp.ee\/toode\/joogikors-10x200mm-paberist-valge-250-2000\/","url":"https:\/\/lainekarp.ee\/toode\/joogikors-10x200mm-paberist-valge-250-2000\/","name":"Joogik\u00f5rs \u00d810 h200 paberist valge\/250tk\/2000 - Lainekarp","isPartOf":{"@id":"https:\/\/www.lainekarp.ee\/#website"},"primaryImageOfPage":{"@id":"https:\/\/lainekarp.ee\/toode\/joogikors-10x200mm-paberist-valge-250-2000\/#primaryimage"},"image":{"@id":"https:\/\/lainekarp.ee\/toode\/joogikors-10x200mm-paberist-valge-250-2000\/#primaryimage"},"thumbnailUrl":"https:\/\/lainekarp.ee\/wp-content\/uploads\/2024\/07\/072-40.jpg","datePublished":"2024-06-20T11:42:41+00:00","dateModified":"2026-04-15T00:00:18+00:00","breadcrumb":{"@id":"https:\/\/lainekarp.ee\/toode\/joogikors-10x200mm-paberist-valge-250-2000\/#breadcrumb"},"inLanguage":"en-US","potentialAction":[{"@type":"ReadAction","target":["https:\/\/lainekarp.ee\/toode\/joogikors-10x200mm-paberist-valge-250-2000\/"]}]},{"@type":"ImageObject","inLanguage":"en-US","@id":"https:\/\/lainekarp.ee\/toode\/joogikors-10x200mm-paberist-valge-250-2000\/#primaryimage","url":"https:\/\/lainekarp.ee\/wp-content\/uploads\/2024\/07\/072-40.jpg","contentUrl":"https:\/\/lainekarp.ee\/wp-content\/uploads\/2024\/07\/072-40.jpg","width":640,"height":592,"caption":"072-40"},{"@type":"BreadcrumbList","@id":"https:\/\/lainekarp.ee\/toode\/joogikors-10x200mm-paberist-valge-250-2000\/#breadcrumb","itemListElement":[{"@type":"ListItem","position":1,"name":"Home","item":"https:\/\/lainekarp.ee\/"},{"@type":"ListItem","position":2,"name":"Kataloog","item":"https:\/\/lainekarp.ee\/epood\/"},{"@type":"ListItem","position":3,"name":"\u00dchekordsed s\u00f6\u00f6gin\u00f5ud","item":"https:\/\/lainekarp.ee\/tootekategooria\/uhekordsed-sooginoud\/"},{"@type":"ListItem","position":4,"name":"Joogik\u00f5rred","item":"https:\/\/lainekarp.ee\/tootekategooria\/uhekordsed-sooginoud\/joogikorred\/"},{"@type":"ListItem","position":5,"name":"Joogik\u00f5rs \u00d810 h200 paberist valge\/250tk\/2000"}]},{"@type":"WebSite","@id":"https:\/\/www.lainekarp.ee\/#website","url":"https:\/\/www.lainekarp.ee\/","name":"Lainekarp","description":"","potentialAction":[{"@type":"SearchAction","target":{"@type":"EntryPoint","urlTemplate":"https:\/\/www.lainekarp.ee\/?s={search_term_string}"},"query-input":{"@type":"PropertyValueSpecification","valueRequired":true,"valueName":"search_term_string"}}],"inLanguage":"en-US"}]}},"_links":{"self":[{"href":"https:\/\/lainekarp.ee\/en\/wp-json\/wp\/v2\/product\/15457","targetHints":{"allow":["GET"]}}],"collection":[{"href":"https:\/\/lainekarp.ee\/en\/wp-json\/wp\/v2\/product"}],"about":[{"href":"https:\/\/lainekarp.ee\/en\/wp-json\/wp\/v2\/types\/product"}],"version-history":[{"count":3,"href":"https:\/\/lainekarp.ee\/en\/wp-json\/wp\/v2\/product\/15457\/revisions"}],"predecessor-version":[{"id":20746,"href":"https:\/\/lainekarp.ee\/en\/wp-json\/wp\/v2\/product\/15457\/revisions\/20746"}],"wp:featuredmedia":[{"embeddable":true,"href":"https:\/\/lainekarp.ee\/en\/wp-json\/wp\/v2\/media\/15493"}],"wp:attachment":[{"href":"https:\/\/lainekarp.ee\/en\/wp-json\/wp\/v2\/media?parent=15457"}],"wp:term":[{"taxonomy":"product_brand","embeddable":true,"href":"https:\/\/lainekarp.ee\/en\/wp-json\/wp\/v2\/product_brand?post=15457"},{"taxonomy":"product_cat","embeddable":true,"href":"https:\/\/lainekarp.ee\/en\/wp-json\/wp\/v2\/product_cat?post=15457"},{"taxonomy":"product_tag","embeddable":true,"href":"https:\/\/lainekarp.ee\/en\/wp-json\/wp\/v2\/product_tag?post=15457"}],"curies":[{"name":"wp","href":"https:\/\/api.w.org\/{rel}","templated":true}]}}