{"id":1665,"date":"2021-10-28T11:41:08","date_gmt":"2021-10-28T09:41:08","guid":{"rendered":"https:\/\/uus.lainekarp.ee\/product\/medoro-karbi-alus-k-60x90-1200-tk\/"},"modified":"2026-02-27T14:31:28","modified_gmt":"2026-02-27T12:31:28","slug":"medoro-karbi-alus-k-60x90-1200-tk","status":"publish","type":"product","link":"https:\/\/lainekarp.ee\/en\/product\/medoro-karbi-alus-k-60x90-1200-tk\/","title":{"rendered":"Medoro karbi alus K \u00d890\/1200"},"content":{"rendered":"","protected":false},"excerpt":{"rendered":"<p>Pane t\u00e4hele, et tordikarbi kaas ja p\u00f5hi tuleb eraldi ostukorvi panna. Selle tordikarbi p\u00f5hjaga sobib kaaneks 214\/3. Sobiva toote leiad: SELLE TOOTEGA \u00dcHILDUVAD KA&#8230; Kogus kastis 1200tk<\/p>","protected":false},"featured_media":16142,"template":"","meta":{"_acf_changed":false},"product_brand":[],"product_cat":[603],"product_tag":[],"class_list":{"0":"post-1665","1":"product","2":"type-product","3":"status-publish","4":"has-post-thumbnail","6":"product_cat-koogialused","8":"first","9":"instock","10":"taxable","11":"shipping-taxable","12":"purchasable","13":"product-type-simple"},"acf":[],"yoast_head":"<!-- This site is optimized with the Yoast SEO plugin v27.3 - https:\/\/yoast.com\/product\/yoast-seo-wordpress\/ -->\n<title>Medoro karbi alus K \u00d890\/1200 - Lainekarp<\/title>\n<meta name=\"description\" content=\"Medoro karbi alus K 60x90\/1200 tk. Tordi- ja koogikarbid, Plastikust tordikarbid. Kaal: 0.001kg. M\u00f5\u00f5dud: 60 x 90 x 0 mm.\" \/>\n<meta name=\"robots\" content=\"index, follow, max-snippet:-1, max-image-preview:large, max-video-preview:-1\" \/>\n<link rel=\"canonical\" href=\"https:\/\/lainekarp.ee\/en\/product\/medoro-karbi-alus-k-60x90-1200-tk\/\" \/>\n<meta property=\"og:locale\" content=\"en_US\" \/>\n<meta property=\"og:type\" content=\"article\" \/>\n<meta property=\"og:title\" content=\"Medoro karbi alus K \u00d890\/1200 - Lainekarp\" \/>\n<meta property=\"og:description\" content=\"Medoro karbi alus K 60x90\/1200 tk. Tordi- ja koogikarbid, Plastikust tordikarbid. Kaal: 0.001kg. M\u00f5\u00f5dud: 60 x 90 x 0 mm.\" \/>\n<meta property=\"og:url\" content=\"https:\/\/lainekarp.ee\/en\/product\/medoro-karbi-alus-k-60x90-1200-tk\/\" \/>\n<meta property=\"og:site_name\" content=\"Lainekarp\" \/>\n<meta property=\"article:modified_time\" content=\"2026-02-27T12:31:28+00:00\" \/>\n<meta property=\"og:image\" content=\"https:\/\/lainekarp.ee\/wp-content\/uploads\/2024\/11\/014-3-4.jpg\" \/>\n\t<meta property=\"og:image:width\" content=\"593\" \/>\n\t<meta property=\"og:image:height\" content=\"640\" \/>\n\t<meta property=\"og:image:type\" content=\"image\/jpeg\" \/>\n<meta name=\"twitter:card\" content=\"summary_large_image\" \/>\n<meta name=\"twitter:label1\" content=\"Est. reading time\" \/>\n\t<meta name=\"twitter:data1\" content=\"1 minute\" \/>\n<script type=\"application\/ld+json\" class=\"yoast-schema-graph\">{\"@context\":\"https:\\\/\\\/schema.org\",\"@graph\":[{\"@type\":\"WebPage\",\"@id\":\"https:\\\/\\\/lainekarp.ee\\\/toode\\\/medoro-karbi-alus-k-60x90-1200-tk\\\/\",\"url\":\"https:\\\/\\\/lainekarp.ee\\\/toode\\\/medoro-karbi-alus-k-60x90-1200-tk\\\/\",\"name\":\"Medoro karbi alus K \u00d890\\\/1200 - Lainekarp\",\"isPartOf\":{\"@id\":\"https:\\\/\\\/www.lainekarp.ee\\\/#website\"},\"primaryImageOfPage\":{\"@id\":\"https:\\\/\\\/lainekarp.ee\\\/toode\\\/medoro-karbi-alus-k-60x90-1200-tk\\\/#primaryimage\"},\"image\":{\"@id\":\"https:\\\/\\\/lainekarp.ee\\\/toode\\\/medoro-karbi-alus-k-60x90-1200-tk\\\/#primaryimage\"},\"thumbnailUrl\":\"https:\\\/\\\/lainekarp.ee\\\/wp-content\\\/uploads\\\/2024\\\/11\\\/014-3-4.jpg\",\"datePublished\":\"2021-10-28T09:41:08+00:00\",\"dateModified\":\"2026-02-27T12:31:28+00:00\",\"description\":\"Medoro karbi alus K 60x90\\\/1200 tk. Tordi- ja koogikarbid, Plastikust tordikarbid. Kaal: 0.001kg. M\u00f5\u00f5dud: 60 x 90 x 0 mm.\",\"breadcrumb\":{\"@id\":\"https:\\\/\\\/lainekarp.ee\\\/toode\\\/medoro-karbi-alus-k-60x90-1200-tk\\\/#breadcrumb\"},\"inLanguage\":\"en-US\",\"potentialAction\":[{\"@type\":\"ReadAction\",\"target\":[\"https:\\\/\\\/lainekarp.ee\\\/toode\\\/medoro-karbi-alus-k-60x90-1200-tk\\\/\"]}]},{\"@type\":\"ImageObject\",\"inLanguage\":\"en-US\",\"@id\":\"https:\\\/\\\/lainekarp.ee\\\/toode\\\/medoro-karbi-alus-k-60x90-1200-tk\\\/#primaryimage\",\"url\":\"https:\\\/\\\/lainekarp.ee\\\/wp-content\\\/uploads\\\/2024\\\/11\\\/014-3-4.jpg\",\"contentUrl\":\"https:\\\/\\\/lainekarp.ee\\\/wp-content\\\/uploads\\\/2024\\\/11\\\/014-3-4.jpg\",\"width\":593,\"height\":640,\"caption\":\"014-3-4\"},{\"@type\":\"BreadcrumbList\",\"@id\":\"https:\\\/\\\/lainekarp.ee\\\/toode\\\/medoro-karbi-alus-k-60x90-1200-tk\\\/#breadcrumb\",\"itemListElement\":[{\"@type\":\"ListItem\",\"position\":1,\"name\":\"Home\",\"item\":\"https:\\\/\\\/lainekarp.ee\\\/\"},{\"@type\":\"ListItem\",\"position\":2,\"name\":\"Kataloog\",\"item\":\"https:\\\/\\\/lainekarp.ee\\\/epood\\\/\"},{\"@type\":\"ListItem\",\"position\":3,\"name\":\"Alused ja sisud\",\"item\":\"https:\\\/\\\/lainekarp.ee\\\/tootekategooria\\\/alused-ja-sisud\\\/\"},{\"@type\":\"ListItem\",\"position\":4,\"name\":\"Koogialused\",\"item\":\"https:\\\/\\\/lainekarp.ee\\\/tootekategooria\\\/alused-ja-sisud\\\/koogialused\\\/\"},{\"@type\":\"ListItem\",\"position\":5,\"name\":\"Medoro karbi alus K \u00d890\\\/1200\"}]},{\"@type\":\"WebSite\",\"@id\":\"https:\\\/\\\/www.lainekarp.ee\\\/#website\",\"url\":\"https:\\\/\\\/www.lainekarp.ee\\\/\",\"name\":\"Lainekarp\",\"description\":\"\",\"potentialAction\":[{\"@type\":\"SearchAction\",\"target\":{\"@type\":\"EntryPoint\",\"urlTemplate\":\"https:\\\/\\\/www.lainekarp.ee\\\/?s={search_term_string}\"},\"query-input\":{\"@type\":\"PropertyValueSpecification\",\"valueRequired\":true,\"valueName\":\"search_term_string\"}}],\"inLanguage\":\"en-US\"}]}<\/script>\n<!-- \/ Yoast SEO plugin. -->","yoast_head_json":{"title":"Medoro karbi alus K \u00d890\/1200 - Lainekarp","description":"Medoro karbi alus K 60x90\/1200 tk. Tordi- ja koogikarbid, Plastikust tordikarbid. Kaal: 0.001kg. M\u00f5\u00f5dud: 60 x 90 x 0 mm.","robots":{"index":"index","follow":"follow","max-snippet":"max-snippet:-1","max-image-preview":"max-image-preview:large","max-video-preview":"max-video-preview:-1"},"canonical":"https:\/\/lainekarp.ee\/en\/product\/medoro-karbi-alus-k-60x90-1200-tk\/","og_locale":"en_US","og_type":"article","og_title":"Medoro karbi alus K \u00d890\/1200 - Lainekarp","og_description":"Medoro karbi alus K 60x90\/1200 tk. Tordi- ja koogikarbid, Plastikust tordikarbid. Kaal: 0.001kg. M\u00f5\u00f5dud: 60 x 90 x 0 mm.","og_url":"https:\/\/lainekarp.ee\/en\/product\/medoro-karbi-alus-k-60x90-1200-tk\/","og_site_name":"Lainekarp","article_modified_time":"2026-02-27T12:31:28+00:00","og_image":[{"width":593,"height":640,"url":"https:\/\/lainekarp.ee\/wp-content\/uploads\/2024\/11\/014-3-4.jpg","type":"image\/jpeg"}],"twitter_card":"summary_large_image","twitter_misc":{"Est. reading time":"1 minute"},"schema":{"@context":"https:\/\/schema.org","@graph":[{"@type":"WebPage","@id":"https:\/\/lainekarp.ee\/toode\/medoro-karbi-alus-k-60x90-1200-tk\/","url":"https:\/\/lainekarp.ee\/toode\/medoro-karbi-alus-k-60x90-1200-tk\/","name":"Medoro karbi alus K \u00d890\/1200 - Lainekarp","isPartOf":{"@id":"https:\/\/www.lainekarp.ee\/#website"},"primaryImageOfPage":{"@id":"https:\/\/lainekarp.ee\/toode\/medoro-karbi-alus-k-60x90-1200-tk\/#primaryimage"},"image":{"@id":"https:\/\/lainekarp.ee\/toode\/medoro-karbi-alus-k-60x90-1200-tk\/#primaryimage"},"thumbnailUrl":"https:\/\/lainekarp.ee\/wp-content\/uploads\/2024\/11\/014-3-4.jpg","datePublished":"2021-10-28T09:41:08+00:00","dateModified":"2026-02-27T12:31:28+00:00","description":"Medoro karbi alus K 60x90\/1200 tk. Tordi- ja koogikarbid, Plastikust tordikarbid. Kaal: 0.001kg. M\u00f5\u00f5dud: 60 x 90 x 0 mm.","breadcrumb":{"@id":"https:\/\/lainekarp.ee\/toode\/medoro-karbi-alus-k-60x90-1200-tk\/#breadcrumb"},"inLanguage":"en-US","potentialAction":[{"@type":"ReadAction","target":["https:\/\/lainekarp.ee\/toode\/medoro-karbi-alus-k-60x90-1200-tk\/"]}]},{"@type":"ImageObject","inLanguage":"en-US","@id":"https:\/\/lainekarp.ee\/toode\/medoro-karbi-alus-k-60x90-1200-tk\/#primaryimage","url":"https:\/\/lainekarp.ee\/wp-content\/uploads\/2024\/11\/014-3-4.jpg","contentUrl":"https:\/\/lainekarp.ee\/wp-content\/uploads\/2024\/11\/014-3-4.jpg","width":593,"height":640,"caption":"014-3-4"},{"@type":"BreadcrumbList","@id":"https:\/\/lainekarp.ee\/toode\/medoro-karbi-alus-k-60x90-1200-tk\/#breadcrumb","itemListElement":[{"@type":"ListItem","position":1,"name":"Home","item":"https:\/\/lainekarp.ee\/"},{"@type":"ListItem","position":2,"name":"Kataloog","item":"https:\/\/lainekarp.ee\/epood\/"},{"@type":"ListItem","position":3,"name":"Alused ja sisud","item":"https:\/\/lainekarp.ee\/tootekategooria\/alused-ja-sisud\/"},{"@type":"ListItem","position":4,"name":"Koogialused","item":"https:\/\/lainekarp.ee\/tootekategooria\/alused-ja-sisud\/koogialused\/"},{"@type":"ListItem","position":5,"name":"Medoro karbi alus K \u00d890\/1200"}]},{"@type":"WebSite","@id":"https:\/\/www.lainekarp.ee\/#website","url":"https:\/\/www.lainekarp.ee\/","name":"Lainekarp","description":"","potentialAction":[{"@type":"SearchAction","target":{"@type":"EntryPoint","urlTemplate":"https:\/\/www.lainekarp.ee\/?s={search_term_string}"},"query-input":{"@type":"PropertyValueSpecification","valueRequired":true,"valueName":"search_term_string"}}],"inLanguage":"en-US"}]}},"_links":{"self":[{"href":"https:\/\/lainekarp.ee\/en\/wp-json\/wp\/v2\/product\/1665","targetHints":{"allow":["GET"]}}],"collection":[{"href":"https:\/\/lainekarp.ee\/en\/wp-json\/wp\/v2\/product"}],"about":[{"href":"https:\/\/lainekarp.ee\/en\/wp-json\/wp\/v2\/types\/product"}],"version-history":[{"count":2,"href":"https:\/\/lainekarp.ee\/en\/wp-json\/wp\/v2\/product\/1665\/revisions"}],"predecessor-version":[{"id":20179,"href":"https:\/\/lainekarp.ee\/en\/wp-json\/wp\/v2\/product\/1665\/revisions\/20179"}],"wp:featuredmedia":[{"embeddable":true,"href":"https:\/\/lainekarp.ee\/en\/wp-json\/wp\/v2\/media\/16142"}],"wp:attachment":[{"href":"https:\/\/lainekarp.ee\/en\/wp-json\/wp\/v2\/media?parent=1665"}],"wp:term":[{"taxonomy":"product_brand","embeddable":true,"href":"https:\/\/lainekarp.ee\/en\/wp-json\/wp\/v2\/product_brand?post=1665"},{"taxonomy":"product_cat","embeddable":true,"href":"https:\/\/lainekarp.ee\/en\/wp-json\/wp\/v2\/product_cat?post=1665"},{"taxonomy":"product_tag","embeddable":true,"href":"https:\/\/lainekarp.ee\/en\/wp-json\/wp\/v2\/product_tag?post=1665"}],"curies":[{"name":"wp","href":"https:\/\/api.w.org\/{rel}","templated":true}]}}