{"id":1694,"date":"2021-10-28T11:41:10","date_gmt":"2021-10-28T09:41:10","guid":{"rendered":"https:\/\/uus.lainekarp.ee\/product\/medoro-karbi-alus-k-o150-500-tk\/"},"modified":"2026-04-14T02:00:27","modified_gmt":"2026-04-14T00:00:27","slug":"medoro-karbi-alus-k-o150-500-tk","status":"publish","type":"product","link":"https:\/\/lainekarp.ee\/en\/product\/medoro-karbi-alus-k-o150-500-tk\/","title":{"rendered":"Medoro karbi alus K \u00d8150\/100\/500"},"content":{"rendered":"","protected":false},"excerpt":{"rendered":"<p>Pane t\u00e4hele, et tordikarbi kaas ja p\u00f5hi tuleb eraldi ostukorvi panna. Selle tordikarbi p\u00f5hjaga sobib kaaneks 214\/15. Sobiva toote leiad: SELLE TOOTEGA \u00dcHILDUVAD KA&#8230; Kogus kastis 500tk<\/p>","protected":false},"featured_media":16069,"template":"","meta":{"_acf_changed":false},"product_brand":[],"product_cat":[645],"product_tag":[],"class_list":{"0":"post-1694","1":"product","2":"type-product","3":"status-publish","4":"has-post-thumbnail","6":"product_cat-plastikust-tordikarbid","8":"first","9":"instock","10":"taxable","11":"shipping-taxable","12":"purchasable","13":"product-type-simple"},"acf":[],"yoast_head":"<!-- This site is optimized with the Yoast SEO plugin v27.3 - https:\/\/yoast.com\/product\/yoast-seo-wordpress\/ -->\n<title>Medoro karbi alus K \u00d8150\/100\/500 - Lainekarp<\/title>\n<meta name=\"description\" content=\"Medoro karbi alus K \u00d8150\/500 tk. Tordi- ja koogikarbid, Plastikust tordikarbid. Kaal: 0.012kg. M\u00f5\u00f5dud: 150 x 0 x 0 mm.\" \/>\n<meta name=\"robots\" content=\"index, follow, max-snippet:-1, max-image-preview:large, max-video-preview:-1\" \/>\n<link rel=\"canonical\" href=\"https:\/\/lainekarp.ee\/en\/product\/medoro-karbi-alus-k-o150-500-tk\/\" \/>\n<meta property=\"og:locale\" content=\"en_US\" \/>\n<meta property=\"og:type\" content=\"article\" \/>\n<meta property=\"og:title\" content=\"Medoro karbi alus K \u00d8150\/100\/500 - Lainekarp\" \/>\n<meta property=\"og:description\" content=\"Medoro karbi alus K \u00d8150\/500 tk. Tordi- ja koogikarbid, Plastikust tordikarbid. Kaal: 0.012kg. M\u00f5\u00f5dud: 150 x 0 x 0 mm.\" \/>\n<meta property=\"og:url\" content=\"https:\/\/lainekarp.ee\/en\/product\/medoro-karbi-alus-k-o150-500-tk\/\" \/>\n<meta property=\"og:site_name\" content=\"Lainekarp\" \/>\n<meta property=\"article:modified_time\" content=\"2026-04-14T00:00:27+00:00\" \/>\n<meta property=\"og:image\" content=\"https:\/\/lainekarp.ee\/wp-content\/uploads\/2024\/11\/014-15.jpg\" \/>\n\t<meta property=\"og:image:width\" content=\"531\" \/>\n\t<meta property=\"og:image:height\" content=\"640\" \/>\n\t<meta property=\"og:image:type\" content=\"image\/jpeg\" \/>\n<meta name=\"twitter:card\" content=\"summary_large_image\" \/>\n<script type=\"application\/ld+json\" class=\"yoast-schema-graph\">{\"@context\":\"https:\\\/\\\/schema.org\",\"@graph\":[{\"@type\":\"WebPage\",\"@id\":\"https:\\\/\\\/lainekarp.ee\\\/toode\\\/medoro-karbi-alus-k-o150-500-tk\\\/\",\"url\":\"https:\\\/\\\/lainekarp.ee\\\/toode\\\/medoro-karbi-alus-k-o150-500-tk\\\/\",\"name\":\"Medoro karbi alus K \u00d8150\\\/100\\\/500 - Lainekarp\",\"isPartOf\":{\"@id\":\"https:\\\/\\\/www.lainekarp.ee\\\/#website\"},\"primaryImageOfPage\":{\"@id\":\"https:\\\/\\\/lainekarp.ee\\\/toode\\\/medoro-karbi-alus-k-o150-500-tk\\\/#primaryimage\"},\"image\":{\"@id\":\"https:\\\/\\\/lainekarp.ee\\\/toode\\\/medoro-karbi-alus-k-o150-500-tk\\\/#primaryimage\"},\"thumbnailUrl\":\"https:\\\/\\\/lainekarp.ee\\\/wp-content\\\/uploads\\\/2024\\\/11\\\/014-15.jpg\",\"datePublished\":\"2021-10-28T09:41:10+00:00\",\"dateModified\":\"2026-04-14T00:00:27+00:00\",\"description\":\"Medoro karbi alus K \u00d8150\\\/500 tk. Tordi- ja koogikarbid, Plastikust tordikarbid. Kaal: 0.012kg. M\u00f5\u00f5dud: 150 x 0 x 0 mm.\",\"breadcrumb\":{\"@id\":\"https:\\\/\\\/lainekarp.ee\\\/toode\\\/medoro-karbi-alus-k-o150-500-tk\\\/#breadcrumb\"},\"inLanguage\":\"en-US\",\"potentialAction\":[{\"@type\":\"ReadAction\",\"target\":[\"https:\\\/\\\/lainekarp.ee\\\/toode\\\/medoro-karbi-alus-k-o150-500-tk\\\/\"]}]},{\"@type\":\"ImageObject\",\"inLanguage\":\"en-US\",\"@id\":\"https:\\\/\\\/lainekarp.ee\\\/toode\\\/medoro-karbi-alus-k-o150-500-tk\\\/#primaryimage\",\"url\":\"https:\\\/\\\/lainekarp.ee\\\/wp-content\\\/uploads\\\/2024\\\/11\\\/014-15.jpg\",\"contentUrl\":\"https:\\\/\\\/lainekarp.ee\\\/wp-content\\\/uploads\\\/2024\\\/11\\\/014-15.jpg\",\"width\":531,\"height\":640,\"caption\":\"014-15\"},{\"@type\":\"BreadcrumbList\",\"@id\":\"https:\\\/\\\/lainekarp.ee\\\/toode\\\/medoro-karbi-alus-k-o150-500-tk\\\/#breadcrumb\",\"itemListElement\":[{\"@type\":\"ListItem\",\"position\":1,\"name\":\"Home\",\"item\":\"https:\\\/\\\/lainekarp.ee\\\/\"},{\"@type\":\"ListItem\",\"position\":2,\"name\":\"Kataloog\",\"item\":\"https:\\\/\\\/lainekarp.ee\\\/epood\\\/\"},{\"@type\":\"ListItem\",\"position\":3,\"name\":\"Tordi- ja koogikarbid\",\"item\":\"https:\\\/\\\/www.lainekarp.ee\\\/tootekategooria\\\/tordi-ja-koogikarbid\\\/\"},{\"@type\":\"ListItem\",\"position\":4,\"name\":\"Plastikust tordikarbid\",\"item\":\"https:\\\/\\\/lainekarp.ee\\\/tootekategooria\\\/tordi-ja-koogikarbid\\\/plastikust-tordikarbid\\\/\"},{\"@type\":\"ListItem\",\"position\":5,\"name\":\"Medoro karbi alus K \u00d8150\\\/100\\\/500\"}]},{\"@type\":\"WebSite\",\"@id\":\"https:\\\/\\\/www.lainekarp.ee\\\/#website\",\"url\":\"https:\\\/\\\/www.lainekarp.ee\\\/\",\"name\":\"Lainekarp\",\"description\":\"\",\"potentialAction\":[{\"@type\":\"SearchAction\",\"target\":{\"@type\":\"EntryPoint\",\"urlTemplate\":\"https:\\\/\\\/www.lainekarp.ee\\\/?s={search_term_string}\"},\"query-input\":{\"@type\":\"PropertyValueSpecification\",\"valueRequired\":true,\"valueName\":\"search_term_string\"}}],\"inLanguage\":\"en-US\"}]}<\/script>\n<!-- \/ Yoast SEO plugin. -->","yoast_head_json":{"title":"Medoro karbi alus K \u00d8150\/100\/500 - Lainekarp","description":"Medoro karbi alus K \u00d8150\/500 tk. Tordi- ja koogikarbid, Plastikust tordikarbid. Kaal: 0.012kg. M\u00f5\u00f5dud: 150 x 0 x 0 mm.","robots":{"index":"index","follow":"follow","max-snippet":"max-snippet:-1","max-image-preview":"max-image-preview:large","max-video-preview":"max-video-preview:-1"},"canonical":"https:\/\/lainekarp.ee\/en\/product\/medoro-karbi-alus-k-o150-500-tk\/","og_locale":"en_US","og_type":"article","og_title":"Medoro karbi alus K \u00d8150\/100\/500 - Lainekarp","og_description":"Medoro karbi alus K \u00d8150\/500 tk. Tordi- ja koogikarbid, Plastikust tordikarbid. Kaal: 0.012kg. M\u00f5\u00f5dud: 150 x 0 x 0 mm.","og_url":"https:\/\/lainekarp.ee\/en\/product\/medoro-karbi-alus-k-o150-500-tk\/","og_site_name":"Lainekarp","article_modified_time":"2026-04-14T00:00:27+00:00","og_image":[{"width":531,"height":640,"url":"https:\/\/lainekarp.ee\/wp-content\/uploads\/2024\/11\/014-15.jpg","type":"image\/jpeg"}],"twitter_card":"summary_large_image","schema":{"@context":"https:\/\/schema.org","@graph":[{"@type":"WebPage","@id":"https:\/\/lainekarp.ee\/toode\/medoro-karbi-alus-k-o150-500-tk\/","url":"https:\/\/lainekarp.ee\/toode\/medoro-karbi-alus-k-o150-500-tk\/","name":"Medoro karbi alus K \u00d8150\/100\/500 - Lainekarp","isPartOf":{"@id":"https:\/\/www.lainekarp.ee\/#website"},"primaryImageOfPage":{"@id":"https:\/\/lainekarp.ee\/toode\/medoro-karbi-alus-k-o150-500-tk\/#primaryimage"},"image":{"@id":"https:\/\/lainekarp.ee\/toode\/medoro-karbi-alus-k-o150-500-tk\/#primaryimage"},"thumbnailUrl":"https:\/\/lainekarp.ee\/wp-content\/uploads\/2024\/11\/014-15.jpg","datePublished":"2021-10-28T09:41:10+00:00","dateModified":"2026-04-14T00:00:27+00:00","description":"Medoro karbi alus K \u00d8150\/500 tk. Tordi- ja koogikarbid, Plastikust tordikarbid. Kaal: 0.012kg. M\u00f5\u00f5dud: 150 x 0 x 0 mm.","breadcrumb":{"@id":"https:\/\/lainekarp.ee\/toode\/medoro-karbi-alus-k-o150-500-tk\/#breadcrumb"},"inLanguage":"en-US","potentialAction":[{"@type":"ReadAction","target":["https:\/\/lainekarp.ee\/toode\/medoro-karbi-alus-k-o150-500-tk\/"]}]},{"@type":"ImageObject","inLanguage":"en-US","@id":"https:\/\/lainekarp.ee\/toode\/medoro-karbi-alus-k-o150-500-tk\/#primaryimage","url":"https:\/\/lainekarp.ee\/wp-content\/uploads\/2024\/11\/014-15.jpg","contentUrl":"https:\/\/lainekarp.ee\/wp-content\/uploads\/2024\/11\/014-15.jpg","width":531,"height":640,"caption":"014-15"},{"@type":"BreadcrumbList","@id":"https:\/\/lainekarp.ee\/toode\/medoro-karbi-alus-k-o150-500-tk\/#breadcrumb","itemListElement":[{"@type":"ListItem","position":1,"name":"Home","item":"https:\/\/lainekarp.ee\/"},{"@type":"ListItem","position":2,"name":"Kataloog","item":"https:\/\/lainekarp.ee\/epood\/"},{"@type":"ListItem","position":3,"name":"Tordi- ja koogikarbid","item":"https:\/\/www.lainekarp.ee\/tootekategooria\/tordi-ja-koogikarbid\/"},{"@type":"ListItem","position":4,"name":"Plastikust tordikarbid","item":"https:\/\/lainekarp.ee\/tootekategooria\/tordi-ja-koogikarbid\/plastikust-tordikarbid\/"},{"@type":"ListItem","position":5,"name":"Medoro karbi alus K \u00d8150\/100\/500"}]},{"@type":"WebSite","@id":"https:\/\/www.lainekarp.ee\/#website","url":"https:\/\/www.lainekarp.ee\/","name":"Lainekarp","description":"","potentialAction":[{"@type":"SearchAction","target":{"@type":"EntryPoint","urlTemplate":"https:\/\/www.lainekarp.ee\/?s={search_term_string}"},"query-input":{"@type":"PropertyValueSpecification","valueRequired":true,"valueName":"search_term_string"}}],"inLanguage":"en-US"}]}},"_links":{"self":[{"href":"https:\/\/lainekarp.ee\/en\/wp-json\/wp\/v2\/product\/1694","targetHints":{"allow":["GET"]}}],"collection":[{"href":"https:\/\/lainekarp.ee\/en\/wp-json\/wp\/v2\/product"}],"about":[{"href":"https:\/\/lainekarp.ee\/en\/wp-json\/wp\/v2\/types\/product"}],"version-history":[{"count":1,"href":"https:\/\/lainekarp.ee\/en\/wp-json\/wp\/v2\/product\/1694\/revisions"}],"predecessor-version":[{"id":20747,"href":"https:\/\/lainekarp.ee\/en\/wp-json\/wp\/v2\/product\/1694\/revisions\/20747"}],"wp:featuredmedia":[{"embeddable":true,"href":"https:\/\/lainekarp.ee\/en\/wp-json\/wp\/v2\/media\/16069"}],"wp:attachment":[{"href":"https:\/\/lainekarp.ee\/en\/wp-json\/wp\/v2\/media?parent=1694"}],"wp:term":[{"taxonomy":"product_brand","embeddable":true,"href":"https:\/\/lainekarp.ee\/en\/wp-json\/wp\/v2\/product_brand?post=1694"},{"taxonomy":"product_cat","embeddable":true,"href":"https:\/\/lainekarp.ee\/en\/wp-json\/wp\/v2\/product_cat?post=1694"},{"taxonomy":"product_tag","embeddable":true,"href":"https:\/\/lainekarp.ee\/en\/wp-json\/wp\/v2\/product_tag?post=1694"}],"curies":[{"name":"wp","href":"https:\/\/api.w.org\/{rel}","templated":true}]}}