{"id":16943,"date":"2024-12-13T09:44:27","date_gmt":"2024-12-13T07:44:27","guid":{"rendered":"https:\/\/lainekarp.ee\/toode\/pael-juta-naturaalne-3mm-80-m\/"},"modified":"2026-04-01T02:00:30","modified_gmt":"2026-04-01T00:00:30","slug":"pael-juta-naturaalne-3mm-80-m","status":"publish","type":"product","link":"https:\/\/lainekarp.ee\/en\/product\/pael-juta-naturaalne-3mm-80-m\/","title":{"rendered":"Pael Juta naturaalne 3mm 80m"},"content":{"rendered":"","protected":false},"excerpt":{"rendered":"<p>Naturaalne pael on vastupidav ja mitmek\u00fclgne tarvik, mis sobib suurep\u00e4raselt k\u00e4sit\u00f6\u00f6ks, pakkimiseks, sidumiseks ja dekoreerimiseks. Selle naturaalne, t\u00f6\u00f6tlemata v\u00e4limus lisab igale projektile rustikaalse ja maal\u00e4hedase ilme. Ideaalne nii praktiliseks kasutuseks kui ka esteetiliseks viimistluseks.<\/p>","protected":false},"featured_media":16942,"template":"","meta":{"_acf_changed":false},"product_brand":[],"product_cat":[643],"product_tag":[],"class_list":{"0":"post-16943","1":"product","2":"type-product","3":"status-publish","4":"has-post-thumbnail","6":"product_cat-noorid","8":"first","9":"instock","10":"taxable","11":"shipping-taxable","12":"purchasable","13":"product-type-simple"},"acf":[],"yoast_head":"<!-- This site is optimized with the Yoast SEO plugin v27.3 - https:\/\/yoast.com\/product\/yoast-seo-wordpress\/ -->\n<title>Pael Juta naturaalne 3mm 80m - Lainekarp<\/title>\n<meta name=\"robots\" content=\"index, follow, max-snippet:-1, max-image-preview:large, max-video-preview:-1\" \/>\n<link rel=\"canonical\" href=\"https:\/\/lainekarp.ee\/en\/product\/pael-juta-naturaalne-3mm-80-m\/\" \/>\n<meta property=\"og:locale\" content=\"en_US\" \/>\n<meta property=\"og:type\" content=\"article\" \/>\n<meta property=\"og:title\" content=\"Pael Juta naturaalne 3mm 80m - Lainekarp\" \/>\n<meta property=\"og:description\" content=\"Naturaalne pael on vastupidav ja mitmek\u00fclgne tarvik, mis sobib suurep\u00e4raselt k\u00e4sit\u00f6\u00f6ks, pakkimiseks, sidumiseks ja dekoreerimiseks. Selle naturaalne, t\u00f6\u00f6tlemata v\u00e4limus lisab igale projektile rustikaalse ja maal\u00e4hedase ilme. Ideaalne nii praktiliseks kasutuseks kui ka esteetiliseks viimistluseks.\" \/>\n<meta property=\"og:url\" content=\"https:\/\/lainekarp.ee\/en\/product\/pael-juta-naturaalne-3mm-80-m\/\" \/>\n<meta property=\"og:site_name\" content=\"Lainekarp\" \/>\n<meta property=\"article:modified_time\" content=\"2026-04-01T00:00:30+00:00\" \/>\n<meta property=\"og:image\" content=\"https:\/\/lainekarp.ee\/wp-content\/uploads\/2024\/12\/PC4764.jpg\" \/>\n\t<meta property=\"og:image:width\" content=\"750\" \/>\n\t<meta property=\"og:image:height\" content=\"1000\" \/>\n\t<meta property=\"og:image:type\" content=\"image\/jpeg\" \/>\n<meta name=\"twitter:card\" content=\"summary_large_image\" \/>\n<meta name=\"twitter:label1\" content=\"Est. reading time\" \/>\n\t<meta name=\"twitter:data1\" content=\"1 minute\" \/>\n<script type=\"application\/ld+json\" class=\"yoast-schema-graph\">{\"@context\":\"https:\\\/\\\/schema.org\",\"@graph\":[{\"@type\":\"WebPage\",\"@id\":\"https:\\\/\\\/lainekarp.ee\\\/toode\\\/pael-juta-naturaalne-3mm-80-m\\\/\",\"url\":\"https:\\\/\\\/lainekarp.ee\\\/toode\\\/pael-juta-naturaalne-3mm-80-m\\\/\",\"name\":\"Pael Juta naturaalne 3mm 80m - Lainekarp\",\"isPartOf\":{\"@id\":\"https:\\\/\\\/www.lainekarp.ee\\\/#website\"},\"primaryImageOfPage\":{\"@id\":\"https:\\\/\\\/lainekarp.ee\\\/toode\\\/pael-juta-naturaalne-3mm-80-m\\\/#primaryimage\"},\"image\":{\"@id\":\"https:\\\/\\\/lainekarp.ee\\\/toode\\\/pael-juta-naturaalne-3mm-80-m\\\/#primaryimage\"},\"thumbnailUrl\":\"https:\\\/\\\/lainekarp.ee\\\/wp-content\\\/uploads\\\/2024\\\/12\\\/PC4764.jpg\",\"datePublished\":\"2024-12-13T07:44:27+00:00\",\"dateModified\":\"2026-04-01T00:00:30+00:00\",\"breadcrumb\":{\"@id\":\"https:\\\/\\\/lainekarp.ee\\\/toode\\\/pael-juta-naturaalne-3mm-80-m\\\/#breadcrumb\"},\"inLanguage\":\"en-US\",\"potentialAction\":[{\"@type\":\"ReadAction\",\"target\":[\"https:\\\/\\\/lainekarp.ee\\\/toode\\\/pael-juta-naturaalne-3mm-80-m\\\/\"]}]},{\"@type\":\"ImageObject\",\"inLanguage\":\"en-US\",\"@id\":\"https:\\\/\\\/lainekarp.ee\\\/toode\\\/pael-juta-naturaalne-3mm-80-m\\\/#primaryimage\",\"url\":\"https:\\\/\\\/lainekarp.ee\\\/wp-content\\\/uploads\\\/2024\\\/12\\\/PC4764.jpg\",\"contentUrl\":\"https:\\\/\\\/lainekarp.ee\\\/wp-content\\\/uploads\\\/2024\\\/12\\\/PC4764.jpg\",\"width\":750,\"height\":1000,\"caption\":\"PC4764\"},{\"@type\":\"BreadcrumbList\",\"@id\":\"https:\\\/\\\/lainekarp.ee\\\/toode\\\/pael-juta-naturaalne-3mm-80-m\\\/#breadcrumb\",\"itemListElement\":[{\"@type\":\"ListItem\",\"position\":1,\"name\":\"Home\",\"item\":\"https:\\\/\\\/lainekarp.ee\\\/\"},{\"@type\":\"ListItem\",\"position\":2,\"name\":\"Kataloog\",\"item\":\"https:\\\/\\\/lainekarp.ee\\\/epood\\\/\"},{\"@type\":\"ListItem\",\"position\":3,\"name\":\"Dekoratsioon\",\"item\":\"https:\\\/\\\/lainekarp.ee\\\/tootekategooria\\\/dekoratsioon\\\/\"},{\"@type\":\"ListItem\",\"position\":4,\"name\":\"N\u00f6\u00f6rid\",\"item\":\"https:\\\/\\\/lainekarp.ee\\\/tootekategooria\\\/dekoratsioon\\\/noorid\\\/\"},{\"@type\":\"ListItem\",\"position\":5,\"name\":\"Pael Juta naturaalne 3mm 80m\"}]},{\"@type\":\"WebSite\",\"@id\":\"https:\\\/\\\/www.lainekarp.ee\\\/#website\",\"url\":\"https:\\\/\\\/www.lainekarp.ee\\\/\",\"name\":\"Lainekarp\",\"description\":\"\",\"potentialAction\":[{\"@type\":\"SearchAction\",\"target\":{\"@type\":\"EntryPoint\",\"urlTemplate\":\"https:\\\/\\\/www.lainekarp.ee\\\/?s={search_term_string}\"},\"query-input\":{\"@type\":\"PropertyValueSpecification\",\"valueRequired\":true,\"valueName\":\"search_term_string\"}}],\"inLanguage\":\"en-US\"}]}<\/script>\n<!-- \/ Yoast SEO plugin. -->","yoast_head_json":{"title":"Pael Juta naturaalne 3mm 80m - Lainekarp","robots":{"index":"index","follow":"follow","max-snippet":"max-snippet:-1","max-image-preview":"max-image-preview:large","max-video-preview":"max-video-preview:-1"},"canonical":"https:\/\/lainekarp.ee\/en\/product\/pael-juta-naturaalne-3mm-80-m\/","og_locale":"en_US","og_type":"article","og_title":"Pael Juta naturaalne 3mm 80m - Lainekarp","og_description":"Naturaalne pael on vastupidav ja mitmek\u00fclgne tarvik, mis sobib suurep\u00e4raselt k\u00e4sit\u00f6\u00f6ks, pakkimiseks, sidumiseks ja dekoreerimiseks. Selle naturaalne, t\u00f6\u00f6tlemata v\u00e4limus lisab igale projektile rustikaalse ja maal\u00e4hedase ilme. Ideaalne nii praktiliseks kasutuseks kui ka esteetiliseks viimistluseks.","og_url":"https:\/\/lainekarp.ee\/en\/product\/pael-juta-naturaalne-3mm-80-m\/","og_site_name":"Lainekarp","article_modified_time":"2026-04-01T00:00:30+00:00","og_image":[{"width":750,"height":1000,"url":"https:\/\/lainekarp.ee\/wp-content\/uploads\/2024\/12\/PC4764.jpg","type":"image\/jpeg"}],"twitter_card":"summary_large_image","twitter_misc":{"Est. reading time":"1 minute"},"schema":{"@context":"https:\/\/schema.org","@graph":[{"@type":"WebPage","@id":"https:\/\/lainekarp.ee\/toode\/pael-juta-naturaalne-3mm-80-m\/","url":"https:\/\/lainekarp.ee\/toode\/pael-juta-naturaalne-3mm-80-m\/","name":"Pael Juta naturaalne 3mm 80m - Lainekarp","isPartOf":{"@id":"https:\/\/www.lainekarp.ee\/#website"},"primaryImageOfPage":{"@id":"https:\/\/lainekarp.ee\/toode\/pael-juta-naturaalne-3mm-80-m\/#primaryimage"},"image":{"@id":"https:\/\/lainekarp.ee\/toode\/pael-juta-naturaalne-3mm-80-m\/#primaryimage"},"thumbnailUrl":"https:\/\/lainekarp.ee\/wp-content\/uploads\/2024\/12\/PC4764.jpg","datePublished":"2024-12-13T07:44:27+00:00","dateModified":"2026-04-01T00:00:30+00:00","breadcrumb":{"@id":"https:\/\/lainekarp.ee\/toode\/pael-juta-naturaalne-3mm-80-m\/#breadcrumb"},"inLanguage":"en-US","potentialAction":[{"@type":"ReadAction","target":["https:\/\/lainekarp.ee\/toode\/pael-juta-naturaalne-3mm-80-m\/"]}]},{"@type":"ImageObject","inLanguage":"en-US","@id":"https:\/\/lainekarp.ee\/toode\/pael-juta-naturaalne-3mm-80-m\/#primaryimage","url":"https:\/\/lainekarp.ee\/wp-content\/uploads\/2024\/12\/PC4764.jpg","contentUrl":"https:\/\/lainekarp.ee\/wp-content\/uploads\/2024\/12\/PC4764.jpg","width":750,"height":1000,"caption":"PC4764"},{"@type":"BreadcrumbList","@id":"https:\/\/lainekarp.ee\/toode\/pael-juta-naturaalne-3mm-80-m\/#breadcrumb","itemListElement":[{"@type":"ListItem","position":1,"name":"Home","item":"https:\/\/lainekarp.ee\/"},{"@type":"ListItem","position":2,"name":"Kataloog","item":"https:\/\/lainekarp.ee\/epood\/"},{"@type":"ListItem","position":3,"name":"Dekoratsioon","item":"https:\/\/lainekarp.ee\/tootekategooria\/dekoratsioon\/"},{"@type":"ListItem","position":4,"name":"N\u00f6\u00f6rid","item":"https:\/\/lainekarp.ee\/tootekategooria\/dekoratsioon\/noorid\/"},{"@type":"ListItem","position":5,"name":"Pael Juta naturaalne 3mm 80m"}]},{"@type":"WebSite","@id":"https:\/\/www.lainekarp.ee\/#website","url":"https:\/\/www.lainekarp.ee\/","name":"Lainekarp","description":"","potentialAction":[{"@type":"SearchAction","target":{"@type":"EntryPoint","urlTemplate":"https:\/\/www.lainekarp.ee\/?s={search_term_string}"},"query-input":{"@type":"PropertyValueSpecification","valueRequired":true,"valueName":"search_term_string"}}],"inLanguage":"en-US"}]}},"_links":{"self":[{"href":"https:\/\/lainekarp.ee\/en\/wp-json\/wp\/v2\/product\/16943","targetHints":{"allow":["GET"]}}],"collection":[{"href":"https:\/\/lainekarp.ee\/en\/wp-json\/wp\/v2\/product"}],"about":[{"href":"https:\/\/lainekarp.ee\/en\/wp-json\/wp\/v2\/types\/product"}],"version-history":[{"count":3,"href":"https:\/\/lainekarp.ee\/en\/wp-json\/wp\/v2\/product\/16943\/revisions"}],"predecessor-version":[{"id":19747,"href":"https:\/\/lainekarp.ee\/en\/wp-json\/wp\/v2\/product\/16943\/revisions\/19747"}],"wp:featuredmedia":[{"embeddable":true,"href":"https:\/\/lainekarp.ee\/en\/wp-json\/wp\/v2\/media\/16942"}],"wp:attachment":[{"href":"https:\/\/lainekarp.ee\/en\/wp-json\/wp\/v2\/media?parent=16943"}],"wp:term":[{"taxonomy":"product_brand","embeddable":true,"href":"https:\/\/lainekarp.ee\/en\/wp-json\/wp\/v2\/product_brand?post=16943"},{"taxonomy":"product_cat","embeddable":true,"href":"https:\/\/lainekarp.ee\/en\/wp-json\/wp\/v2\/product_cat?post=16943"},{"taxonomy":"product_tag","embeddable":true,"href":"https:\/\/lainekarp.ee\/en\/wp-json\/wp\/v2\/product_tag?post=16943"}],"curies":[{"name":"wp","href":"https:\/\/api.w.org\/{rel}","templated":true}]}}