{"id":2003,"date":"2021-10-28T11:43:58","date_gmt":"2021-10-28T09:43:58","guid":{"rendered":"https:\/\/uus.lainekarp.ee\/product\/dekoratsioon-liblikas-75x60\/"},"modified":"2026-01-20T15:35:13","modified_gmt":"2026-01-20T13:35:13","slug":"dekoratsioon-liblikas-75x60","status":"publish","type":"product","link":"https:\/\/lainekarp.ee\/en\/product\/dekoratsioon-liblikas-75x60\/","title":{"rendered":"Dekoratsioon Liblikas 75&#215;60"},"content":{"rendered":"","protected":false},"excerpt":{"rendered":"<p>Kartongist liblika-kujuline dekoratsioon\/etikett. Kaunis liblika kujuline dekoratsioon, valmistatud kvaliteetsest kartongist. Sobib kasutamiseks nii visuaalse kaunistusena kinkepakenditel, laudade dekoreerimisel kui ka praktilise etiketina toodetele v\u00f5i kingitustele. Kirjutatav pind v\u00f5imaldab lisada nime, s\u00f5numi v\u00f5i logo. Dekoratiivne ja mitmek\u00fclgne lahendus eri\u00fcritusteks v\u00f5i hooajalisteks pakkumisteks.<\/p>","protected":false},"featured_media":16371,"template":"","meta":{"_acf_changed":false},"product_brand":[],"product_cat":[636],"product_tag":[],"class_list":{"0":"post-2003","1":"product","2":"type-product","3":"status-publish","4":"has-post-thumbnail","6":"product_cat-kaunistused","8":"first","9":"instock","10":"taxable","11":"shipping-taxable","12":"purchasable","13":"product-type-simple"},"acf":[],"yoast_head":"<!-- This site is optimized with the Yoast SEO plugin v27.3 - https:\/\/yoast.com\/product\/yoast-seo-wordpress\/ -->\n<title>Dekoratsioon Liblikas 75x60 - Lainekarp<\/title>\n<meta name=\"description\" content=\"Dekoratsioon Liblikas 75x60. Dekoratsioon, Kaunistused. Materjal: kartong. Kaal: 0.001kg. M\u00f5\u00f5dud: 75 x 60 x 0 mm.\" \/>\n<meta name=\"robots\" content=\"index, follow, max-snippet:-1, max-image-preview:large, max-video-preview:-1\" \/>\n<link rel=\"canonical\" href=\"https:\/\/lainekarp.ee\/en\/product\/dekoratsioon-liblikas-75x60\/\" \/>\n<meta property=\"og:locale\" content=\"en_US\" \/>\n<meta property=\"og:type\" content=\"article\" \/>\n<meta property=\"og:title\" content=\"Dekoratsioon Liblikas 75x60 - Lainekarp\" \/>\n<meta property=\"og:description\" content=\"Dekoratsioon Liblikas 75x60. Dekoratsioon, Kaunistused. Materjal: kartong. Kaal: 0.001kg. M\u00f5\u00f5dud: 75 x 60 x 0 mm.\" \/>\n<meta property=\"og:url\" content=\"https:\/\/lainekarp.ee\/en\/product\/dekoratsioon-liblikas-75x60\/\" \/>\n<meta property=\"og:site_name\" content=\"Lainekarp\" \/>\n<meta property=\"article:modified_time\" content=\"2026-01-20T13:35:13+00:00\" \/>\n<meta property=\"og:image\" content=\"https:\/\/lainekarp.ee\/wp-content\/uploads\/2024\/11\/ED354839.jpeg\" \/>\n\t<meta property=\"og:image:width\" content=\"490\" \/>\n\t<meta property=\"og:image:height\" content=\"640\" \/>\n\t<meta property=\"og:image:type\" content=\"image\/jpeg\" \/>\n<meta name=\"twitter:card\" content=\"summary_large_image\" \/>\n<meta name=\"twitter:label1\" content=\"Est. reading time\" \/>\n\t<meta name=\"twitter:data1\" content=\"1 minute\" \/>\n<script type=\"application\/ld+json\" class=\"yoast-schema-graph\">{\"@context\":\"https:\\\/\\\/schema.org\",\"@graph\":[{\"@type\":\"WebPage\",\"@id\":\"https:\\\/\\\/lainekarp.ee\\\/toode\\\/dekoratsioon-liblikas-75x60\\\/\",\"url\":\"https:\\\/\\\/lainekarp.ee\\\/toode\\\/dekoratsioon-liblikas-75x60\\\/\",\"name\":\"Dekoratsioon Liblikas 75x60 - Lainekarp\",\"isPartOf\":{\"@id\":\"https:\\\/\\\/www.lainekarp.ee\\\/#website\"},\"primaryImageOfPage\":{\"@id\":\"https:\\\/\\\/lainekarp.ee\\\/toode\\\/dekoratsioon-liblikas-75x60\\\/#primaryimage\"},\"image\":{\"@id\":\"https:\\\/\\\/lainekarp.ee\\\/toode\\\/dekoratsioon-liblikas-75x60\\\/#primaryimage\"},\"thumbnailUrl\":\"https:\\\/\\\/lainekarp.ee\\\/wp-content\\\/uploads\\\/2024\\\/11\\\/ED354839.jpeg\",\"datePublished\":\"2021-10-28T09:43:58+00:00\",\"dateModified\":\"2026-01-20T13:35:13+00:00\",\"description\":\"Dekoratsioon Liblikas 75x60. Dekoratsioon, Kaunistused. Materjal: kartong. Kaal: 0.001kg. M\u00f5\u00f5dud: 75 x 60 x 0 mm.\",\"breadcrumb\":{\"@id\":\"https:\\\/\\\/lainekarp.ee\\\/toode\\\/dekoratsioon-liblikas-75x60\\\/#breadcrumb\"},\"inLanguage\":\"en-US\",\"potentialAction\":[{\"@type\":\"ReadAction\",\"target\":[\"https:\\\/\\\/lainekarp.ee\\\/toode\\\/dekoratsioon-liblikas-75x60\\\/\"]}]},{\"@type\":\"ImageObject\",\"inLanguage\":\"en-US\",\"@id\":\"https:\\\/\\\/lainekarp.ee\\\/toode\\\/dekoratsioon-liblikas-75x60\\\/#primaryimage\",\"url\":\"https:\\\/\\\/lainekarp.ee\\\/wp-content\\\/uploads\\\/2024\\\/11\\\/ED354839.jpeg\",\"contentUrl\":\"https:\\\/\\\/lainekarp.ee\\\/wp-content\\\/uploads\\\/2024\\\/11\\\/ED354839.jpeg\",\"width\":490,\"height\":640,\"caption\":\"ED354839\"},{\"@type\":\"BreadcrumbList\",\"@id\":\"https:\\\/\\\/lainekarp.ee\\\/toode\\\/dekoratsioon-liblikas-75x60\\\/#breadcrumb\",\"itemListElement\":[{\"@type\":\"ListItem\",\"position\":1,\"name\":\"Home\",\"item\":\"https:\\\/\\\/lainekarp.ee\\\/\"},{\"@type\":\"ListItem\",\"position\":2,\"name\":\"Kataloog\",\"item\":\"https:\\\/\\\/lainekarp.ee\\\/epood\\\/\"},{\"@type\":\"ListItem\",\"position\":3,\"name\":\"Dekoratsioon\",\"item\":\"https:\\\/\\\/lainekarp.ee\\\/tootekategooria\\\/dekoratsioon\\\/\"},{\"@type\":\"ListItem\",\"position\":4,\"name\":\"Kaunistused\",\"item\":\"https:\\\/\\\/lainekarp.ee\\\/tootekategooria\\\/dekoratsioon\\\/kaunistused\\\/\"},{\"@type\":\"ListItem\",\"position\":5,\"name\":\"Dekoratsioon Liblikas 75&#215;60\"}]},{\"@type\":\"WebSite\",\"@id\":\"https:\\\/\\\/www.lainekarp.ee\\\/#website\",\"url\":\"https:\\\/\\\/www.lainekarp.ee\\\/\",\"name\":\"Lainekarp\",\"description\":\"\",\"potentialAction\":[{\"@type\":\"SearchAction\",\"target\":{\"@type\":\"EntryPoint\",\"urlTemplate\":\"https:\\\/\\\/www.lainekarp.ee\\\/?s={search_term_string}\"},\"query-input\":{\"@type\":\"PropertyValueSpecification\",\"valueRequired\":true,\"valueName\":\"search_term_string\"}}],\"inLanguage\":\"en-US\"}]}<\/script>\n<!-- \/ Yoast SEO plugin. -->","yoast_head_json":{"title":"Dekoratsioon Liblikas 75x60 - Lainekarp","description":"Dekoratsioon Liblikas 75x60. Dekoratsioon, Kaunistused. Materjal: kartong. Kaal: 0.001kg. M\u00f5\u00f5dud: 75 x 60 x 0 mm.","robots":{"index":"index","follow":"follow","max-snippet":"max-snippet:-1","max-image-preview":"max-image-preview:large","max-video-preview":"max-video-preview:-1"},"canonical":"https:\/\/lainekarp.ee\/en\/product\/dekoratsioon-liblikas-75x60\/","og_locale":"en_US","og_type":"article","og_title":"Dekoratsioon Liblikas 75x60 - Lainekarp","og_description":"Dekoratsioon Liblikas 75x60. Dekoratsioon, Kaunistused. Materjal: kartong. Kaal: 0.001kg. M\u00f5\u00f5dud: 75 x 60 x 0 mm.","og_url":"https:\/\/lainekarp.ee\/en\/product\/dekoratsioon-liblikas-75x60\/","og_site_name":"Lainekarp","article_modified_time":"2026-01-20T13:35:13+00:00","og_image":[{"width":490,"height":640,"url":"https:\/\/lainekarp.ee\/wp-content\/uploads\/2024\/11\/ED354839.jpeg","type":"image\/jpeg"}],"twitter_card":"summary_large_image","twitter_misc":{"Est. reading time":"1 minute"},"schema":{"@context":"https:\/\/schema.org","@graph":[{"@type":"WebPage","@id":"https:\/\/lainekarp.ee\/toode\/dekoratsioon-liblikas-75x60\/","url":"https:\/\/lainekarp.ee\/toode\/dekoratsioon-liblikas-75x60\/","name":"Dekoratsioon Liblikas 75x60 - Lainekarp","isPartOf":{"@id":"https:\/\/www.lainekarp.ee\/#website"},"primaryImageOfPage":{"@id":"https:\/\/lainekarp.ee\/toode\/dekoratsioon-liblikas-75x60\/#primaryimage"},"image":{"@id":"https:\/\/lainekarp.ee\/toode\/dekoratsioon-liblikas-75x60\/#primaryimage"},"thumbnailUrl":"https:\/\/lainekarp.ee\/wp-content\/uploads\/2024\/11\/ED354839.jpeg","datePublished":"2021-10-28T09:43:58+00:00","dateModified":"2026-01-20T13:35:13+00:00","description":"Dekoratsioon Liblikas 75x60. Dekoratsioon, Kaunistused. Materjal: kartong. Kaal: 0.001kg. M\u00f5\u00f5dud: 75 x 60 x 0 mm.","breadcrumb":{"@id":"https:\/\/lainekarp.ee\/toode\/dekoratsioon-liblikas-75x60\/#breadcrumb"},"inLanguage":"en-US","potentialAction":[{"@type":"ReadAction","target":["https:\/\/lainekarp.ee\/toode\/dekoratsioon-liblikas-75x60\/"]}]},{"@type":"ImageObject","inLanguage":"en-US","@id":"https:\/\/lainekarp.ee\/toode\/dekoratsioon-liblikas-75x60\/#primaryimage","url":"https:\/\/lainekarp.ee\/wp-content\/uploads\/2024\/11\/ED354839.jpeg","contentUrl":"https:\/\/lainekarp.ee\/wp-content\/uploads\/2024\/11\/ED354839.jpeg","width":490,"height":640,"caption":"ED354839"},{"@type":"BreadcrumbList","@id":"https:\/\/lainekarp.ee\/toode\/dekoratsioon-liblikas-75x60\/#breadcrumb","itemListElement":[{"@type":"ListItem","position":1,"name":"Home","item":"https:\/\/lainekarp.ee\/"},{"@type":"ListItem","position":2,"name":"Kataloog","item":"https:\/\/lainekarp.ee\/epood\/"},{"@type":"ListItem","position":3,"name":"Dekoratsioon","item":"https:\/\/lainekarp.ee\/tootekategooria\/dekoratsioon\/"},{"@type":"ListItem","position":4,"name":"Kaunistused","item":"https:\/\/lainekarp.ee\/tootekategooria\/dekoratsioon\/kaunistused\/"},{"@type":"ListItem","position":5,"name":"Dekoratsioon Liblikas 75&#215;60"}]},{"@type":"WebSite","@id":"https:\/\/www.lainekarp.ee\/#website","url":"https:\/\/www.lainekarp.ee\/","name":"Lainekarp","description":"","potentialAction":[{"@type":"SearchAction","target":{"@type":"EntryPoint","urlTemplate":"https:\/\/www.lainekarp.ee\/?s={search_term_string}"},"query-input":{"@type":"PropertyValueSpecification","valueRequired":true,"valueName":"search_term_string"}}],"inLanguage":"en-US"}]}},"_links":{"self":[{"href":"https:\/\/lainekarp.ee\/en\/wp-json\/wp\/v2\/product\/2003","targetHints":{"allow":["GET"]}}],"collection":[{"href":"https:\/\/lainekarp.ee\/en\/wp-json\/wp\/v2\/product"}],"about":[{"href":"https:\/\/lainekarp.ee\/en\/wp-json\/wp\/v2\/types\/product"}],"version-history":[{"count":2,"href":"https:\/\/lainekarp.ee\/en\/wp-json\/wp\/v2\/product\/2003\/revisions"}],"predecessor-version":[{"id":17846,"href":"https:\/\/lainekarp.ee\/en\/wp-json\/wp\/v2\/product\/2003\/revisions\/17846"}],"wp:featuredmedia":[{"embeddable":true,"href":"https:\/\/lainekarp.ee\/en\/wp-json\/wp\/v2\/media\/16371"}],"wp:attachment":[{"href":"https:\/\/lainekarp.ee\/en\/wp-json\/wp\/v2\/media?parent=2003"}],"wp:term":[{"taxonomy":"product_brand","embeddable":true,"href":"https:\/\/lainekarp.ee\/en\/wp-json\/wp\/v2\/product_brand?post=2003"},{"taxonomy":"product_cat","embeddable":true,"href":"https:\/\/lainekarp.ee\/en\/wp-json\/wp\/v2\/product_cat?post=2003"},{"taxonomy":"product_tag","embeddable":true,"href":"https:\/\/lainekarp.ee\/en\/wp-json\/wp\/v2\/product_tag?post=2003"}],"curies":[{"name":"wp","href":"https:\/\/api.w.org\/{rel}","templated":true}]}}