{"id":2010,"date":"2021-10-28T11:43:59","date_gmt":"2021-10-28T09:43:59","guid":{"rendered":"https:\/\/uus.lainekarp.ee\/product\/rosett-bacche-valge-parl-12-tk\/"},"modified":"2026-02-27T14:31:28","modified_gmt":"2026-02-27T12:31:28","slug":"rosett-bacche-valge-parl-12-tk","status":"publish","type":"product","link":"https:\/\/lainekarp.ee\/en\/product\/rosett-bacche-valge-parl-12-tk\/","title":{"rendered":"Rosett &#8220;Bacche&#8221; valge p\u00e4rl 12tk"},"content":{"rendered":"","protected":false},"excerpt":{"rendered":"<p>Kaunis ja silmapaistev rosett, mis koosneb valgetest dekoratiivsetest p\u00e4rlitest, s\u00e4delevatest marjakobaratest ja rohelisest lehestikust. See \u00f5rn ning detailirohke kaunistus sobib suurep\u00e4raselt kingituste dekoreerimiseks, pulmakutsete v\u00f5i karpide viimistlemiseks, k\u00e4sit\u00f6\u00f6projektideks ning pidulike kompositsioonide aktsendiks. Loodud erilise t\u00e4helepanuga detailidele, et lisada igale esemele elegantne ja luksuslik viimistlus.<\/p>","protected":false},"featured_media":16372,"template":"","meta":{"_acf_changed":false},"product_brand":[],"product_cat":[636],"product_tag":[],"class_list":{"0":"post-2010","1":"product","2":"type-product","3":"status-publish","4":"has-post-thumbnail","6":"product_cat-kaunistused","8":"first","9":"instock","10":"taxable","11":"shipping-taxable","12":"purchasable","13":"product-type-simple"},"acf":[],"yoast_head":"<!-- This site is optimized with the Yoast SEO plugin v27.3 - https:\/\/yoast.com\/product\/yoast-seo-wordpress\/ -->\n<title>Rosett &quot;Bacche&quot; valge p\u00e4rl 12tk - Lainekarp<\/title>\n<meta name=\"description\" content=\"Rosett &quot;Bacche&quot; valge p\u00e4rl\/12 tk. Dekoratsioon, Kaunistused. Kaal: 0.025kg. M\u00f5\u00f5dud: 80 x 90 x 0 mm.\" \/>\n<meta name=\"robots\" content=\"index, follow, max-snippet:-1, max-image-preview:large, max-video-preview:-1\" \/>\n<link rel=\"canonical\" href=\"https:\/\/lainekarp.ee\/en\/product\/rosett-bacche-valge-parl-12-tk\/\" \/>\n<meta property=\"og:locale\" content=\"en_US\" \/>\n<meta property=\"og:type\" content=\"article\" \/>\n<meta property=\"og:title\" content=\"Rosett &quot;Bacche&quot; valge p\u00e4rl 12tk - Lainekarp\" \/>\n<meta property=\"og:description\" content=\"Rosett &quot;Bacche&quot; valge p\u00e4rl\/12 tk. Dekoratsioon, Kaunistused. Kaal: 0.025kg. M\u00f5\u00f5dud: 80 x 90 x 0 mm.\" \/>\n<meta property=\"og:url\" content=\"https:\/\/lainekarp.ee\/en\/product\/rosett-bacche-valge-parl-12-tk\/\" \/>\n<meta property=\"og:site_name\" content=\"Lainekarp\" \/>\n<meta property=\"article:modified_time\" content=\"2026-02-27T12:31:28+00:00\" \/>\n<meta property=\"og:image\" content=\"https:\/\/lainekarp.ee\/wp-content\/uploads\/2024\/11\/ED55271.jpeg\" \/>\n\t<meta property=\"og:image:width\" content=\"476\" \/>\n\t<meta property=\"og:image:height\" content=\"640\" \/>\n\t<meta property=\"og:image:type\" content=\"image\/jpeg\" \/>\n<meta name=\"twitter:card\" content=\"summary_large_image\" \/>\n<meta name=\"twitter:label1\" content=\"Est. reading time\" \/>\n\t<meta name=\"twitter:data1\" content=\"1 minute\" \/>\n<script type=\"application\/ld+json\" class=\"yoast-schema-graph\">{\"@context\":\"https:\\\/\\\/schema.org\",\"@graph\":[{\"@type\":\"WebPage\",\"@id\":\"https:\\\/\\\/lainekarp.ee\\\/toode\\\/rosett-bacche-valge-parl-12-tk\\\/\",\"url\":\"https:\\\/\\\/lainekarp.ee\\\/toode\\\/rosett-bacche-valge-parl-12-tk\\\/\",\"name\":\"Rosett \\\"Bacche\\\" valge p\u00e4rl 12tk - Lainekarp\",\"isPartOf\":{\"@id\":\"https:\\\/\\\/www.lainekarp.ee\\\/#website\"},\"primaryImageOfPage\":{\"@id\":\"https:\\\/\\\/lainekarp.ee\\\/toode\\\/rosett-bacche-valge-parl-12-tk\\\/#primaryimage\"},\"image\":{\"@id\":\"https:\\\/\\\/lainekarp.ee\\\/toode\\\/rosett-bacche-valge-parl-12-tk\\\/#primaryimage\"},\"thumbnailUrl\":\"https:\\\/\\\/lainekarp.ee\\\/wp-content\\\/uploads\\\/2024\\\/11\\\/ED55271.jpeg\",\"datePublished\":\"2021-10-28T09:43:59+00:00\",\"dateModified\":\"2026-02-27T12:31:28+00:00\",\"description\":\"Rosett \\\"Bacche\\\" valge p\u00e4rl\\\/12 tk. Dekoratsioon, Kaunistused. Kaal: 0.025kg. M\u00f5\u00f5dud: 80 x 90 x 0 mm.\",\"breadcrumb\":{\"@id\":\"https:\\\/\\\/lainekarp.ee\\\/toode\\\/rosett-bacche-valge-parl-12-tk\\\/#breadcrumb\"},\"inLanguage\":\"en-US\",\"potentialAction\":[{\"@type\":\"ReadAction\",\"target\":[\"https:\\\/\\\/lainekarp.ee\\\/toode\\\/rosett-bacche-valge-parl-12-tk\\\/\"]}]},{\"@type\":\"ImageObject\",\"inLanguage\":\"en-US\",\"@id\":\"https:\\\/\\\/lainekarp.ee\\\/toode\\\/rosett-bacche-valge-parl-12-tk\\\/#primaryimage\",\"url\":\"https:\\\/\\\/lainekarp.ee\\\/wp-content\\\/uploads\\\/2024\\\/11\\\/ED55271.jpeg\",\"contentUrl\":\"https:\\\/\\\/lainekarp.ee\\\/wp-content\\\/uploads\\\/2024\\\/11\\\/ED55271.jpeg\",\"width\":476,\"height\":640,\"caption\":\"ED55271\"},{\"@type\":\"BreadcrumbList\",\"@id\":\"https:\\\/\\\/lainekarp.ee\\\/toode\\\/rosett-bacche-valge-parl-12-tk\\\/#breadcrumb\",\"itemListElement\":[{\"@type\":\"ListItem\",\"position\":1,\"name\":\"Home\",\"item\":\"https:\\\/\\\/lainekarp.ee\\\/\"},{\"@type\":\"ListItem\",\"position\":2,\"name\":\"Kataloog\",\"item\":\"https:\\\/\\\/lainekarp.ee\\\/epood\\\/\"},{\"@type\":\"ListItem\",\"position\":3,\"name\":\"Dekoratsioon\",\"item\":\"https:\\\/\\\/lainekarp.ee\\\/tootekategooria\\\/dekoratsioon\\\/\"},{\"@type\":\"ListItem\",\"position\":4,\"name\":\"Kaunistused\",\"item\":\"https:\\\/\\\/lainekarp.ee\\\/tootekategooria\\\/dekoratsioon\\\/kaunistused\\\/\"},{\"@type\":\"ListItem\",\"position\":5,\"name\":\"Rosett &#8220;Bacche&#8221; valge p\u00e4rl 12tk\"}]},{\"@type\":\"WebSite\",\"@id\":\"https:\\\/\\\/www.lainekarp.ee\\\/#website\",\"url\":\"https:\\\/\\\/www.lainekarp.ee\\\/\",\"name\":\"Lainekarp\",\"description\":\"\",\"potentialAction\":[{\"@type\":\"SearchAction\",\"target\":{\"@type\":\"EntryPoint\",\"urlTemplate\":\"https:\\\/\\\/www.lainekarp.ee\\\/?s={search_term_string}\"},\"query-input\":{\"@type\":\"PropertyValueSpecification\",\"valueRequired\":true,\"valueName\":\"search_term_string\"}}],\"inLanguage\":\"en-US\"}]}<\/script>\n<!-- \/ Yoast SEO plugin. -->","yoast_head_json":{"title":"Rosett \"Bacche\" valge p\u00e4rl 12tk - Lainekarp","description":"Rosett \"Bacche\" valge p\u00e4rl\/12 tk. Dekoratsioon, Kaunistused. Kaal: 0.025kg. M\u00f5\u00f5dud: 80 x 90 x 0 mm.","robots":{"index":"index","follow":"follow","max-snippet":"max-snippet:-1","max-image-preview":"max-image-preview:large","max-video-preview":"max-video-preview:-1"},"canonical":"https:\/\/lainekarp.ee\/en\/product\/rosett-bacche-valge-parl-12-tk\/","og_locale":"en_US","og_type":"article","og_title":"Rosett \"Bacche\" valge p\u00e4rl 12tk - Lainekarp","og_description":"Rosett \"Bacche\" valge p\u00e4rl\/12 tk. Dekoratsioon, Kaunistused. Kaal: 0.025kg. M\u00f5\u00f5dud: 80 x 90 x 0 mm.","og_url":"https:\/\/lainekarp.ee\/en\/product\/rosett-bacche-valge-parl-12-tk\/","og_site_name":"Lainekarp","article_modified_time":"2026-02-27T12:31:28+00:00","og_image":[{"width":476,"height":640,"url":"https:\/\/lainekarp.ee\/wp-content\/uploads\/2024\/11\/ED55271.jpeg","type":"image\/jpeg"}],"twitter_card":"summary_large_image","twitter_misc":{"Est. reading time":"1 minute"},"schema":{"@context":"https:\/\/schema.org","@graph":[{"@type":"WebPage","@id":"https:\/\/lainekarp.ee\/toode\/rosett-bacche-valge-parl-12-tk\/","url":"https:\/\/lainekarp.ee\/toode\/rosett-bacche-valge-parl-12-tk\/","name":"Rosett \"Bacche\" valge p\u00e4rl 12tk - Lainekarp","isPartOf":{"@id":"https:\/\/www.lainekarp.ee\/#website"},"primaryImageOfPage":{"@id":"https:\/\/lainekarp.ee\/toode\/rosett-bacche-valge-parl-12-tk\/#primaryimage"},"image":{"@id":"https:\/\/lainekarp.ee\/toode\/rosett-bacche-valge-parl-12-tk\/#primaryimage"},"thumbnailUrl":"https:\/\/lainekarp.ee\/wp-content\/uploads\/2024\/11\/ED55271.jpeg","datePublished":"2021-10-28T09:43:59+00:00","dateModified":"2026-02-27T12:31:28+00:00","description":"Rosett \"Bacche\" valge p\u00e4rl\/12 tk. Dekoratsioon, Kaunistused. Kaal: 0.025kg. M\u00f5\u00f5dud: 80 x 90 x 0 mm.","breadcrumb":{"@id":"https:\/\/lainekarp.ee\/toode\/rosett-bacche-valge-parl-12-tk\/#breadcrumb"},"inLanguage":"en-US","potentialAction":[{"@type":"ReadAction","target":["https:\/\/lainekarp.ee\/toode\/rosett-bacche-valge-parl-12-tk\/"]}]},{"@type":"ImageObject","inLanguage":"en-US","@id":"https:\/\/lainekarp.ee\/toode\/rosett-bacche-valge-parl-12-tk\/#primaryimage","url":"https:\/\/lainekarp.ee\/wp-content\/uploads\/2024\/11\/ED55271.jpeg","contentUrl":"https:\/\/lainekarp.ee\/wp-content\/uploads\/2024\/11\/ED55271.jpeg","width":476,"height":640,"caption":"ED55271"},{"@type":"BreadcrumbList","@id":"https:\/\/lainekarp.ee\/toode\/rosett-bacche-valge-parl-12-tk\/#breadcrumb","itemListElement":[{"@type":"ListItem","position":1,"name":"Home","item":"https:\/\/lainekarp.ee\/"},{"@type":"ListItem","position":2,"name":"Kataloog","item":"https:\/\/lainekarp.ee\/epood\/"},{"@type":"ListItem","position":3,"name":"Dekoratsioon","item":"https:\/\/lainekarp.ee\/tootekategooria\/dekoratsioon\/"},{"@type":"ListItem","position":4,"name":"Kaunistused","item":"https:\/\/lainekarp.ee\/tootekategooria\/dekoratsioon\/kaunistused\/"},{"@type":"ListItem","position":5,"name":"Rosett &#8220;Bacche&#8221; valge p\u00e4rl 12tk"}]},{"@type":"WebSite","@id":"https:\/\/www.lainekarp.ee\/#website","url":"https:\/\/www.lainekarp.ee\/","name":"Lainekarp","description":"","potentialAction":[{"@type":"SearchAction","target":{"@type":"EntryPoint","urlTemplate":"https:\/\/www.lainekarp.ee\/?s={search_term_string}"},"query-input":{"@type":"PropertyValueSpecification","valueRequired":true,"valueName":"search_term_string"}}],"inLanguage":"en-US"}]}},"_links":{"self":[{"href":"https:\/\/lainekarp.ee\/en\/wp-json\/wp\/v2\/product\/2010","targetHints":{"allow":["GET"]}}],"collection":[{"href":"https:\/\/lainekarp.ee\/en\/wp-json\/wp\/v2\/product"}],"about":[{"href":"https:\/\/lainekarp.ee\/en\/wp-json\/wp\/v2\/types\/product"}],"version-history":[{"count":3,"href":"https:\/\/lainekarp.ee\/en\/wp-json\/wp\/v2\/product\/2010\/revisions"}],"predecessor-version":[{"id":20690,"href":"https:\/\/lainekarp.ee\/en\/wp-json\/wp\/v2\/product\/2010\/revisions\/20690"}],"wp:featuredmedia":[{"embeddable":true,"href":"https:\/\/lainekarp.ee\/en\/wp-json\/wp\/v2\/media\/16372"}],"wp:attachment":[{"href":"https:\/\/lainekarp.ee\/en\/wp-json\/wp\/v2\/media?parent=2010"}],"wp:term":[{"taxonomy":"product_brand","embeddable":true,"href":"https:\/\/lainekarp.ee\/en\/wp-json\/wp\/v2\/product_brand?post=2010"},{"taxonomy":"product_cat","embeddable":true,"href":"https:\/\/lainekarp.ee\/en\/wp-json\/wp\/v2\/product_cat?post=2010"},{"taxonomy":"product_tag","embeddable":true,"href":"https:\/\/lainekarp.ee\/en\/wp-json\/wp\/v2\/product_tag?post=2010"}],"curies":[{"name":"wp","href":"https:\/\/api.w.org\/{rel}","templated":true}]}}