{"id":2013,"date":"2021-10-28T11:43:59","date_gmt":"2021-10-28T09:43:59","guid":{"rendered":"https:\/\/uus.lainekarp.ee\/product\/kuusk-roheline-albero-h355\/"},"modified":"2026-01-20T15:38:42","modified_gmt":"2026-01-20T13:38:42","slug":"kuusk-roheline-albero-h355","status":"publish","type":"product","link":"https:\/\/lainekarp.ee\/en\/product\/kuusk-roheline-albero-h355\/","title":{"rendered":"Kuusk roheline Albero h355\/30"},"content":{"rendered":"","protected":false},"excerpt":{"rendered":"<p>Kokkupandav roheline papist j\u00f5ulukuusk. Kerge ja dekoratiivne kokkupandav j\u00f5ulukuusk, valmistatud tugevast rohelisest papist. Lihtsasti kokkupandav konstruktsioon v\u00f5imaldab mugavat hoiustamist ja taas kasutamist. Sobib suurep\u00e4raselt lauakaunistuseks, aknalauale v\u00f5i pidulikuks v\u00e4ljapanekuks. Ideaalne lahendus ruumis\u00e4\u00e4stlikuks ja looduss\u00f5bralikuks j\u00f5uludekoratsiooniks.<\/p>","protected":false},"featured_media":965,"template":"","meta":{"_acf_changed":false},"product_brand":[],"product_cat":[617],"product_tag":[],"class_list":{"0":"post-2013","1":"product","2":"type-product","3":"status-publish","4":"has-post-thumbnail","6":"product_cat-varia","8":"first","9":"instock","10":"taxable","11":"shipping-taxable","12":"purchasable","13":"product-type-simple"},"acf":[],"yoast_head":"<!-- This site is optimized with the Yoast SEO plugin v27.3 - https:\/\/yoast.com\/product\/yoast-seo-wordpress\/ -->\n<title>Kuusk roheline Albero h355\/30 - Lainekarp<\/title>\n<meta name=\"description\" content=\"Kuusk roheline Albero h355. Dekoratsioon, Muud. Materjal: lainepapp.\" \/>\n<meta name=\"robots\" content=\"index, follow, max-snippet:-1, max-image-preview:large, max-video-preview:-1\" \/>\n<link rel=\"canonical\" href=\"https:\/\/lainekarp.ee\/en\/product\/kuusk-roheline-albero-h355\/\" \/>\n<meta property=\"og:locale\" content=\"en_US\" \/>\n<meta property=\"og:type\" content=\"article\" \/>\n<meta property=\"og:title\" content=\"Kuusk roheline Albero h355\/30 - Lainekarp\" \/>\n<meta property=\"og:description\" content=\"Kuusk roheline Albero h355. Dekoratsioon, Muud. Materjal: lainepapp.\" \/>\n<meta property=\"og:url\" content=\"https:\/\/lainekarp.ee\/en\/product\/kuusk-roheline-albero-h355\/\" \/>\n<meta property=\"og:site_name\" content=\"Lainekarp\" \/>\n<meta property=\"article:modified_time\" content=\"2026-01-20T13:38:42+00:00\" \/>\n<meta property=\"og:image\" content=\"https:\/\/lainekarp.ee\/wp-content\/uploads\/2021\/10\/ED34505.jpg\" \/>\n\t<meta property=\"og:image:width\" content=\"602\" \/>\n\t<meta property=\"og:image:height\" content=\"703\" \/>\n\t<meta property=\"og:image:type\" content=\"image\/jpeg\" \/>\n<meta name=\"twitter:card\" content=\"summary_large_image\" \/>\n<script type=\"application\/ld+json\" class=\"yoast-schema-graph\">{\"@context\":\"https:\\\/\\\/schema.org\",\"@graph\":[{\"@type\":\"WebPage\",\"@id\":\"https:\\\/\\\/lainekarp.ee\\\/toode\\\/kuusk-roheline-albero-h355\\\/\",\"url\":\"https:\\\/\\\/lainekarp.ee\\\/toode\\\/kuusk-roheline-albero-h355\\\/\",\"name\":\"Kuusk roheline Albero h355\\\/30 - Lainekarp\",\"isPartOf\":{\"@id\":\"https:\\\/\\\/www.lainekarp.ee\\\/#website\"},\"primaryImageOfPage\":{\"@id\":\"https:\\\/\\\/lainekarp.ee\\\/toode\\\/kuusk-roheline-albero-h355\\\/#primaryimage\"},\"image\":{\"@id\":\"https:\\\/\\\/lainekarp.ee\\\/toode\\\/kuusk-roheline-albero-h355\\\/#primaryimage\"},\"thumbnailUrl\":\"https:\\\/\\\/lainekarp.ee\\\/wp-content\\\/uploads\\\/2021\\\/10\\\/ED34505.jpg\",\"datePublished\":\"2021-10-28T09:43:59+00:00\",\"dateModified\":\"2026-01-20T13:38:42+00:00\",\"description\":\"Kuusk roheline Albero h355. Dekoratsioon, Muud. Materjal: lainepapp.\",\"breadcrumb\":{\"@id\":\"https:\\\/\\\/lainekarp.ee\\\/toode\\\/kuusk-roheline-albero-h355\\\/#breadcrumb\"},\"inLanguage\":\"en-US\",\"potentialAction\":[{\"@type\":\"ReadAction\",\"target\":[\"https:\\\/\\\/lainekarp.ee\\\/toode\\\/kuusk-roheline-albero-h355\\\/\"]}]},{\"@type\":\"ImageObject\",\"inLanguage\":\"en-US\",\"@id\":\"https:\\\/\\\/lainekarp.ee\\\/toode\\\/kuusk-roheline-albero-h355\\\/#primaryimage\",\"url\":\"https:\\\/\\\/lainekarp.ee\\\/wp-content\\\/uploads\\\/2021\\\/10\\\/ED34505.jpg\",\"contentUrl\":\"https:\\\/\\\/lainekarp.ee\\\/wp-content\\\/uploads\\\/2021\\\/10\\\/ED34505.jpg\",\"width\":602,\"height\":703,\"caption\":\"ED34505\"},{\"@type\":\"BreadcrumbList\",\"@id\":\"https:\\\/\\\/lainekarp.ee\\\/toode\\\/kuusk-roheline-albero-h355\\\/#breadcrumb\",\"itemListElement\":[{\"@type\":\"ListItem\",\"position\":1,\"name\":\"Home\",\"item\":\"https:\\\/\\\/lainekarp.ee\\\/\"},{\"@type\":\"ListItem\",\"position\":2,\"name\":\"Kataloog\",\"item\":\"https:\\\/\\\/lainekarp.ee\\\/epood\\\/\"},{\"@type\":\"ListItem\",\"position\":3,\"name\":\"Dekoratsioon\",\"item\":\"https:\\\/\\\/lainekarp.ee\\\/tootekategooria\\\/dekoratsioon\\\/\"},{\"@type\":\"ListItem\",\"position\":4,\"name\":\"Varia\",\"item\":\"https:\\\/\\\/lainekarp.ee\\\/tootekategooria\\\/dekoratsioon\\\/varia\\\/\"},{\"@type\":\"ListItem\",\"position\":5,\"name\":\"Kuusk roheline Albero h355\\\/30\"}]},{\"@type\":\"WebSite\",\"@id\":\"https:\\\/\\\/www.lainekarp.ee\\\/#website\",\"url\":\"https:\\\/\\\/www.lainekarp.ee\\\/\",\"name\":\"Lainekarp\",\"description\":\"\",\"potentialAction\":[{\"@type\":\"SearchAction\",\"target\":{\"@type\":\"EntryPoint\",\"urlTemplate\":\"https:\\\/\\\/www.lainekarp.ee\\\/?s={search_term_string}\"},\"query-input\":{\"@type\":\"PropertyValueSpecification\",\"valueRequired\":true,\"valueName\":\"search_term_string\"}}],\"inLanguage\":\"en-US\"}]}<\/script>\n<!-- \/ Yoast SEO plugin. -->","yoast_head_json":{"title":"Kuusk roheline Albero h355\/30 - Lainekarp","description":"Kuusk roheline Albero h355. Dekoratsioon, Muud. Materjal: lainepapp.","robots":{"index":"index","follow":"follow","max-snippet":"max-snippet:-1","max-image-preview":"max-image-preview:large","max-video-preview":"max-video-preview:-1"},"canonical":"https:\/\/lainekarp.ee\/en\/product\/kuusk-roheline-albero-h355\/","og_locale":"en_US","og_type":"article","og_title":"Kuusk roheline Albero h355\/30 - Lainekarp","og_description":"Kuusk roheline Albero h355. Dekoratsioon, Muud. Materjal: lainepapp.","og_url":"https:\/\/lainekarp.ee\/en\/product\/kuusk-roheline-albero-h355\/","og_site_name":"Lainekarp","article_modified_time":"2026-01-20T13:38:42+00:00","og_image":[{"width":602,"height":703,"url":"https:\/\/lainekarp.ee\/wp-content\/uploads\/2021\/10\/ED34505.jpg","type":"image\/jpeg"}],"twitter_card":"summary_large_image","schema":{"@context":"https:\/\/schema.org","@graph":[{"@type":"WebPage","@id":"https:\/\/lainekarp.ee\/toode\/kuusk-roheline-albero-h355\/","url":"https:\/\/lainekarp.ee\/toode\/kuusk-roheline-albero-h355\/","name":"Kuusk roheline Albero h355\/30 - Lainekarp","isPartOf":{"@id":"https:\/\/www.lainekarp.ee\/#website"},"primaryImageOfPage":{"@id":"https:\/\/lainekarp.ee\/toode\/kuusk-roheline-albero-h355\/#primaryimage"},"image":{"@id":"https:\/\/lainekarp.ee\/toode\/kuusk-roheline-albero-h355\/#primaryimage"},"thumbnailUrl":"https:\/\/lainekarp.ee\/wp-content\/uploads\/2021\/10\/ED34505.jpg","datePublished":"2021-10-28T09:43:59+00:00","dateModified":"2026-01-20T13:38:42+00:00","description":"Kuusk roheline Albero h355. Dekoratsioon, Muud. Materjal: lainepapp.","breadcrumb":{"@id":"https:\/\/lainekarp.ee\/toode\/kuusk-roheline-albero-h355\/#breadcrumb"},"inLanguage":"en-US","potentialAction":[{"@type":"ReadAction","target":["https:\/\/lainekarp.ee\/toode\/kuusk-roheline-albero-h355\/"]}]},{"@type":"ImageObject","inLanguage":"en-US","@id":"https:\/\/lainekarp.ee\/toode\/kuusk-roheline-albero-h355\/#primaryimage","url":"https:\/\/lainekarp.ee\/wp-content\/uploads\/2021\/10\/ED34505.jpg","contentUrl":"https:\/\/lainekarp.ee\/wp-content\/uploads\/2021\/10\/ED34505.jpg","width":602,"height":703,"caption":"ED34505"},{"@type":"BreadcrumbList","@id":"https:\/\/lainekarp.ee\/toode\/kuusk-roheline-albero-h355\/#breadcrumb","itemListElement":[{"@type":"ListItem","position":1,"name":"Home","item":"https:\/\/lainekarp.ee\/"},{"@type":"ListItem","position":2,"name":"Kataloog","item":"https:\/\/lainekarp.ee\/epood\/"},{"@type":"ListItem","position":3,"name":"Dekoratsioon","item":"https:\/\/lainekarp.ee\/tootekategooria\/dekoratsioon\/"},{"@type":"ListItem","position":4,"name":"Varia","item":"https:\/\/lainekarp.ee\/tootekategooria\/dekoratsioon\/varia\/"},{"@type":"ListItem","position":5,"name":"Kuusk roheline Albero h355\/30"}]},{"@type":"WebSite","@id":"https:\/\/www.lainekarp.ee\/#website","url":"https:\/\/www.lainekarp.ee\/","name":"Lainekarp","description":"","potentialAction":[{"@type":"SearchAction","target":{"@type":"EntryPoint","urlTemplate":"https:\/\/www.lainekarp.ee\/?s={search_term_string}"},"query-input":{"@type":"PropertyValueSpecification","valueRequired":true,"valueName":"search_term_string"}}],"inLanguage":"en-US"}]}},"_links":{"self":[{"href":"https:\/\/lainekarp.ee\/en\/wp-json\/wp\/v2\/product\/2013","targetHints":{"allow":["GET"]}}],"collection":[{"href":"https:\/\/lainekarp.ee\/en\/wp-json\/wp\/v2\/product"}],"about":[{"href":"https:\/\/lainekarp.ee\/en\/wp-json\/wp\/v2\/types\/product"}],"version-history":[{"count":2,"href":"https:\/\/lainekarp.ee\/en\/wp-json\/wp\/v2\/product\/2013\/revisions"}],"predecessor-version":[{"id":17899,"href":"https:\/\/lainekarp.ee\/en\/wp-json\/wp\/v2\/product\/2013\/revisions\/17899"}],"wp:featuredmedia":[{"embeddable":true,"href":"https:\/\/lainekarp.ee\/en\/wp-json\/wp\/v2\/media\/965"}],"wp:attachment":[{"href":"https:\/\/lainekarp.ee\/en\/wp-json\/wp\/v2\/media?parent=2013"}],"wp:term":[{"taxonomy":"product_brand","embeddable":true,"href":"https:\/\/lainekarp.ee\/en\/wp-json\/wp\/v2\/product_brand?post=2013"},{"taxonomy":"product_cat","embeddable":true,"href":"https:\/\/lainekarp.ee\/en\/wp-json\/wp\/v2\/product_cat?post=2013"},{"taxonomy":"product_tag","embeddable":true,"href":"https:\/\/lainekarp.ee\/en\/wp-json\/wp\/v2\/product_tag?post=2013"}],"curies":[{"name":"wp","href":"https:\/\/api.w.org\/{rel}","templated":true}]}}