{"id":203,"date":"2021-10-18T15:41:59","date_gmt":"2021-10-18T13:41:59","guid":{"rendered":"https:\/\/uus.lainekarp.ee\/product\/kleeps-suda-pvc\/"},"modified":"2026-02-03T02:00:24","modified_gmt":"2026-02-03T00:00:24","slug":"kleeps-suda-pvc","status":"publish","type":"product","link":"https:\/\/lainekarp.ee\/en\/product\/kleeps-suda-pvc\/","title":{"rendered":"Kleeps &#8220;S\u00fcda&#8221; PVC 500tk"},"content":{"rendered":"","protected":false},"excerpt":{"rendered":"<p>Punase s\u00fcdame kujutisega kleeps on ideaalne viis lisada oma kingitustele, kaartidele, toodetele v\u00f5i k\u00e4sit\u00f6\u00f6dele soe ja isiklik puudutus. Klassikaline s\u00fcdamekuju ning silmapaistev punane toon muudavad selle sobivaks armastuse, t\u00e4nutunde v\u00f5i hoolivuse v\u00e4ljendamiseks igal ajal \u2013 olgu see siis s\u00f5brap\u00e4ev, pulmad, beebipeod v\u00f5i igap\u00e4evased kingitused.<\/p>\n<p>S\u00fcdame suurus kleepsul 3,2*2 cm, Materjal PVC<\/p>","protected":false},"featured_media":12029,"template":"","meta":{"_acf_changed":false},"product_brand":[],"product_cat":[610],"product_tag":[],"class_list":{"0":"post-203","1":"product","2":"type-product","3":"status-publish","4":"has-post-thumbnail","6":"product_cat-kleepsud","8":"first","9":"instock","10":"taxable","11":"shipping-taxable","12":"purchasable","13":"product-type-simple"},"acf":[],"yoast_head":"<!-- This site is optimized with the Yoast SEO plugin v27.3 - https:\/\/yoast.com\/product\/yoast-seo-wordpress\/ -->\n<title>Kleeps &quot;S\u00fcda&quot; PVC 500tk - Lainekarp<\/title>\n<meta name=\"robots\" content=\"index, follow, max-snippet:-1, max-image-preview:large, max-video-preview:-1\" \/>\n<link rel=\"canonical\" href=\"https:\/\/lainekarp.ee\/en\/product\/kleeps-suda-pvc\/\" \/>\n<meta property=\"og:locale\" content=\"en_US\" \/>\n<meta property=\"og:type\" content=\"article\" \/>\n<meta property=\"og:title\" content=\"Kleeps &quot;S\u00fcda&quot; PVC 500tk - Lainekarp\" \/>\n<meta property=\"og:description\" content=\"Punase s\u00fcdame kujutisega kleeps on ideaalne viis lisada oma kingitustele, kaartidele, toodetele v\u00f5i k\u00e4sit\u00f6\u00f6dele soe ja isiklik puudutus. Klassikaline s\u00fcdamekuju ning silmapaistev punane toon muudavad selle sobivaks armastuse, t\u00e4nutunde v\u00f5i hoolivuse v\u00e4ljendamiseks igal ajal \u2013 olgu see siis s\u00f5brap\u00e4ev, pulmad, beebipeod v\u00f5i igap\u00e4evased kingitused.  S\u00fcdame suurus kleepsul 3,2*2 cm, Materjal PVC\" \/>\n<meta property=\"og:url\" content=\"https:\/\/lainekarp.ee\/en\/product\/kleeps-suda-pvc\/\" \/>\n<meta property=\"og:site_name\" content=\"Lainekarp\" \/>\n<meta property=\"article:modified_time\" content=\"2026-02-03T00:00:24+00:00\" \/>\n<meta property=\"og:image\" content=\"https:\/\/lainekarp.ee\/wp-content\/uploads\/2022\/12\/KLSPVC.jpg\" \/>\n\t<meta property=\"og:image:width\" content=\"513\" \/>\n\t<meta property=\"og:image:height\" content=\"640\" \/>\n\t<meta property=\"og:image:type\" content=\"image\/jpeg\" \/>\n<meta name=\"twitter:card\" content=\"summary_large_image\" \/>\n<script type=\"application\/ld+json\" class=\"yoast-schema-graph\">{\"@context\":\"https:\\\/\\\/schema.org\",\"@graph\":[{\"@type\":\"WebPage\",\"@id\":\"https:\\\/\\\/lainekarp.ee\\\/toode\\\/kleeps-suda-pvc\\\/\",\"url\":\"https:\\\/\\\/lainekarp.ee\\\/toode\\\/kleeps-suda-pvc\\\/\",\"name\":\"Kleeps \\\"S\u00fcda\\\" PVC 500tk - Lainekarp\",\"isPartOf\":{\"@id\":\"https:\\\/\\\/www.lainekarp.ee\\\/#website\"},\"primaryImageOfPage\":{\"@id\":\"https:\\\/\\\/lainekarp.ee\\\/toode\\\/kleeps-suda-pvc\\\/#primaryimage\"},\"image\":{\"@id\":\"https:\\\/\\\/lainekarp.ee\\\/toode\\\/kleeps-suda-pvc\\\/#primaryimage\"},\"thumbnailUrl\":\"https:\\\/\\\/lainekarp.ee\\\/wp-content\\\/uploads\\\/2022\\\/12\\\/KLSPVC.jpg\",\"datePublished\":\"2021-10-18T13:41:59+00:00\",\"dateModified\":\"2026-02-03T00:00:24+00:00\",\"breadcrumb\":{\"@id\":\"https:\\\/\\\/lainekarp.ee\\\/toode\\\/kleeps-suda-pvc\\\/#breadcrumb\"},\"inLanguage\":\"en-US\",\"potentialAction\":[{\"@type\":\"ReadAction\",\"target\":[\"https:\\\/\\\/lainekarp.ee\\\/toode\\\/kleeps-suda-pvc\\\/\"]}]},{\"@type\":\"ImageObject\",\"inLanguage\":\"en-US\",\"@id\":\"https:\\\/\\\/lainekarp.ee\\\/toode\\\/kleeps-suda-pvc\\\/#primaryimage\",\"url\":\"https:\\\/\\\/lainekarp.ee\\\/wp-content\\\/uploads\\\/2022\\\/12\\\/KLSPVC.jpg\",\"contentUrl\":\"https:\\\/\\\/lainekarp.ee\\\/wp-content\\\/uploads\\\/2022\\\/12\\\/KLSPVC.jpg\",\"width\":513,\"height\":640,\"caption\":\"KLSPVC\"},{\"@type\":\"BreadcrumbList\",\"@id\":\"https:\\\/\\\/lainekarp.ee\\\/toode\\\/kleeps-suda-pvc\\\/#breadcrumb\",\"itemListElement\":[{\"@type\":\"ListItem\",\"position\":1,\"name\":\"Home\",\"item\":\"https:\\\/\\\/lainekarp.ee\\\/\"},{\"@type\":\"ListItem\",\"position\":2,\"name\":\"Kataloog\",\"item\":\"https:\\\/\\\/lainekarp.ee\\\/epood\\\/\"},{\"@type\":\"ListItem\",\"position\":3,\"name\":\"Dekoratsioon\",\"item\":\"https:\\\/\\\/lainekarp.ee\\\/tootekategooria\\\/dekoratsioon\\\/\"},{\"@type\":\"ListItem\",\"position\":4,\"name\":\"Kleepsud\",\"item\":\"https:\\\/\\\/lainekarp.ee\\\/tootekategooria\\\/dekoratsioon\\\/kleepsud\\\/\"},{\"@type\":\"ListItem\",\"position\":5,\"name\":\"Kleeps &#8220;S\u00fcda&#8221; PVC 500tk\"}]},{\"@type\":\"WebSite\",\"@id\":\"https:\\\/\\\/www.lainekarp.ee\\\/#website\",\"url\":\"https:\\\/\\\/www.lainekarp.ee\\\/\",\"name\":\"Lainekarp\",\"description\":\"\",\"potentialAction\":[{\"@type\":\"SearchAction\",\"target\":{\"@type\":\"EntryPoint\",\"urlTemplate\":\"https:\\\/\\\/www.lainekarp.ee\\\/?s={search_term_string}\"},\"query-input\":{\"@type\":\"PropertyValueSpecification\",\"valueRequired\":true,\"valueName\":\"search_term_string\"}}],\"inLanguage\":\"en-US\"}]}<\/script>\n<!-- \/ Yoast SEO plugin. -->","yoast_head_json":{"title":"Kleeps \"S\u00fcda\" PVC 500tk - Lainekarp","robots":{"index":"index","follow":"follow","max-snippet":"max-snippet:-1","max-image-preview":"max-image-preview:large","max-video-preview":"max-video-preview:-1"},"canonical":"https:\/\/lainekarp.ee\/en\/product\/kleeps-suda-pvc\/","og_locale":"en_US","og_type":"article","og_title":"Kleeps \"S\u00fcda\" PVC 500tk - Lainekarp","og_description":"Punase s\u00fcdame kujutisega kleeps on ideaalne viis lisada oma kingitustele, kaartidele, toodetele v\u00f5i k\u00e4sit\u00f6\u00f6dele soe ja isiklik puudutus. Klassikaline s\u00fcdamekuju ning silmapaistev punane toon muudavad selle sobivaks armastuse, t\u00e4nutunde v\u00f5i hoolivuse v\u00e4ljendamiseks igal ajal \u2013 olgu see siis s\u00f5brap\u00e4ev, pulmad, beebipeod v\u00f5i igap\u00e4evased kingitused.  S\u00fcdame suurus kleepsul 3,2*2 cm, Materjal PVC","og_url":"https:\/\/lainekarp.ee\/en\/product\/kleeps-suda-pvc\/","og_site_name":"Lainekarp","article_modified_time":"2026-02-03T00:00:24+00:00","og_image":[{"width":513,"height":640,"url":"https:\/\/lainekarp.ee\/wp-content\/uploads\/2022\/12\/KLSPVC.jpg","type":"image\/jpeg"}],"twitter_card":"summary_large_image","schema":{"@context":"https:\/\/schema.org","@graph":[{"@type":"WebPage","@id":"https:\/\/lainekarp.ee\/toode\/kleeps-suda-pvc\/","url":"https:\/\/lainekarp.ee\/toode\/kleeps-suda-pvc\/","name":"Kleeps \"S\u00fcda\" PVC 500tk - Lainekarp","isPartOf":{"@id":"https:\/\/www.lainekarp.ee\/#website"},"primaryImageOfPage":{"@id":"https:\/\/lainekarp.ee\/toode\/kleeps-suda-pvc\/#primaryimage"},"image":{"@id":"https:\/\/lainekarp.ee\/toode\/kleeps-suda-pvc\/#primaryimage"},"thumbnailUrl":"https:\/\/lainekarp.ee\/wp-content\/uploads\/2022\/12\/KLSPVC.jpg","datePublished":"2021-10-18T13:41:59+00:00","dateModified":"2026-02-03T00:00:24+00:00","breadcrumb":{"@id":"https:\/\/lainekarp.ee\/toode\/kleeps-suda-pvc\/#breadcrumb"},"inLanguage":"en-US","potentialAction":[{"@type":"ReadAction","target":["https:\/\/lainekarp.ee\/toode\/kleeps-suda-pvc\/"]}]},{"@type":"ImageObject","inLanguage":"en-US","@id":"https:\/\/lainekarp.ee\/toode\/kleeps-suda-pvc\/#primaryimage","url":"https:\/\/lainekarp.ee\/wp-content\/uploads\/2022\/12\/KLSPVC.jpg","contentUrl":"https:\/\/lainekarp.ee\/wp-content\/uploads\/2022\/12\/KLSPVC.jpg","width":513,"height":640,"caption":"KLSPVC"},{"@type":"BreadcrumbList","@id":"https:\/\/lainekarp.ee\/toode\/kleeps-suda-pvc\/#breadcrumb","itemListElement":[{"@type":"ListItem","position":1,"name":"Home","item":"https:\/\/lainekarp.ee\/"},{"@type":"ListItem","position":2,"name":"Kataloog","item":"https:\/\/lainekarp.ee\/epood\/"},{"@type":"ListItem","position":3,"name":"Dekoratsioon","item":"https:\/\/lainekarp.ee\/tootekategooria\/dekoratsioon\/"},{"@type":"ListItem","position":4,"name":"Kleepsud","item":"https:\/\/lainekarp.ee\/tootekategooria\/dekoratsioon\/kleepsud\/"},{"@type":"ListItem","position":5,"name":"Kleeps &#8220;S\u00fcda&#8221; PVC 500tk"}]},{"@type":"WebSite","@id":"https:\/\/www.lainekarp.ee\/#website","url":"https:\/\/www.lainekarp.ee\/","name":"Lainekarp","description":"","potentialAction":[{"@type":"SearchAction","target":{"@type":"EntryPoint","urlTemplate":"https:\/\/www.lainekarp.ee\/?s={search_term_string}"},"query-input":{"@type":"PropertyValueSpecification","valueRequired":true,"valueName":"search_term_string"}}],"inLanguage":"en-US"}]}},"_links":{"self":[{"href":"https:\/\/lainekarp.ee\/en\/wp-json\/wp\/v2\/product\/203","targetHints":{"allow":["GET"]}}],"collection":[{"href":"https:\/\/lainekarp.ee\/en\/wp-json\/wp\/v2\/product"}],"about":[{"href":"https:\/\/lainekarp.ee\/en\/wp-json\/wp\/v2\/types\/product"}],"version-history":[{"count":3,"href":"https:\/\/lainekarp.ee\/en\/wp-json\/wp\/v2\/product\/203\/revisions"}],"predecessor-version":[{"id":18317,"href":"https:\/\/lainekarp.ee\/en\/wp-json\/wp\/v2\/product\/203\/revisions\/18317"}],"wp:featuredmedia":[{"embeddable":true,"href":"https:\/\/lainekarp.ee\/en\/wp-json\/wp\/v2\/media\/12029"}],"wp:attachment":[{"href":"https:\/\/lainekarp.ee\/en\/wp-json\/wp\/v2\/media?parent=203"}],"wp:term":[{"taxonomy":"product_brand","embeddable":true,"href":"https:\/\/lainekarp.ee\/en\/wp-json\/wp\/v2\/product_brand?post=203"},{"taxonomy":"product_cat","embeddable":true,"href":"https:\/\/lainekarp.ee\/en\/wp-json\/wp\/v2\/product_cat?post=203"},{"taxonomy":"product_tag","embeddable":true,"href":"https:\/\/lainekarp.ee\/en\/wp-json\/wp\/v2\/product_tag?post=203"}],"curies":[{"name":"wp","href":"https:\/\/api.w.org\/{rel}","templated":true}]}}