{"id":2050,"date":"2021-10-28T11:44:05","date_gmt":"2021-10-28T09:44:05","guid":{"rendered":"https:\/\/uus.lainekarp.ee\/product\/pael-kuld-noor-50jm-rull\/"},"modified":"2026-04-01T02:00:22","modified_gmt":"2026-04-01T00:00:22","slug":"pael-kuld-noor-50jm-rull","status":"publish","type":"product","link":"https:\/\/lainekarp.ee\/en\/product\/pael-kuld-noor-50jm-rull\/","title":{"rendered":"Pael kuldne n\u00f6\u00f6r 50m rull"},"content":{"rendered":"","protected":false},"excerpt":{"rendered":"<p>Kuldne n\u00f6\u00f6r \u2013 elegantne detail pakendile ja dekoreerimiseks. L\u00e4ikiv kuldne n\u00f6\u00f6r sobib suurep\u00e4raselt kinkide, toodete ja k\u00e4sit\u00f6\u00f6projektide kaunistamiseks. Elastne ja h\u00e4sti vormitav, lisab igale pakendile pidulikkust ja luksuslikku ilmet. Ideaalne ka siltide kinnitamiseks v\u00f5i dekoratiivsete paelte loomiseks.<\/p>","protected":false},"featured_media":3138,"template":"","meta":{"_acf_changed":false},"product_brand":[],"product_cat":[643],"product_tag":[],"class_list":{"0":"post-2050","1":"product","2":"type-product","3":"status-publish","4":"has-post-thumbnail","6":"product_cat-noorid","8":"first","9":"instock","10":"taxable","11":"shipping-taxable","12":"purchasable","13":"product-type-simple"},"acf":[],"yoast_head":"<!-- This site is optimized with the Yoast SEO plugin v27.3 - https:\/\/yoast.com\/product\/yoast-seo-wordpress\/ -->\n<title>Pael kuldne n\u00f6\u00f6r 50m rull - Lainekarp<\/title>\n<meta name=\"description\" content=\"Pael kuld n\u00f6\u00f6r 50jm\/rull. Dekoratsioon, Tekstiilpaelad. Materjal: tekstiil.\" \/>\n<meta name=\"robots\" content=\"index, follow, max-snippet:-1, max-image-preview:large, max-video-preview:-1\" \/>\n<link rel=\"canonical\" href=\"https:\/\/lainekarp.ee\/en\/product\/pael-kuld-noor-50jm-rull\/\" \/>\n<meta property=\"og:locale\" content=\"en_US\" \/>\n<meta property=\"og:type\" content=\"article\" \/>\n<meta property=\"og:title\" content=\"Pael kuldne n\u00f6\u00f6r 50m rull - Lainekarp\" \/>\n<meta property=\"og:description\" content=\"Pael kuld n\u00f6\u00f6r 50jm\/rull. Dekoratsioon, Tekstiilpaelad. Materjal: tekstiil.\" \/>\n<meta property=\"og:url\" content=\"https:\/\/lainekarp.ee\/en\/product\/pael-kuld-noor-50jm-rull\/\" \/>\n<meta property=\"og:site_name\" content=\"Lainekarp\" \/>\n<meta property=\"article:modified_time\" content=\"2026-04-01T00:00:22+00:00\" \/>\n<meta property=\"og:image\" content=\"https:\/\/lainekarp.ee\/wp-content\/uploads\/2021\/11\/EP031277-scaled.jpeg\" \/>\n\t<meta property=\"og:image:width\" content=\"2436\" \/>\n\t<meta property=\"og:image:height\" content=\"2560\" \/>\n\t<meta property=\"og:image:type\" content=\"image\/jpeg\" \/>\n<meta name=\"twitter:card\" content=\"summary_large_image\" \/>\n<meta name=\"twitter:label1\" content=\"Est. reading time\" \/>\n\t<meta name=\"twitter:data1\" content=\"1 minute\" \/>\n<script type=\"application\/ld+json\" class=\"yoast-schema-graph\">{\"@context\":\"https:\\\/\\\/schema.org\",\"@graph\":[{\"@type\":\"WebPage\",\"@id\":\"https:\\\/\\\/lainekarp.ee\\\/toode\\\/pael-kuld-noor-50jm-rull\\\/\",\"url\":\"https:\\\/\\\/lainekarp.ee\\\/toode\\\/pael-kuld-noor-50jm-rull\\\/\",\"name\":\"Pael kuldne n\u00f6\u00f6r 50m rull - Lainekarp\",\"isPartOf\":{\"@id\":\"https:\\\/\\\/www.lainekarp.ee\\\/#website\"},\"primaryImageOfPage\":{\"@id\":\"https:\\\/\\\/lainekarp.ee\\\/toode\\\/pael-kuld-noor-50jm-rull\\\/#primaryimage\"},\"image\":{\"@id\":\"https:\\\/\\\/lainekarp.ee\\\/toode\\\/pael-kuld-noor-50jm-rull\\\/#primaryimage\"},\"thumbnailUrl\":\"https:\\\/\\\/lainekarp.ee\\\/wp-content\\\/uploads\\\/2021\\\/11\\\/EP031277-scaled.jpeg\",\"datePublished\":\"2021-10-28T09:44:05+00:00\",\"dateModified\":\"2026-04-01T00:00:22+00:00\",\"description\":\"Pael kuld n\u00f6\u00f6r 50jm\\\/rull. Dekoratsioon, Tekstiilpaelad. Materjal: tekstiil.\",\"breadcrumb\":{\"@id\":\"https:\\\/\\\/lainekarp.ee\\\/toode\\\/pael-kuld-noor-50jm-rull\\\/#breadcrumb\"},\"inLanguage\":\"en-US\",\"potentialAction\":[{\"@type\":\"ReadAction\",\"target\":[\"https:\\\/\\\/lainekarp.ee\\\/toode\\\/pael-kuld-noor-50jm-rull\\\/\"]}]},{\"@type\":\"ImageObject\",\"inLanguage\":\"en-US\",\"@id\":\"https:\\\/\\\/lainekarp.ee\\\/toode\\\/pael-kuld-noor-50jm-rull\\\/#primaryimage\",\"url\":\"https:\\\/\\\/lainekarp.ee\\\/wp-content\\\/uploads\\\/2021\\\/11\\\/EP031277-scaled.jpeg\",\"contentUrl\":\"https:\\\/\\\/lainekarp.ee\\\/wp-content\\\/uploads\\\/2021\\\/11\\\/EP031277-scaled.jpeg\",\"width\":2436,\"height\":2560,\"caption\":\"EP031277\"},{\"@type\":\"BreadcrumbList\",\"@id\":\"https:\\\/\\\/lainekarp.ee\\\/toode\\\/pael-kuld-noor-50jm-rull\\\/#breadcrumb\",\"itemListElement\":[{\"@type\":\"ListItem\",\"position\":1,\"name\":\"Home\",\"item\":\"https:\\\/\\\/lainekarp.ee\\\/\"},{\"@type\":\"ListItem\",\"position\":2,\"name\":\"Kataloog\",\"item\":\"https:\\\/\\\/lainekarp.ee\\\/epood\\\/\"},{\"@type\":\"ListItem\",\"position\":3,\"name\":\"Dekoratsioon\",\"item\":\"https:\\\/\\\/lainekarp.ee\\\/tootekategooria\\\/dekoratsioon\\\/\"},{\"@type\":\"ListItem\",\"position\":4,\"name\":\"N\u00f6\u00f6rid\",\"item\":\"https:\\\/\\\/lainekarp.ee\\\/tootekategooria\\\/dekoratsioon\\\/noorid\\\/\"},{\"@type\":\"ListItem\",\"position\":5,\"name\":\"Pael kuldne n\u00f6\u00f6r 50m rull\"}]},{\"@type\":\"WebSite\",\"@id\":\"https:\\\/\\\/www.lainekarp.ee\\\/#website\",\"url\":\"https:\\\/\\\/www.lainekarp.ee\\\/\",\"name\":\"Lainekarp\",\"description\":\"\",\"potentialAction\":[{\"@type\":\"SearchAction\",\"target\":{\"@type\":\"EntryPoint\",\"urlTemplate\":\"https:\\\/\\\/www.lainekarp.ee\\\/?s={search_term_string}\"},\"query-input\":{\"@type\":\"PropertyValueSpecification\",\"valueRequired\":true,\"valueName\":\"search_term_string\"}}],\"inLanguage\":\"en-US\"}]}<\/script>\n<!-- \/ Yoast SEO plugin. -->","yoast_head_json":{"title":"Pael kuldne n\u00f6\u00f6r 50m rull - Lainekarp","description":"Pael kuld n\u00f6\u00f6r 50jm\/rull. Dekoratsioon, Tekstiilpaelad. Materjal: tekstiil.","robots":{"index":"index","follow":"follow","max-snippet":"max-snippet:-1","max-image-preview":"max-image-preview:large","max-video-preview":"max-video-preview:-1"},"canonical":"https:\/\/lainekarp.ee\/en\/product\/pael-kuld-noor-50jm-rull\/","og_locale":"en_US","og_type":"article","og_title":"Pael kuldne n\u00f6\u00f6r 50m rull - Lainekarp","og_description":"Pael kuld n\u00f6\u00f6r 50jm\/rull. Dekoratsioon, Tekstiilpaelad. Materjal: tekstiil.","og_url":"https:\/\/lainekarp.ee\/en\/product\/pael-kuld-noor-50jm-rull\/","og_site_name":"Lainekarp","article_modified_time":"2026-04-01T00:00:22+00:00","og_image":[{"width":2436,"height":2560,"url":"https:\/\/lainekarp.ee\/wp-content\/uploads\/2021\/11\/EP031277-scaled.jpeg","type":"image\/jpeg"}],"twitter_card":"summary_large_image","twitter_misc":{"Est. reading time":"1 minute"},"schema":{"@context":"https:\/\/schema.org","@graph":[{"@type":"WebPage","@id":"https:\/\/lainekarp.ee\/toode\/pael-kuld-noor-50jm-rull\/","url":"https:\/\/lainekarp.ee\/toode\/pael-kuld-noor-50jm-rull\/","name":"Pael kuldne n\u00f6\u00f6r 50m rull - Lainekarp","isPartOf":{"@id":"https:\/\/www.lainekarp.ee\/#website"},"primaryImageOfPage":{"@id":"https:\/\/lainekarp.ee\/toode\/pael-kuld-noor-50jm-rull\/#primaryimage"},"image":{"@id":"https:\/\/lainekarp.ee\/toode\/pael-kuld-noor-50jm-rull\/#primaryimage"},"thumbnailUrl":"https:\/\/lainekarp.ee\/wp-content\/uploads\/2021\/11\/EP031277-scaled.jpeg","datePublished":"2021-10-28T09:44:05+00:00","dateModified":"2026-04-01T00:00:22+00:00","description":"Pael kuld n\u00f6\u00f6r 50jm\/rull. Dekoratsioon, Tekstiilpaelad. Materjal: tekstiil.","breadcrumb":{"@id":"https:\/\/lainekarp.ee\/toode\/pael-kuld-noor-50jm-rull\/#breadcrumb"},"inLanguage":"en-US","potentialAction":[{"@type":"ReadAction","target":["https:\/\/lainekarp.ee\/toode\/pael-kuld-noor-50jm-rull\/"]}]},{"@type":"ImageObject","inLanguage":"en-US","@id":"https:\/\/lainekarp.ee\/toode\/pael-kuld-noor-50jm-rull\/#primaryimage","url":"https:\/\/lainekarp.ee\/wp-content\/uploads\/2021\/11\/EP031277-scaled.jpeg","contentUrl":"https:\/\/lainekarp.ee\/wp-content\/uploads\/2021\/11\/EP031277-scaled.jpeg","width":2436,"height":2560,"caption":"EP031277"},{"@type":"BreadcrumbList","@id":"https:\/\/lainekarp.ee\/toode\/pael-kuld-noor-50jm-rull\/#breadcrumb","itemListElement":[{"@type":"ListItem","position":1,"name":"Home","item":"https:\/\/lainekarp.ee\/"},{"@type":"ListItem","position":2,"name":"Kataloog","item":"https:\/\/lainekarp.ee\/epood\/"},{"@type":"ListItem","position":3,"name":"Dekoratsioon","item":"https:\/\/lainekarp.ee\/tootekategooria\/dekoratsioon\/"},{"@type":"ListItem","position":4,"name":"N\u00f6\u00f6rid","item":"https:\/\/lainekarp.ee\/tootekategooria\/dekoratsioon\/noorid\/"},{"@type":"ListItem","position":5,"name":"Pael kuldne n\u00f6\u00f6r 50m rull"}]},{"@type":"WebSite","@id":"https:\/\/www.lainekarp.ee\/#website","url":"https:\/\/www.lainekarp.ee\/","name":"Lainekarp","description":"","potentialAction":[{"@type":"SearchAction","target":{"@type":"EntryPoint","urlTemplate":"https:\/\/www.lainekarp.ee\/?s={search_term_string}"},"query-input":{"@type":"PropertyValueSpecification","valueRequired":true,"valueName":"search_term_string"}}],"inLanguage":"en-US"}]}},"_links":{"self":[{"href":"https:\/\/lainekarp.ee\/en\/wp-json\/wp\/v2\/product\/2050","targetHints":{"allow":["GET"]}}],"collection":[{"href":"https:\/\/lainekarp.ee\/en\/wp-json\/wp\/v2\/product"}],"about":[{"href":"https:\/\/lainekarp.ee\/en\/wp-json\/wp\/v2\/types\/product"}],"version-history":[{"count":2,"href":"https:\/\/lainekarp.ee\/en\/wp-json\/wp\/v2\/product\/2050\/revisions"}],"predecessor-version":[{"id":17849,"href":"https:\/\/lainekarp.ee\/en\/wp-json\/wp\/v2\/product\/2050\/revisions\/17849"}],"wp:featuredmedia":[{"embeddable":true,"href":"https:\/\/lainekarp.ee\/en\/wp-json\/wp\/v2\/media\/3138"}],"wp:attachment":[{"href":"https:\/\/lainekarp.ee\/en\/wp-json\/wp\/v2\/media?parent=2050"}],"wp:term":[{"taxonomy":"product_brand","embeddable":true,"href":"https:\/\/lainekarp.ee\/en\/wp-json\/wp\/v2\/product_brand?post=2050"},{"taxonomy":"product_cat","embeddable":true,"href":"https:\/\/lainekarp.ee\/en\/wp-json\/wp\/v2\/product_cat?post=2050"},{"taxonomy":"product_tag","embeddable":true,"href":"https:\/\/lainekarp.ee\/en\/wp-json\/wp\/v2\/product_tag?post=2050"}],"curies":[{"name":"wp","href":"https:\/\/api.w.org\/{rel}","templated":true}]}}