{"id":207,"date":"2021-10-18T15:41:59","date_gmt":"2021-10-18T13:41:59","guid":{"rendered":"https:\/\/uus.lainekarp.ee\/product\/tsellofaan-loigatud-1020-cm\/"},"modified":"2026-04-15T13:55:56","modified_gmt":"2026-04-15T11:55:56","slug":"tsellofaan-loigatud-1020-cm","status":"publish","type":"product","link":"https:\/\/lainekarp.ee\/en\/product\/tsellofaan-loigatud-1020-cm\/","title":{"rendered":"Tsellofaan l\u00f5igatud 100&#215;200 1kg"},"content":{"rendered":"","protected":false},"excerpt":{"rendered":"<p>Ristk\u00fclikukujuline l\u00f5igatud tsellofaan koogialuseks. L\u00e4bipaistev ja stiilne \u00fcmmargune tsellofaan, mis on eelnevalt l\u00f5igatud sobiva suurusega koogialuseks. Sobib ideaalselt kookide ja k\u00fcpsetiste serveerimiseks v\u00f5i pakkimiseks, lisades tootele puhta ja esindusliku v\u00e4limuse. Lihtne kasutada ja h\u00fcgieeniline lahendus nii koduseks kui ka professionaalseks kasutamiseks.<\/p>","protected":false},"featured_media":13407,"template":"","meta":{"_acf_changed":false},"product_brand":[],"product_cat":[603],"product_tag":[],"class_list":{"0":"post-207","1":"product","2":"type-product","3":"status-publish","4":"has-post-thumbnail","6":"product_cat-koogialused","8":"first","9":"instock","10":"taxable","11":"shipping-taxable","12":"purchasable","13":"product-type-simple"},"acf":[],"yoast_head":"<!-- This site is optimized with the Yoast SEO plugin v27.3 - https:\/\/yoast.com\/product\/yoast-seo-wordpress\/ -->\n<title>Tsellofaan l\u00f5igatud 100x200 1kg - Lainekarp<\/title>\n<meta name=\"description\" content=\"Tsellofaan l\u00f5igatud 100x200. Alused ja sisud, Koogialused. Materjal: OPP. Kaal: 1kg. M\u00f5\u00f5dud: 100 x 200 x 0 mm.\" \/>\n<meta name=\"robots\" content=\"index, follow, max-snippet:-1, max-image-preview:large, max-video-preview:-1\" \/>\n<link rel=\"canonical\" href=\"https:\/\/lainekarp.ee\/en\/product\/tsellofaan-loigatud-1020-cm\/\" \/>\n<meta property=\"og:locale\" content=\"en_US\" \/>\n<meta property=\"og:type\" content=\"article\" \/>\n<meta property=\"og:title\" content=\"Tsellofaan l\u00f5igatud 100x200 1kg - Lainekarp\" \/>\n<meta property=\"og:description\" content=\"Tsellofaan l\u00f5igatud 100x200. Alused ja sisud, Koogialused. Materjal: OPP. Kaal: 1kg. M\u00f5\u00f5dud: 100 x 200 x 0 mm.\" \/>\n<meta property=\"og:url\" content=\"https:\/\/lainekarp.ee\/en\/product\/tsellofaan-loigatud-1020-cm\/\" \/>\n<meta property=\"og:site_name\" content=\"Lainekarp\" \/>\n<meta property=\"article:modified_time\" content=\"2026-04-15T11:55:56+00:00\" \/>\n<meta property=\"og:image\" content=\"https:\/\/lainekarp.ee\/wp-content\/uploads\/2023\/05\/TSXXX1020.jpg\" \/>\n\t<meta property=\"og:image:width\" content=\"564\" \/>\n\t<meta property=\"og:image:height\" content=\"640\" \/>\n\t<meta property=\"og:image:type\" content=\"image\/jpeg\" \/>\n<meta name=\"twitter:card\" content=\"summary_large_image\" \/>\n<script type=\"application\/ld+json\" class=\"yoast-schema-graph\">{\"@context\":\"https:\\\/\\\/schema.org\",\"@graph\":[{\"@type\":\"WebPage\",\"@id\":\"https:\\\/\\\/lainekarp.ee\\\/toode\\\/tsellofaan-loigatud-1020-cm\\\/\",\"url\":\"https:\\\/\\\/lainekarp.ee\\\/toode\\\/tsellofaan-loigatud-1020-cm\\\/\",\"name\":\"Tsellofaan l\u00f5igatud 100x200 1kg - Lainekarp\",\"isPartOf\":{\"@id\":\"https:\\\/\\\/www.lainekarp.ee\\\/#website\"},\"primaryImageOfPage\":{\"@id\":\"https:\\\/\\\/lainekarp.ee\\\/toode\\\/tsellofaan-loigatud-1020-cm\\\/#primaryimage\"},\"image\":{\"@id\":\"https:\\\/\\\/lainekarp.ee\\\/toode\\\/tsellofaan-loigatud-1020-cm\\\/#primaryimage\"},\"thumbnailUrl\":\"https:\\\/\\\/lainekarp.ee\\\/wp-content\\\/uploads\\\/2023\\\/05\\\/TSXXX1020.jpg\",\"datePublished\":\"2021-10-18T13:41:59+00:00\",\"dateModified\":\"2026-04-15T11:55:56+00:00\",\"description\":\"Tsellofaan l\u00f5igatud 100x200. Alused ja sisud, Koogialused. Materjal: OPP. Kaal: 1kg. M\u00f5\u00f5dud: 100 x 200 x 0 mm.\",\"breadcrumb\":{\"@id\":\"https:\\\/\\\/lainekarp.ee\\\/toode\\\/tsellofaan-loigatud-1020-cm\\\/#breadcrumb\"},\"inLanguage\":\"en-US\",\"potentialAction\":[{\"@type\":\"ReadAction\",\"target\":[\"https:\\\/\\\/lainekarp.ee\\\/toode\\\/tsellofaan-loigatud-1020-cm\\\/\"]}]},{\"@type\":\"ImageObject\",\"inLanguage\":\"en-US\",\"@id\":\"https:\\\/\\\/lainekarp.ee\\\/toode\\\/tsellofaan-loigatud-1020-cm\\\/#primaryimage\",\"url\":\"https:\\\/\\\/lainekarp.ee\\\/wp-content\\\/uploads\\\/2023\\\/05\\\/TSXXX1020.jpg\",\"contentUrl\":\"https:\\\/\\\/lainekarp.ee\\\/wp-content\\\/uploads\\\/2023\\\/05\\\/TSXXX1020.jpg\",\"width\":564,\"height\":640,\"caption\":\"TSXXX1020\"},{\"@type\":\"BreadcrumbList\",\"@id\":\"https:\\\/\\\/lainekarp.ee\\\/toode\\\/tsellofaan-loigatud-1020-cm\\\/#breadcrumb\",\"itemListElement\":[{\"@type\":\"ListItem\",\"position\":1,\"name\":\"Home\",\"item\":\"https:\\\/\\\/lainekarp.ee\\\/\"},{\"@type\":\"ListItem\",\"position\":2,\"name\":\"Kataloog\",\"item\":\"https:\\\/\\\/lainekarp.ee\\\/epood\\\/\"},{\"@type\":\"ListItem\",\"position\":3,\"name\":\"Alused ja sisud\",\"item\":\"https:\\\/\\\/lainekarp.ee\\\/tootekategooria\\\/alused-ja-sisud\\\/\"},{\"@type\":\"ListItem\",\"position\":4,\"name\":\"Koogialused\",\"item\":\"https:\\\/\\\/lainekarp.ee\\\/tootekategooria\\\/alused-ja-sisud\\\/koogialused\\\/\"},{\"@type\":\"ListItem\",\"position\":5,\"name\":\"Tsellofaan l\u00f5igatud 100&#215;200 1kg\"}]},{\"@type\":\"WebSite\",\"@id\":\"https:\\\/\\\/www.lainekarp.ee\\\/#website\",\"url\":\"https:\\\/\\\/www.lainekarp.ee\\\/\",\"name\":\"Lainekarp\",\"description\":\"\",\"potentialAction\":[{\"@type\":\"SearchAction\",\"target\":{\"@type\":\"EntryPoint\",\"urlTemplate\":\"https:\\\/\\\/www.lainekarp.ee\\\/?s={search_term_string}\"},\"query-input\":{\"@type\":\"PropertyValueSpecification\",\"valueRequired\":true,\"valueName\":\"search_term_string\"}}],\"inLanguage\":\"en-US\"}]}<\/script>\n<!-- \/ Yoast SEO plugin. -->","yoast_head_json":{"title":"Tsellofaan l\u00f5igatud 100x200 1kg - Lainekarp","description":"Tsellofaan l\u00f5igatud 100x200. Alused ja sisud, Koogialused. Materjal: OPP. Kaal: 1kg. M\u00f5\u00f5dud: 100 x 200 x 0 mm.","robots":{"index":"index","follow":"follow","max-snippet":"max-snippet:-1","max-image-preview":"max-image-preview:large","max-video-preview":"max-video-preview:-1"},"canonical":"https:\/\/lainekarp.ee\/en\/product\/tsellofaan-loigatud-1020-cm\/","og_locale":"en_US","og_type":"article","og_title":"Tsellofaan l\u00f5igatud 100x200 1kg - Lainekarp","og_description":"Tsellofaan l\u00f5igatud 100x200. Alused ja sisud, Koogialused. Materjal: OPP. Kaal: 1kg. M\u00f5\u00f5dud: 100 x 200 x 0 mm.","og_url":"https:\/\/lainekarp.ee\/en\/product\/tsellofaan-loigatud-1020-cm\/","og_site_name":"Lainekarp","article_modified_time":"2026-04-15T11:55:56+00:00","og_image":[{"width":564,"height":640,"url":"https:\/\/lainekarp.ee\/wp-content\/uploads\/2023\/05\/TSXXX1020.jpg","type":"image\/jpeg"}],"twitter_card":"summary_large_image","schema":{"@context":"https:\/\/schema.org","@graph":[{"@type":"WebPage","@id":"https:\/\/lainekarp.ee\/toode\/tsellofaan-loigatud-1020-cm\/","url":"https:\/\/lainekarp.ee\/toode\/tsellofaan-loigatud-1020-cm\/","name":"Tsellofaan l\u00f5igatud 100x200 1kg - Lainekarp","isPartOf":{"@id":"https:\/\/www.lainekarp.ee\/#website"},"primaryImageOfPage":{"@id":"https:\/\/lainekarp.ee\/toode\/tsellofaan-loigatud-1020-cm\/#primaryimage"},"image":{"@id":"https:\/\/lainekarp.ee\/toode\/tsellofaan-loigatud-1020-cm\/#primaryimage"},"thumbnailUrl":"https:\/\/lainekarp.ee\/wp-content\/uploads\/2023\/05\/TSXXX1020.jpg","datePublished":"2021-10-18T13:41:59+00:00","dateModified":"2026-04-15T11:55:56+00:00","description":"Tsellofaan l\u00f5igatud 100x200. Alused ja sisud, Koogialused. Materjal: OPP. Kaal: 1kg. M\u00f5\u00f5dud: 100 x 200 x 0 mm.","breadcrumb":{"@id":"https:\/\/lainekarp.ee\/toode\/tsellofaan-loigatud-1020-cm\/#breadcrumb"},"inLanguage":"en-US","potentialAction":[{"@type":"ReadAction","target":["https:\/\/lainekarp.ee\/toode\/tsellofaan-loigatud-1020-cm\/"]}]},{"@type":"ImageObject","inLanguage":"en-US","@id":"https:\/\/lainekarp.ee\/toode\/tsellofaan-loigatud-1020-cm\/#primaryimage","url":"https:\/\/lainekarp.ee\/wp-content\/uploads\/2023\/05\/TSXXX1020.jpg","contentUrl":"https:\/\/lainekarp.ee\/wp-content\/uploads\/2023\/05\/TSXXX1020.jpg","width":564,"height":640,"caption":"TSXXX1020"},{"@type":"BreadcrumbList","@id":"https:\/\/lainekarp.ee\/toode\/tsellofaan-loigatud-1020-cm\/#breadcrumb","itemListElement":[{"@type":"ListItem","position":1,"name":"Home","item":"https:\/\/lainekarp.ee\/"},{"@type":"ListItem","position":2,"name":"Kataloog","item":"https:\/\/lainekarp.ee\/epood\/"},{"@type":"ListItem","position":3,"name":"Alused ja sisud","item":"https:\/\/lainekarp.ee\/tootekategooria\/alused-ja-sisud\/"},{"@type":"ListItem","position":4,"name":"Koogialused","item":"https:\/\/lainekarp.ee\/tootekategooria\/alused-ja-sisud\/koogialused\/"},{"@type":"ListItem","position":5,"name":"Tsellofaan l\u00f5igatud 100&#215;200 1kg"}]},{"@type":"WebSite","@id":"https:\/\/www.lainekarp.ee\/#website","url":"https:\/\/www.lainekarp.ee\/","name":"Lainekarp","description":"","potentialAction":[{"@type":"SearchAction","target":{"@type":"EntryPoint","urlTemplate":"https:\/\/www.lainekarp.ee\/?s={search_term_string}"},"query-input":{"@type":"PropertyValueSpecification","valueRequired":true,"valueName":"search_term_string"}}],"inLanguage":"en-US"}]}},"_links":{"self":[{"href":"https:\/\/lainekarp.ee\/en\/wp-json\/wp\/v2\/product\/207","targetHints":{"allow":["GET"]}}],"collection":[{"href":"https:\/\/lainekarp.ee\/en\/wp-json\/wp\/v2\/product"}],"about":[{"href":"https:\/\/lainekarp.ee\/en\/wp-json\/wp\/v2\/types\/product"}],"version-history":[{"count":2,"href":"https:\/\/lainekarp.ee\/en\/wp-json\/wp\/v2\/product\/207\/revisions"}],"predecessor-version":[{"id":20709,"href":"https:\/\/lainekarp.ee\/en\/wp-json\/wp\/v2\/product\/207\/revisions\/20709"}],"wp:featuredmedia":[{"embeddable":true,"href":"https:\/\/lainekarp.ee\/en\/wp-json\/wp\/v2\/media\/13407"}],"wp:attachment":[{"href":"https:\/\/lainekarp.ee\/en\/wp-json\/wp\/v2\/media?parent=207"}],"wp:term":[{"taxonomy":"product_brand","embeddable":true,"href":"https:\/\/lainekarp.ee\/en\/wp-json\/wp\/v2\/product_brand?post=207"},{"taxonomy":"product_cat","embeddable":true,"href":"https:\/\/lainekarp.ee\/en\/wp-json\/wp\/v2\/product_cat?post=207"},{"taxonomy":"product_tag","embeddable":true,"href":"https:\/\/lainekarp.ee\/en\/wp-json\/wp\/v2\/product_tag?post=207"}],"curies":[{"name":"wp","href":"https:\/\/api.w.org\/{rel}","templated":true}]}}