{"id":2097,"date":"2021-10-28T11:44:10","date_gmt":"2021-10-28T09:44:10","guid":{"rendered":"https:\/\/uus.lainekarp.ee\/product\/dekoratsioon-etikett-avana-70x40\/"},"modified":"2026-01-20T15:35:48","modified_gmt":"2026-01-20T13:35:48","slug":"dekoratsioon-etikett-avana-70x40","status":"publish","type":"product","link":"https:\/\/lainekarp.ee\/en\/product\/dekoratsioon-etikett-avana-70x40\/","title":{"rendered":"Dekoratsioon Etikett avana 70&#215;40"},"content":{"rendered":"","protected":false},"excerpt":{"rendered":"<p>Pruun kartongist etikett. Loodusliku ilmega pruun etikett, valmistatud tugevast kartongist. Sobib kasutamiseks nii visuaalse kaunistusena kinkepakenditel, laudade dekoreerimisel kui ka praktilise etiketina toodetele v\u00f5i kingitustele. Kirjutatav pind v\u00f5imaldab lisada nime, s\u00f5numi v\u00f5i logo. Dekoratiivne ja mitmek\u00fclgne lahendus eri\u00fcritusteks v\u00f5i hooajalisteks pakkumisteks.<\/p>","protected":false},"featured_media":16342,"template":"","meta":{"_acf_changed":false},"product_brand":[],"product_cat":[636],"product_tag":[],"class_list":{"0":"post-2097","1":"product","2":"type-product","3":"status-publish","4":"has-post-thumbnail","6":"product_cat-kaunistused","8":"first","9":"instock","10":"taxable","11":"shipping-taxable","12":"purchasable","13":"product-type-simple"},"acf":[],"yoast_head":"<!-- This site is optimized with the Yoast SEO plugin v27.3 - https:\/\/yoast.com\/product\/yoast-seo-wordpress\/ -->\n<title>Dekoratsioon Etikett avana 70x40 - Lainekarp<\/title>\n<meta name=\"description\" content=\"Dekoratsioon Etikett avana 70x40. Dekoratsioon, Kaunistused. Materjal: kartong. Kaal: 0.001kg. M\u00f5\u00f5dud: 70 x 40 x 0 mm.\" \/>\n<meta name=\"robots\" content=\"index, follow, max-snippet:-1, max-image-preview:large, max-video-preview:-1\" \/>\n<link rel=\"canonical\" href=\"https:\/\/lainekarp.ee\/en\/product\/dekoratsioon-etikett-avana-70x40\/\" \/>\n<meta property=\"og:locale\" content=\"en_US\" \/>\n<meta property=\"og:type\" content=\"article\" \/>\n<meta property=\"og:title\" content=\"Dekoratsioon Etikett avana 70x40 - Lainekarp\" \/>\n<meta property=\"og:description\" content=\"Dekoratsioon Etikett avana 70x40. Dekoratsioon, Kaunistused. Materjal: kartong. Kaal: 0.001kg. M\u00f5\u00f5dud: 70 x 40 x 0 mm.\" \/>\n<meta property=\"og:url\" content=\"https:\/\/lainekarp.ee\/en\/product\/dekoratsioon-etikett-avana-70x40\/\" \/>\n<meta property=\"og:site_name\" content=\"Lainekarp\" \/>\n<meta property=\"article:modified_time\" content=\"2026-01-20T13:35:48+00:00\" \/>\n<meta property=\"og:image\" content=\"https:\/\/lainekarp.ee\/wp-content\/uploads\/2024\/11\/ED35929.jpg\" \/>\n\t<meta property=\"og:image:width\" content=\"563\" \/>\n\t<meta property=\"og:image:height\" content=\"640\" \/>\n\t<meta property=\"og:image:type\" content=\"image\/jpeg\" \/>\n<meta name=\"twitter:card\" content=\"summary_large_image\" \/>\n<script type=\"application\/ld+json\" class=\"yoast-schema-graph\">{\"@context\":\"https:\\\/\\\/schema.org\",\"@graph\":[{\"@type\":\"WebPage\",\"@id\":\"https:\\\/\\\/lainekarp.ee\\\/toode\\\/dekoratsioon-etikett-avana-70x40\\\/\",\"url\":\"https:\\\/\\\/lainekarp.ee\\\/toode\\\/dekoratsioon-etikett-avana-70x40\\\/\",\"name\":\"Dekoratsioon Etikett avana 70x40 - Lainekarp\",\"isPartOf\":{\"@id\":\"https:\\\/\\\/www.lainekarp.ee\\\/#website\"},\"primaryImageOfPage\":{\"@id\":\"https:\\\/\\\/lainekarp.ee\\\/toode\\\/dekoratsioon-etikett-avana-70x40\\\/#primaryimage\"},\"image\":{\"@id\":\"https:\\\/\\\/lainekarp.ee\\\/toode\\\/dekoratsioon-etikett-avana-70x40\\\/#primaryimage\"},\"thumbnailUrl\":\"https:\\\/\\\/lainekarp.ee\\\/wp-content\\\/uploads\\\/2024\\\/11\\\/ED35929.jpg\",\"datePublished\":\"2021-10-28T09:44:10+00:00\",\"dateModified\":\"2026-01-20T13:35:48+00:00\",\"description\":\"Dekoratsioon Etikett avana 70x40. Dekoratsioon, Kaunistused. Materjal: kartong. Kaal: 0.001kg. M\u00f5\u00f5dud: 70 x 40 x 0 mm.\",\"breadcrumb\":{\"@id\":\"https:\\\/\\\/lainekarp.ee\\\/toode\\\/dekoratsioon-etikett-avana-70x40\\\/#breadcrumb\"},\"inLanguage\":\"en-US\",\"potentialAction\":[{\"@type\":\"ReadAction\",\"target\":[\"https:\\\/\\\/lainekarp.ee\\\/toode\\\/dekoratsioon-etikett-avana-70x40\\\/\"]}]},{\"@type\":\"ImageObject\",\"inLanguage\":\"en-US\",\"@id\":\"https:\\\/\\\/lainekarp.ee\\\/toode\\\/dekoratsioon-etikett-avana-70x40\\\/#primaryimage\",\"url\":\"https:\\\/\\\/lainekarp.ee\\\/wp-content\\\/uploads\\\/2024\\\/11\\\/ED35929.jpg\",\"contentUrl\":\"https:\\\/\\\/lainekarp.ee\\\/wp-content\\\/uploads\\\/2024\\\/11\\\/ED35929.jpg\",\"width\":563,\"height\":640,\"caption\":\"ED35929\"},{\"@type\":\"BreadcrumbList\",\"@id\":\"https:\\\/\\\/lainekarp.ee\\\/toode\\\/dekoratsioon-etikett-avana-70x40\\\/#breadcrumb\",\"itemListElement\":[{\"@type\":\"ListItem\",\"position\":1,\"name\":\"Home\",\"item\":\"https:\\\/\\\/lainekarp.ee\\\/\"},{\"@type\":\"ListItem\",\"position\":2,\"name\":\"Kataloog\",\"item\":\"https:\\\/\\\/lainekarp.ee\\\/epood\\\/\"},{\"@type\":\"ListItem\",\"position\":3,\"name\":\"Dekoratsioon\",\"item\":\"https:\\\/\\\/lainekarp.ee\\\/tootekategooria\\\/dekoratsioon\\\/\"},{\"@type\":\"ListItem\",\"position\":4,\"name\":\"Kaunistused\",\"item\":\"https:\\\/\\\/lainekarp.ee\\\/tootekategooria\\\/dekoratsioon\\\/kaunistused\\\/\"},{\"@type\":\"ListItem\",\"position\":5,\"name\":\"Dekoratsioon Etikett avana 70&#215;40\"}]},{\"@type\":\"WebSite\",\"@id\":\"https:\\\/\\\/www.lainekarp.ee\\\/#website\",\"url\":\"https:\\\/\\\/www.lainekarp.ee\\\/\",\"name\":\"Lainekarp\",\"description\":\"\",\"potentialAction\":[{\"@type\":\"SearchAction\",\"target\":{\"@type\":\"EntryPoint\",\"urlTemplate\":\"https:\\\/\\\/www.lainekarp.ee\\\/?s={search_term_string}\"},\"query-input\":{\"@type\":\"PropertyValueSpecification\",\"valueRequired\":true,\"valueName\":\"search_term_string\"}}],\"inLanguage\":\"en-US\"}]}<\/script>\n<!-- \/ Yoast SEO plugin. -->","yoast_head_json":{"title":"Dekoratsioon Etikett avana 70x40 - Lainekarp","description":"Dekoratsioon Etikett avana 70x40. Dekoratsioon, Kaunistused. Materjal: kartong. Kaal: 0.001kg. M\u00f5\u00f5dud: 70 x 40 x 0 mm.","robots":{"index":"index","follow":"follow","max-snippet":"max-snippet:-1","max-image-preview":"max-image-preview:large","max-video-preview":"max-video-preview:-1"},"canonical":"https:\/\/lainekarp.ee\/en\/product\/dekoratsioon-etikett-avana-70x40\/","og_locale":"en_US","og_type":"article","og_title":"Dekoratsioon Etikett avana 70x40 - Lainekarp","og_description":"Dekoratsioon Etikett avana 70x40. Dekoratsioon, Kaunistused. Materjal: kartong. Kaal: 0.001kg. M\u00f5\u00f5dud: 70 x 40 x 0 mm.","og_url":"https:\/\/lainekarp.ee\/en\/product\/dekoratsioon-etikett-avana-70x40\/","og_site_name":"Lainekarp","article_modified_time":"2026-01-20T13:35:48+00:00","og_image":[{"width":563,"height":640,"url":"https:\/\/lainekarp.ee\/wp-content\/uploads\/2024\/11\/ED35929.jpg","type":"image\/jpeg"}],"twitter_card":"summary_large_image","schema":{"@context":"https:\/\/schema.org","@graph":[{"@type":"WebPage","@id":"https:\/\/lainekarp.ee\/toode\/dekoratsioon-etikett-avana-70x40\/","url":"https:\/\/lainekarp.ee\/toode\/dekoratsioon-etikett-avana-70x40\/","name":"Dekoratsioon Etikett avana 70x40 - Lainekarp","isPartOf":{"@id":"https:\/\/www.lainekarp.ee\/#website"},"primaryImageOfPage":{"@id":"https:\/\/lainekarp.ee\/toode\/dekoratsioon-etikett-avana-70x40\/#primaryimage"},"image":{"@id":"https:\/\/lainekarp.ee\/toode\/dekoratsioon-etikett-avana-70x40\/#primaryimage"},"thumbnailUrl":"https:\/\/lainekarp.ee\/wp-content\/uploads\/2024\/11\/ED35929.jpg","datePublished":"2021-10-28T09:44:10+00:00","dateModified":"2026-01-20T13:35:48+00:00","description":"Dekoratsioon Etikett avana 70x40. Dekoratsioon, Kaunistused. Materjal: kartong. Kaal: 0.001kg. M\u00f5\u00f5dud: 70 x 40 x 0 mm.","breadcrumb":{"@id":"https:\/\/lainekarp.ee\/toode\/dekoratsioon-etikett-avana-70x40\/#breadcrumb"},"inLanguage":"en-US","potentialAction":[{"@type":"ReadAction","target":["https:\/\/lainekarp.ee\/toode\/dekoratsioon-etikett-avana-70x40\/"]}]},{"@type":"ImageObject","inLanguage":"en-US","@id":"https:\/\/lainekarp.ee\/toode\/dekoratsioon-etikett-avana-70x40\/#primaryimage","url":"https:\/\/lainekarp.ee\/wp-content\/uploads\/2024\/11\/ED35929.jpg","contentUrl":"https:\/\/lainekarp.ee\/wp-content\/uploads\/2024\/11\/ED35929.jpg","width":563,"height":640,"caption":"ED35929"},{"@type":"BreadcrumbList","@id":"https:\/\/lainekarp.ee\/toode\/dekoratsioon-etikett-avana-70x40\/#breadcrumb","itemListElement":[{"@type":"ListItem","position":1,"name":"Home","item":"https:\/\/lainekarp.ee\/"},{"@type":"ListItem","position":2,"name":"Kataloog","item":"https:\/\/lainekarp.ee\/epood\/"},{"@type":"ListItem","position":3,"name":"Dekoratsioon","item":"https:\/\/lainekarp.ee\/tootekategooria\/dekoratsioon\/"},{"@type":"ListItem","position":4,"name":"Kaunistused","item":"https:\/\/lainekarp.ee\/tootekategooria\/dekoratsioon\/kaunistused\/"},{"@type":"ListItem","position":5,"name":"Dekoratsioon Etikett avana 70&#215;40"}]},{"@type":"WebSite","@id":"https:\/\/www.lainekarp.ee\/#website","url":"https:\/\/www.lainekarp.ee\/","name":"Lainekarp","description":"","potentialAction":[{"@type":"SearchAction","target":{"@type":"EntryPoint","urlTemplate":"https:\/\/www.lainekarp.ee\/?s={search_term_string}"},"query-input":{"@type":"PropertyValueSpecification","valueRequired":true,"valueName":"search_term_string"}}],"inLanguage":"en-US"}]}},"_links":{"self":[{"href":"https:\/\/lainekarp.ee\/en\/wp-json\/wp\/v2\/product\/2097","targetHints":{"allow":["GET"]}}],"collection":[{"href":"https:\/\/lainekarp.ee\/en\/wp-json\/wp\/v2\/product"}],"about":[{"href":"https:\/\/lainekarp.ee\/en\/wp-json\/wp\/v2\/types\/product"}],"version-history":[{"count":1,"href":"https:\/\/lainekarp.ee\/en\/wp-json\/wp\/v2\/product\/2097\/revisions"}],"predecessor-version":[{"id":17944,"href":"https:\/\/lainekarp.ee\/en\/wp-json\/wp\/v2\/product\/2097\/revisions\/17944"}],"wp:featuredmedia":[{"embeddable":true,"href":"https:\/\/lainekarp.ee\/en\/wp-json\/wp\/v2\/media\/16342"}],"wp:attachment":[{"href":"https:\/\/lainekarp.ee\/en\/wp-json\/wp\/v2\/media?parent=2097"}],"wp:term":[{"taxonomy":"product_brand","embeddable":true,"href":"https:\/\/lainekarp.ee\/en\/wp-json\/wp\/v2\/product_brand?post=2097"},{"taxonomy":"product_cat","embeddable":true,"href":"https:\/\/lainekarp.ee\/en\/wp-json\/wp\/v2\/product_cat?post=2097"},{"taxonomy":"product_tag","embeddable":true,"href":"https:\/\/lainekarp.ee\/en\/wp-json\/wp\/v2\/product_tag?post=2097"}],"curies":[{"name":"wp","href":"https:\/\/api.w.org\/{rel}","templated":true}]}}