{"id":2140,"date":"2021-10-28T11:44:36","date_gmt":"2021-10-28T09:44:36","guid":{"rendered":"https:\/\/uus.lainekarp.ee\/product\/koogikarp-ak-aknaga-joulutr-210x120x60\/"},"modified":"2026-04-17T13:56:11","modified_gmt":"2026-04-17T11:56:11","slug":"koogikarp-ak-aknaga-joulutr-210x120x60","status":"publish","type":"product","link":"https:\/\/lainekarp.ee\/en\/product\/koogikarp-ak-aknaga-joulutr-210x120x60\/","title":{"rendered":"Koogikarp AK aknaga J\u00f5ulutr 210x120x60\/250"},"content":{"rendered":"","protected":false},"excerpt":{"rendered":"<p>\u00dcheosaline j\u00f5ulutr\u00fckiga aknaga kartongist koogikarp. Kogus kastis 250tk<\/p>","protected":false},"featured_media":11528,"template":"","meta":{"_acf_changed":false},"product_brand":[],"product_cat":[627,683],"product_tag":[],"class_list":{"0":"post-2140","1":"product","2":"type-product","3":"status-publish","4":"has-post-thumbnail","6":"product_cat-kartongist-koogikarbid","7":"product_cat-tahtpaevad","9":"first","10":"instock","11":"taxable","12":"shipping-taxable","13":"purchasable","14":"product-type-simple"},"acf":[],"yoast_head":"<!-- This site is optimized with the Yoast SEO plugin v27.3 - https:\/\/yoast.com\/product\/yoast-seo-wordpress\/ -->\n<title>Koogikarp AK aknaga J\u00f5ulutr 210x120x60\/250 - Lainekarp<\/title>\n<meta name=\"description\" content=\"Koogikarp AK aknaga J\u00f5ulutr 210x120x60. Tordi- ja koogikarbid, Kartongist koogikarbid. Materjal: kartong, OPP. Kaal: 0kg. M\u00f5\u00f5dud: 210 x 120 x 60 mm.\" \/>\n<meta name=\"robots\" content=\"index, follow, max-snippet:-1, max-image-preview:large, max-video-preview:-1\" \/>\n<link rel=\"canonical\" href=\"https:\/\/lainekarp.ee\/en\/product\/koogikarp-ak-aknaga-joulutr-210x120x60\/\" \/>\n<meta property=\"og:locale\" content=\"en_US\" \/>\n<meta property=\"og:type\" content=\"article\" \/>\n<meta property=\"og:title\" content=\"Koogikarp AK aknaga J\u00f5ulutr 210x120x60\/250 - Lainekarp\" \/>\n<meta property=\"og:description\" content=\"Koogikarp AK aknaga J\u00f5ulutr 210x120x60. Tordi- ja koogikarbid, Kartongist koogikarbid. Materjal: kartong, OPP. Kaal: 0kg. M\u00f5\u00f5dud: 210 x 120 x 60 mm.\" \/>\n<meta property=\"og:url\" content=\"https:\/\/lainekarp.ee\/en\/product\/koogikarp-ak-aknaga-joulutr-210x120x60\/\" \/>\n<meta property=\"og:site_name\" content=\"Lainekarp\" \/>\n<meta property=\"article:modified_time\" content=\"2026-04-17T11:56:11+00:00\" \/>\n<meta property=\"og:image\" content=\"https:\/\/lainekarp.ee\/wp-content\/uploads\/2022\/09\/KKAKWJ.jpg\" \/>\n\t<meta property=\"og:image:width\" content=\"1000\" \/>\n\t<meta property=\"og:image:height\" content=\"893\" \/>\n\t<meta property=\"og:image:type\" content=\"image\/jpeg\" \/>\n<meta name=\"twitter:card\" content=\"summary_large_image\" \/>\n<meta name=\"twitter:label1\" content=\"Est. reading time\" \/>\n\t<meta name=\"twitter:data1\" content=\"1 minute\" \/>\n<script type=\"application\/ld+json\" class=\"yoast-schema-graph\">{\"@context\":\"https:\\\/\\\/schema.org\",\"@graph\":[{\"@type\":\"WebPage\",\"@id\":\"https:\\\/\\\/lainekarp.ee\\\/toode\\\/koogikarp-ak-aknaga-joulutr-210x120x60\\\/\",\"url\":\"https:\\\/\\\/lainekarp.ee\\\/toode\\\/koogikarp-ak-aknaga-joulutr-210x120x60\\\/\",\"name\":\"Koogikarp AK aknaga J\u00f5ulutr 210x120x60\\\/250 - Lainekarp\",\"isPartOf\":{\"@id\":\"https:\\\/\\\/www.lainekarp.ee\\\/#website\"},\"primaryImageOfPage\":{\"@id\":\"https:\\\/\\\/lainekarp.ee\\\/toode\\\/koogikarp-ak-aknaga-joulutr-210x120x60\\\/#primaryimage\"},\"image\":{\"@id\":\"https:\\\/\\\/lainekarp.ee\\\/toode\\\/koogikarp-ak-aknaga-joulutr-210x120x60\\\/#primaryimage\"},\"thumbnailUrl\":\"https:\\\/\\\/lainekarp.ee\\\/wp-content\\\/uploads\\\/2022\\\/09\\\/KKAKWJ.jpg\",\"datePublished\":\"2021-10-28T09:44:36+00:00\",\"dateModified\":\"2026-04-17T11:56:11+00:00\",\"description\":\"Koogikarp AK aknaga J\u00f5ulutr 210x120x60. Tordi- ja koogikarbid, Kartongist koogikarbid. Materjal: kartong, OPP. Kaal: 0kg. M\u00f5\u00f5dud: 210 x 120 x 60 mm.\",\"breadcrumb\":{\"@id\":\"https:\\\/\\\/lainekarp.ee\\\/toode\\\/koogikarp-ak-aknaga-joulutr-210x120x60\\\/#breadcrumb\"},\"inLanguage\":\"en-US\",\"potentialAction\":[{\"@type\":\"ReadAction\",\"target\":[\"https:\\\/\\\/lainekarp.ee\\\/toode\\\/koogikarp-ak-aknaga-joulutr-210x120x60\\\/\"]}]},{\"@type\":\"ImageObject\",\"inLanguage\":\"en-US\",\"@id\":\"https:\\\/\\\/lainekarp.ee\\\/toode\\\/koogikarp-ak-aknaga-joulutr-210x120x60\\\/#primaryimage\",\"url\":\"https:\\\/\\\/lainekarp.ee\\\/wp-content\\\/uploads\\\/2022\\\/09\\\/KKAKWJ.jpg\",\"contentUrl\":\"https:\\\/\\\/lainekarp.ee\\\/wp-content\\\/uploads\\\/2022\\\/09\\\/KKAKWJ.jpg\",\"width\":1000,\"height\":893,\"caption\":\"KKAKWJ\"},{\"@type\":\"BreadcrumbList\",\"@id\":\"https:\\\/\\\/lainekarp.ee\\\/toode\\\/koogikarp-ak-aknaga-joulutr-210x120x60\\\/#breadcrumb\",\"itemListElement\":[{\"@type\":\"ListItem\",\"position\":1,\"name\":\"Home\",\"item\":\"https:\\\/\\\/lainekarp.ee\\\/\"},{\"@type\":\"ListItem\",\"position\":2,\"name\":\"Kataloog\",\"item\":\"https:\\\/\\\/lainekarp.ee\\\/epood\\\/\"},{\"@type\":\"ListItem\",\"position\":3,\"name\":\"T\u00e4htp\u00e4evad\",\"item\":\"https:\\\/\\\/lainekarp.ee\\\/tootekategooria\\\/tahtpaevad\\\/\"},{\"@type\":\"ListItem\",\"position\":4,\"name\":\"Koogikarp AK aknaga J\u00f5ulutr 210x120x60\\\/250\"}]},{\"@type\":\"WebSite\",\"@id\":\"https:\\\/\\\/www.lainekarp.ee\\\/#website\",\"url\":\"https:\\\/\\\/www.lainekarp.ee\\\/\",\"name\":\"Lainekarp\",\"description\":\"\",\"potentialAction\":[{\"@type\":\"SearchAction\",\"target\":{\"@type\":\"EntryPoint\",\"urlTemplate\":\"https:\\\/\\\/www.lainekarp.ee\\\/?s={search_term_string}\"},\"query-input\":{\"@type\":\"PropertyValueSpecification\",\"valueRequired\":true,\"valueName\":\"search_term_string\"}}],\"inLanguage\":\"en-US\"}]}<\/script>\n<!-- \/ Yoast SEO plugin. -->","yoast_head_json":{"title":"Koogikarp AK aknaga J\u00f5ulutr 210x120x60\/250 - Lainekarp","description":"Koogikarp AK aknaga J\u00f5ulutr 210x120x60. Tordi- ja koogikarbid, Kartongist koogikarbid. Materjal: kartong, OPP. Kaal: 0kg. M\u00f5\u00f5dud: 210 x 120 x 60 mm.","robots":{"index":"index","follow":"follow","max-snippet":"max-snippet:-1","max-image-preview":"max-image-preview:large","max-video-preview":"max-video-preview:-1"},"canonical":"https:\/\/lainekarp.ee\/en\/product\/koogikarp-ak-aknaga-joulutr-210x120x60\/","og_locale":"en_US","og_type":"article","og_title":"Koogikarp AK aknaga J\u00f5ulutr 210x120x60\/250 - Lainekarp","og_description":"Koogikarp AK aknaga J\u00f5ulutr 210x120x60. Tordi- ja koogikarbid, Kartongist koogikarbid. Materjal: kartong, OPP. Kaal: 0kg. M\u00f5\u00f5dud: 210 x 120 x 60 mm.","og_url":"https:\/\/lainekarp.ee\/en\/product\/koogikarp-ak-aknaga-joulutr-210x120x60\/","og_site_name":"Lainekarp","article_modified_time":"2026-04-17T11:56:11+00:00","og_image":[{"width":1000,"height":893,"url":"https:\/\/lainekarp.ee\/wp-content\/uploads\/2022\/09\/KKAKWJ.jpg","type":"image\/jpeg"}],"twitter_card":"summary_large_image","twitter_misc":{"Est. reading time":"1 minute"},"schema":{"@context":"https:\/\/schema.org","@graph":[{"@type":"WebPage","@id":"https:\/\/lainekarp.ee\/toode\/koogikarp-ak-aknaga-joulutr-210x120x60\/","url":"https:\/\/lainekarp.ee\/toode\/koogikarp-ak-aknaga-joulutr-210x120x60\/","name":"Koogikarp AK aknaga J\u00f5ulutr 210x120x60\/250 - Lainekarp","isPartOf":{"@id":"https:\/\/www.lainekarp.ee\/#website"},"primaryImageOfPage":{"@id":"https:\/\/lainekarp.ee\/toode\/koogikarp-ak-aknaga-joulutr-210x120x60\/#primaryimage"},"image":{"@id":"https:\/\/lainekarp.ee\/toode\/koogikarp-ak-aknaga-joulutr-210x120x60\/#primaryimage"},"thumbnailUrl":"https:\/\/lainekarp.ee\/wp-content\/uploads\/2022\/09\/KKAKWJ.jpg","datePublished":"2021-10-28T09:44:36+00:00","dateModified":"2026-04-17T11:56:11+00:00","description":"Koogikarp AK aknaga J\u00f5ulutr 210x120x60. Tordi- ja koogikarbid, Kartongist koogikarbid. Materjal: kartong, OPP. Kaal: 0kg. M\u00f5\u00f5dud: 210 x 120 x 60 mm.","breadcrumb":{"@id":"https:\/\/lainekarp.ee\/toode\/koogikarp-ak-aknaga-joulutr-210x120x60\/#breadcrumb"},"inLanguage":"en-US","potentialAction":[{"@type":"ReadAction","target":["https:\/\/lainekarp.ee\/toode\/koogikarp-ak-aknaga-joulutr-210x120x60\/"]}]},{"@type":"ImageObject","inLanguage":"en-US","@id":"https:\/\/lainekarp.ee\/toode\/koogikarp-ak-aknaga-joulutr-210x120x60\/#primaryimage","url":"https:\/\/lainekarp.ee\/wp-content\/uploads\/2022\/09\/KKAKWJ.jpg","contentUrl":"https:\/\/lainekarp.ee\/wp-content\/uploads\/2022\/09\/KKAKWJ.jpg","width":1000,"height":893,"caption":"KKAKWJ"},{"@type":"BreadcrumbList","@id":"https:\/\/lainekarp.ee\/toode\/koogikarp-ak-aknaga-joulutr-210x120x60\/#breadcrumb","itemListElement":[{"@type":"ListItem","position":1,"name":"Home","item":"https:\/\/lainekarp.ee\/"},{"@type":"ListItem","position":2,"name":"Kataloog","item":"https:\/\/lainekarp.ee\/epood\/"},{"@type":"ListItem","position":3,"name":"T\u00e4htp\u00e4evad","item":"https:\/\/lainekarp.ee\/tootekategooria\/tahtpaevad\/"},{"@type":"ListItem","position":4,"name":"Koogikarp AK aknaga J\u00f5ulutr 210x120x60\/250"}]},{"@type":"WebSite","@id":"https:\/\/www.lainekarp.ee\/#website","url":"https:\/\/www.lainekarp.ee\/","name":"Lainekarp","description":"","potentialAction":[{"@type":"SearchAction","target":{"@type":"EntryPoint","urlTemplate":"https:\/\/www.lainekarp.ee\/?s={search_term_string}"},"query-input":{"@type":"PropertyValueSpecification","valueRequired":true,"valueName":"search_term_string"}}],"inLanguage":"en-US"}]}},"_links":{"self":[{"href":"https:\/\/lainekarp.ee\/en\/wp-json\/wp\/v2\/product\/2140","targetHints":{"allow":["GET"]}}],"collection":[{"href":"https:\/\/lainekarp.ee\/en\/wp-json\/wp\/v2\/product"}],"about":[{"href":"https:\/\/lainekarp.ee\/en\/wp-json\/wp\/v2\/types\/product"}],"version-history":[{"count":2,"href":"https:\/\/lainekarp.ee\/en\/wp-json\/wp\/v2\/product\/2140\/revisions"}],"predecessor-version":[{"id":17245,"href":"https:\/\/lainekarp.ee\/en\/wp-json\/wp\/v2\/product\/2140\/revisions\/17245"}],"wp:featuredmedia":[{"embeddable":true,"href":"https:\/\/lainekarp.ee\/en\/wp-json\/wp\/v2\/media\/11528"}],"wp:attachment":[{"href":"https:\/\/lainekarp.ee\/en\/wp-json\/wp\/v2\/media?parent=2140"}],"wp:term":[{"taxonomy":"product_brand","embeddable":true,"href":"https:\/\/lainekarp.ee\/en\/wp-json\/wp\/v2\/product_brand?post=2140"},{"taxonomy":"product_cat","embeddable":true,"href":"https:\/\/lainekarp.ee\/en\/wp-json\/wp\/v2\/product_cat?post=2140"},{"taxonomy":"product_tag","embeddable":true,"href":"https:\/\/lainekarp.ee\/en\/wp-json\/wp\/v2\/product_tag?post=2140"}],"curies":[{"name":"wp","href":"https:\/\/api.w.org\/{rel}","templated":true}]}}