{"id":2150,"date":"2021-10-28T11:44:37","date_gmt":"2021-10-28T09:44:37","guid":{"rendered":"https:\/\/uus.lainekarp.ee\/product\/koogikarp-1p-valge-145x145x50\/"},"modified":"2026-04-17T12:40:40","modified_gmt":"2026-04-17T10:40:40","slug":"koogikarp-1p-valge-145x145x50","status":"publish","type":"product","link":"https:\/\/lainekarp.ee\/en\/product\/koogikarp-1p-valge-145x145x50\/","title":{"rendered":"Koogikarp 1P valge-valge kiletatud 140x140x50\/250"},"content":{"rendered":"","protected":false},"excerpt":{"rendered":"<p>Koogikarp koosneb kahest lehest. KK1P-st saab nii p\u00f5hja kui kaane. Kui soovid 125 karpi, siis pane ostukorvi koguseks 250 tk. KK1P p\u00f5hjale saab panna ka aknaga kaane. Erinevaid kombineerimisv\u00f5imalusi leiad: SELLE TOOTEGA \u00dcHILDUVAD KA&#8230; Kogus pakis 250tk<\/p>","protected":false},"featured_media":17084,"template":"","meta":{"_acf_changed":false},"product_brand":[],"product_cat":[627],"product_tag":[],"class_list":{"0":"post-2150","1":"product","2":"type-product","3":"status-publish","4":"has-post-thumbnail","6":"product_cat-kartongist-koogikarbid","8":"first","9":"instock","10":"taxable","11":"shipping-taxable","12":"purchasable","13":"product-type-simple"},"acf":[],"yoast_head":"<!-- This site is optimized with the Yoast SEO plugin v27.3 - https:\/\/yoast.com\/product\/yoast-seo-wordpress\/ -->\n<title>Koogikarp 1P valge-valge kiletatud 140x140x50\/250 - Lainekarp<\/title>\n<meta name=\"description\" content=\"Koogikarp 1P valge 145x145x50. Tordi- ja koogikarbid, Kartongist koogikarbid. Materjal: kartong. Kaal: 0.015kg. M\u00f5\u00f5dud: 145 x 145 x 50 mm.\" \/>\n<meta name=\"robots\" content=\"index, follow, max-snippet:-1, max-image-preview:large, max-video-preview:-1\" \/>\n<link rel=\"canonical\" href=\"https:\/\/lainekarp.ee\/en\/product\/koogikarp-1p-valge-145x145x50\/\" \/>\n<meta property=\"og:locale\" content=\"en_US\" \/>\n<meta property=\"og:type\" content=\"article\" \/>\n<meta property=\"og:title\" content=\"Koogikarp 1P valge-valge kiletatud 140x140x50\/250 - Lainekarp\" \/>\n<meta property=\"og:description\" content=\"Koogikarp 1P valge 145x145x50. Tordi- ja koogikarbid, Kartongist koogikarbid. Materjal: kartong. Kaal: 0.015kg. M\u00f5\u00f5dud: 145 x 145 x 50 mm.\" \/>\n<meta property=\"og:url\" content=\"https:\/\/lainekarp.ee\/en\/product\/koogikarp-1p-valge-145x145x50\/\" \/>\n<meta property=\"og:site_name\" content=\"Lainekarp\" \/>\n<meta property=\"article:modified_time\" content=\"2026-04-17T10:40:40+00:00\" \/>\n<meta property=\"og:image\" content=\"https:\/\/lainekarp.ee\/wp-content\/uploads\/2024\/11\/KK1P-3-2.jpg\" \/>\n\t<meta property=\"og:image:width\" content=\"750\" \/>\n\t<meta property=\"og:image:height\" content=\"1000\" \/>\n\t<meta property=\"og:image:type\" content=\"image\/jpeg\" \/>\n<meta name=\"twitter:card\" content=\"summary_large_image\" \/>\n<meta name=\"twitter:label1\" content=\"Est. reading time\" \/>\n\t<meta name=\"twitter:data1\" content=\"1 minute\" \/>\n<script type=\"application\/ld+json\" class=\"yoast-schema-graph\">{\"@context\":\"https:\\\/\\\/schema.org\",\"@graph\":[{\"@type\":\"WebPage\",\"@id\":\"https:\\\/\\\/lainekarp.ee\\\/toode\\\/koogikarp-1p-valge-145x145x50\\\/\",\"url\":\"https:\\\/\\\/lainekarp.ee\\\/toode\\\/koogikarp-1p-valge-145x145x50\\\/\",\"name\":\"Koogikarp 1P valge-valge kiletatud 140x140x50\\\/250 - Lainekarp\",\"isPartOf\":{\"@id\":\"https:\\\/\\\/www.lainekarp.ee\\\/#website\"},\"primaryImageOfPage\":{\"@id\":\"https:\\\/\\\/lainekarp.ee\\\/toode\\\/koogikarp-1p-valge-145x145x50\\\/#primaryimage\"},\"image\":{\"@id\":\"https:\\\/\\\/lainekarp.ee\\\/toode\\\/koogikarp-1p-valge-145x145x50\\\/#primaryimage\"},\"thumbnailUrl\":\"https:\\\/\\\/lainekarp.ee\\\/wp-content\\\/uploads\\\/2024\\\/12\\\/KK1P-11.jpg\",\"datePublished\":\"2021-10-28T09:44:37+00:00\",\"dateModified\":\"2026-04-17T10:40:40+00:00\",\"description\":\"Koogikarp 1P valge 145x145x50. Tordi- ja koogikarbid, Kartongist koogikarbid. Materjal: kartong. Kaal: 0.015kg. M\u00f5\u00f5dud: 145 x 145 x 50 mm.\",\"breadcrumb\":{\"@id\":\"https:\\\/\\\/lainekarp.ee\\\/toode\\\/koogikarp-1p-valge-145x145x50\\\/#breadcrumb\"},\"inLanguage\":\"en-US\",\"potentialAction\":[{\"@type\":\"ReadAction\",\"target\":[\"https:\\\/\\\/lainekarp.ee\\\/toode\\\/koogikarp-1p-valge-145x145x50\\\/\"]}]},{\"@type\":\"ImageObject\",\"inLanguage\":\"en-US\",\"@id\":\"https:\\\/\\\/lainekarp.ee\\\/toode\\\/koogikarp-1p-valge-145x145x50\\\/#primaryimage\",\"url\":\"https:\\\/\\\/lainekarp.ee\\\/wp-content\\\/uploads\\\/2024\\\/12\\\/KK1P-11.jpg\",\"contentUrl\":\"https:\\\/\\\/lainekarp.ee\\\/wp-content\\\/uploads\\\/2024\\\/12\\\/KK1P-11.jpg\",\"width\":1000,\"height\":966,\"caption\":\"KK1P-11\"},{\"@type\":\"BreadcrumbList\",\"@id\":\"https:\\\/\\\/lainekarp.ee\\\/toode\\\/koogikarp-1p-valge-145x145x50\\\/#breadcrumb\",\"itemListElement\":[{\"@type\":\"ListItem\",\"position\":1,\"name\":\"Home\",\"item\":\"https:\\\/\\\/lainekarp.ee\\\/\"},{\"@type\":\"ListItem\",\"position\":2,\"name\":\"Kataloog\",\"item\":\"https:\\\/\\\/lainekarp.ee\\\/epood\\\/\"},{\"@type\":\"ListItem\",\"position\":3,\"name\":\"Tordi- ja koogikarbid\",\"item\":\"https:\\\/\\\/www.lainekarp.ee\\\/tootekategooria\\\/tordi-ja-koogikarbid\\\/\"},{\"@type\":\"ListItem\",\"position\":4,\"name\":\"Kartongist koogikarbid\",\"item\":\"https:\\\/\\\/lainekarp.ee\\\/tootekategooria\\\/tordi-ja-koogikarbid\\\/kartongist-koogikarbid\\\/\"},{\"@type\":\"ListItem\",\"position\":5,\"name\":\"Koogikarp 1P valge-valge kiletatud 140x140x50\\\/250\"}]},{\"@type\":\"WebSite\",\"@id\":\"https:\\\/\\\/www.lainekarp.ee\\\/#website\",\"url\":\"https:\\\/\\\/www.lainekarp.ee\\\/\",\"name\":\"Lainekarp\",\"description\":\"\",\"potentialAction\":[{\"@type\":\"SearchAction\",\"target\":{\"@type\":\"EntryPoint\",\"urlTemplate\":\"https:\\\/\\\/www.lainekarp.ee\\\/?s={search_term_string}\"},\"query-input\":{\"@type\":\"PropertyValueSpecification\",\"valueRequired\":true,\"valueName\":\"search_term_string\"}}],\"inLanguage\":\"en-US\"}]}<\/script>\n<!-- \/ Yoast SEO plugin. -->","yoast_head_json":{"title":"Koogikarp 1P valge-valge kiletatud 140x140x50\/250 - Lainekarp","description":"Koogikarp 1P valge 145x145x50. Tordi- ja koogikarbid, Kartongist koogikarbid. Materjal: kartong. Kaal: 0.015kg. M\u00f5\u00f5dud: 145 x 145 x 50 mm.","robots":{"index":"index","follow":"follow","max-snippet":"max-snippet:-1","max-image-preview":"max-image-preview:large","max-video-preview":"max-video-preview:-1"},"canonical":"https:\/\/lainekarp.ee\/en\/product\/koogikarp-1p-valge-145x145x50\/","og_locale":"en_US","og_type":"article","og_title":"Koogikarp 1P valge-valge kiletatud 140x140x50\/250 - Lainekarp","og_description":"Koogikarp 1P valge 145x145x50. Tordi- ja koogikarbid, Kartongist koogikarbid. Materjal: kartong. Kaal: 0.015kg. M\u00f5\u00f5dud: 145 x 145 x 50 mm.","og_url":"https:\/\/lainekarp.ee\/en\/product\/koogikarp-1p-valge-145x145x50\/","og_site_name":"Lainekarp","article_modified_time":"2026-04-17T10:40:40+00:00","og_image":[{"width":750,"height":1000,"url":"https:\/\/lainekarp.ee\/wp-content\/uploads\/2024\/11\/KK1P-3-2.jpg","type":"image\/jpeg"}],"twitter_card":"summary_large_image","twitter_misc":{"Est. reading time":"1 minute"},"schema":{"@context":"https:\/\/schema.org","@graph":[{"@type":"WebPage","@id":"https:\/\/lainekarp.ee\/toode\/koogikarp-1p-valge-145x145x50\/","url":"https:\/\/lainekarp.ee\/toode\/koogikarp-1p-valge-145x145x50\/","name":"Koogikarp 1P valge-valge kiletatud 140x140x50\/250 - Lainekarp","isPartOf":{"@id":"https:\/\/www.lainekarp.ee\/#website"},"primaryImageOfPage":{"@id":"https:\/\/lainekarp.ee\/toode\/koogikarp-1p-valge-145x145x50\/#primaryimage"},"image":{"@id":"https:\/\/lainekarp.ee\/toode\/koogikarp-1p-valge-145x145x50\/#primaryimage"},"thumbnailUrl":"https:\/\/lainekarp.ee\/wp-content\/uploads\/2024\/12\/KK1P-11.jpg","datePublished":"2021-10-28T09:44:37+00:00","dateModified":"2026-04-17T10:40:40+00:00","description":"Koogikarp 1P valge 145x145x50. Tordi- ja koogikarbid, Kartongist koogikarbid. Materjal: kartong. Kaal: 0.015kg. M\u00f5\u00f5dud: 145 x 145 x 50 mm.","breadcrumb":{"@id":"https:\/\/lainekarp.ee\/toode\/koogikarp-1p-valge-145x145x50\/#breadcrumb"},"inLanguage":"en-US","potentialAction":[{"@type":"ReadAction","target":["https:\/\/lainekarp.ee\/toode\/koogikarp-1p-valge-145x145x50\/"]}]},{"@type":"ImageObject","inLanguage":"en-US","@id":"https:\/\/lainekarp.ee\/toode\/koogikarp-1p-valge-145x145x50\/#primaryimage","url":"https:\/\/lainekarp.ee\/wp-content\/uploads\/2024\/12\/KK1P-11.jpg","contentUrl":"https:\/\/lainekarp.ee\/wp-content\/uploads\/2024\/12\/KK1P-11.jpg","width":1000,"height":966,"caption":"KK1P-11"},{"@type":"BreadcrumbList","@id":"https:\/\/lainekarp.ee\/toode\/koogikarp-1p-valge-145x145x50\/#breadcrumb","itemListElement":[{"@type":"ListItem","position":1,"name":"Home","item":"https:\/\/lainekarp.ee\/"},{"@type":"ListItem","position":2,"name":"Kataloog","item":"https:\/\/lainekarp.ee\/epood\/"},{"@type":"ListItem","position":3,"name":"Tordi- ja koogikarbid","item":"https:\/\/www.lainekarp.ee\/tootekategooria\/tordi-ja-koogikarbid\/"},{"@type":"ListItem","position":4,"name":"Kartongist koogikarbid","item":"https:\/\/lainekarp.ee\/tootekategooria\/tordi-ja-koogikarbid\/kartongist-koogikarbid\/"},{"@type":"ListItem","position":5,"name":"Koogikarp 1P valge-valge kiletatud 140x140x50\/250"}]},{"@type":"WebSite","@id":"https:\/\/www.lainekarp.ee\/#website","url":"https:\/\/www.lainekarp.ee\/","name":"Lainekarp","description":"","potentialAction":[{"@type":"SearchAction","target":{"@type":"EntryPoint","urlTemplate":"https:\/\/www.lainekarp.ee\/?s={search_term_string}"},"query-input":{"@type":"PropertyValueSpecification","valueRequired":true,"valueName":"search_term_string"}}],"inLanguage":"en-US"}]}},"_links":{"self":[{"href":"https:\/\/lainekarp.ee\/en\/wp-json\/wp\/v2\/product\/2150","targetHints":{"allow":["GET"]}}],"collection":[{"href":"https:\/\/lainekarp.ee\/en\/wp-json\/wp\/v2\/product"}],"about":[{"href":"https:\/\/lainekarp.ee\/en\/wp-json\/wp\/v2\/types\/product"}],"version-history":[{"count":1,"href":"https:\/\/lainekarp.ee\/en\/wp-json\/wp\/v2\/product\/2150\/revisions"}],"predecessor-version":[{"id":15633,"href":"https:\/\/lainekarp.ee\/en\/wp-json\/wp\/v2\/product\/2150\/revisions\/15633"}],"wp:featuredmedia":[{"embeddable":true,"href":"https:\/\/lainekarp.ee\/en\/wp-json\/wp\/v2\/media\/17084"}],"wp:attachment":[{"href":"https:\/\/lainekarp.ee\/en\/wp-json\/wp\/v2\/media?parent=2150"}],"wp:term":[{"taxonomy":"product_brand","embeddable":true,"href":"https:\/\/lainekarp.ee\/en\/wp-json\/wp\/v2\/product_brand?post=2150"},{"taxonomy":"product_cat","embeddable":true,"href":"https:\/\/lainekarp.ee\/en\/wp-json\/wp\/v2\/product_cat?post=2150"},{"taxonomy":"product_tag","embeddable":true,"href":"https:\/\/lainekarp.ee\/en\/wp-json\/wp\/v2\/product_tag?post=2150"}],"curies":[{"name":"wp","href":"https:\/\/api.w.org\/{rel}","templated":true}]}}