{"id":2152,"date":"2021-10-28T11:44:37","date_gmt":"2021-10-28T09:44:37","guid":{"rendered":"https:\/\/uus.lainekarp.ee\/product\/koogikarp-6-aknaga-275x275x60\/"},"modified":"2026-04-10T02:00:30","modified_gmt":"2026-04-10T00:00:30","slug":"koogikarp-6-aknaga-275x275x60","status":"publish","type":"product","link":"https:\/\/lainekarp.ee\/en\/product\/koogikarp-6-aknaga-275x275x60\/","title":{"rendered":"Koogikarp 6 aknaga valge 275x275x60\/250"},"content":{"rendered":"","protected":false},"excerpt":{"rendered":"<p>Koogikarp koosneb kahest lehest. KK6W sobib ainult kaane pooleks. P\u00f5hja pooleks sobib KK6KI. Erinevaid kombineerimisv\u00f5imalusi leiad: SELLE TOOTEGA \u00dcHILDUVAD KA&#8230; Kogus kastis 250tk<\/p>","protected":false},"featured_media":15858,"template":"","meta":{"_acf_changed":false},"product_brand":[],"product_cat":[627],"product_tag":[],"class_list":{"0":"post-2152","1":"product","2":"type-product","3":"status-publish","4":"has-post-thumbnail","6":"product_cat-kartongist-koogikarbid","8":"first","9":"instock","10":"taxable","11":"shipping-taxable","12":"purchasable","13":"product-type-simple"},"acf":[],"yoast_head":"<!-- This site is optimized with the Yoast SEO plugin v27.3 - https:\/\/yoast.com\/product\/yoast-seo-wordpress\/ -->\n<title>Koogikarp 6 aknaga valge 275x275x60\/250 - Lainekarp<\/title>\n<meta name=\"description\" content=\"Koogikarp 6 aknaga 275x275x60. Tordi- ja koogikarbid, Kartongist koogikarbid. Materjal: kartong, OPP. Kaal: 0.03kg. M\u00f5\u00f5dud: 275 x 275 x 60 mm.\" \/>\n<meta name=\"robots\" content=\"index, follow, max-snippet:-1, max-image-preview:large, max-video-preview:-1\" \/>\n<link rel=\"canonical\" href=\"https:\/\/lainekarp.ee\/en\/product\/koogikarp-6-aknaga-275x275x60\/\" \/>\n<meta property=\"og:locale\" content=\"en_US\" \/>\n<meta property=\"og:type\" content=\"article\" \/>\n<meta property=\"og:title\" content=\"Koogikarp 6 aknaga valge 275x275x60\/250 - Lainekarp\" \/>\n<meta property=\"og:description\" content=\"Koogikarp 6 aknaga 275x275x60. Tordi- ja koogikarbid, Kartongist koogikarbid. Materjal: kartong, OPP. Kaal: 0.03kg. M\u00f5\u00f5dud: 275 x 275 x 60 mm.\" \/>\n<meta property=\"og:url\" content=\"https:\/\/lainekarp.ee\/en\/product\/koogikarp-6-aknaga-275x275x60\/\" \/>\n<meta property=\"og:site_name\" content=\"Lainekarp\" \/>\n<meta property=\"article:modified_time\" content=\"2026-04-10T00:00:30+00:00\" \/>\n<meta property=\"og:image\" content=\"https:\/\/lainekarp.ee\/wp-content\/uploads\/2024\/10\/KK6W.jpeg\" \/>\n\t<meta property=\"og:image:width\" content=\"591\" \/>\n\t<meta property=\"og:image:height\" content=\"640\" \/>\n\t<meta property=\"og:image:type\" content=\"image\/jpeg\" \/>\n<meta name=\"twitter:card\" content=\"summary_large_image\" \/>\n<meta name=\"twitter:label1\" content=\"Est. reading time\" \/>\n\t<meta name=\"twitter:data1\" content=\"1 minute\" \/>\n<script type=\"application\/ld+json\" class=\"yoast-schema-graph\">{\"@context\":\"https:\\\/\\\/schema.org\",\"@graph\":[{\"@type\":\"WebPage\",\"@id\":\"https:\\\/\\\/lainekarp.ee\\\/toode\\\/koogikarp-6-aknaga-275x275x60\\\/\",\"url\":\"https:\\\/\\\/lainekarp.ee\\\/toode\\\/koogikarp-6-aknaga-275x275x60\\\/\",\"name\":\"Koogikarp 6 aknaga valge 275x275x60\\\/250 - Lainekarp\",\"isPartOf\":{\"@id\":\"https:\\\/\\\/www.lainekarp.ee\\\/#website\"},\"primaryImageOfPage\":{\"@id\":\"https:\\\/\\\/lainekarp.ee\\\/toode\\\/koogikarp-6-aknaga-275x275x60\\\/#primaryimage\"},\"image\":{\"@id\":\"https:\\\/\\\/lainekarp.ee\\\/toode\\\/koogikarp-6-aknaga-275x275x60\\\/#primaryimage\"},\"thumbnailUrl\":\"https:\\\/\\\/lainekarp.ee\\\/wp-content\\\/uploads\\\/2024\\\/10\\\/KK6W.jpeg\",\"datePublished\":\"2021-10-28T09:44:37+00:00\",\"dateModified\":\"2026-04-10T00:00:30+00:00\",\"description\":\"Koogikarp 6 aknaga 275x275x60. Tordi- ja koogikarbid, Kartongist koogikarbid. Materjal: kartong, OPP. Kaal: 0.03kg. M\u00f5\u00f5dud: 275 x 275 x 60 mm.\",\"breadcrumb\":{\"@id\":\"https:\\\/\\\/lainekarp.ee\\\/toode\\\/koogikarp-6-aknaga-275x275x60\\\/#breadcrumb\"},\"inLanguage\":\"en-US\",\"potentialAction\":[{\"@type\":\"ReadAction\",\"target\":[\"https:\\\/\\\/lainekarp.ee\\\/toode\\\/koogikarp-6-aknaga-275x275x60\\\/\"]}]},{\"@type\":\"ImageObject\",\"inLanguage\":\"en-US\",\"@id\":\"https:\\\/\\\/lainekarp.ee\\\/toode\\\/koogikarp-6-aknaga-275x275x60\\\/#primaryimage\",\"url\":\"https:\\\/\\\/lainekarp.ee\\\/wp-content\\\/uploads\\\/2024\\\/10\\\/KK6W.jpeg\",\"contentUrl\":\"https:\\\/\\\/lainekarp.ee\\\/wp-content\\\/uploads\\\/2024\\\/10\\\/KK6W.jpeg\",\"width\":591,\"height\":640,\"caption\":\"KK6W\"},{\"@type\":\"BreadcrumbList\",\"@id\":\"https:\\\/\\\/lainekarp.ee\\\/toode\\\/koogikarp-6-aknaga-275x275x60\\\/#breadcrumb\",\"itemListElement\":[{\"@type\":\"ListItem\",\"position\":1,\"name\":\"Home\",\"item\":\"https:\\\/\\\/lainekarp.ee\\\/\"},{\"@type\":\"ListItem\",\"position\":2,\"name\":\"Kataloog\",\"item\":\"https:\\\/\\\/lainekarp.ee\\\/epood\\\/\"},{\"@type\":\"ListItem\",\"position\":3,\"name\":\"Tordi- ja koogikarbid\",\"item\":\"https:\\\/\\\/www.lainekarp.ee\\\/tootekategooria\\\/tordi-ja-koogikarbid\\\/\"},{\"@type\":\"ListItem\",\"position\":4,\"name\":\"Kartongist koogikarbid\",\"item\":\"https:\\\/\\\/lainekarp.ee\\\/tootekategooria\\\/tordi-ja-koogikarbid\\\/kartongist-koogikarbid\\\/\"},{\"@type\":\"ListItem\",\"position\":5,\"name\":\"Koogikarp 6 aknaga valge 275x275x60\\\/250\"}]},{\"@type\":\"WebSite\",\"@id\":\"https:\\\/\\\/www.lainekarp.ee\\\/#website\",\"url\":\"https:\\\/\\\/www.lainekarp.ee\\\/\",\"name\":\"Lainekarp\",\"description\":\"\",\"potentialAction\":[{\"@type\":\"SearchAction\",\"target\":{\"@type\":\"EntryPoint\",\"urlTemplate\":\"https:\\\/\\\/www.lainekarp.ee\\\/?s={search_term_string}\"},\"query-input\":{\"@type\":\"PropertyValueSpecification\",\"valueRequired\":true,\"valueName\":\"search_term_string\"}}],\"inLanguage\":\"en-US\"}]}<\/script>\n<!-- \/ Yoast SEO plugin. -->","yoast_head_json":{"title":"Koogikarp 6 aknaga valge 275x275x60\/250 - Lainekarp","description":"Koogikarp 6 aknaga 275x275x60. Tordi- ja koogikarbid, Kartongist koogikarbid. Materjal: kartong, OPP. Kaal: 0.03kg. M\u00f5\u00f5dud: 275 x 275 x 60 mm.","robots":{"index":"index","follow":"follow","max-snippet":"max-snippet:-1","max-image-preview":"max-image-preview:large","max-video-preview":"max-video-preview:-1"},"canonical":"https:\/\/lainekarp.ee\/en\/product\/koogikarp-6-aknaga-275x275x60\/","og_locale":"en_US","og_type":"article","og_title":"Koogikarp 6 aknaga valge 275x275x60\/250 - Lainekarp","og_description":"Koogikarp 6 aknaga 275x275x60. Tordi- ja koogikarbid, Kartongist koogikarbid. Materjal: kartong, OPP. Kaal: 0.03kg. M\u00f5\u00f5dud: 275 x 275 x 60 mm.","og_url":"https:\/\/lainekarp.ee\/en\/product\/koogikarp-6-aknaga-275x275x60\/","og_site_name":"Lainekarp","article_modified_time":"2026-04-10T00:00:30+00:00","og_image":[{"width":591,"height":640,"url":"https:\/\/lainekarp.ee\/wp-content\/uploads\/2024\/10\/KK6W.jpeg","type":"image\/jpeg"}],"twitter_card":"summary_large_image","twitter_misc":{"Est. reading time":"1 minute"},"schema":{"@context":"https:\/\/schema.org","@graph":[{"@type":"WebPage","@id":"https:\/\/lainekarp.ee\/toode\/koogikarp-6-aknaga-275x275x60\/","url":"https:\/\/lainekarp.ee\/toode\/koogikarp-6-aknaga-275x275x60\/","name":"Koogikarp 6 aknaga valge 275x275x60\/250 - Lainekarp","isPartOf":{"@id":"https:\/\/www.lainekarp.ee\/#website"},"primaryImageOfPage":{"@id":"https:\/\/lainekarp.ee\/toode\/koogikarp-6-aknaga-275x275x60\/#primaryimage"},"image":{"@id":"https:\/\/lainekarp.ee\/toode\/koogikarp-6-aknaga-275x275x60\/#primaryimage"},"thumbnailUrl":"https:\/\/lainekarp.ee\/wp-content\/uploads\/2024\/10\/KK6W.jpeg","datePublished":"2021-10-28T09:44:37+00:00","dateModified":"2026-04-10T00:00:30+00:00","description":"Koogikarp 6 aknaga 275x275x60. Tordi- ja koogikarbid, Kartongist koogikarbid. Materjal: kartong, OPP. Kaal: 0.03kg. M\u00f5\u00f5dud: 275 x 275 x 60 mm.","breadcrumb":{"@id":"https:\/\/lainekarp.ee\/toode\/koogikarp-6-aknaga-275x275x60\/#breadcrumb"},"inLanguage":"en-US","potentialAction":[{"@type":"ReadAction","target":["https:\/\/lainekarp.ee\/toode\/koogikarp-6-aknaga-275x275x60\/"]}]},{"@type":"ImageObject","inLanguage":"en-US","@id":"https:\/\/lainekarp.ee\/toode\/koogikarp-6-aknaga-275x275x60\/#primaryimage","url":"https:\/\/lainekarp.ee\/wp-content\/uploads\/2024\/10\/KK6W.jpeg","contentUrl":"https:\/\/lainekarp.ee\/wp-content\/uploads\/2024\/10\/KK6W.jpeg","width":591,"height":640,"caption":"KK6W"},{"@type":"BreadcrumbList","@id":"https:\/\/lainekarp.ee\/toode\/koogikarp-6-aknaga-275x275x60\/#breadcrumb","itemListElement":[{"@type":"ListItem","position":1,"name":"Home","item":"https:\/\/lainekarp.ee\/"},{"@type":"ListItem","position":2,"name":"Kataloog","item":"https:\/\/lainekarp.ee\/epood\/"},{"@type":"ListItem","position":3,"name":"Tordi- ja koogikarbid","item":"https:\/\/www.lainekarp.ee\/tootekategooria\/tordi-ja-koogikarbid\/"},{"@type":"ListItem","position":4,"name":"Kartongist koogikarbid","item":"https:\/\/lainekarp.ee\/tootekategooria\/tordi-ja-koogikarbid\/kartongist-koogikarbid\/"},{"@type":"ListItem","position":5,"name":"Koogikarp 6 aknaga valge 275x275x60\/250"}]},{"@type":"WebSite","@id":"https:\/\/www.lainekarp.ee\/#website","url":"https:\/\/www.lainekarp.ee\/","name":"Lainekarp","description":"","potentialAction":[{"@type":"SearchAction","target":{"@type":"EntryPoint","urlTemplate":"https:\/\/www.lainekarp.ee\/?s={search_term_string}"},"query-input":{"@type":"PropertyValueSpecification","valueRequired":true,"valueName":"search_term_string"}}],"inLanguage":"en-US"}]}},"_links":{"self":[{"href":"https:\/\/lainekarp.ee\/en\/wp-json\/wp\/v2\/product\/2152","targetHints":{"allow":["GET"]}}],"collection":[{"href":"https:\/\/lainekarp.ee\/en\/wp-json\/wp\/v2\/product"}],"about":[{"href":"https:\/\/lainekarp.ee\/en\/wp-json\/wp\/v2\/types\/product"}],"version-history":[{"count":1,"href":"https:\/\/lainekarp.ee\/en\/wp-json\/wp\/v2\/product\/2152\/revisions"}],"predecessor-version":[{"id":15671,"href":"https:\/\/lainekarp.ee\/en\/wp-json\/wp\/v2\/product\/2152\/revisions\/15671"}],"wp:featuredmedia":[{"embeddable":true,"href":"https:\/\/lainekarp.ee\/en\/wp-json\/wp\/v2\/media\/15858"}],"wp:attachment":[{"href":"https:\/\/lainekarp.ee\/en\/wp-json\/wp\/v2\/media?parent=2152"}],"wp:term":[{"taxonomy":"product_brand","embeddable":true,"href":"https:\/\/lainekarp.ee\/en\/wp-json\/wp\/v2\/product_brand?post=2152"},{"taxonomy":"product_cat","embeddable":true,"href":"https:\/\/lainekarp.ee\/en\/wp-json\/wp\/v2\/product_cat?post=2152"},{"taxonomy":"product_tag","embeddable":true,"href":"https:\/\/lainekarp.ee\/en\/wp-json\/wp\/v2\/product_tag?post=2152"}],"curies":[{"name":"wp","href":"https:\/\/api.w.org\/{rel}","templated":true}]}}