{"id":2163,"date":"2021-10-28T11:44:38","date_gmt":"2021-10-28T09:44:38","guid":{"rendered":"https:\/\/uus.lainekarp.ee\/product\/rest-16-muffinile-ml353511\/"},"modified":"2026-04-24T02:00:46","modified_gmt":"2026-04-24T00:00:46","slug":"rest-16-muffinile-ml353511","status":"publish","type":"product","link":"https:\/\/lainekarp.ee\/en\/product\/rest-16-muffinile-ml353511\/","title":{"rendered":"Rest 16 muffinile (ML353511)"},"content":{"rendered":"","protected":false},"excerpt":{"rendered":"<p>Mikrolainepapist rest 16-le muffinile. Praktiline ja vastupidav kartongist rest, mis on m\u00f5eldud 16 muffinile. Sobib suurep\u00e4raselt k\u00fcpsetiste serveerimiseks, transportimiseks v\u00f5i pakendamiseks, hoides iga muffini kindlalt paigal ja v\u00e4ltides liikumist. Ideaalne kasutamiseks pagarit\u00f6\u00f6kodades, kohvikutes v\u00f5i kodustes tingimustes. Sobib karpi ML353511<\/p>","protected":false},"featured_media":18264,"template":"","meta":{"_acf_changed":false},"product_brand":[],"product_cat":[657],"product_tag":[],"class_list":{"0":"post-2163","1":"product","2":"type-product","3":"status-publish","4":"has-post-thumbnail","6":"product_cat-restid","8":"first","9":"instock","10":"taxable","11":"shipping-taxable","12":"purchasable","13":"product-type-simple"},"acf":[],"yoast_head":"<!-- This site is optimized with the Yoast SEO plugin v27.5 - https:\/\/yoast.com\/product\/yoast-seo-wordpress\/ -->\n<title>Rest 16 muffinile (ML353511) - Lainekarp<\/title>\n<meta name=\"description\" content=\"Rest 16 muffinile (ML353511). Alused ja sisud, Restid. Materjal: kartong.\" \/>\n<meta name=\"robots\" content=\"index, follow, max-snippet:-1, max-image-preview:large, max-video-preview:-1\" \/>\n<link rel=\"canonical\" href=\"https:\/\/lainekarp.ee\/en\/product\/rest-16-muffinile-ml353511\/\" \/>\n<meta property=\"og:locale\" content=\"en_US\" \/>\n<meta property=\"og:type\" content=\"article\" \/>\n<meta property=\"og:title\" content=\"Rest 16 muffinile (ML353511) - Lainekarp\" \/>\n<meta property=\"og:description\" content=\"Rest 16 muffinile (ML353511). Alused ja sisud, Restid. Materjal: kartong.\" \/>\n<meta property=\"og:url\" content=\"https:\/\/lainekarp.ee\/en\/product\/rest-16-muffinile-ml353511\/\" \/>\n<meta property=\"og:site_name\" content=\"Lainekarp\" \/>\n<meta property=\"article:modified_time\" content=\"2026-04-24T00:00:46+00:00\" \/>\n<meta property=\"og:image\" content=\"https:\/\/lainekarp.ee\/wp-content\/uploads\/2025\/06\/K353511RE-1.jpg\" \/>\n\t<meta property=\"og:image:width\" content=\"861\" \/>\n\t<meta property=\"og:image:height\" content=\"1000\" \/>\n\t<meta property=\"og:image:type\" content=\"image\/jpeg\" \/>\n<meta name=\"twitter:card\" content=\"summary_large_image\" \/>\n<script type=\"application\/ld+json\" class=\"yoast-schema-graph\">{\"@context\":\"https:\\\/\\\/schema.org\",\"@graph\":[{\"@type\":\"WebPage\",\"@id\":\"https:\\\/\\\/lainekarp.ee\\\/toode\\\/rest-16-muffinile-ml353511\\\/\",\"url\":\"https:\\\/\\\/lainekarp.ee\\\/toode\\\/rest-16-muffinile-ml353511\\\/\",\"name\":\"Rest 16 muffinile (ML353511) - Lainekarp\",\"isPartOf\":{\"@id\":\"https:\\\/\\\/www.lainekarp.ee\\\/#website\"},\"primaryImageOfPage\":{\"@id\":\"https:\\\/\\\/lainekarp.ee\\\/toode\\\/rest-16-muffinile-ml353511\\\/#primaryimage\"},\"image\":{\"@id\":\"https:\\\/\\\/lainekarp.ee\\\/toode\\\/rest-16-muffinile-ml353511\\\/#primaryimage\"},\"thumbnailUrl\":\"https:\\\/\\\/lainekarp.ee\\\/wp-content\\\/uploads\\\/2025\\\/06\\\/K353511RE-1.jpg\",\"datePublished\":\"2021-10-28T09:44:38+00:00\",\"dateModified\":\"2026-04-24T00:00:46+00:00\",\"description\":\"Rest 16 muffinile (ML353511). Alused ja sisud, Restid. Materjal: kartong.\",\"breadcrumb\":{\"@id\":\"https:\\\/\\\/lainekarp.ee\\\/toode\\\/rest-16-muffinile-ml353511\\\/#breadcrumb\"},\"inLanguage\":\"en-US\",\"potentialAction\":[{\"@type\":\"ReadAction\",\"target\":[\"https:\\\/\\\/lainekarp.ee\\\/toode\\\/rest-16-muffinile-ml353511\\\/\"]}]},{\"@type\":\"ImageObject\",\"inLanguage\":\"en-US\",\"@id\":\"https:\\\/\\\/lainekarp.ee\\\/toode\\\/rest-16-muffinile-ml353511\\\/#primaryimage\",\"url\":\"https:\\\/\\\/lainekarp.ee\\\/wp-content\\\/uploads\\\/2025\\\/06\\\/K353511RE-1.jpg\",\"contentUrl\":\"https:\\\/\\\/lainekarp.ee\\\/wp-content\\\/uploads\\\/2025\\\/06\\\/K353511RE-1.jpg\",\"width\":861,\"height\":1000,\"caption\":\"K353511RE-1\"},{\"@type\":\"BreadcrumbList\",\"@id\":\"https:\\\/\\\/lainekarp.ee\\\/toode\\\/rest-16-muffinile-ml353511\\\/#breadcrumb\",\"itemListElement\":[{\"@type\":\"ListItem\",\"position\":1,\"name\":\"Home\",\"item\":\"https:\\\/\\\/lainekarp.ee\\\/\"},{\"@type\":\"ListItem\",\"position\":2,\"name\":\"Kataloog\",\"item\":\"https:\\\/\\\/lainekarp.ee\\\/epood\\\/\"},{\"@type\":\"ListItem\",\"position\":3,\"name\":\"Alused ja sisud\",\"item\":\"https:\\\/\\\/lainekarp.ee\\\/tootekategooria\\\/alused-ja-sisud\\\/\"},{\"@type\":\"ListItem\",\"position\":4,\"name\":\"Restid\",\"item\":\"https:\\\/\\\/lainekarp.ee\\\/tootekategooria\\\/alused-ja-sisud\\\/restid\\\/\"},{\"@type\":\"ListItem\",\"position\":5,\"name\":\"Rest 16 muffinile (ML353511)\"}]},{\"@type\":\"WebSite\",\"@id\":\"https:\\\/\\\/www.lainekarp.ee\\\/#website\",\"url\":\"https:\\\/\\\/www.lainekarp.ee\\\/\",\"name\":\"Lainekarp\",\"description\":\"\",\"potentialAction\":[{\"@type\":\"SearchAction\",\"target\":{\"@type\":\"EntryPoint\",\"urlTemplate\":\"https:\\\/\\\/www.lainekarp.ee\\\/?s={search_term_string}\"},\"query-input\":{\"@type\":\"PropertyValueSpecification\",\"valueRequired\":true,\"valueName\":\"search_term_string\"}}],\"inLanguage\":\"en-US\"}]}<\/script>\n<!-- \/ Yoast SEO plugin. -->","yoast_head_json":{"title":"Rest 16 muffinile (ML353511) - Lainekarp","description":"Rest 16 muffinile (ML353511). Alused ja sisud, Restid. Materjal: kartong.","robots":{"index":"index","follow":"follow","max-snippet":"max-snippet:-1","max-image-preview":"max-image-preview:large","max-video-preview":"max-video-preview:-1"},"canonical":"https:\/\/lainekarp.ee\/en\/product\/rest-16-muffinile-ml353511\/","og_locale":"en_US","og_type":"article","og_title":"Rest 16 muffinile (ML353511) - Lainekarp","og_description":"Rest 16 muffinile (ML353511). Alused ja sisud, Restid. Materjal: kartong.","og_url":"https:\/\/lainekarp.ee\/en\/product\/rest-16-muffinile-ml353511\/","og_site_name":"Lainekarp","article_modified_time":"2026-04-24T00:00:46+00:00","og_image":[{"width":861,"height":1000,"url":"https:\/\/lainekarp.ee\/wp-content\/uploads\/2025\/06\/K353511RE-1.jpg","type":"image\/jpeg"}],"twitter_card":"summary_large_image","schema":{"@context":"https:\/\/schema.org","@graph":[{"@type":"WebPage","@id":"https:\/\/lainekarp.ee\/toode\/rest-16-muffinile-ml353511\/","url":"https:\/\/lainekarp.ee\/toode\/rest-16-muffinile-ml353511\/","name":"Rest 16 muffinile (ML353511) - Lainekarp","isPartOf":{"@id":"https:\/\/www.lainekarp.ee\/#website"},"primaryImageOfPage":{"@id":"https:\/\/lainekarp.ee\/toode\/rest-16-muffinile-ml353511\/#primaryimage"},"image":{"@id":"https:\/\/lainekarp.ee\/toode\/rest-16-muffinile-ml353511\/#primaryimage"},"thumbnailUrl":"https:\/\/lainekarp.ee\/wp-content\/uploads\/2025\/06\/K353511RE-1.jpg","datePublished":"2021-10-28T09:44:38+00:00","dateModified":"2026-04-24T00:00:46+00:00","description":"Rest 16 muffinile (ML353511). Alused ja sisud, Restid. Materjal: kartong.","breadcrumb":{"@id":"https:\/\/lainekarp.ee\/toode\/rest-16-muffinile-ml353511\/#breadcrumb"},"inLanguage":"en-US","potentialAction":[{"@type":"ReadAction","target":["https:\/\/lainekarp.ee\/toode\/rest-16-muffinile-ml353511\/"]}]},{"@type":"ImageObject","inLanguage":"en-US","@id":"https:\/\/lainekarp.ee\/toode\/rest-16-muffinile-ml353511\/#primaryimage","url":"https:\/\/lainekarp.ee\/wp-content\/uploads\/2025\/06\/K353511RE-1.jpg","contentUrl":"https:\/\/lainekarp.ee\/wp-content\/uploads\/2025\/06\/K353511RE-1.jpg","width":861,"height":1000,"caption":"K353511RE-1"},{"@type":"BreadcrumbList","@id":"https:\/\/lainekarp.ee\/toode\/rest-16-muffinile-ml353511\/#breadcrumb","itemListElement":[{"@type":"ListItem","position":1,"name":"Home","item":"https:\/\/lainekarp.ee\/"},{"@type":"ListItem","position":2,"name":"Kataloog","item":"https:\/\/lainekarp.ee\/epood\/"},{"@type":"ListItem","position":3,"name":"Alused ja sisud","item":"https:\/\/lainekarp.ee\/tootekategooria\/alused-ja-sisud\/"},{"@type":"ListItem","position":4,"name":"Restid","item":"https:\/\/lainekarp.ee\/tootekategooria\/alused-ja-sisud\/restid\/"},{"@type":"ListItem","position":5,"name":"Rest 16 muffinile (ML353511)"}]},{"@type":"WebSite","@id":"https:\/\/www.lainekarp.ee\/#website","url":"https:\/\/www.lainekarp.ee\/","name":"Lainekarp","description":"","potentialAction":[{"@type":"SearchAction","target":{"@type":"EntryPoint","urlTemplate":"https:\/\/www.lainekarp.ee\/?s={search_term_string}"},"query-input":{"@type":"PropertyValueSpecification","valueRequired":true,"valueName":"search_term_string"}}],"inLanguage":"en-US"}]}},"_links":{"self":[{"href":"https:\/\/lainekarp.ee\/en\/wp-json\/wp\/v2\/product\/2163","targetHints":{"allow":["GET"]}}],"collection":[{"href":"https:\/\/lainekarp.ee\/en\/wp-json\/wp\/v2\/product"}],"about":[{"href":"https:\/\/lainekarp.ee\/en\/wp-json\/wp\/v2\/types\/product"}],"version-history":[{"count":2,"href":"https:\/\/lainekarp.ee\/en\/wp-json\/wp\/v2\/product\/2163\/revisions"}],"predecessor-version":[{"id":19668,"href":"https:\/\/lainekarp.ee\/en\/wp-json\/wp\/v2\/product\/2163\/revisions\/19668"}],"wp:featuredmedia":[{"embeddable":true,"href":"https:\/\/lainekarp.ee\/en\/wp-json\/wp\/v2\/media\/18264"}],"wp:attachment":[{"href":"https:\/\/lainekarp.ee\/en\/wp-json\/wp\/v2\/media?parent=2163"}],"wp:term":[{"taxonomy":"product_brand","embeddable":true,"href":"https:\/\/lainekarp.ee\/en\/wp-json\/wp\/v2\/product_brand?post=2163"},{"taxonomy":"product_cat","embeddable":true,"href":"https:\/\/lainekarp.ee\/en\/wp-json\/wp\/v2\/product_cat?post=2163"},{"taxonomy":"product_tag","embeddable":true,"href":"https:\/\/lainekarp.ee\/en\/wp-json\/wp\/v2\/product_tag?post=2163"}],"curies":[{"name":"wp","href":"https:\/\/api.w.org\/{rel}","templated":true}]}}