{"id":2242,"date":"2021-10-28T11:44:45","date_gmt":"2021-10-28T09:44:45","guid":{"rendered":"https:\/\/uus.lainekarp.ee\/product\/koogikarp-rk-joulutrukiga-180x105x85\/"},"modified":"2026-04-17T13:56:11","modified_gmt":"2026-04-17T11:56:11","slug":"koogikarp-rk-joulutrukiga-180x105x85","status":"publish","type":"product","link":"https:\/\/lainekarp.ee\/en\/product\/koogikarp-rk-joulutrukiga-180x105x85\/","title":{"rendered":"Koogikarp RK J\u00f5ulutr\u00fckiga 185x105x85\/320"},"content":{"rendered":"","protected":false},"excerpt":{"rendered":"<p>Automaatp\u00f5hjaga \u00fcheosaline aknaga kartongist j\u00f5uluteemaline koogikarp. Kogus kastis 320tk<\/p>","protected":false},"featured_media":11519,"template":"","meta":{"_acf_changed":false},"product_brand":[],"product_cat":[683],"product_tag":[],"class_list":{"0":"post-2242","1":"product","2":"type-product","3":"status-publish","4":"has-post-thumbnail","6":"product_cat-tahtpaevad","8":"first","9":"instock","10":"taxable","11":"shipping-taxable","12":"purchasable","13":"product-type-simple"},"acf":[],"yoast_head":"<!-- This site is optimized with the Yoast SEO plugin v27.3 - https:\/\/yoast.com\/product\/yoast-seo-wordpress\/ -->\n<title>Koogikarp RK J\u00f5ulutr\u00fckiga 185x105x85\/320 - Lainekarp<\/title>\n<meta name=\"description\" content=\"Koogikarp RK J\u00f5ulutr\u00fckiga 180x105x85. Tordi- ja koogikarbid, Kartongist koogikarbid. Materjal: kartong. Kaal: 0kg. M\u00f5\u00f5dud: 180 x 105 x 85 mm.\" \/>\n<meta name=\"robots\" content=\"index, follow, max-snippet:-1, max-image-preview:large, max-video-preview:-1\" \/>\n<link rel=\"canonical\" href=\"https:\/\/lainekarp.ee\/en\/product\/koogikarp-rk-joulutrukiga-180x105x85\/\" \/>\n<meta property=\"og:locale\" content=\"en_US\" \/>\n<meta property=\"og:type\" content=\"article\" \/>\n<meta property=\"og:title\" content=\"Koogikarp RK J\u00f5ulutr\u00fckiga 185x105x85\/320 - Lainekarp\" \/>\n<meta property=\"og:description\" content=\"Koogikarp RK J\u00f5ulutr\u00fckiga 180x105x85. Tordi- ja koogikarbid, Kartongist koogikarbid. Materjal: kartong. Kaal: 0kg. M\u00f5\u00f5dud: 180 x 105 x 85 mm.\" \/>\n<meta property=\"og:url\" content=\"https:\/\/lainekarp.ee\/en\/product\/koogikarp-rk-joulutrukiga-180x105x85\/\" \/>\n<meta property=\"og:site_name\" content=\"Lainekarp\" \/>\n<meta property=\"article:modified_time\" content=\"2026-04-17T11:56:11+00:00\" \/>\n<meta property=\"og:image\" content=\"https:\/\/lainekarp.ee\/wp-content\/uploads\/2022\/09\/KK185RJ.jpg\" \/>\n\t<meta property=\"og:image:width\" content=\"901\" \/>\n\t<meta property=\"og:image:height\" content=\"1000\" \/>\n\t<meta property=\"og:image:type\" content=\"image\/jpeg\" \/>\n<meta name=\"twitter:card\" content=\"summary_large_image\" \/>\n<script type=\"application\/ld+json\" class=\"yoast-schema-graph\">{\"@context\":\"https:\\\/\\\/schema.org\",\"@graph\":[{\"@type\":\"WebPage\",\"@id\":\"https:\\\/\\\/lainekarp.ee\\\/toode\\\/koogikarp-rk-joulutrukiga-180x105x85\\\/\",\"url\":\"https:\\\/\\\/lainekarp.ee\\\/toode\\\/koogikarp-rk-joulutrukiga-180x105x85\\\/\",\"name\":\"Koogikarp RK J\u00f5ulutr\u00fckiga 185x105x85\\\/320 - Lainekarp\",\"isPartOf\":{\"@id\":\"https:\\\/\\\/www.lainekarp.ee\\\/#website\"},\"primaryImageOfPage\":{\"@id\":\"https:\\\/\\\/lainekarp.ee\\\/toode\\\/koogikarp-rk-joulutrukiga-180x105x85\\\/#primaryimage\"},\"image\":{\"@id\":\"https:\\\/\\\/lainekarp.ee\\\/toode\\\/koogikarp-rk-joulutrukiga-180x105x85\\\/#primaryimage\"},\"thumbnailUrl\":\"https:\\\/\\\/lainekarp.ee\\\/wp-content\\\/uploads\\\/2022\\\/09\\\/KK185RJ.jpg\",\"datePublished\":\"2021-10-28T09:44:45+00:00\",\"dateModified\":\"2026-04-17T11:56:11+00:00\",\"description\":\"Koogikarp RK J\u00f5ulutr\u00fckiga 180x105x85. Tordi- ja koogikarbid, Kartongist koogikarbid. Materjal: kartong. Kaal: 0kg. M\u00f5\u00f5dud: 180 x 105 x 85 mm.\",\"breadcrumb\":{\"@id\":\"https:\\\/\\\/lainekarp.ee\\\/toode\\\/koogikarp-rk-joulutrukiga-180x105x85\\\/#breadcrumb\"},\"inLanguage\":\"en-US\",\"potentialAction\":[{\"@type\":\"ReadAction\",\"target\":[\"https:\\\/\\\/lainekarp.ee\\\/toode\\\/koogikarp-rk-joulutrukiga-180x105x85\\\/\"]}]},{\"@type\":\"ImageObject\",\"inLanguage\":\"en-US\",\"@id\":\"https:\\\/\\\/lainekarp.ee\\\/toode\\\/koogikarp-rk-joulutrukiga-180x105x85\\\/#primaryimage\",\"url\":\"https:\\\/\\\/lainekarp.ee\\\/wp-content\\\/uploads\\\/2022\\\/09\\\/KK185RJ.jpg\",\"contentUrl\":\"https:\\\/\\\/lainekarp.ee\\\/wp-content\\\/uploads\\\/2022\\\/09\\\/KK185RJ.jpg\",\"width\":901,\"height\":1000,\"caption\":\"KK185RJ\"},{\"@type\":\"BreadcrumbList\",\"@id\":\"https:\\\/\\\/lainekarp.ee\\\/toode\\\/koogikarp-rk-joulutrukiga-180x105x85\\\/#breadcrumb\",\"itemListElement\":[{\"@type\":\"ListItem\",\"position\":1,\"name\":\"Home\",\"item\":\"https:\\\/\\\/lainekarp.ee\\\/\"},{\"@type\":\"ListItem\",\"position\":2,\"name\":\"Kataloog\",\"item\":\"https:\\\/\\\/lainekarp.ee\\\/epood\\\/\"},{\"@type\":\"ListItem\",\"position\":3,\"name\":\"T\u00e4htp\u00e4evad\",\"item\":\"https:\\\/\\\/lainekarp.ee\\\/tootekategooria\\\/tahtpaevad\\\/\"},{\"@type\":\"ListItem\",\"position\":4,\"name\":\"Koogikarp RK J\u00f5ulutr\u00fckiga 185x105x85\\\/320\"}]},{\"@type\":\"WebSite\",\"@id\":\"https:\\\/\\\/www.lainekarp.ee\\\/#website\",\"url\":\"https:\\\/\\\/www.lainekarp.ee\\\/\",\"name\":\"Lainekarp\",\"description\":\"\",\"potentialAction\":[{\"@type\":\"SearchAction\",\"target\":{\"@type\":\"EntryPoint\",\"urlTemplate\":\"https:\\\/\\\/www.lainekarp.ee\\\/?s={search_term_string}\"},\"query-input\":{\"@type\":\"PropertyValueSpecification\",\"valueRequired\":true,\"valueName\":\"search_term_string\"}}],\"inLanguage\":\"en-US\"}]}<\/script>\n<!-- \/ Yoast SEO plugin. -->","yoast_head_json":{"title":"Koogikarp RK J\u00f5ulutr\u00fckiga 185x105x85\/320 - Lainekarp","description":"Koogikarp RK J\u00f5ulutr\u00fckiga 180x105x85. Tordi- ja koogikarbid, Kartongist koogikarbid. Materjal: kartong. Kaal: 0kg. M\u00f5\u00f5dud: 180 x 105 x 85 mm.","robots":{"index":"index","follow":"follow","max-snippet":"max-snippet:-1","max-image-preview":"max-image-preview:large","max-video-preview":"max-video-preview:-1"},"canonical":"https:\/\/lainekarp.ee\/en\/product\/koogikarp-rk-joulutrukiga-180x105x85\/","og_locale":"en_US","og_type":"article","og_title":"Koogikarp RK J\u00f5ulutr\u00fckiga 185x105x85\/320 - Lainekarp","og_description":"Koogikarp RK J\u00f5ulutr\u00fckiga 180x105x85. Tordi- ja koogikarbid, Kartongist koogikarbid. Materjal: kartong. Kaal: 0kg. M\u00f5\u00f5dud: 180 x 105 x 85 mm.","og_url":"https:\/\/lainekarp.ee\/en\/product\/koogikarp-rk-joulutrukiga-180x105x85\/","og_site_name":"Lainekarp","article_modified_time":"2026-04-17T11:56:11+00:00","og_image":[{"width":901,"height":1000,"url":"https:\/\/lainekarp.ee\/wp-content\/uploads\/2022\/09\/KK185RJ.jpg","type":"image\/jpeg"}],"twitter_card":"summary_large_image","schema":{"@context":"https:\/\/schema.org","@graph":[{"@type":"WebPage","@id":"https:\/\/lainekarp.ee\/toode\/koogikarp-rk-joulutrukiga-180x105x85\/","url":"https:\/\/lainekarp.ee\/toode\/koogikarp-rk-joulutrukiga-180x105x85\/","name":"Koogikarp RK J\u00f5ulutr\u00fckiga 185x105x85\/320 - Lainekarp","isPartOf":{"@id":"https:\/\/www.lainekarp.ee\/#website"},"primaryImageOfPage":{"@id":"https:\/\/lainekarp.ee\/toode\/koogikarp-rk-joulutrukiga-180x105x85\/#primaryimage"},"image":{"@id":"https:\/\/lainekarp.ee\/toode\/koogikarp-rk-joulutrukiga-180x105x85\/#primaryimage"},"thumbnailUrl":"https:\/\/lainekarp.ee\/wp-content\/uploads\/2022\/09\/KK185RJ.jpg","datePublished":"2021-10-28T09:44:45+00:00","dateModified":"2026-04-17T11:56:11+00:00","description":"Koogikarp RK J\u00f5ulutr\u00fckiga 180x105x85. Tordi- ja koogikarbid, Kartongist koogikarbid. Materjal: kartong. Kaal: 0kg. M\u00f5\u00f5dud: 180 x 105 x 85 mm.","breadcrumb":{"@id":"https:\/\/lainekarp.ee\/toode\/koogikarp-rk-joulutrukiga-180x105x85\/#breadcrumb"},"inLanguage":"en-US","potentialAction":[{"@type":"ReadAction","target":["https:\/\/lainekarp.ee\/toode\/koogikarp-rk-joulutrukiga-180x105x85\/"]}]},{"@type":"ImageObject","inLanguage":"en-US","@id":"https:\/\/lainekarp.ee\/toode\/koogikarp-rk-joulutrukiga-180x105x85\/#primaryimage","url":"https:\/\/lainekarp.ee\/wp-content\/uploads\/2022\/09\/KK185RJ.jpg","contentUrl":"https:\/\/lainekarp.ee\/wp-content\/uploads\/2022\/09\/KK185RJ.jpg","width":901,"height":1000,"caption":"KK185RJ"},{"@type":"BreadcrumbList","@id":"https:\/\/lainekarp.ee\/toode\/koogikarp-rk-joulutrukiga-180x105x85\/#breadcrumb","itemListElement":[{"@type":"ListItem","position":1,"name":"Home","item":"https:\/\/lainekarp.ee\/"},{"@type":"ListItem","position":2,"name":"Kataloog","item":"https:\/\/lainekarp.ee\/epood\/"},{"@type":"ListItem","position":3,"name":"T\u00e4htp\u00e4evad","item":"https:\/\/lainekarp.ee\/tootekategooria\/tahtpaevad\/"},{"@type":"ListItem","position":4,"name":"Koogikarp RK J\u00f5ulutr\u00fckiga 185x105x85\/320"}]},{"@type":"WebSite","@id":"https:\/\/www.lainekarp.ee\/#website","url":"https:\/\/www.lainekarp.ee\/","name":"Lainekarp","description":"","potentialAction":[{"@type":"SearchAction","target":{"@type":"EntryPoint","urlTemplate":"https:\/\/www.lainekarp.ee\/?s={search_term_string}"},"query-input":{"@type":"PropertyValueSpecification","valueRequired":true,"valueName":"search_term_string"}}],"inLanguage":"en-US"}]}},"_links":{"self":[{"href":"https:\/\/lainekarp.ee\/en\/wp-json\/wp\/v2\/product\/2242","targetHints":{"allow":["GET"]}}],"collection":[{"href":"https:\/\/lainekarp.ee\/en\/wp-json\/wp\/v2\/product"}],"about":[{"href":"https:\/\/lainekarp.ee\/en\/wp-json\/wp\/v2\/types\/product"}],"version-history":[{"count":1,"href":"https:\/\/lainekarp.ee\/en\/wp-json\/wp\/v2\/product\/2242\/revisions"}],"predecessor-version":[{"id":17228,"href":"https:\/\/lainekarp.ee\/en\/wp-json\/wp\/v2\/product\/2242\/revisions\/17228"}],"wp:featuredmedia":[{"embeddable":true,"href":"https:\/\/lainekarp.ee\/en\/wp-json\/wp\/v2\/media\/11519"}],"wp:attachment":[{"href":"https:\/\/lainekarp.ee\/en\/wp-json\/wp\/v2\/media?parent=2242"}],"wp:term":[{"taxonomy":"product_brand","embeddable":true,"href":"https:\/\/lainekarp.ee\/en\/wp-json\/wp\/v2\/product_brand?post=2242"},{"taxonomy":"product_cat","embeddable":true,"href":"https:\/\/lainekarp.ee\/en\/wp-json\/wp\/v2\/product_cat?post=2242"},{"taxonomy":"product_tag","embeddable":true,"href":"https:\/\/lainekarp.ee\/en\/wp-json\/wp\/v2\/product_tag?post=2242"}],"curies":[{"name":"wp","href":"https:\/\/api.w.org\/{rel}","templated":true}]}}