{"id":2307,"date":"2021-10-28T11:44:51","date_gmt":"2021-10-28T09:44:51","guid":{"rendered":"https:\/\/uus.lainekarp.ee\/product\/koogikarp-2-aknaga-joulutrukiga\/"},"modified":"2026-04-17T13:56:11","modified_gmt":"2026-04-17T11:56:11","slug":"koogikarp-2-aknaga-joulutrukiga","status":"publish","type":"product","link":"https:\/\/lainekarp.ee\/en\/product\/koogikarp-2-aknaga-joulutrukiga\/","title":{"rendered":"Koogikarp 2 aknaga J\u00f5ulutr\u00fckiga 205x145x60\/250"},"content":{"rendered":"","protected":false},"excerpt":{"rendered":"<p>J\u00f5uliutr\u00fckiga koogikarp koosneb kahest lehest. KK2WJ sobib ainult kaane pooleks. P\u00f5hja pooleks sobivad KK2KKI, KK2KI ja KK2PREP. Erinevaid kombineerimisv\u00f5imalusi leiad: SELLE TOOTEGA \u00dcHILDUVAD KA&#8230; Kogus pakis 250tk<\/p>","protected":false},"featured_media":11936,"template":"","meta":{"_acf_changed":false},"product_brand":[],"product_cat":[683],"product_tag":[],"class_list":{"0":"post-2307","1":"product","2":"type-product","3":"status-publish","4":"has-post-thumbnail","6":"product_cat-tahtpaevad","8":"first","9":"instock","10":"taxable","11":"shipping-taxable","12":"purchasable","13":"product-type-simple"},"acf":[],"yoast_head":"<!-- This site is optimized with the Yoast SEO plugin v27.5 - https:\/\/yoast.com\/product\/yoast-seo-wordpress\/ -->\n<title>Koogikarp 2 aknaga J\u00f5ulutr\u00fckiga 205x145x60\/250 - Lainekarp<\/title>\n<meta name=\"description\" content=\"Koogikarp 2 aknaga J\u00f5ulutr\u00fckiga. Tordi- ja koogikarbid, Kartongist koogikarbid. Materjal: kartong, OPP.\" \/>\n<meta name=\"robots\" content=\"index, follow, max-snippet:-1, max-image-preview:large, max-video-preview:-1\" \/>\n<link rel=\"canonical\" href=\"https:\/\/lainekarp.ee\/en\/product\/koogikarp-2-aknaga-joulutrukiga\/\" \/>\n<meta property=\"og:locale\" content=\"en_US\" \/>\n<meta property=\"og:type\" content=\"article\" \/>\n<meta property=\"og:title\" content=\"Koogikarp 2 aknaga J\u00f5ulutr\u00fckiga 205x145x60\/250 - Lainekarp\" \/>\n<meta property=\"og:description\" content=\"Koogikarp 2 aknaga J\u00f5ulutr\u00fckiga. Tordi- ja koogikarbid, Kartongist koogikarbid. Materjal: kartong, OPP.\" \/>\n<meta property=\"og:url\" content=\"https:\/\/lainekarp.ee\/en\/product\/koogikarp-2-aknaga-joulutrukiga\/\" \/>\n<meta property=\"og:site_name\" content=\"Lainekarp\" \/>\n<meta property=\"article:modified_time\" content=\"2026-04-17T11:56:11+00:00\" \/>\n<meta property=\"og:image\" content=\"https:\/\/lainekarp.ee\/wp-content\/uploads\/2022\/11\/KK2WJ.jpeg\" \/>\n\t<meta property=\"og:image:width\" content=\"640\" \/>\n\t<meta property=\"og:image:height\" content=\"542\" \/>\n\t<meta property=\"og:image:type\" content=\"image\/jpeg\" \/>\n<meta name=\"twitter:card\" content=\"summary_large_image\" \/>\n<script type=\"application\/ld+json\" class=\"yoast-schema-graph\">{\"@context\":\"https:\\\/\\\/schema.org\",\"@graph\":[{\"@type\":\"WebPage\",\"@id\":\"https:\\\/\\\/lainekarp.ee\\\/toode\\\/koogikarp-2-aknaga-joulutrukiga\\\/\",\"url\":\"https:\\\/\\\/lainekarp.ee\\\/toode\\\/koogikarp-2-aknaga-joulutrukiga\\\/\",\"name\":\"Koogikarp 2 aknaga J\u00f5ulutr\u00fckiga 205x145x60\\\/250 - Lainekarp\",\"isPartOf\":{\"@id\":\"https:\\\/\\\/www.lainekarp.ee\\\/#website\"},\"primaryImageOfPage\":{\"@id\":\"https:\\\/\\\/lainekarp.ee\\\/toode\\\/koogikarp-2-aknaga-joulutrukiga\\\/#primaryimage\"},\"image\":{\"@id\":\"https:\\\/\\\/lainekarp.ee\\\/toode\\\/koogikarp-2-aknaga-joulutrukiga\\\/#primaryimage\"},\"thumbnailUrl\":\"https:\\\/\\\/lainekarp.ee\\\/wp-content\\\/uploads\\\/2022\\\/11\\\/KK2WJ.jpeg\",\"datePublished\":\"2021-10-28T09:44:51+00:00\",\"dateModified\":\"2026-04-17T11:56:11+00:00\",\"description\":\"Koogikarp 2 aknaga J\u00f5ulutr\u00fckiga. Tordi- ja koogikarbid, Kartongist koogikarbid. Materjal: kartong, OPP.\",\"breadcrumb\":{\"@id\":\"https:\\\/\\\/lainekarp.ee\\\/toode\\\/koogikarp-2-aknaga-joulutrukiga\\\/#breadcrumb\"},\"inLanguage\":\"en-US\",\"potentialAction\":[{\"@type\":\"ReadAction\",\"target\":[\"https:\\\/\\\/lainekarp.ee\\\/toode\\\/koogikarp-2-aknaga-joulutrukiga\\\/\"]}]},{\"@type\":\"ImageObject\",\"inLanguage\":\"en-US\",\"@id\":\"https:\\\/\\\/lainekarp.ee\\\/toode\\\/koogikarp-2-aknaga-joulutrukiga\\\/#primaryimage\",\"url\":\"https:\\\/\\\/lainekarp.ee\\\/wp-content\\\/uploads\\\/2022\\\/11\\\/KK2WJ.jpeg\",\"contentUrl\":\"https:\\\/\\\/lainekarp.ee\\\/wp-content\\\/uploads\\\/2022\\\/11\\\/KK2WJ.jpeg\",\"width\":640,\"height\":542,\"caption\":\"KK2WJ\"},{\"@type\":\"BreadcrumbList\",\"@id\":\"https:\\\/\\\/lainekarp.ee\\\/toode\\\/koogikarp-2-aknaga-joulutrukiga\\\/#breadcrumb\",\"itemListElement\":[{\"@type\":\"ListItem\",\"position\":1,\"name\":\"Home\",\"item\":\"https:\\\/\\\/lainekarp.ee\\\/\"},{\"@type\":\"ListItem\",\"position\":2,\"name\":\"Kataloog\",\"item\":\"https:\\\/\\\/lainekarp.ee\\\/epood\\\/\"},{\"@type\":\"ListItem\",\"position\":3,\"name\":\"T\u00e4htp\u00e4evad\",\"item\":\"https:\\\/\\\/lainekarp.ee\\\/tootekategooria\\\/tahtpaevad\\\/\"},{\"@type\":\"ListItem\",\"position\":4,\"name\":\"Koogikarp 2 aknaga J\u00f5ulutr\u00fckiga 205x145x60\\\/250\"}]},{\"@type\":\"WebSite\",\"@id\":\"https:\\\/\\\/www.lainekarp.ee\\\/#website\",\"url\":\"https:\\\/\\\/www.lainekarp.ee\\\/\",\"name\":\"Lainekarp\",\"description\":\"\",\"potentialAction\":[{\"@type\":\"SearchAction\",\"target\":{\"@type\":\"EntryPoint\",\"urlTemplate\":\"https:\\\/\\\/www.lainekarp.ee\\\/?s={search_term_string}\"},\"query-input\":{\"@type\":\"PropertyValueSpecification\",\"valueRequired\":true,\"valueName\":\"search_term_string\"}}],\"inLanguage\":\"en-US\"}]}<\/script>\n<!-- \/ Yoast SEO plugin. -->","yoast_head_json":{"title":"Koogikarp 2 aknaga J\u00f5ulutr\u00fckiga 205x145x60\/250 - Lainekarp","description":"Koogikarp 2 aknaga J\u00f5ulutr\u00fckiga. Tordi- ja koogikarbid, Kartongist koogikarbid. Materjal: kartong, OPP.","robots":{"index":"index","follow":"follow","max-snippet":"max-snippet:-1","max-image-preview":"max-image-preview:large","max-video-preview":"max-video-preview:-1"},"canonical":"https:\/\/lainekarp.ee\/en\/product\/koogikarp-2-aknaga-joulutrukiga\/","og_locale":"en_US","og_type":"article","og_title":"Koogikarp 2 aknaga J\u00f5ulutr\u00fckiga 205x145x60\/250 - Lainekarp","og_description":"Koogikarp 2 aknaga J\u00f5ulutr\u00fckiga. Tordi- ja koogikarbid, Kartongist koogikarbid. Materjal: kartong, OPP.","og_url":"https:\/\/lainekarp.ee\/en\/product\/koogikarp-2-aknaga-joulutrukiga\/","og_site_name":"Lainekarp","article_modified_time":"2026-04-17T11:56:11+00:00","og_image":[{"width":640,"height":542,"url":"https:\/\/lainekarp.ee\/wp-content\/uploads\/2022\/11\/KK2WJ.jpeg","type":"image\/jpeg"}],"twitter_card":"summary_large_image","schema":{"@context":"https:\/\/schema.org","@graph":[{"@type":"WebPage","@id":"https:\/\/lainekarp.ee\/toode\/koogikarp-2-aknaga-joulutrukiga\/","url":"https:\/\/lainekarp.ee\/toode\/koogikarp-2-aknaga-joulutrukiga\/","name":"Koogikarp 2 aknaga J\u00f5ulutr\u00fckiga 205x145x60\/250 - Lainekarp","isPartOf":{"@id":"https:\/\/www.lainekarp.ee\/#website"},"primaryImageOfPage":{"@id":"https:\/\/lainekarp.ee\/toode\/koogikarp-2-aknaga-joulutrukiga\/#primaryimage"},"image":{"@id":"https:\/\/lainekarp.ee\/toode\/koogikarp-2-aknaga-joulutrukiga\/#primaryimage"},"thumbnailUrl":"https:\/\/lainekarp.ee\/wp-content\/uploads\/2022\/11\/KK2WJ.jpeg","datePublished":"2021-10-28T09:44:51+00:00","dateModified":"2026-04-17T11:56:11+00:00","description":"Koogikarp 2 aknaga J\u00f5ulutr\u00fckiga. Tordi- ja koogikarbid, Kartongist koogikarbid. Materjal: kartong, OPP.","breadcrumb":{"@id":"https:\/\/lainekarp.ee\/toode\/koogikarp-2-aknaga-joulutrukiga\/#breadcrumb"},"inLanguage":"en-US","potentialAction":[{"@type":"ReadAction","target":["https:\/\/lainekarp.ee\/toode\/koogikarp-2-aknaga-joulutrukiga\/"]}]},{"@type":"ImageObject","inLanguage":"en-US","@id":"https:\/\/lainekarp.ee\/toode\/koogikarp-2-aknaga-joulutrukiga\/#primaryimage","url":"https:\/\/lainekarp.ee\/wp-content\/uploads\/2022\/11\/KK2WJ.jpeg","contentUrl":"https:\/\/lainekarp.ee\/wp-content\/uploads\/2022\/11\/KK2WJ.jpeg","width":640,"height":542,"caption":"KK2WJ"},{"@type":"BreadcrumbList","@id":"https:\/\/lainekarp.ee\/toode\/koogikarp-2-aknaga-joulutrukiga\/#breadcrumb","itemListElement":[{"@type":"ListItem","position":1,"name":"Home","item":"https:\/\/lainekarp.ee\/"},{"@type":"ListItem","position":2,"name":"Kataloog","item":"https:\/\/lainekarp.ee\/epood\/"},{"@type":"ListItem","position":3,"name":"T\u00e4htp\u00e4evad","item":"https:\/\/lainekarp.ee\/tootekategooria\/tahtpaevad\/"},{"@type":"ListItem","position":4,"name":"Koogikarp 2 aknaga J\u00f5ulutr\u00fckiga 205x145x60\/250"}]},{"@type":"WebSite","@id":"https:\/\/www.lainekarp.ee\/#website","url":"https:\/\/www.lainekarp.ee\/","name":"Lainekarp","description":"","potentialAction":[{"@type":"SearchAction","target":{"@type":"EntryPoint","urlTemplate":"https:\/\/www.lainekarp.ee\/?s={search_term_string}"},"query-input":{"@type":"PropertyValueSpecification","valueRequired":true,"valueName":"search_term_string"}}],"inLanguage":"en-US"}]}},"_links":{"self":[{"href":"https:\/\/lainekarp.ee\/en\/wp-json\/wp\/v2\/product\/2307","targetHints":{"allow":["GET"]}}],"collection":[{"href":"https:\/\/lainekarp.ee\/en\/wp-json\/wp\/v2\/product"}],"about":[{"href":"https:\/\/lainekarp.ee\/en\/wp-json\/wp\/v2\/types\/product"}],"version-history":[{"count":0,"href":"https:\/\/lainekarp.ee\/en\/wp-json\/wp\/v2\/product\/2307\/revisions"}],"wp:featuredmedia":[{"embeddable":true,"href":"https:\/\/lainekarp.ee\/en\/wp-json\/wp\/v2\/media\/11936"}],"wp:attachment":[{"href":"https:\/\/lainekarp.ee\/en\/wp-json\/wp\/v2\/media?parent=2307"}],"wp:term":[{"taxonomy":"product_brand","embeddable":true,"href":"https:\/\/lainekarp.ee\/en\/wp-json\/wp\/v2\/product_brand?post=2307"},{"taxonomy":"product_cat","embeddable":true,"href":"https:\/\/lainekarp.ee\/en\/wp-json\/wp\/v2\/product_cat?post=2307"},{"taxonomy":"product_tag","embeddable":true,"href":"https:\/\/lainekarp.ee\/en\/wp-json\/wp\/v2\/product_tag?post=2307"}],"curies":[{"name":"wp","href":"https:\/\/api.w.org\/{rel}","templated":true}]}}