{"id":2410,"date":"2021-10-28T11:45:01","date_gmt":"2021-10-28T09:45:01","guid":{"rendered":"https:\/\/uus.lainekarp.ee\/product\/rest-univ-muffinile-kk1kikk2ki-kk3ki\/"},"modified":"2026-04-25T02:00:35","modified_gmt":"2026-04-25T00:00:35","slug":"rest-univ-muffinile-kk1kikk2ki-kk3ki","status":"publish","type":"product","link":"https:\/\/lainekarp.ee\/en\/product\/rest-univ-muffinile-kk1kikk2ki-kk3ki\/","title":{"rendered":"Rest univ. muffinile (KK1KI,KK2KI, KK3KI)\/250"},"content":{"rendered":"","protected":false},"excerpt":{"rendered":"<p>Kartongist rest 6-le muffinile. Praktiline ja vastupidav kartongist rest, mis on m\u00f5eldud 6 muffinile. Sobib suurep\u00e4raselt k\u00fcpsetiste serveerimiseks, transportimiseks v\u00f5i pakendamiseks, hoides iga muffini kindlalt paigal ja v\u00e4ltides liikumist. Ideaalne kasutamiseks pagarit\u00f6\u00f6kodades, kohvikutes v\u00f5i kodustes tingimustes. Olenevalt koogikarbist saab resti l\u00f5igata v\u00e4ikemaks (6 muffinit v\u00f5i 4 muffinit v\u00f5i 2 muffinit). KK3KI 6-le muffinile 250&#215;145 mm (kuni murdekohani). KK2KI 4-le muffinile 165&#215;145 mm (kuni murdekohani). KK1KI 2-le muffinile 85&#215;145 mm (kuni murdekohani). Kogus kastis 250tk..<\/p>","protected":false},"featured_media":9685,"template":"","meta":{"_acf_changed":false},"product_brand":[],"product_cat":[657],"product_tag":[],"class_list":{"0":"post-2410","1":"product","2":"type-product","3":"status-publish","4":"has-post-thumbnail","6":"product_cat-restid","8":"first","9":"instock","10":"taxable","11":"shipping-taxable","12":"purchasable","13":"product-type-simple"},"acf":[],"yoast_head":"<!-- This site is optimized with the Yoast SEO plugin v27.5 - https:\/\/yoast.com\/product\/yoast-seo-wordpress\/ -->\n<title>Rest univ. muffinile (KK1KI,KK2KI, KK3KI)\/250 - Lainekarp<\/title>\n<meta name=\"description\" content=\"Rest univ. muffinile (KK1KI,KK2KI, KK3KI). Alused ja sisud, Restid. Materjal: kartong.\" \/>\n<meta name=\"robots\" content=\"index, follow, max-snippet:-1, max-image-preview:large, max-video-preview:-1\" \/>\n<link rel=\"canonical\" href=\"https:\/\/lainekarp.ee\/en\/product\/rest-univ-muffinile-kk1kikk2ki-kk3ki\/\" \/>\n<meta property=\"og:locale\" content=\"en_US\" \/>\n<meta property=\"og:type\" content=\"article\" \/>\n<meta property=\"og:title\" content=\"Rest univ. muffinile (KK1KI,KK2KI, KK3KI)\/250 - Lainekarp\" \/>\n<meta property=\"og:description\" content=\"Rest univ. muffinile (KK1KI,KK2KI, KK3KI). Alused ja sisud, Restid. Materjal: kartong.\" \/>\n<meta property=\"og:url\" content=\"https:\/\/lainekarp.ee\/en\/product\/rest-univ-muffinile-kk1kikk2ki-kk3ki\/\" \/>\n<meta property=\"og:site_name\" content=\"Lainekarp\" \/>\n<meta property=\"article:modified_time\" content=\"2026-04-25T00:00:35+00:00\" \/>\n<meta property=\"og:image\" content=\"https:\/\/lainekarp.ee\/wp-content\/uploads\/2022\/05\/KK123RE-1.jpg\" \/>\n\t<meta property=\"og:image:width\" content=\"626\" \/>\n\t<meta property=\"og:image:height\" content=\"640\" \/>\n\t<meta property=\"og:image:type\" content=\"image\/jpeg\" \/>\n<meta name=\"twitter:card\" content=\"summary_large_image\" \/>\n<script type=\"application\/ld+json\" class=\"yoast-schema-graph\">{\"@context\":\"https:\\\/\\\/schema.org\",\"@graph\":[{\"@type\":\"WebPage\",\"@id\":\"https:\\\/\\\/lainekarp.ee\\\/toode\\\/rest-univ-muffinile-kk1kikk2ki-kk3ki\\\/\",\"url\":\"https:\\\/\\\/lainekarp.ee\\\/toode\\\/rest-univ-muffinile-kk1kikk2ki-kk3ki\\\/\",\"name\":\"Rest univ. muffinile (KK1KI,KK2KI, KK3KI)\\\/250 - Lainekarp\",\"isPartOf\":{\"@id\":\"https:\\\/\\\/www.lainekarp.ee\\\/#website\"},\"primaryImageOfPage\":{\"@id\":\"https:\\\/\\\/lainekarp.ee\\\/toode\\\/rest-univ-muffinile-kk1kikk2ki-kk3ki\\\/#primaryimage\"},\"image\":{\"@id\":\"https:\\\/\\\/lainekarp.ee\\\/toode\\\/rest-univ-muffinile-kk1kikk2ki-kk3ki\\\/#primaryimage\"},\"thumbnailUrl\":\"https:\\\/\\\/lainekarp.ee\\\/wp-content\\\/uploads\\\/2022\\\/05\\\/KK123RE-1.jpg\",\"datePublished\":\"2021-10-28T09:45:01+00:00\",\"dateModified\":\"2026-04-25T00:00:35+00:00\",\"description\":\"Rest univ. muffinile (KK1KI,KK2KI, KK3KI). Alused ja sisud, Restid. Materjal: kartong.\",\"breadcrumb\":{\"@id\":\"https:\\\/\\\/lainekarp.ee\\\/toode\\\/rest-univ-muffinile-kk1kikk2ki-kk3ki\\\/#breadcrumb\"},\"inLanguage\":\"en-US\",\"potentialAction\":[{\"@type\":\"ReadAction\",\"target\":[\"https:\\\/\\\/lainekarp.ee\\\/toode\\\/rest-univ-muffinile-kk1kikk2ki-kk3ki\\\/\"]}]},{\"@type\":\"ImageObject\",\"inLanguage\":\"en-US\",\"@id\":\"https:\\\/\\\/lainekarp.ee\\\/toode\\\/rest-univ-muffinile-kk1kikk2ki-kk3ki\\\/#primaryimage\",\"url\":\"https:\\\/\\\/lainekarp.ee\\\/wp-content\\\/uploads\\\/2022\\\/05\\\/KK123RE-1.jpg\",\"contentUrl\":\"https:\\\/\\\/lainekarp.ee\\\/wp-content\\\/uploads\\\/2022\\\/05\\\/KK123RE-1.jpg\",\"width\":626,\"height\":640,\"caption\":\"KK123RE-1\"},{\"@type\":\"BreadcrumbList\",\"@id\":\"https:\\\/\\\/lainekarp.ee\\\/toode\\\/rest-univ-muffinile-kk1kikk2ki-kk3ki\\\/#breadcrumb\",\"itemListElement\":[{\"@type\":\"ListItem\",\"position\":1,\"name\":\"Home\",\"item\":\"https:\\\/\\\/lainekarp.ee\\\/\"},{\"@type\":\"ListItem\",\"position\":2,\"name\":\"Kataloog\",\"item\":\"https:\\\/\\\/lainekarp.ee\\\/epood\\\/\"},{\"@type\":\"ListItem\",\"position\":3,\"name\":\"Alused ja sisud\",\"item\":\"https:\\\/\\\/lainekarp.ee\\\/tootekategooria\\\/alused-ja-sisud\\\/\"},{\"@type\":\"ListItem\",\"position\":4,\"name\":\"Restid\",\"item\":\"https:\\\/\\\/lainekarp.ee\\\/tootekategooria\\\/alused-ja-sisud\\\/restid\\\/\"},{\"@type\":\"ListItem\",\"position\":5,\"name\":\"Rest univ. muffinile (KK1KI,KK2KI, KK3KI)\\\/250\"}]},{\"@type\":\"WebSite\",\"@id\":\"https:\\\/\\\/www.lainekarp.ee\\\/#website\",\"url\":\"https:\\\/\\\/www.lainekarp.ee\\\/\",\"name\":\"Lainekarp\",\"description\":\"\",\"potentialAction\":[{\"@type\":\"SearchAction\",\"target\":{\"@type\":\"EntryPoint\",\"urlTemplate\":\"https:\\\/\\\/www.lainekarp.ee\\\/?s={search_term_string}\"},\"query-input\":{\"@type\":\"PropertyValueSpecification\",\"valueRequired\":true,\"valueName\":\"search_term_string\"}}],\"inLanguage\":\"en-US\"}]}<\/script>\n<!-- \/ Yoast SEO plugin. -->","yoast_head_json":{"title":"Rest univ. muffinile (KK1KI,KK2KI, KK3KI)\/250 - Lainekarp","description":"Rest univ. muffinile (KK1KI,KK2KI, KK3KI). Alused ja sisud, Restid. Materjal: kartong.","robots":{"index":"index","follow":"follow","max-snippet":"max-snippet:-1","max-image-preview":"max-image-preview:large","max-video-preview":"max-video-preview:-1"},"canonical":"https:\/\/lainekarp.ee\/en\/product\/rest-univ-muffinile-kk1kikk2ki-kk3ki\/","og_locale":"en_US","og_type":"article","og_title":"Rest univ. muffinile (KK1KI,KK2KI, KK3KI)\/250 - Lainekarp","og_description":"Rest univ. muffinile (KK1KI,KK2KI, KK3KI). Alused ja sisud, Restid. Materjal: kartong.","og_url":"https:\/\/lainekarp.ee\/en\/product\/rest-univ-muffinile-kk1kikk2ki-kk3ki\/","og_site_name":"Lainekarp","article_modified_time":"2026-04-25T00:00:35+00:00","og_image":[{"width":626,"height":640,"url":"https:\/\/lainekarp.ee\/wp-content\/uploads\/2022\/05\/KK123RE-1.jpg","type":"image\/jpeg"}],"twitter_card":"summary_large_image","schema":{"@context":"https:\/\/schema.org","@graph":[{"@type":"WebPage","@id":"https:\/\/lainekarp.ee\/toode\/rest-univ-muffinile-kk1kikk2ki-kk3ki\/","url":"https:\/\/lainekarp.ee\/toode\/rest-univ-muffinile-kk1kikk2ki-kk3ki\/","name":"Rest univ. muffinile (KK1KI,KK2KI, KK3KI)\/250 - Lainekarp","isPartOf":{"@id":"https:\/\/www.lainekarp.ee\/#website"},"primaryImageOfPage":{"@id":"https:\/\/lainekarp.ee\/toode\/rest-univ-muffinile-kk1kikk2ki-kk3ki\/#primaryimage"},"image":{"@id":"https:\/\/lainekarp.ee\/toode\/rest-univ-muffinile-kk1kikk2ki-kk3ki\/#primaryimage"},"thumbnailUrl":"https:\/\/lainekarp.ee\/wp-content\/uploads\/2022\/05\/KK123RE-1.jpg","datePublished":"2021-10-28T09:45:01+00:00","dateModified":"2026-04-25T00:00:35+00:00","description":"Rest univ. muffinile (KK1KI,KK2KI, KK3KI). Alused ja sisud, Restid. Materjal: kartong.","breadcrumb":{"@id":"https:\/\/lainekarp.ee\/toode\/rest-univ-muffinile-kk1kikk2ki-kk3ki\/#breadcrumb"},"inLanguage":"en-US","potentialAction":[{"@type":"ReadAction","target":["https:\/\/lainekarp.ee\/toode\/rest-univ-muffinile-kk1kikk2ki-kk3ki\/"]}]},{"@type":"ImageObject","inLanguage":"en-US","@id":"https:\/\/lainekarp.ee\/toode\/rest-univ-muffinile-kk1kikk2ki-kk3ki\/#primaryimage","url":"https:\/\/lainekarp.ee\/wp-content\/uploads\/2022\/05\/KK123RE-1.jpg","contentUrl":"https:\/\/lainekarp.ee\/wp-content\/uploads\/2022\/05\/KK123RE-1.jpg","width":626,"height":640,"caption":"KK123RE-1"},{"@type":"BreadcrumbList","@id":"https:\/\/lainekarp.ee\/toode\/rest-univ-muffinile-kk1kikk2ki-kk3ki\/#breadcrumb","itemListElement":[{"@type":"ListItem","position":1,"name":"Home","item":"https:\/\/lainekarp.ee\/"},{"@type":"ListItem","position":2,"name":"Kataloog","item":"https:\/\/lainekarp.ee\/epood\/"},{"@type":"ListItem","position":3,"name":"Alused ja sisud","item":"https:\/\/lainekarp.ee\/tootekategooria\/alused-ja-sisud\/"},{"@type":"ListItem","position":4,"name":"Restid","item":"https:\/\/lainekarp.ee\/tootekategooria\/alused-ja-sisud\/restid\/"},{"@type":"ListItem","position":5,"name":"Rest univ. muffinile (KK1KI,KK2KI, KK3KI)\/250"}]},{"@type":"WebSite","@id":"https:\/\/www.lainekarp.ee\/#website","url":"https:\/\/www.lainekarp.ee\/","name":"Lainekarp","description":"","potentialAction":[{"@type":"SearchAction","target":{"@type":"EntryPoint","urlTemplate":"https:\/\/www.lainekarp.ee\/?s={search_term_string}"},"query-input":{"@type":"PropertyValueSpecification","valueRequired":true,"valueName":"search_term_string"}}],"inLanguage":"en-US"}]}},"_links":{"self":[{"href":"https:\/\/lainekarp.ee\/en\/wp-json\/wp\/v2\/product\/2410","targetHints":{"allow":["GET"]}}],"collection":[{"href":"https:\/\/lainekarp.ee\/en\/wp-json\/wp\/v2\/product"}],"about":[{"href":"https:\/\/lainekarp.ee\/en\/wp-json\/wp\/v2\/types\/product"}],"version-history":[{"count":1,"href":"https:\/\/lainekarp.ee\/en\/wp-json\/wp\/v2\/product\/2410\/revisions"}],"predecessor-version":[{"id":17815,"href":"https:\/\/lainekarp.ee\/en\/wp-json\/wp\/v2\/product\/2410\/revisions\/17815"}],"wp:featuredmedia":[{"embeddable":true,"href":"https:\/\/lainekarp.ee\/en\/wp-json\/wp\/v2\/media\/9685"}],"wp:attachment":[{"href":"https:\/\/lainekarp.ee\/en\/wp-json\/wp\/v2\/media?parent=2410"}],"wp:term":[{"taxonomy":"product_brand","embeddable":true,"href":"https:\/\/lainekarp.ee\/en\/wp-json\/wp\/v2\/product_brand?post=2410"},{"taxonomy":"product_cat","embeddable":true,"href":"https:\/\/lainekarp.ee\/en\/wp-json\/wp\/v2\/product_cat?post=2410"},{"taxonomy":"product_tag","embeddable":true,"href":"https:\/\/lainekarp.ee\/en\/wp-json\/wp\/v2\/product_tag?post=2410"}],"curies":[{"name":"wp","href":"https:\/\/api.w.org\/{rel}","templated":true}]}}