{"id":242,"date":"2021-10-18T15:42:03","date_gmt":"2021-10-18T13:42:03","guid":{"rendered":"https:\/\/uus.lainekarp.ee\/product\/kleeps-kelluke-500-tk-rull\/"},"modified":"2026-01-20T15:37:22","modified_gmt":"2026-01-20T13:37:22","slug":"kleeps-kelluke-500-tk-rull","status":"publish","type":"product","link":"https:\/\/lainekarp.ee\/en\/product\/kleeps-kelluke-500-tk-rull\/","title":{"rendered":"Kleeps &#8220;Kelluke&#8221; 500tk rull l\u00e4bipaistev"},"content":{"rendered":"","protected":false},"excerpt":{"rendered":"<p>J\u00f5ulukellukeste motiiviga kleeps lisab igale pakendile v\u00f5i kaardile klassikalise ja piduliku meeleolu. \u00d5hulise paelaga seotud topeltkellukesed ning peened s\u00e4delusefektid loovad elegantse ja traditsioonilise j\u00f5ulutunde. Sobib suurep\u00e4raselt kingituste kaunistamiseks, j\u00f5ulukaartide sulgemiseks, k\u00e4sit\u00f6\u00f6projektide viimistlemiseks v\u00f5i p\u00fchadehooaja dekoreerimiseks.<\/p>","protected":false},"featured_media":12014,"template":"","meta":{"_acf_changed":false},"product_brand":[],"product_cat":[610],"product_tag":[],"class_list":{"0":"post-242","1":"product","2":"type-product","3":"status-publish","4":"has-post-thumbnail","6":"product_cat-kleepsud","8":"first","9":"instock","10":"taxable","11":"shipping-taxable","12":"purchasable","13":"product-type-simple"},"acf":[],"yoast_head":"<!-- This site is optimized with the Yoast SEO plugin v27.3 - https:\/\/yoast.com\/product\/yoast-seo-wordpress\/ -->\n<title>Kleeps &quot;Kelluke&quot; 500tk rull l\u00e4bipaistev - Lainekarp<\/title>\n<meta name=\"robots\" content=\"index, follow, max-snippet:-1, max-image-preview:large, max-video-preview:-1\" \/>\n<link rel=\"canonical\" href=\"https:\/\/lainekarp.ee\/en\/product\/kleeps-kelluke-500-tk-rull\/\" \/>\n<meta property=\"og:locale\" content=\"en_US\" \/>\n<meta property=\"og:type\" content=\"article\" \/>\n<meta property=\"og:title\" content=\"Kleeps &quot;Kelluke&quot; 500tk rull l\u00e4bipaistev - Lainekarp\" \/>\n<meta property=\"og:description\" content=\"J\u00f5ulukellukeste motiiviga kleeps lisab igale pakendile v\u00f5i kaardile klassikalise ja piduliku meeleolu. \u00d5hulise paelaga seotud topeltkellukesed ning peened s\u00e4delusefektid loovad elegantse ja traditsioonilise j\u00f5ulutunde. Sobib suurep\u00e4raselt kingituste kaunistamiseks, j\u00f5ulukaartide sulgemiseks, k\u00e4sit\u00f6\u00f6projektide viimistlemiseks v\u00f5i p\u00fchadehooaja dekoreerimiseks.\" \/>\n<meta property=\"og:url\" content=\"https:\/\/lainekarp.ee\/en\/product\/kleeps-kelluke-500-tk-rull\/\" \/>\n<meta property=\"og:site_name\" content=\"Lainekarp\" \/>\n<meta property=\"article:modified_time\" content=\"2026-01-20T13:37:22+00:00\" \/>\n<meta property=\"og:image\" content=\"https:\/\/lainekarp.ee\/wp-content\/uploads\/2022\/12\/KLKE.jpg\" \/>\n\t<meta property=\"og:image:width\" content=\"545\" \/>\n\t<meta property=\"og:image:height\" content=\"640\" \/>\n\t<meta property=\"og:image:type\" content=\"image\/jpeg\" \/>\n<meta name=\"twitter:card\" content=\"summary_large_image\" \/>\n<script type=\"application\/ld+json\" class=\"yoast-schema-graph\">{\"@context\":\"https:\\\/\\\/schema.org\",\"@graph\":[{\"@type\":\"WebPage\",\"@id\":\"https:\\\/\\\/lainekarp.ee\\\/toode\\\/kleeps-kelluke-500-tk-rull\\\/\",\"url\":\"https:\\\/\\\/lainekarp.ee\\\/toode\\\/kleeps-kelluke-500-tk-rull\\\/\",\"name\":\"Kleeps \\\"Kelluke\\\" 500tk rull l\u00e4bipaistev - Lainekarp\",\"isPartOf\":{\"@id\":\"https:\\\/\\\/www.lainekarp.ee\\\/#website\"},\"primaryImageOfPage\":{\"@id\":\"https:\\\/\\\/lainekarp.ee\\\/toode\\\/kleeps-kelluke-500-tk-rull\\\/#primaryimage\"},\"image\":{\"@id\":\"https:\\\/\\\/lainekarp.ee\\\/toode\\\/kleeps-kelluke-500-tk-rull\\\/#primaryimage\"},\"thumbnailUrl\":\"https:\\\/\\\/lainekarp.ee\\\/wp-content\\\/uploads\\\/2022\\\/12\\\/KLKE.jpg\",\"datePublished\":\"2021-10-18T13:42:03+00:00\",\"dateModified\":\"2026-01-20T13:37:22+00:00\",\"breadcrumb\":{\"@id\":\"https:\\\/\\\/lainekarp.ee\\\/toode\\\/kleeps-kelluke-500-tk-rull\\\/#breadcrumb\"},\"inLanguage\":\"en-US\",\"potentialAction\":[{\"@type\":\"ReadAction\",\"target\":[\"https:\\\/\\\/lainekarp.ee\\\/toode\\\/kleeps-kelluke-500-tk-rull\\\/\"]}]},{\"@type\":\"ImageObject\",\"inLanguage\":\"en-US\",\"@id\":\"https:\\\/\\\/lainekarp.ee\\\/toode\\\/kleeps-kelluke-500-tk-rull\\\/#primaryimage\",\"url\":\"https:\\\/\\\/lainekarp.ee\\\/wp-content\\\/uploads\\\/2022\\\/12\\\/KLKE.jpg\",\"contentUrl\":\"https:\\\/\\\/lainekarp.ee\\\/wp-content\\\/uploads\\\/2022\\\/12\\\/KLKE.jpg\",\"width\":545,\"height\":640,\"caption\":\"KLKE\"},{\"@type\":\"BreadcrumbList\",\"@id\":\"https:\\\/\\\/lainekarp.ee\\\/toode\\\/kleeps-kelluke-500-tk-rull\\\/#breadcrumb\",\"itemListElement\":[{\"@type\":\"ListItem\",\"position\":1,\"name\":\"Home\",\"item\":\"https:\\\/\\\/lainekarp.ee\\\/\"},{\"@type\":\"ListItem\",\"position\":2,\"name\":\"Kataloog\",\"item\":\"https:\\\/\\\/lainekarp.ee\\\/epood\\\/\"},{\"@type\":\"ListItem\",\"position\":3,\"name\":\"Dekoratsioon\",\"item\":\"https:\\\/\\\/lainekarp.ee\\\/tootekategooria\\\/dekoratsioon\\\/\"},{\"@type\":\"ListItem\",\"position\":4,\"name\":\"Kleepsud\",\"item\":\"https:\\\/\\\/lainekarp.ee\\\/tootekategooria\\\/dekoratsioon\\\/kleepsud\\\/\"},{\"@type\":\"ListItem\",\"position\":5,\"name\":\"Kleeps &#8220;Kelluke&#8221; 500tk rull l\u00e4bipaistev\"}]},{\"@type\":\"WebSite\",\"@id\":\"https:\\\/\\\/www.lainekarp.ee\\\/#website\",\"url\":\"https:\\\/\\\/www.lainekarp.ee\\\/\",\"name\":\"Lainekarp\",\"description\":\"\",\"potentialAction\":[{\"@type\":\"SearchAction\",\"target\":{\"@type\":\"EntryPoint\",\"urlTemplate\":\"https:\\\/\\\/www.lainekarp.ee\\\/?s={search_term_string}\"},\"query-input\":{\"@type\":\"PropertyValueSpecification\",\"valueRequired\":true,\"valueName\":\"search_term_string\"}}],\"inLanguage\":\"en-US\"}]}<\/script>\n<!-- \/ Yoast SEO plugin. -->","yoast_head_json":{"title":"Kleeps \"Kelluke\" 500tk rull l\u00e4bipaistev - Lainekarp","robots":{"index":"index","follow":"follow","max-snippet":"max-snippet:-1","max-image-preview":"max-image-preview:large","max-video-preview":"max-video-preview:-1"},"canonical":"https:\/\/lainekarp.ee\/en\/product\/kleeps-kelluke-500-tk-rull\/","og_locale":"en_US","og_type":"article","og_title":"Kleeps \"Kelluke\" 500tk rull l\u00e4bipaistev - Lainekarp","og_description":"J\u00f5ulukellukeste motiiviga kleeps lisab igale pakendile v\u00f5i kaardile klassikalise ja piduliku meeleolu. \u00d5hulise paelaga seotud topeltkellukesed ning peened s\u00e4delusefektid loovad elegantse ja traditsioonilise j\u00f5ulutunde. Sobib suurep\u00e4raselt kingituste kaunistamiseks, j\u00f5ulukaartide sulgemiseks, k\u00e4sit\u00f6\u00f6projektide viimistlemiseks v\u00f5i p\u00fchadehooaja dekoreerimiseks.","og_url":"https:\/\/lainekarp.ee\/en\/product\/kleeps-kelluke-500-tk-rull\/","og_site_name":"Lainekarp","article_modified_time":"2026-01-20T13:37:22+00:00","og_image":[{"width":545,"height":640,"url":"https:\/\/lainekarp.ee\/wp-content\/uploads\/2022\/12\/KLKE.jpg","type":"image\/jpeg"}],"twitter_card":"summary_large_image","schema":{"@context":"https:\/\/schema.org","@graph":[{"@type":"WebPage","@id":"https:\/\/lainekarp.ee\/toode\/kleeps-kelluke-500-tk-rull\/","url":"https:\/\/lainekarp.ee\/toode\/kleeps-kelluke-500-tk-rull\/","name":"Kleeps \"Kelluke\" 500tk rull l\u00e4bipaistev - Lainekarp","isPartOf":{"@id":"https:\/\/www.lainekarp.ee\/#website"},"primaryImageOfPage":{"@id":"https:\/\/lainekarp.ee\/toode\/kleeps-kelluke-500-tk-rull\/#primaryimage"},"image":{"@id":"https:\/\/lainekarp.ee\/toode\/kleeps-kelluke-500-tk-rull\/#primaryimage"},"thumbnailUrl":"https:\/\/lainekarp.ee\/wp-content\/uploads\/2022\/12\/KLKE.jpg","datePublished":"2021-10-18T13:42:03+00:00","dateModified":"2026-01-20T13:37:22+00:00","breadcrumb":{"@id":"https:\/\/lainekarp.ee\/toode\/kleeps-kelluke-500-tk-rull\/#breadcrumb"},"inLanguage":"en-US","potentialAction":[{"@type":"ReadAction","target":["https:\/\/lainekarp.ee\/toode\/kleeps-kelluke-500-tk-rull\/"]}]},{"@type":"ImageObject","inLanguage":"en-US","@id":"https:\/\/lainekarp.ee\/toode\/kleeps-kelluke-500-tk-rull\/#primaryimage","url":"https:\/\/lainekarp.ee\/wp-content\/uploads\/2022\/12\/KLKE.jpg","contentUrl":"https:\/\/lainekarp.ee\/wp-content\/uploads\/2022\/12\/KLKE.jpg","width":545,"height":640,"caption":"KLKE"},{"@type":"BreadcrumbList","@id":"https:\/\/lainekarp.ee\/toode\/kleeps-kelluke-500-tk-rull\/#breadcrumb","itemListElement":[{"@type":"ListItem","position":1,"name":"Home","item":"https:\/\/lainekarp.ee\/"},{"@type":"ListItem","position":2,"name":"Kataloog","item":"https:\/\/lainekarp.ee\/epood\/"},{"@type":"ListItem","position":3,"name":"Dekoratsioon","item":"https:\/\/lainekarp.ee\/tootekategooria\/dekoratsioon\/"},{"@type":"ListItem","position":4,"name":"Kleepsud","item":"https:\/\/lainekarp.ee\/tootekategooria\/dekoratsioon\/kleepsud\/"},{"@type":"ListItem","position":5,"name":"Kleeps &#8220;Kelluke&#8221; 500tk rull l\u00e4bipaistev"}]},{"@type":"WebSite","@id":"https:\/\/www.lainekarp.ee\/#website","url":"https:\/\/www.lainekarp.ee\/","name":"Lainekarp","description":"","potentialAction":[{"@type":"SearchAction","target":{"@type":"EntryPoint","urlTemplate":"https:\/\/www.lainekarp.ee\/?s={search_term_string}"},"query-input":{"@type":"PropertyValueSpecification","valueRequired":true,"valueName":"search_term_string"}}],"inLanguage":"en-US"}]}},"_links":{"self":[{"href":"https:\/\/lainekarp.ee\/en\/wp-json\/wp\/v2\/product\/242","targetHints":{"allow":["GET"]}}],"collection":[{"href":"https:\/\/lainekarp.ee\/en\/wp-json\/wp\/v2\/product"}],"about":[{"href":"https:\/\/lainekarp.ee\/en\/wp-json\/wp\/v2\/types\/product"}],"version-history":[{"count":2,"href":"https:\/\/lainekarp.ee\/en\/wp-json\/wp\/v2\/product\/242\/revisions"}],"predecessor-version":[{"id":17935,"href":"https:\/\/lainekarp.ee\/en\/wp-json\/wp\/v2\/product\/242\/revisions\/17935"}],"wp:featuredmedia":[{"embeddable":true,"href":"https:\/\/lainekarp.ee\/en\/wp-json\/wp\/v2\/media\/12014"}],"wp:attachment":[{"href":"https:\/\/lainekarp.ee\/en\/wp-json\/wp\/v2\/media?parent=242"}],"wp:term":[{"taxonomy":"product_brand","embeddable":true,"href":"https:\/\/lainekarp.ee\/en\/wp-json\/wp\/v2\/product_brand?post=242"},{"taxonomy":"product_cat","embeddable":true,"href":"https:\/\/lainekarp.ee\/en\/wp-json\/wp\/v2\/product_cat?post=242"},{"taxonomy":"product_tag","embeddable":true,"href":"https:\/\/lainekarp.ee\/en\/wp-json\/wp\/v2\/product_tag?post=242"}],"curies":[{"name":"wp","href":"https:\/\/api.w.org\/{rel}","templated":true}]}}