{"id":2455,"date":"2021-10-28T11:46:28","date_gmt":"2021-10-28T09:46:28","guid":{"rendered":"https:\/\/uus.lainekarp.ee\/product\/korrustordialus-kuldne-o470\/"},"modified":"2026-02-17T14:25:58","modified_gmt":"2026-02-17T12:25:58","slug":"korrustordialus-kuldne-o470","status":"publish","type":"product","link":"https:\/\/lainekarp.ee\/en\/product\/korrustordialus-kuldne-o470\/","title":{"rendered":"Korrustordialus kuldne \u00d8470"},"content":{"rendered":"","protected":false},"excerpt":{"rendered":"<p>Elegantne kuldne korrustordialus, mille keskel on ava tordialuse pulga jaoks. Valmistatud rasvakindlast materjalist, mis tagab puhta ja esindusliku v\u00e4limuse ka mitmekihiliste tortide serveerimisel. Sobib ideaalselt pidulikeks s\u00fcndmusteks ja professionaalseks kasutuseks.<\/p>","protected":false},"featured_media":13649,"template":"","meta":{"_acf_changed":false},"product_brand":[],"product_cat":[597],"product_tag":[],"class_list":{"0":"post-2455","1":"product","2":"type-product","3":"status-publish","4":"has-post-thumbnail","6":"product_cat-kuldsed-koogialused","8":"first","9":"instock","10":"taxable","11":"shipping-taxable","12":"purchasable","13":"product-type-simple"},"acf":[],"yoast_head":"<!-- This site is optimized with the Yoast SEO plugin v27.3 - https:\/\/yoast.com\/product\/yoast-seo-wordpress\/ -->\n<title>Korrustordialus kuldne \u00d8470 - Lainekarp<\/title>\n<meta name=\"description\" content=\"Korrustordialus kuldne \u00d8470. Alused ja sisud, Kuldsed koogialused. Materjal: kartong, METPET. Kaal: 0.096kg. M\u00f5\u00f5dud: 470 x 0 x 0 mm.\" \/>\n<meta name=\"robots\" content=\"index, follow, max-snippet:-1, max-image-preview:large, max-video-preview:-1\" \/>\n<link rel=\"canonical\" href=\"https:\/\/lainekarp.ee\/en\/product\/korrustordialus-kuldne-o470\/\" \/>\n<meta property=\"og:locale\" content=\"en_US\" \/>\n<meta property=\"og:type\" content=\"article\" \/>\n<meta property=\"og:title\" content=\"Korrustordialus kuldne \u00d8470 - Lainekarp\" \/>\n<meta property=\"og:description\" content=\"Korrustordialus kuldne \u00d8470. Alused ja sisud, Kuldsed koogialused. Materjal: kartong, METPET. Kaal: 0.096kg. M\u00f5\u00f5dud: 470 x 0 x 0 mm.\" \/>\n<meta property=\"og:url\" content=\"https:\/\/lainekarp.ee\/en\/product\/korrustordialus-kuldne-o470\/\" \/>\n<meta property=\"og:site_name\" content=\"Lainekarp\" \/>\n<meta property=\"article:modified_time\" content=\"2026-02-17T12:25:58+00:00\" \/>\n<meta property=\"og:image\" content=\"https:\/\/lainekarp.ee\/wp-content\/uploads\/2023\/06\/SKKKA47.jpg\" \/>\n\t<meta property=\"og:image:width\" content=\"640\" \/>\n\t<meta property=\"og:image:height\" content=\"530\" \/>\n\t<meta property=\"og:image:type\" content=\"image\/jpeg\" \/>\n<meta name=\"twitter:card\" content=\"summary_large_image\" \/>\n<script type=\"application\/ld+json\" class=\"yoast-schema-graph\">{\"@context\":\"https:\\\/\\\/schema.org\",\"@graph\":[{\"@type\":\"WebPage\",\"@id\":\"https:\\\/\\\/lainekarp.ee\\\/toode\\\/korrustordialus-kuldne-o470\\\/\",\"url\":\"https:\\\/\\\/lainekarp.ee\\\/toode\\\/korrustordialus-kuldne-o470\\\/\",\"name\":\"Korrustordialus kuldne \u00d8470 - Lainekarp\",\"isPartOf\":{\"@id\":\"https:\\\/\\\/www.lainekarp.ee\\\/#website\"},\"primaryImageOfPage\":{\"@id\":\"https:\\\/\\\/lainekarp.ee\\\/toode\\\/korrustordialus-kuldne-o470\\\/#primaryimage\"},\"image\":{\"@id\":\"https:\\\/\\\/lainekarp.ee\\\/toode\\\/korrustordialus-kuldne-o470\\\/#primaryimage\"},\"thumbnailUrl\":\"https:\\\/\\\/lainekarp.ee\\\/wp-content\\\/uploads\\\/2023\\\/06\\\/SKKKA47.jpg\",\"datePublished\":\"2021-10-28T09:46:28+00:00\",\"dateModified\":\"2026-02-17T12:25:58+00:00\",\"description\":\"Korrustordialus kuldne \u00d8470. Alused ja sisud, Kuldsed koogialused. Materjal: kartong, METPET. Kaal: 0.096kg. M\u00f5\u00f5dud: 470 x 0 x 0 mm.\",\"breadcrumb\":{\"@id\":\"https:\\\/\\\/lainekarp.ee\\\/toode\\\/korrustordialus-kuldne-o470\\\/#breadcrumb\"},\"inLanguage\":\"en-US\",\"potentialAction\":[{\"@type\":\"ReadAction\",\"target\":[\"https:\\\/\\\/lainekarp.ee\\\/toode\\\/korrustordialus-kuldne-o470\\\/\"]}]},{\"@type\":\"ImageObject\",\"inLanguage\":\"en-US\",\"@id\":\"https:\\\/\\\/lainekarp.ee\\\/toode\\\/korrustordialus-kuldne-o470\\\/#primaryimage\",\"url\":\"https:\\\/\\\/lainekarp.ee\\\/wp-content\\\/uploads\\\/2023\\\/06\\\/SKKKA47.jpg\",\"contentUrl\":\"https:\\\/\\\/lainekarp.ee\\\/wp-content\\\/uploads\\\/2023\\\/06\\\/SKKKA47.jpg\",\"width\":640,\"height\":530,\"caption\":\"SKKKA47\"},{\"@type\":\"BreadcrumbList\",\"@id\":\"https:\\\/\\\/lainekarp.ee\\\/toode\\\/korrustordialus-kuldne-o470\\\/#breadcrumb\",\"itemListElement\":[{\"@type\":\"ListItem\",\"position\":1,\"name\":\"Home\",\"item\":\"https:\\\/\\\/lainekarp.ee\\\/\"},{\"@type\":\"ListItem\",\"position\":2,\"name\":\"Kataloog\",\"item\":\"https:\\\/\\\/lainekarp.ee\\\/epood\\\/\"},{\"@type\":\"ListItem\",\"position\":3,\"name\":\"Alused ja sisud\",\"item\":\"https:\\\/\\\/lainekarp.ee\\\/tootekategooria\\\/alused-ja-sisud\\\/\"},{\"@type\":\"ListItem\",\"position\":4,\"name\":\"Kuldsed koogialused\",\"item\":\"https:\\\/\\\/lainekarp.ee\\\/tootekategooria\\\/alused-ja-sisud\\\/kuldsed-koogialused\\\/\"},{\"@type\":\"ListItem\",\"position\":5,\"name\":\"Korrustordialus kuldne \u00d8470\"}]},{\"@type\":\"WebSite\",\"@id\":\"https:\\\/\\\/www.lainekarp.ee\\\/#website\",\"url\":\"https:\\\/\\\/www.lainekarp.ee\\\/\",\"name\":\"Lainekarp\",\"description\":\"\",\"potentialAction\":[{\"@type\":\"SearchAction\",\"target\":{\"@type\":\"EntryPoint\",\"urlTemplate\":\"https:\\\/\\\/www.lainekarp.ee\\\/?s={search_term_string}\"},\"query-input\":{\"@type\":\"PropertyValueSpecification\",\"valueRequired\":true,\"valueName\":\"search_term_string\"}}],\"inLanguage\":\"en-US\"}]}<\/script>\n<!-- \/ Yoast SEO plugin. -->","yoast_head_json":{"title":"Korrustordialus kuldne \u00d8470 - Lainekarp","description":"Korrustordialus kuldne \u00d8470. Alused ja sisud, Kuldsed koogialused. Materjal: kartong, METPET. Kaal: 0.096kg. M\u00f5\u00f5dud: 470 x 0 x 0 mm.","robots":{"index":"index","follow":"follow","max-snippet":"max-snippet:-1","max-image-preview":"max-image-preview:large","max-video-preview":"max-video-preview:-1"},"canonical":"https:\/\/lainekarp.ee\/en\/product\/korrustordialus-kuldne-o470\/","og_locale":"en_US","og_type":"article","og_title":"Korrustordialus kuldne \u00d8470 - Lainekarp","og_description":"Korrustordialus kuldne \u00d8470. Alused ja sisud, Kuldsed koogialused. Materjal: kartong, METPET. Kaal: 0.096kg. M\u00f5\u00f5dud: 470 x 0 x 0 mm.","og_url":"https:\/\/lainekarp.ee\/en\/product\/korrustordialus-kuldne-o470\/","og_site_name":"Lainekarp","article_modified_time":"2026-02-17T12:25:58+00:00","og_image":[{"width":640,"height":530,"url":"https:\/\/lainekarp.ee\/wp-content\/uploads\/2023\/06\/SKKKA47.jpg","type":"image\/jpeg"}],"twitter_card":"summary_large_image","schema":{"@context":"https:\/\/schema.org","@graph":[{"@type":"WebPage","@id":"https:\/\/lainekarp.ee\/toode\/korrustordialus-kuldne-o470\/","url":"https:\/\/lainekarp.ee\/toode\/korrustordialus-kuldne-o470\/","name":"Korrustordialus kuldne \u00d8470 - Lainekarp","isPartOf":{"@id":"https:\/\/www.lainekarp.ee\/#website"},"primaryImageOfPage":{"@id":"https:\/\/lainekarp.ee\/toode\/korrustordialus-kuldne-o470\/#primaryimage"},"image":{"@id":"https:\/\/lainekarp.ee\/toode\/korrustordialus-kuldne-o470\/#primaryimage"},"thumbnailUrl":"https:\/\/lainekarp.ee\/wp-content\/uploads\/2023\/06\/SKKKA47.jpg","datePublished":"2021-10-28T09:46:28+00:00","dateModified":"2026-02-17T12:25:58+00:00","description":"Korrustordialus kuldne \u00d8470. Alused ja sisud, Kuldsed koogialused. Materjal: kartong, METPET. Kaal: 0.096kg. M\u00f5\u00f5dud: 470 x 0 x 0 mm.","breadcrumb":{"@id":"https:\/\/lainekarp.ee\/toode\/korrustordialus-kuldne-o470\/#breadcrumb"},"inLanguage":"en-US","potentialAction":[{"@type":"ReadAction","target":["https:\/\/lainekarp.ee\/toode\/korrustordialus-kuldne-o470\/"]}]},{"@type":"ImageObject","inLanguage":"en-US","@id":"https:\/\/lainekarp.ee\/toode\/korrustordialus-kuldne-o470\/#primaryimage","url":"https:\/\/lainekarp.ee\/wp-content\/uploads\/2023\/06\/SKKKA47.jpg","contentUrl":"https:\/\/lainekarp.ee\/wp-content\/uploads\/2023\/06\/SKKKA47.jpg","width":640,"height":530,"caption":"SKKKA47"},{"@type":"BreadcrumbList","@id":"https:\/\/lainekarp.ee\/toode\/korrustordialus-kuldne-o470\/#breadcrumb","itemListElement":[{"@type":"ListItem","position":1,"name":"Home","item":"https:\/\/lainekarp.ee\/"},{"@type":"ListItem","position":2,"name":"Kataloog","item":"https:\/\/lainekarp.ee\/epood\/"},{"@type":"ListItem","position":3,"name":"Alused ja sisud","item":"https:\/\/lainekarp.ee\/tootekategooria\/alused-ja-sisud\/"},{"@type":"ListItem","position":4,"name":"Kuldsed koogialused","item":"https:\/\/lainekarp.ee\/tootekategooria\/alused-ja-sisud\/kuldsed-koogialused\/"},{"@type":"ListItem","position":5,"name":"Korrustordialus kuldne \u00d8470"}]},{"@type":"WebSite","@id":"https:\/\/www.lainekarp.ee\/#website","url":"https:\/\/www.lainekarp.ee\/","name":"Lainekarp","description":"","potentialAction":[{"@type":"SearchAction","target":{"@type":"EntryPoint","urlTemplate":"https:\/\/www.lainekarp.ee\/?s={search_term_string}"},"query-input":{"@type":"PropertyValueSpecification","valueRequired":true,"valueName":"search_term_string"}}],"inLanguage":"en-US"}]}},"_links":{"self":[{"href":"https:\/\/lainekarp.ee\/en\/wp-json\/wp\/v2\/product\/2455","targetHints":{"allow":["GET"]}}],"collection":[{"href":"https:\/\/lainekarp.ee\/en\/wp-json\/wp\/v2\/product"}],"about":[{"href":"https:\/\/lainekarp.ee\/en\/wp-json\/wp\/v2\/types\/product"}],"version-history":[{"count":3,"href":"https:\/\/lainekarp.ee\/en\/wp-json\/wp\/v2\/product\/2455\/revisions"}],"predecessor-version":[{"id":20278,"href":"https:\/\/lainekarp.ee\/en\/wp-json\/wp\/v2\/product\/2455\/revisions\/20278"}],"wp:featuredmedia":[{"embeddable":true,"href":"https:\/\/lainekarp.ee\/en\/wp-json\/wp\/v2\/media\/13649"}],"wp:attachment":[{"href":"https:\/\/lainekarp.ee\/en\/wp-json\/wp\/v2\/media?parent=2455"}],"wp:term":[{"taxonomy":"product_brand","embeddable":true,"href":"https:\/\/lainekarp.ee\/en\/wp-json\/wp\/v2\/product_brand?post=2455"},{"taxonomy":"product_cat","embeddable":true,"href":"https:\/\/lainekarp.ee\/en\/wp-json\/wp\/v2\/product_cat?post=2455"},{"taxonomy":"product_tag","embeddable":true,"href":"https:\/\/lainekarp.ee\/en\/wp-json\/wp\/v2\/product_tag?post=2455"}],"curies":[{"name":"wp","href":"https:\/\/api.w.org\/{rel}","templated":true}]}}