{"id":2456,"date":"2021-10-28T11:46:28","date_gmt":"2021-10-28T09:46:28","guid":{"rendered":"https:\/\/uus.lainekarp.ee\/product\/must-koogialus-taldrik-o95\/"},"modified":"2026-04-15T13:27:18","modified_gmt":"2026-04-15T11:27:18","slug":"must-koogialus-taldrik-o95","status":"publish","type":"product","link":"https:\/\/lainekarp.ee\/en\/product\/must-koogialus-taldrik-o95\/","title":{"rendered":"Must koogialus taldrik \u00d895\/50\/500"},"content":{"rendered":"","protected":false},"excerpt":{"rendered":"<p>Must pidulik koogialus. Stiilne must v\u00e4ike koogialus v\u00f5i serveerimistaldrik, mis on valmistatud rasvakindlast materjalist. Ideaalne valik pidulike kookide ja k\u00fcpsetiste serveerimiseks, pakkudes samal ajal nii kaitset kui ka elegantset v\u00e4limust.<\/p>","protected":false},"featured_media":13276,"template":"","meta":{"_acf_changed":false},"product_brand":[],"product_cat":[597],"product_tag":[],"class_list":{"0":"post-2456","1":"product","2":"type-product","3":"status-publish","4":"has-post-thumbnail","6":"product_cat-kuldsed-koogialused","8":"first","9":"instock","10":"taxable","11":"shipping-taxable","12":"purchasable","13":"product-type-simple"},"acf":[],"yoast_head":"<!-- This site is optimized with the Yoast SEO plugin v27.3 - https:\/\/yoast.com\/product\/yoast-seo-wordpress\/ -->\n<title>Must koogialus taldrik \u00d895\/50\/500 - Lainekarp<\/title>\n<meta name=\"description\" content=\"Must koogialus taldrik \u00d895. Alused ja sisud, Kuldsed koogialused. Materjal: kartong, METPET. Kaal: 0.004kg. M\u00f5\u00f5dud: 95 x 0 x 0 mm.\" \/>\n<meta name=\"robots\" content=\"index, follow, max-snippet:-1, max-image-preview:large, max-video-preview:-1\" \/>\n<link rel=\"canonical\" href=\"https:\/\/lainekarp.ee\/en\/product\/must-koogialus-taldrik-o95\/\" \/>\n<meta property=\"og:locale\" content=\"en_US\" \/>\n<meta property=\"og:type\" content=\"article\" \/>\n<meta property=\"og:title\" content=\"Must koogialus taldrik \u00d895\/50\/500 - Lainekarp\" \/>\n<meta property=\"og:description\" content=\"Must koogialus taldrik \u00d895. Alused ja sisud, Kuldsed koogialused. Materjal: kartong, METPET. Kaal: 0.004kg. M\u00f5\u00f5dud: 95 x 0 x 0 mm.\" \/>\n<meta property=\"og:url\" content=\"https:\/\/lainekarp.ee\/en\/product\/must-koogialus-taldrik-o95\/\" \/>\n<meta property=\"og:site_name\" content=\"Lainekarp\" \/>\n<meta property=\"article:modified_time\" content=\"2026-04-15T11:27:18+00:00\" \/>\n<meta property=\"og:image\" content=\"https:\/\/lainekarp.ee\/wp-content\/uploads\/2023\/05\/SAK9M.jpg\" \/>\n\t<meta property=\"og:image:width\" content=\"572\" \/>\n\t<meta property=\"og:image:height\" content=\"640\" \/>\n\t<meta property=\"og:image:type\" content=\"image\/jpeg\" \/>\n<meta name=\"twitter:card\" content=\"summary_large_image\" \/>\n<script type=\"application\/ld+json\" class=\"yoast-schema-graph\">{\"@context\":\"https:\\\/\\\/schema.org\",\"@graph\":[{\"@type\":\"WebPage\",\"@id\":\"https:\\\/\\\/lainekarp.ee\\\/toode\\\/must-koogialus-taldrik-o95\\\/\",\"url\":\"https:\\\/\\\/lainekarp.ee\\\/toode\\\/must-koogialus-taldrik-o95\\\/\",\"name\":\"Must koogialus taldrik \u00d895\\\/50\\\/500 - Lainekarp\",\"isPartOf\":{\"@id\":\"https:\\\/\\\/www.lainekarp.ee\\\/#website\"},\"primaryImageOfPage\":{\"@id\":\"https:\\\/\\\/lainekarp.ee\\\/toode\\\/must-koogialus-taldrik-o95\\\/#primaryimage\"},\"image\":{\"@id\":\"https:\\\/\\\/lainekarp.ee\\\/toode\\\/must-koogialus-taldrik-o95\\\/#primaryimage\"},\"thumbnailUrl\":\"https:\\\/\\\/lainekarp.ee\\\/wp-content\\\/uploads\\\/2023\\\/05\\\/SAK9M.jpg\",\"datePublished\":\"2021-10-28T09:46:28+00:00\",\"dateModified\":\"2026-04-15T11:27:18+00:00\",\"description\":\"Must koogialus taldrik \u00d895. Alused ja sisud, Kuldsed koogialused. Materjal: kartong, METPET. Kaal: 0.004kg. M\u00f5\u00f5dud: 95 x 0 x 0 mm.\",\"breadcrumb\":{\"@id\":\"https:\\\/\\\/lainekarp.ee\\\/toode\\\/must-koogialus-taldrik-o95\\\/#breadcrumb\"},\"inLanguage\":\"en-US\",\"potentialAction\":[{\"@type\":\"ReadAction\",\"target\":[\"https:\\\/\\\/lainekarp.ee\\\/toode\\\/must-koogialus-taldrik-o95\\\/\"]}]},{\"@type\":\"ImageObject\",\"inLanguage\":\"en-US\",\"@id\":\"https:\\\/\\\/lainekarp.ee\\\/toode\\\/must-koogialus-taldrik-o95\\\/#primaryimage\",\"url\":\"https:\\\/\\\/lainekarp.ee\\\/wp-content\\\/uploads\\\/2023\\\/05\\\/SAK9M.jpg\",\"contentUrl\":\"https:\\\/\\\/lainekarp.ee\\\/wp-content\\\/uploads\\\/2023\\\/05\\\/SAK9M.jpg\",\"width\":572,\"height\":640,\"caption\":\"SAK9M\"},{\"@type\":\"BreadcrumbList\",\"@id\":\"https:\\\/\\\/lainekarp.ee\\\/toode\\\/must-koogialus-taldrik-o95\\\/#breadcrumb\",\"itemListElement\":[{\"@type\":\"ListItem\",\"position\":1,\"name\":\"Home\",\"item\":\"https:\\\/\\\/lainekarp.ee\\\/\"},{\"@type\":\"ListItem\",\"position\":2,\"name\":\"Kataloog\",\"item\":\"https:\\\/\\\/lainekarp.ee\\\/epood\\\/\"},{\"@type\":\"ListItem\",\"position\":3,\"name\":\"Alused ja sisud\",\"item\":\"https:\\\/\\\/lainekarp.ee\\\/tootekategooria\\\/alused-ja-sisud\\\/\"},{\"@type\":\"ListItem\",\"position\":4,\"name\":\"Kuldsed koogialused\",\"item\":\"https:\\\/\\\/lainekarp.ee\\\/tootekategooria\\\/alused-ja-sisud\\\/kuldsed-koogialused\\\/\"},{\"@type\":\"ListItem\",\"position\":5,\"name\":\"Must koogialus taldrik \u00d895\\\/50\\\/500\"}]},{\"@type\":\"WebSite\",\"@id\":\"https:\\\/\\\/www.lainekarp.ee\\\/#website\",\"url\":\"https:\\\/\\\/www.lainekarp.ee\\\/\",\"name\":\"Lainekarp\",\"description\":\"\",\"potentialAction\":[{\"@type\":\"SearchAction\",\"target\":{\"@type\":\"EntryPoint\",\"urlTemplate\":\"https:\\\/\\\/www.lainekarp.ee\\\/?s={search_term_string}\"},\"query-input\":{\"@type\":\"PropertyValueSpecification\",\"valueRequired\":true,\"valueName\":\"search_term_string\"}}],\"inLanguage\":\"en-US\"}]}<\/script>\n<!-- \/ Yoast SEO plugin. -->","yoast_head_json":{"title":"Must koogialus taldrik \u00d895\/50\/500 - Lainekarp","description":"Must koogialus taldrik \u00d895. Alused ja sisud, Kuldsed koogialused. Materjal: kartong, METPET. Kaal: 0.004kg. M\u00f5\u00f5dud: 95 x 0 x 0 mm.","robots":{"index":"index","follow":"follow","max-snippet":"max-snippet:-1","max-image-preview":"max-image-preview:large","max-video-preview":"max-video-preview:-1"},"canonical":"https:\/\/lainekarp.ee\/en\/product\/must-koogialus-taldrik-o95\/","og_locale":"en_US","og_type":"article","og_title":"Must koogialus taldrik \u00d895\/50\/500 - Lainekarp","og_description":"Must koogialus taldrik \u00d895. Alused ja sisud, Kuldsed koogialused. Materjal: kartong, METPET. Kaal: 0.004kg. M\u00f5\u00f5dud: 95 x 0 x 0 mm.","og_url":"https:\/\/lainekarp.ee\/en\/product\/must-koogialus-taldrik-o95\/","og_site_name":"Lainekarp","article_modified_time":"2026-04-15T11:27:18+00:00","og_image":[{"width":572,"height":640,"url":"https:\/\/lainekarp.ee\/wp-content\/uploads\/2023\/05\/SAK9M.jpg","type":"image\/jpeg"}],"twitter_card":"summary_large_image","schema":{"@context":"https:\/\/schema.org","@graph":[{"@type":"WebPage","@id":"https:\/\/lainekarp.ee\/toode\/must-koogialus-taldrik-o95\/","url":"https:\/\/lainekarp.ee\/toode\/must-koogialus-taldrik-o95\/","name":"Must koogialus taldrik \u00d895\/50\/500 - Lainekarp","isPartOf":{"@id":"https:\/\/www.lainekarp.ee\/#website"},"primaryImageOfPage":{"@id":"https:\/\/lainekarp.ee\/toode\/must-koogialus-taldrik-o95\/#primaryimage"},"image":{"@id":"https:\/\/lainekarp.ee\/toode\/must-koogialus-taldrik-o95\/#primaryimage"},"thumbnailUrl":"https:\/\/lainekarp.ee\/wp-content\/uploads\/2023\/05\/SAK9M.jpg","datePublished":"2021-10-28T09:46:28+00:00","dateModified":"2026-04-15T11:27:18+00:00","description":"Must koogialus taldrik \u00d895. Alused ja sisud, Kuldsed koogialused. Materjal: kartong, METPET. Kaal: 0.004kg. M\u00f5\u00f5dud: 95 x 0 x 0 mm.","breadcrumb":{"@id":"https:\/\/lainekarp.ee\/toode\/must-koogialus-taldrik-o95\/#breadcrumb"},"inLanguage":"en-US","potentialAction":[{"@type":"ReadAction","target":["https:\/\/lainekarp.ee\/toode\/must-koogialus-taldrik-o95\/"]}]},{"@type":"ImageObject","inLanguage":"en-US","@id":"https:\/\/lainekarp.ee\/toode\/must-koogialus-taldrik-o95\/#primaryimage","url":"https:\/\/lainekarp.ee\/wp-content\/uploads\/2023\/05\/SAK9M.jpg","contentUrl":"https:\/\/lainekarp.ee\/wp-content\/uploads\/2023\/05\/SAK9M.jpg","width":572,"height":640,"caption":"SAK9M"},{"@type":"BreadcrumbList","@id":"https:\/\/lainekarp.ee\/toode\/must-koogialus-taldrik-o95\/#breadcrumb","itemListElement":[{"@type":"ListItem","position":1,"name":"Home","item":"https:\/\/lainekarp.ee\/"},{"@type":"ListItem","position":2,"name":"Kataloog","item":"https:\/\/lainekarp.ee\/epood\/"},{"@type":"ListItem","position":3,"name":"Alused ja sisud","item":"https:\/\/lainekarp.ee\/tootekategooria\/alused-ja-sisud\/"},{"@type":"ListItem","position":4,"name":"Kuldsed koogialused","item":"https:\/\/lainekarp.ee\/tootekategooria\/alused-ja-sisud\/kuldsed-koogialused\/"},{"@type":"ListItem","position":5,"name":"Must koogialus taldrik \u00d895\/50\/500"}]},{"@type":"WebSite","@id":"https:\/\/www.lainekarp.ee\/#website","url":"https:\/\/www.lainekarp.ee\/","name":"Lainekarp","description":"","potentialAction":[{"@type":"SearchAction","target":{"@type":"EntryPoint","urlTemplate":"https:\/\/www.lainekarp.ee\/?s={search_term_string}"},"query-input":{"@type":"PropertyValueSpecification","valueRequired":true,"valueName":"search_term_string"}}],"inLanguage":"en-US"}]}},"_links":{"self":[{"href":"https:\/\/lainekarp.ee\/en\/wp-json\/wp\/v2\/product\/2456","targetHints":{"allow":["GET"]}}],"collection":[{"href":"https:\/\/lainekarp.ee\/en\/wp-json\/wp\/v2\/product"}],"about":[{"href":"https:\/\/lainekarp.ee\/en\/wp-json\/wp\/v2\/types\/product"}],"version-history":[{"count":3,"href":"https:\/\/lainekarp.ee\/en\/wp-json\/wp\/v2\/product\/2456\/revisions"}],"predecessor-version":[{"id":20417,"href":"https:\/\/lainekarp.ee\/en\/wp-json\/wp\/v2\/product\/2456\/revisions\/20417"}],"wp:featuredmedia":[{"embeddable":true,"href":"https:\/\/lainekarp.ee\/en\/wp-json\/wp\/v2\/media\/13276"}],"wp:attachment":[{"href":"https:\/\/lainekarp.ee\/en\/wp-json\/wp\/v2\/media?parent=2456"}],"wp:term":[{"taxonomy":"product_brand","embeddable":true,"href":"https:\/\/lainekarp.ee\/en\/wp-json\/wp\/v2\/product_brand?post=2456"},{"taxonomy":"product_cat","embeddable":true,"href":"https:\/\/lainekarp.ee\/en\/wp-json\/wp\/v2\/product_cat?post=2456"},{"taxonomy":"product_tag","embeddable":true,"href":"https:\/\/lainekarp.ee\/en\/wp-json\/wp\/v2\/product_tag?post=2456"}],"curies":[{"name":"wp","href":"https:\/\/api.w.org\/{rel}","templated":true}]}}