{"id":2509,"date":"2021-10-28T11:46:34","date_gmt":"2021-10-28T09:46:34","guid":{"rendered":"https:\/\/uus.lainekarp.ee\/product\/pv-eva-valge-50x28\/"},"modified":"2026-02-26T12:46:15","modified_gmt":"2026-02-26T10:46:15","slug":"pv-eva-valge-50x28","status":"publish","type":"product","link":"https:\/\/lainekarp.ee\/en\/product\/pv-eva-valge-50x28\/","title":{"rendered":"PV Eva valge \u00d850 h28\/500\/1000tk"},"content":{"rendered":"","protected":false},"excerpt":{"rendered":"","protected":false},"featured_media":11765,"template":"","meta":{"_acf_changed":false},"product_brand":[],"product_cat":[624],"product_tag":[],"class_list":{"0":"post-2509","1":"product","2":"type-product","3":"status-publish","4":"has-post-thumbnail","6":"product_cat-kupsetusvormid","8":"first","9":"instock","10":"taxable","11":"shipping-taxable","12":"purchasable","13":"product-type-simple"},"acf":[],"yoast_head":"<!-- This site is optimized with the Yoast SEO plugin v27.3 - https:\/\/yoast.com\/product\/yoast-seo-wordpress\/ -->\n<title>PV Eva valge \u00d850 h28\/500\/1000tk - Lainekarp<\/title>\n<meta name=\"description\" content=\"PV Eva valge 50x28. Vormid, K\u00fcpsetusvormid. Materjal: paber. Kaal: 0.442kg. M\u00f5\u00f5dud: 50 x 0 x 28 mm.\" \/>\n<meta name=\"robots\" content=\"index, follow, max-snippet:-1, max-image-preview:large, max-video-preview:-1\" \/>\n<link rel=\"canonical\" href=\"https:\/\/lainekarp.ee\/en\/product\/pv-eva-valge-50x28\/\" \/>\n<meta property=\"og:locale\" content=\"en_US\" \/>\n<meta property=\"og:type\" content=\"article\" \/>\n<meta property=\"og:title\" content=\"PV Eva valge \u00d850 h28\/500\/1000tk - Lainekarp\" \/>\n<meta property=\"og:description\" content=\"PV Eva valge 50x28. Vormid, K\u00fcpsetusvormid. Materjal: paber. Kaal: 0.442kg. M\u00f5\u00f5dud: 50 x 0 x 28 mm.\" \/>\n<meta property=\"og:url\" content=\"https:\/\/lainekarp.ee\/en\/product\/pv-eva-valge-50x28\/\" \/>\n<meta property=\"og:site_name\" content=\"Lainekarp\" \/>\n<meta property=\"article:modified_time\" content=\"2026-02-26T10:46:15+00:00\" \/>\n<meta property=\"og:image\" content=\"https:\/\/lainekarp.ee\/wp-content\/uploads\/2022\/09\/PVEV78.jpg\" \/>\n\t<meta property=\"og:image:width\" content=\"574\" \/>\n\t<meta property=\"og:image:height\" content=\"640\" \/>\n\t<meta property=\"og:image:type\" content=\"image\/jpeg\" \/>\n<meta name=\"twitter:card\" content=\"summary_large_image\" \/>\n<script type=\"application\/ld+json\" class=\"yoast-schema-graph\">{\"@context\":\"https:\\\/\\\/schema.org\",\"@graph\":[{\"@type\":\"WebPage\",\"@id\":\"https:\\\/\\\/lainekarp.ee\\\/toode\\\/pv-eva-valge-50x28\\\/\",\"url\":\"https:\\\/\\\/lainekarp.ee\\\/toode\\\/pv-eva-valge-50x28\\\/\",\"name\":\"PV Eva valge \u00d850 h28\\\/500\\\/1000tk - Lainekarp\",\"isPartOf\":{\"@id\":\"https:\\\/\\\/www.lainekarp.ee\\\/#website\"},\"primaryImageOfPage\":{\"@id\":\"https:\\\/\\\/lainekarp.ee\\\/toode\\\/pv-eva-valge-50x28\\\/#primaryimage\"},\"image\":{\"@id\":\"https:\\\/\\\/lainekarp.ee\\\/toode\\\/pv-eva-valge-50x28\\\/#primaryimage\"},\"thumbnailUrl\":\"https:\\\/\\\/lainekarp.ee\\\/wp-content\\\/uploads\\\/2022\\\/09\\\/PVEV78.jpg\",\"datePublished\":\"2021-10-28T09:46:34+00:00\",\"dateModified\":\"2026-02-26T10:46:15+00:00\",\"description\":\"PV Eva valge 50x28. Vormid, K\u00fcpsetusvormid. Materjal: paber. Kaal: 0.442kg. M\u00f5\u00f5dud: 50 x 0 x 28 mm.\",\"breadcrumb\":{\"@id\":\"https:\\\/\\\/lainekarp.ee\\\/toode\\\/pv-eva-valge-50x28\\\/#breadcrumb\"},\"inLanguage\":\"en-US\",\"potentialAction\":[{\"@type\":\"ReadAction\",\"target\":[\"https:\\\/\\\/lainekarp.ee\\\/toode\\\/pv-eva-valge-50x28\\\/\"]}]},{\"@type\":\"ImageObject\",\"inLanguage\":\"en-US\",\"@id\":\"https:\\\/\\\/lainekarp.ee\\\/toode\\\/pv-eva-valge-50x28\\\/#primaryimage\",\"url\":\"https:\\\/\\\/lainekarp.ee\\\/wp-content\\\/uploads\\\/2022\\\/09\\\/PVEV78.jpg\",\"contentUrl\":\"https:\\\/\\\/lainekarp.ee\\\/wp-content\\\/uploads\\\/2022\\\/09\\\/PVEV78.jpg\",\"width\":574,\"height\":640,\"caption\":\"PVEV78\"},{\"@type\":\"BreadcrumbList\",\"@id\":\"https:\\\/\\\/lainekarp.ee\\\/toode\\\/pv-eva-valge-50x28\\\/#breadcrumb\",\"itemListElement\":[{\"@type\":\"ListItem\",\"position\":1,\"name\":\"Home\",\"item\":\"https:\\\/\\\/lainekarp.ee\\\/\"},{\"@type\":\"ListItem\",\"position\":2,\"name\":\"Kataloog\",\"item\":\"https:\\\/\\\/lainekarp.ee\\\/epood\\\/\"},{\"@type\":\"ListItem\",\"position\":3,\"name\":\"Vormid\",\"item\":\"https:\\\/\\\/lainekarp.ee\\\/tootekategooria\\\/vormid\\\/\"},{\"@type\":\"ListItem\",\"position\":4,\"name\":\"K\u00fcpsetusvormid\",\"item\":\"https:\\\/\\\/lainekarp.ee\\\/tootekategooria\\\/vormid\\\/kupsetusvormid\\\/\"},{\"@type\":\"ListItem\",\"position\":5,\"name\":\"PV Eva valge \u00d850 h28\\\/500\\\/1000tk\"}]},{\"@type\":\"WebSite\",\"@id\":\"https:\\\/\\\/www.lainekarp.ee\\\/#website\",\"url\":\"https:\\\/\\\/www.lainekarp.ee\\\/\",\"name\":\"Lainekarp\",\"description\":\"\",\"potentialAction\":[{\"@type\":\"SearchAction\",\"target\":{\"@type\":\"EntryPoint\",\"urlTemplate\":\"https:\\\/\\\/www.lainekarp.ee\\\/?s={search_term_string}\"},\"query-input\":{\"@type\":\"PropertyValueSpecification\",\"valueRequired\":true,\"valueName\":\"search_term_string\"}}],\"inLanguage\":\"en-US\"}]}<\/script>\n<!-- \/ Yoast SEO plugin. -->","yoast_head_json":{"title":"PV Eva valge \u00d850 h28\/500\/1000tk - Lainekarp","description":"PV Eva valge 50x28. Vormid, K\u00fcpsetusvormid. Materjal: paber. Kaal: 0.442kg. M\u00f5\u00f5dud: 50 x 0 x 28 mm.","robots":{"index":"index","follow":"follow","max-snippet":"max-snippet:-1","max-image-preview":"max-image-preview:large","max-video-preview":"max-video-preview:-1"},"canonical":"https:\/\/lainekarp.ee\/en\/product\/pv-eva-valge-50x28\/","og_locale":"en_US","og_type":"article","og_title":"PV Eva valge \u00d850 h28\/500\/1000tk - Lainekarp","og_description":"PV Eva valge 50x28. Vormid, K\u00fcpsetusvormid. Materjal: paber. Kaal: 0.442kg. M\u00f5\u00f5dud: 50 x 0 x 28 mm.","og_url":"https:\/\/lainekarp.ee\/en\/product\/pv-eva-valge-50x28\/","og_site_name":"Lainekarp","article_modified_time":"2026-02-26T10:46:15+00:00","og_image":[{"width":574,"height":640,"url":"https:\/\/lainekarp.ee\/wp-content\/uploads\/2022\/09\/PVEV78.jpg","type":"image\/jpeg"}],"twitter_card":"summary_large_image","schema":{"@context":"https:\/\/schema.org","@graph":[{"@type":"WebPage","@id":"https:\/\/lainekarp.ee\/toode\/pv-eva-valge-50x28\/","url":"https:\/\/lainekarp.ee\/toode\/pv-eva-valge-50x28\/","name":"PV Eva valge \u00d850 h28\/500\/1000tk - Lainekarp","isPartOf":{"@id":"https:\/\/www.lainekarp.ee\/#website"},"primaryImageOfPage":{"@id":"https:\/\/lainekarp.ee\/toode\/pv-eva-valge-50x28\/#primaryimage"},"image":{"@id":"https:\/\/lainekarp.ee\/toode\/pv-eva-valge-50x28\/#primaryimage"},"thumbnailUrl":"https:\/\/lainekarp.ee\/wp-content\/uploads\/2022\/09\/PVEV78.jpg","datePublished":"2021-10-28T09:46:34+00:00","dateModified":"2026-02-26T10:46:15+00:00","description":"PV Eva valge 50x28. Vormid, K\u00fcpsetusvormid. Materjal: paber. Kaal: 0.442kg. M\u00f5\u00f5dud: 50 x 0 x 28 mm.","breadcrumb":{"@id":"https:\/\/lainekarp.ee\/toode\/pv-eva-valge-50x28\/#breadcrumb"},"inLanguage":"en-US","potentialAction":[{"@type":"ReadAction","target":["https:\/\/lainekarp.ee\/toode\/pv-eva-valge-50x28\/"]}]},{"@type":"ImageObject","inLanguage":"en-US","@id":"https:\/\/lainekarp.ee\/toode\/pv-eva-valge-50x28\/#primaryimage","url":"https:\/\/lainekarp.ee\/wp-content\/uploads\/2022\/09\/PVEV78.jpg","contentUrl":"https:\/\/lainekarp.ee\/wp-content\/uploads\/2022\/09\/PVEV78.jpg","width":574,"height":640,"caption":"PVEV78"},{"@type":"BreadcrumbList","@id":"https:\/\/lainekarp.ee\/toode\/pv-eva-valge-50x28\/#breadcrumb","itemListElement":[{"@type":"ListItem","position":1,"name":"Home","item":"https:\/\/lainekarp.ee\/"},{"@type":"ListItem","position":2,"name":"Kataloog","item":"https:\/\/lainekarp.ee\/epood\/"},{"@type":"ListItem","position":3,"name":"Vormid","item":"https:\/\/lainekarp.ee\/tootekategooria\/vormid\/"},{"@type":"ListItem","position":4,"name":"K\u00fcpsetusvormid","item":"https:\/\/lainekarp.ee\/tootekategooria\/vormid\/kupsetusvormid\/"},{"@type":"ListItem","position":5,"name":"PV Eva valge \u00d850 h28\/500\/1000tk"}]},{"@type":"WebSite","@id":"https:\/\/www.lainekarp.ee\/#website","url":"https:\/\/www.lainekarp.ee\/","name":"Lainekarp","description":"","potentialAction":[{"@type":"SearchAction","target":{"@type":"EntryPoint","urlTemplate":"https:\/\/www.lainekarp.ee\/?s={search_term_string}"},"query-input":{"@type":"PropertyValueSpecification","valueRequired":true,"valueName":"search_term_string"}}],"inLanguage":"en-US"}]}},"_links":{"self":[{"href":"https:\/\/lainekarp.ee\/en\/wp-json\/wp\/v2\/product\/2509","targetHints":{"allow":["GET"]}}],"collection":[{"href":"https:\/\/lainekarp.ee\/en\/wp-json\/wp\/v2\/product"}],"about":[{"href":"https:\/\/lainekarp.ee\/en\/wp-json\/wp\/v2\/types\/product"}],"version-history":[{"count":2,"href":"https:\/\/lainekarp.ee\/en\/wp-json\/wp\/v2\/product\/2509\/revisions"}],"predecessor-version":[{"id":20547,"href":"https:\/\/lainekarp.ee\/en\/wp-json\/wp\/v2\/product\/2509\/revisions\/20547"}],"wp:featuredmedia":[{"embeddable":true,"href":"https:\/\/lainekarp.ee\/en\/wp-json\/wp\/v2\/media\/11765"}],"wp:attachment":[{"href":"https:\/\/lainekarp.ee\/en\/wp-json\/wp\/v2\/media?parent=2509"}],"wp:term":[{"taxonomy":"product_brand","embeddable":true,"href":"https:\/\/lainekarp.ee\/en\/wp-json\/wp\/v2\/product_brand?post=2509"},{"taxonomy":"product_cat","embeddable":true,"href":"https:\/\/lainekarp.ee\/en\/wp-json\/wp\/v2\/product_cat?post=2509"},{"taxonomy":"product_tag","embeddable":true,"href":"https:\/\/lainekarp.ee\/en\/wp-json\/wp\/v2\/product_tag?post=2509"}],"curies":[{"name":"wp","href":"https:\/\/api.w.org\/{rel}","templated":true}]}}