{"id":2567,"date":"2021-10-28T11:46:40","date_gmt":"2021-10-28T09:46:40","guid":{"rendered":"https:\/\/uus.lainekarp.ee\/product\/pv-tulip-roheline-volditud-50x50-85-200tk\/"},"modified":"2026-02-27T14:15:31","modified_gmt":"2026-02-27T12:15:31","slug":"pv-tulip-roheline-volditud-50x50-85-200tk","status":"publish","type":"product","link":"https:\/\/lainekarp.ee\/en\/product\/pv-tulip-roheline-volditud-50x50-85-200tk\/","title":{"rendered":"PV Tulip muffinile roheline volditud \u00d850 h50\/85\/200tk"},"content":{"rendered":"","protected":false},"excerpt":{"rendered":"<p>Diameeter 50mm, madalaim k\u00f5rgus 50mm ja k\u00f5rgeim k\u00f5rgus 85mm<br \/>\nKogus kastis 3200tk (16 toru 200tk)<\/p>","protected":false},"featured_media":12866,"template":"","meta":{"_acf_changed":false},"product_brand":[],"product_cat":[624],"product_tag":[],"class_list":{"0":"post-2567","1":"product","2":"type-product","3":"status-publish","4":"has-post-thumbnail","6":"product_cat-kupsetusvormid","8":"first","9":"instock","10":"taxable","11":"shipping-taxable","12":"purchasable","13":"product-type-simple"},"acf":[],"yoast_head":"<!-- This site is optimized with the Yoast SEO plugin v27.3 - https:\/\/yoast.com\/product\/yoast-seo-wordpress\/ -->\n<title>PV Tulip muffinile roheline volditud \u00d850 h50\/85\/200tk - Lainekarp<\/title>\n<meta name=\"description\" content=\"PV Tulip roheline volditud 50x50\/85\/200tk. Vormid, K\u00fcpsetusvormid. Materjal: paber. Kaal: 0.202kg. M\u00f5\u00f5dud: 50 x 0 x 0 mm.\" \/>\n<meta name=\"robots\" content=\"index, follow, max-snippet:-1, max-image-preview:large, max-video-preview:-1\" \/>\n<link rel=\"canonical\" href=\"https:\/\/lainekarp.ee\/en\/product\/pv-tulip-roheline-volditud-50x50-85-200tk\/\" \/>\n<meta property=\"og:locale\" content=\"en_US\" \/>\n<meta property=\"og:type\" content=\"article\" \/>\n<meta property=\"og:title\" content=\"PV Tulip muffinile roheline volditud \u00d850 h50\/85\/200tk - Lainekarp\" \/>\n<meta property=\"og:description\" content=\"PV Tulip roheline volditud 50x50\/85\/200tk. Vormid, K\u00fcpsetusvormid. Materjal: paber. Kaal: 0.202kg. M\u00f5\u00f5dud: 50 x 0 x 0 mm.\" \/>\n<meta property=\"og:url\" content=\"https:\/\/lainekarp.ee\/en\/product\/pv-tulip-roheline-volditud-50x50-85-200tk\/\" \/>\n<meta property=\"og:site_name\" content=\"Lainekarp\" \/>\n<meta property=\"article:modified_time\" content=\"2026-02-27T12:15:31+00:00\" \/>\n<meta property=\"og:image\" content=\"https:\/\/lainekarp.ee\/wp-content\/uploads\/2023\/04\/PVTULAFRO.jpg\" \/>\n\t<meta property=\"og:image:width\" content=\"517\" \/>\n\t<meta property=\"og:image:height\" content=\"640\" \/>\n\t<meta property=\"og:image:type\" content=\"image\/jpeg\" \/>\n<meta name=\"twitter:card\" content=\"summary_large_image\" \/>\n<script type=\"application\/ld+json\" class=\"yoast-schema-graph\">{\"@context\":\"https:\\\/\\\/schema.org\",\"@graph\":[{\"@type\":\"WebPage\",\"@id\":\"https:\\\/\\\/lainekarp.ee\\\/toode\\\/pv-tulip-roheline-volditud-50x50-85-200tk\\\/\",\"url\":\"https:\\\/\\\/lainekarp.ee\\\/toode\\\/pv-tulip-roheline-volditud-50x50-85-200tk\\\/\",\"name\":\"PV Tulip muffinile roheline volditud \u00d850 h50\\\/85\\\/200tk - Lainekarp\",\"isPartOf\":{\"@id\":\"https:\\\/\\\/www.lainekarp.ee\\\/#website\"},\"primaryImageOfPage\":{\"@id\":\"https:\\\/\\\/lainekarp.ee\\\/toode\\\/pv-tulip-roheline-volditud-50x50-85-200tk\\\/#primaryimage\"},\"image\":{\"@id\":\"https:\\\/\\\/lainekarp.ee\\\/toode\\\/pv-tulip-roheline-volditud-50x50-85-200tk\\\/#primaryimage\"},\"thumbnailUrl\":\"https:\\\/\\\/lainekarp.ee\\\/wp-content\\\/uploads\\\/2023\\\/04\\\/PVTULAFRO.jpg\",\"datePublished\":\"2021-10-28T09:46:40+00:00\",\"dateModified\":\"2026-02-27T12:15:31+00:00\",\"description\":\"PV Tulip roheline volditud 50x50\\\/85\\\/200tk. Vormid, K\u00fcpsetusvormid. Materjal: paber. Kaal: 0.202kg. M\u00f5\u00f5dud: 50 x 0 x 0 mm.\",\"breadcrumb\":{\"@id\":\"https:\\\/\\\/lainekarp.ee\\\/toode\\\/pv-tulip-roheline-volditud-50x50-85-200tk\\\/#breadcrumb\"},\"inLanguage\":\"en-US\",\"potentialAction\":[{\"@type\":\"ReadAction\",\"target\":[\"https:\\\/\\\/lainekarp.ee\\\/toode\\\/pv-tulip-roheline-volditud-50x50-85-200tk\\\/\"]}]},{\"@type\":\"ImageObject\",\"inLanguage\":\"en-US\",\"@id\":\"https:\\\/\\\/lainekarp.ee\\\/toode\\\/pv-tulip-roheline-volditud-50x50-85-200tk\\\/#primaryimage\",\"url\":\"https:\\\/\\\/lainekarp.ee\\\/wp-content\\\/uploads\\\/2023\\\/04\\\/PVTULAFRO.jpg\",\"contentUrl\":\"https:\\\/\\\/lainekarp.ee\\\/wp-content\\\/uploads\\\/2023\\\/04\\\/PVTULAFRO.jpg\",\"width\":517,\"height\":640,\"caption\":\"PVTULAFRO\"},{\"@type\":\"BreadcrumbList\",\"@id\":\"https:\\\/\\\/lainekarp.ee\\\/toode\\\/pv-tulip-roheline-volditud-50x50-85-200tk\\\/#breadcrumb\",\"itemListElement\":[{\"@type\":\"ListItem\",\"position\":1,\"name\":\"Home\",\"item\":\"https:\\\/\\\/lainekarp.ee\\\/\"},{\"@type\":\"ListItem\",\"position\":2,\"name\":\"Kataloog\",\"item\":\"https:\\\/\\\/lainekarp.ee\\\/epood\\\/\"},{\"@type\":\"ListItem\",\"position\":3,\"name\":\"Vormid\",\"item\":\"https:\\\/\\\/lainekarp.ee\\\/tootekategooria\\\/vormid\\\/\"},{\"@type\":\"ListItem\",\"position\":4,\"name\":\"K\u00fcpsetusvormid\",\"item\":\"https:\\\/\\\/lainekarp.ee\\\/tootekategooria\\\/vormid\\\/kupsetusvormid\\\/\"},{\"@type\":\"ListItem\",\"position\":5,\"name\":\"PV Tulip muffinile roheline volditud \u00d850 h50\\\/85\\\/200tk\"}]},{\"@type\":\"WebSite\",\"@id\":\"https:\\\/\\\/www.lainekarp.ee\\\/#website\",\"url\":\"https:\\\/\\\/www.lainekarp.ee\\\/\",\"name\":\"Lainekarp\",\"description\":\"\",\"potentialAction\":[{\"@type\":\"SearchAction\",\"target\":{\"@type\":\"EntryPoint\",\"urlTemplate\":\"https:\\\/\\\/www.lainekarp.ee\\\/?s={search_term_string}\"},\"query-input\":{\"@type\":\"PropertyValueSpecification\",\"valueRequired\":true,\"valueName\":\"search_term_string\"}}],\"inLanguage\":\"en-US\"}]}<\/script>\n<!-- \/ Yoast SEO plugin. -->","yoast_head_json":{"title":"PV Tulip muffinile roheline volditud \u00d850 h50\/85\/200tk - Lainekarp","description":"PV Tulip roheline volditud 50x50\/85\/200tk. Vormid, K\u00fcpsetusvormid. Materjal: paber. Kaal: 0.202kg. M\u00f5\u00f5dud: 50 x 0 x 0 mm.","robots":{"index":"index","follow":"follow","max-snippet":"max-snippet:-1","max-image-preview":"max-image-preview:large","max-video-preview":"max-video-preview:-1"},"canonical":"https:\/\/lainekarp.ee\/en\/product\/pv-tulip-roheline-volditud-50x50-85-200tk\/","og_locale":"en_US","og_type":"article","og_title":"PV Tulip muffinile roheline volditud \u00d850 h50\/85\/200tk - Lainekarp","og_description":"PV Tulip roheline volditud 50x50\/85\/200tk. Vormid, K\u00fcpsetusvormid. Materjal: paber. Kaal: 0.202kg. M\u00f5\u00f5dud: 50 x 0 x 0 mm.","og_url":"https:\/\/lainekarp.ee\/en\/product\/pv-tulip-roheline-volditud-50x50-85-200tk\/","og_site_name":"Lainekarp","article_modified_time":"2026-02-27T12:15:31+00:00","og_image":[{"width":517,"height":640,"url":"https:\/\/lainekarp.ee\/wp-content\/uploads\/2023\/04\/PVTULAFRO.jpg","type":"image\/jpeg"}],"twitter_card":"summary_large_image","schema":{"@context":"https:\/\/schema.org","@graph":[{"@type":"WebPage","@id":"https:\/\/lainekarp.ee\/toode\/pv-tulip-roheline-volditud-50x50-85-200tk\/","url":"https:\/\/lainekarp.ee\/toode\/pv-tulip-roheline-volditud-50x50-85-200tk\/","name":"PV Tulip muffinile roheline volditud \u00d850 h50\/85\/200tk - Lainekarp","isPartOf":{"@id":"https:\/\/www.lainekarp.ee\/#website"},"primaryImageOfPage":{"@id":"https:\/\/lainekarp.ee\/toode\/pv-tulip-roheline-volditud-50x50-85-200tk\/#primaryimage"},"image":{"@id":"https:\/\/lainekarp.ee\/toode\/pv-tulip-roheline-volditud-50x50-85-200tk\/#primaryimage"},"thumbnailUrl":"https:\/\/lainekarp.ee\/wp-content\/uploads\/2023\/04\/PVTULAFRO.jpg","datePublished":"2021-10-28T09:46:40+00:00","dateModified":"2026-02-27T12:15:31+00:00","description":"PV Tulip roheline volditud 50x50\/85\/200tk. Vormid, K\u00fcpsetusvormid. Materjal: paber. Kaal: 0.202kg. M\u00f5\u00f5dud: 50 x 0 x 0 mm.","breadcrumb":{"@id":"https:\/\/lainekarp.ee\/toode\/pv-tulip-roheline-volditud-50x50-85-200tk\/#breadcrumb"},"inLanguage":"en-US","potentialAction":[{"@type":"ReadAction","target":["https:\/\/lainekarp.ee\/toode\/pv-tulip-roheline-volditud-50x50-85-200tk\/"]}]},{"@type":"ImageObject","inLanguage":"en-US","@id":"https:\/\/lainekarp.ee\/toode\/pv-tulip-roheline-volditud-50x50-85-200tk\/#primaryimage","url":"https:\/\/lainekarp.ee\/wp-content\/uploads\/2023\/04\/PVTULAFRO.jpg","contentUrl":"https:\/\/lainekarp.ee\/wp-content\/uploads\/2023\/04\/PVTULAFRO.jpg","width":517,"height":640,"caption":"PVTULAFRO"},{"@type":"BreadcrumbList","@id":"https:\/\/lainekarp.ee\/toode\/pv-tulip-roheline-volditud-50x50-85-200tk\/#breadcrumb","itemListElement":[{"@type":"ListItem","position":1,"name":"Home","item":"https:\/\/lainekarp.ee\/"},{"@type":"ListItem","position":2,"name":"Kataloog","item":"https:\/\/lainekarp.ee\/epood\/"},{"@type":"ListItem","position":3,"name":"Vormid","item":"https:\/\/lainekarp.ee\/tootekategooria\/vormid\/"},{"@type":"ListItem","position":4,"name":"K\u00fcpsetusvormid","item":"https:\/\/lainekarp.ee\/tootekategooria\/vormid\/kupsetusvormid\/"},{"@type":"ListItem","position":5,"name":"PV Tulip muffinile roheline volditud \u00d850 h50\/85\/200tk"}]},{"@type":"WebSite","@id":"https:\/\/www.lainekarp.ee\/#website","url":"https:\/\/www.lainekarp.ee\/","name":"Lainekarp","description":"","potentialAction":[{"@type":"SearchAction","target":{"@type":"EntryPoint","urlTemplate":"https:\/\/www.lainekarp.ee\/?s={search_term_string}"},"query-input":{"@type":"PropertyValueSpecification","valueRequired":true,"valueName":"search_term_string"}}],"inLanguage":"en-US"}]}},"_links":{"self":[{"href":"https:\/\/lainekarp.ee\/en\/wp-json\/wp\/v2\/product\/2567","targetHints":{"allow":["GET"]}}],"collection":[{"href":"https:\/\/lainekarp.ee\/en\/wp-json\/wp\/v2\/product"}],"about":[{"href":"https:\/\/lainekarp.ee\/en\/wp-json\/wp\/v2\/types\/product"}],"version-history":[{"count":3,"href":"https:\/\/lainekarp.ee\/en\/wp-json\/wp\/v2\/product\/2567\/revisions"}],"predecessor-version":[{"id":20682,"href":"https:\/\/lainekarp.ee\/en\/wp-json\/wp\/v2\/product\/2567\/revisions\/20682"}],"wp:featuredmedia":[{"embeddable":true,"href":"https:\/\/lainekarp.ee\/en\/wp-json\/wp\/v2\/media\/12866"}],"wp:attachment":[{"href":"https:\/\/lainekarp.ee\/en\/wp-json\/wp\/v2\/media?parent=2567"}],"wp:term":[{"taxonomy":"product_brand","embeddable":true,"href":"https:\/\/lainekarp.ee\/en\/wp-json\/wp\/v2\/product_brand?post=2567"},{"taxonomy":"product_cat","embeddable":true,"href":"https:\/\/lainekarp.ee\/en\/wp-json\/wp\/v2\/product_cat?post=2567"},{"taxonomy":"product_tag","embeddable":true,"href":"https:\/\/lainekarp.ee\/en\/wp-json\/wp\/v2\/product_tag?post=2567"}],"curies":[{"name":"wp","href":"https:\/\/api.w.org\/{rel}","templated":true}]}}