{"id":261,"date":"2021-10-18T15:42:04","date_gmt":"2021-10-18T13:42:04","guid":{"rendered":"https:\/\/uus.lainekarp.ee\/product\/puidu-puru-kast-1-kg\/"},"modified":"2026-01-20T15:38:42","modified_gmt":"2026-01-20T13:38:42","slug":"puidu-puru-kast-1-kg","status":"publish","type":"product","link":"https:\/\/lainekarp.ee\/en\/product\/puidu-puru-kast-1-kg\/","title":{"rendered":"Puidu puru KAST 1kg"},"content":{"rendered":"","protected":false},"excerpt":{"rendered":"<p>Kinkekarbi t\u00e4idis \u2013 looduslik puidupuru. Dekoratiivne ja loodusl\u00e4hedane puidupurust t\u00e4idis, sobib suurep\u00e4raselt kinkekarpide sisustamiseks ja toodete kaitsmiseks. Annab pakendile rustikaalse ja soojalt naturaalse ilme, samal ajal summutades p\u00f5rutusi ja hoides tooted kindlalt paigal. Ideaalne k\u00e4sit\u00f6\u00f6toodete, gurmeekingituste ja loodusteemaliste pakkide viimistlemiseks. Pakis 1kg. <\/p>","protected":false},"featured_media":16220,"template":"","meta":{"_acf_changed":false},"product_brand":[],"product_cat":[629],"product_tag":[],"class_list":{"0":"post-261","1":"product","2":"type-product","3":"status-publish","4":"has-post-thumbnail","6":"product_cat-taitematerjal","8":"first","9":"instock","10":"taxable","11":"shipping-taxable","12":"purchasable","13":"product-type-simple"},"acf":[],"yoast_head":"<!-- This site is optimized with the Yoast SEO plugin v27.3 - https:\/\/yoast.com\/product\/yoast-seo-wordpress\/ -->\n<title>Puidu puru KAST 1kg - Lainekarp<\/title>\n<meta name=\"description\" content=\"Puidu puru KAST 1 kg. Dekoratsioon, T\u00e4itematerjal. Materjal: puit.\" \/>\n<meta name=\"robots\" content=\"index, follow, max-snippet:-1, max-image-preview:large, max-video-preview:-1\" \/>\n<link rel=\"canonical\" href=\"https:\/\/lainekarp.ee\/en\/product\/puidu-puru-kast-1-kg\/\" \/>\n<meta property=\"og:locale\" content=\"en_US\" \/>\n<meta property=\"og:type\" content=\"article\" \/>\n<meta property=\"og:title\" content=\"Puidu puru KAST 1kg - Lainekarp\" \/>\n<meta property=\"og:description\" content=\"Puidu puru KAST 1 kg. Dekoratsioon, T\u00e4itematerjal. Materjal: puit.\" \/>\n<meta property=\"og:url\" content=\"https:\/\/lainekarp.ee\/en\/product\/puidu-puru-kast-1-kg\/\" \/>\n<meta property=\"og:site_name\" content=\"Lainekarp\" \/>\n<meta property=\"article:modified_time\" content=\"2026-01-20T13:38:42+00:00\" \/>\n<meta property=\"og:image\" content=\"https:\/\/lainekarp.ee\/wp-content\/uploads\/2024\/11\/EPUPP-2.jpg\" \/>\n\t<meta property=\"og:image:width\" content=\"1000\" \/>\n\t<meta property=\"og:image:height\" content=\"897\" \/>\n\t<meta property=\"og:image:type\" content=\"image\/jpeg\" \/>\n<meta name=\"twitter:card\" content=\"summary_large_image\" \/>\n<script type=\"application\/ld+json\" class=\"yoast-schema-graph\">{\"@context\":\"https:\\\/\\\/schema.org\",\"@graph\":[{\"@type\":\"WebPage\",\"@id\":\"https:\\\/\\\/lainekarp.ee\\\/toode\\\/puidu-puru-kast-1-kg\\\/\",\"url\":\"https:\\\/\\\/lainekarp.ee\\\/toode\\\/puidu-puru-kast-1-kg\\\/\",\"name\":\"Puidu puru KAST 1kg - Lainekarp\",\"isPartOf\":{\"@id\":\"https:\\\/\\\/www.lainekarp.ee\\\/#website\"},\"primaryImageOfPage\":{\"@id\":\"https:\\\/\\\/lainekarp.ee\\\/toode\\\/puidu-puru-kast-1-kg\\\/#primaryimage\"},\"image\":{\"@id\":\"https:\\\/\\\/lainekarp.ee\\\/toode\\\/puidu-puru-kast-1-kg\\\/#primaryimage\"},\"thumbnailUrl\":\"https:\\\/\\\/lainekarp.ee\\\/wp-content\\\/uploads\\\/2024\\\/11\\\/EPUPP-2.jpg\",\"datePublished\":\"2021-10-18T13:42:04+00:00\",\"dateModified\":\"2026-01-20T13:38:42+00:00\",\"description\":\"Puidu puru KAST 1 kg. Dekoratsioon, T\u00e4itematerjal. Materjal: puit.\",\"breadcrumb\":{\"@id\":\"https:\\\/\\\/lainekarp.ee\\\/toode\\\/puidu-puru-kast-1-kg\\\/#breadcrumb\"},\"inLanguage\":\"en-US\",\"potentialAction\":[{\"@type\":\"ReadAction\",\"target\":[\"https:\\\/\\\/lainekarp.ee\\\/toode\\\/puidu-puru-kast-1-kg\\\/\"]}]},{\"@type\":\"ImageObject\",\"inLanguage\":\"en-US\",\"@id\":\"https:\\\/\\\/lainekarp.ee\\\/toode\\\/puidu-puru-kast-1-kg\\\/#primaryimage\",\"url\":\"https:\\\/\\\/lainekarp.ee\\\/wp-content\\\/uploads\\\/2024\\\/11\\\/EPUPP-2.jpg\",\"contentUrl\":\"https:\\\/\\\/lainekarp.ee\\\/wp-content\\\/uploads\\\/2024\\\/11\\\/EPUPP-2.jpg\",\"width\":1000,\"height\":897,\"caption\":\"EPUPP-2\"},{\"@type\":\"BreadcrumbList\",\"@id\":\"https:\\\/\\\/lainekarp.ee\\\/toode\\\/puidu-puru-kast-1-kg\\\/#breadcrumb\",\"itemListElement\":[{\"@type\":\"ListItem\",\"position\":1,\"name\":\"Home\",\"item\":\"https:\\\/\\\/lainekarp.ee\\\/\"},{\"@type\":\"ListItem\",\"position\":2,\"name\":\"Kataloog\",\"item\":\"https:\\\/\\\/lainekarp.ee\\\/epood\\\/\"},{\"@type\":\"ListItem\",\"position\":3,\"name\":\"Dekoratsioon\",\"item\":\"https:\\\/\\\/lainekarp.ee\\\/tootekategooria\\\/dekoratsioon\\\/\"},{\"@type\":\"ListItem\",\"position\":4,\"name\":\"T\u00e4itematerjal\",\"item\":\"https:\\\/\\\/lainekarp.ee\\\/tootekategooria\\\/dekoratsioon\\\/taitematerjal\\\/\"},{\"@type\":\"ListItem\",\"position\":5,\"name\":\"Puidu puru KAST 1kg\"}]},{\"@type\":\"WebSite\",\"@id\":\"https:\\\/\\\/www.lainekarp.ee\\\/#website\",\"url\":\"https:\\\/\\\/www.lainekarp.ee\\\/\",\"name\":\"Lainekarp\",\"description\":\"\",\"potentialAction\":[{\"@type\":\"SearchAction\",\"target\":{\"@type\":\"EntryPoint\",\"urlTemplate\":\"https:\\\/\\\/www.lainekarp.ee\\\/?s={search_term_string}\"},\"query-input\":{\"@type\":\"PropertyValueSpecification\",\"valueRequired\":true,\"valueName\":\"search_term_string\"}}],\"inLanguage\":\"en-US\"}]}<\/script>\n<!-- \/ Yoast SEO plugin. -->","yoast_head_json":{"title":"Puidu puru KAST 1kg - Lainekarp","description":"Puidu puru KAST 1 kg. Dekoratsioon, T\u00e4itematerjal. Materjal: puit.","robots":{"index":"index","follow":"follow","max-snippet":"max-snippet:-1","max-image-preview":"max-image-preview:large","max-video-preview":"max-video-preview:-1"},"canonical":"https:\/\/lainekarp.ee\/en\/product\/puidu-puru-kast-1-kg\/","og_locale":"en_US","og_type":"article","og_title":"Puidu puru KAST 1kg - Lainekarp","og_description":"Puidu puru KAST 1 kg. Dekoratsioon, T\u00e4itematerjal. Materjal: puit.","og_url":"https:\/\/lainekarp.ee\/en\/product\/puidu-puru-kast-1-kg\/","og_site_name":"Lainekarp","article_modified_time":"2026-01-20T13:38:42+00:00","og_image":[{"width":1000,"height":897,"url":"https:\/\/lainekarp.ee\/wp-content\/uploads\/2024\/11\/EPUPP-2.jpg","type":"image\/jpeg"}],"twitter_card":"summary_large_image","schema":{"@context":"https:\/\/schema.org","@graph":[{"@type":"WebPage","@id":"https:\/\/lainekarp.ee\/toode\/puidu-puru-kast-1-kg\/","url":"https:\/\/lainekarp.ee\/toode\/puidu-puru-kast-1-kg\/","name":"Puidu puru KAST 1kg - Lainekarp","isPartOf":{"@id":"https:\/\/www.lainekarp.ee\/#website"},"primaryImageOfPage":{"@id":"https:\/\/lainekarp.ee\/toode\/puidu-puru-kast-1-kg\/#primaryimage"},"image":{"@id":"https:\/\/lainekarp.ee\/toode\/puidu-puru-kast-1-kg\/#primaryimage"},"thumbnailUrl":"https:\/\/lainekarp.ee\/wp-content\/uploads\/2024\/11\/EPUPP-2.jpg","datePublished":"2021-10-18T13:42:04+00:00","dateModified":"2026-01-20T13:38:42+00:00","description":"Puidu puru KAST 1 kg. Dekoratsioon, T\u00e4itematerjal. Materjal: puit.","breadcrumb":{"@id":"https:\/\/lainekarp.ee\/toode\/puidu-puru-kast-1-kg\/#breadcrumb"},"inLanguage":"en-US","potentialAction":[{"@type":"ReadAction","target":["https:\/\/lainekarp.ee\/toode\/puidu-puru-kast-1-kg\/"]}]},{"@type":"ImageObject","inLanguage":"en-US","@id":"https:\/\/lainekarp.ee\/toode\/puidu-puru-kast-1-kg\/#primaryimage","url":"https:\/\/lainekarp.ee\/wp-content\/uploads\/2024\/11\/EPUPP-2.jpg","contentUrl":"https:\/\/lainekarp.ee\/wp-content\/uploads\/2024\/11\/EPUPP-2.jpg","width":1000,"height":897,"caption":"EPUPP-2"},{"@type":"BreadcrumbList","@id":"https:\/\/lainekarp.ee\/toode\/puidu-puru-kast-1-kg\/#breadcrumb","itemListElement":[{"@type":"ListItem","position":1,"name":"Home","item":"https:\/\/lainekarp.ee\/"},{"@type":"ListItem","position":2,"name":"Kataloog","item":"https:\/\/lainekarp.ee\/epood\/"},{"@type":"ListItem","position":3,"name":"Dekoratsioon","item":"https:\/\/lainekarp.ee\/tootekategooria\/dekoratsioon\/"},{"@type":"ListItem","position":4,"name":"T\u00e4itematerjal","item":"https:\/\/lainekarp.ee\/tootekategooria\/dekoratsioon\/taitematerjal\/"},{"@type":"ListItem","position":5,"name":"Puidu puru KAST 1kg"}]},{"@type":"WebSite","@id":"https:\/\/www.lainekarp.ee\/#website","url":"https:\/\/www.lainekarp.ee\/","name":"Lainekarp","description":"","potentialAction":[{"@type":"SearchAction","target":{"@type":"EntryPoint","urlTemplate":"https:\/\/www.lainekarp.ee\/?s={search_term_string}"},"query-input":{"@type":"PropertyValueSpecification","valueRequired":true,"valueName":"search_term_string"}}],"inLanguage":"en-US"}]}},"_links":{"self":[{"href":"https:\/\/lainekarp.ee\/en\/wp-json\/wp\/v2\/product\/261","targetHints":{"allow":["GET"]}}],"collection":[{"href":"https:\/\/lainekarp.ee\/en\/wp-json\/wp\/v2\/product"}],"about":[{"href":"https:\/\/lainekarp.ee\/en\/wp-json\/wp\/v2\/types\/product"}],"version-history":[{"count":1,"href":"https:\/\/lainekarp.ee\/en\/wp-json\/wp\/v2\/product\/261\/revisions"}],"predecessor-version":[{"id":17884,"href":"https:\/\/lainekarp.ee\/en\/wp-json\/wp\/v2\/product\/261\/revisions\/17884"}],"wp:featuredmedia":[{"embeddable":true,"href":"https:\/\/lainekarp.ee\/en\/wp-json\/wp\/v2\/media\/16220"}],"wp:attachment":[{"href":"https:\/\/lainekarp.ee\/en\/wp-json\/wp\/v2\/media?parent=261"}],"wp:term":[{"taxonomy":"product_brand","embeddable":true,"href":"https:\/\/lainekarp.ee\/en\/wp-json\/wp\/v2\/product_brand?post=261"},{"taxonomy":"product_cat","embeddable":true,"href":"https:\/\/lainekarp.ee\/en\/wp-json\/wp\/v2\/product_cat?post=261"},{"taxonomy":"product_tag","embeddable":true,"href":"https:\/\/lainekarp.ee\/en\/wp-json\/wp\/v2\/product_tag?post=261"}],"curies":[{"name":"wp","href":"https:\/\/api.w.org\/{rel}","templated":true}]}}