{"id":2622,"date":"2021-10-28T11:47:43","date_gmt":"2021-10-28T09:47:43","guid":{"rendered":"https:\/\/uus.lainekarp.ee\/product\/kupset-vorm-nts-1-60x80-48tk-lehel\/"},"modified":"2026-03-28T02:00:26","modified_gmt":"2026-03-28T00:00:26","slug":"kupset-vorm-nts-1-60x80-48tk-lehel","status":"publish","type":"product","link":"https:\/\/lainekarp.ee\/en\/product\/kupset-vorm-nts-1-60x80-48tk-lehel\/","title":{"rendered":"K\u00fcpset.vorm NTS 1 6&#215;8=48tk lehel\/100"},"content":{"rendered":"","protected":false},"excerpt":{"rendered":"<p>Kogus kastis 100 lehte<\/p>","protected":false},"featured_media":20343,"template":"","meta":{"_acf_changed":false},"product_brand":[],"product_cat":[624],"product_tag":[],"class_list":{"0":"post-2622","1":"product","2":"type-product","3":"status-publish","4":"has-post-thumbnail","6":"product_cat-kupsetusvormid","8":"first","9":"instock","10":"taxable","11":"shipping-taxable","12":"purchasable","13":"product-type-simple"},"acf":[],"yoast_head":"<!-- This site is optimized with the Yoast SEO plugin v27.3 - https:\/\/yoast.com\/product\/yoast-seo-wordpress\/ -->\n<title>K\u00fcpset.vorm NTS 1 6x8=48tk lehel\/100 - Lainekarp<\/title>\n<meta name=\"description\" content=\"K\u00fcpset.vorm NTS 1 60x80 48tk lehel. Vormid, K\u00fcpsetusvormid. Materjal: paber. Kaal: 0.076kg. M\u00f5\u00f5dud: 60 x 80 x 0 mm.\" \/>\n<meta name=\"robots\" content=\"index, follow, max-snippet:-1, max-image-preview:large, max-video-preview:-1\" \/>\n<link rel=\"canonical\" href=\"https:\/\/lainekarp.ee\/en\/product\/kupset-vorm-nts-1-60x80-48tk-lehel\/\" \/>\n<meta property=\"og:locale\" content=\"en_US\" \/>\n<meta property=\"og:type\" content=\"article\" \/>\n<meta property=\"og:title\" content=\"K\u00fcpset.vorm NTS 1 6x8=48tk lehel\/100 - Lainekarp\" \/>\n<meta property=\"og:description\" content=\"K\u00fcpset.vorm NTS 1 60x80 48tk lehel. Vormid, K\u00fcpsetusvormid. Materjal: paber. Kaal: 0.076kg. M\u00f5\u00f5dud: 60 x 80 x 0 mm.\" \/>\n<meta property=\"og:url\" content=\"https:\/\/lainekarp.ee\/en\/product\/kupset-vorm-nts-1-60x80-48tk-lehel\/\" \/>\n<meta property=\"og:site_name\" content=\"Lainekarp\" \/>\n<meta property=\"article:modified_time\" content=\"2026-03-28T00:00:26+00:00\" \/>\n<meta property=\"og:image\" content=\"https:\/\/lainekarp.ee\/wp-content\/uploads\/2026\/01\/KVNTS1-2.jpg\" \/>\n\t<meta property=\"og:image:width\" content=\"919\" \/>\n\t<meta property=\"og:image:height\" content=\"1000\" \/>\n\t<meta property=\"og:image:type\" content=\"image\/jpeg\" \/>\n<meta name=\"twitter:card\" content=\"summary_large_image\" \/>\n<script type=\"application\/ld+json\" class=\"yoast-schema-graph\">{\"@context\":\"https:\\\/\\\/schema.org\",\"@graph\":[{\"@type\":\"WebPage\",\"@id\":\"https:\\\/\\\/lainekarp.ee\\\/toode\\\/kupset-vorm-nts-1-60x80-48tk-lehel\\\/\",\"url\":\"https:\\\/\\\/lainekarp.ee\\\/toode\\\/kupset-vorm-nts-1-60x80-48tk-lehel\\\/\",\"name\":\"K\u00fcpset.vorm NTS 1 6x8=48tk lehel\\\/100 - Lainekarp\",\"isPartOf\":{\"@id\":\"https:\\\/\\\/www.lainekarp.ee\\\/#website\"},\"primaryImageOfPage\":{\"@id\":\"https:\\\/\\\/lainekarp.ee\\\/toode\\\/kupset-vorm-nts-1-60x80-48tk-lehel\\\/#primaryimage\"},\"image\":{\"@id\":\"https:\\\/\\\/lainekarp.ee\\\/toode\\\/kupset-vorm-nts-1-60x80-48tk-lehel\\\/#primaryimage\"},\"thumbnailUrl\":\"https:\\\/\\\/lainekarp.ee\\\/wp-content\\\/uploads\\\/2026\\\/02\\\/KVNTS1-2.jpg\",\"datePublished\":\"2021-10-28T09:47:43+00:00\",\"dateModified\":\"2026-03-28T00:00:26+00:00\",\"description\":\"K\u00fcpset.vorm NTS 1 60x80 48tk lehel. Vormid, K\u00fcpsetusvormid. Materjal: paber. Kaal: 0.076kg. M\u00f5\u00f5dud: 60 x 80 x 0 mm.\",\"breadcrumb\":{\"@id\":\"https:\\\/\\\/lainekarp.ee\\\/toode\\\/kupset-vorm-nts-1-60x80-48tk-lehel\\\/#breadcrumb\"},\"inLanguage\":\"en-US\",\"potentialAction\":[{\"@type\":\"ReadAction\",\"target\":[\"https:\\\/\\\/lainekarp.ee\\\/toode\\\/kupset-vorm-nts-1-60x80-48tk-lehel\\\/\"]}]},{\"@type\":\"ImageObject\",\"inLanguage\":\"en-US\",\"@id\":\"https:\\\/\\\/lainekarp.ee\\\/toode\\\/kupset-vorm-nts-1-60x80-48tk-lehel\\\/#primaryimage\",\"url\":\"https:\\\/\\\/lainekarp.ee\\\/wp-content\\\/uploads\\\/2026\\\/02\\\/KVNTS1-2.jpg\",\"contentUrl\":\"https:\\\/\\\/lainekarp.ee\\\/wp-content\\\/uploads\\\/2026\\\/02\\\/KVNTS1-2.jpg\",\"width\":919,\"height\":1000,\"caption\":\"KVNTS1-2\"},{\"@type\":\"BreadcrumbList\",\"@id\":\"https:\\\/\\\/lainekarp.ee\\\/toode\\\/kupset-vorm-nts-1-60x80-48tk-lehel\\\/#breadcrumb\",\"itemListElement\":[{\"@type\":\"ListItem\",\"position\":1,\"name\":\"Home\",\"item\":\"https:\\\/\\\/lainekarp.ee\\\/\"},{\"@type\":\"ListItem\",\"position\":2,\"name\":\"Kataloog\",\"item\":\"https:\\\/\\\/lainekarp.ee\\\/epood\\\/\"},{\"@type\":\"ListItem\",\"position\":3,\"name\":\"Vormid\",\"item\":\"https:\\\/\\\/lainekarp.ee\\\/tootekategooria\\\/vormid\\\/\"},{\"@type\":\"ListItem\",\"position\":4,\"name\":\"K\u00fcpsetusvormid\",\"item\":\"https:\\\/\\\/lainekarp.ee\\\/tootekategooria\\\/vormid\\\/kupsetusvormid\\\/\"},{\"@type\":\"ListItem\",\"position\":5,\"name\":\"K\u00fcpset.vorm NTS 1 6&#215;8=48tk lehel\\\/100\"}]},{\"@type\":\"WebSite\",\"@id\":\"https:\\\/\\\/www.lainekarp.ee\\\/#website\",\"url\":\"https:\\\/\\\/www.lainekarp.ee\\\/\",\"name\":\"Lainekarp\",\"description\":\"\",\"potentialAction\":[{\"@type\":\"SearchAction\",\"target\":{\"@type\":\"EntryPoint\",\"urlTemplate\":\"https:\\\/\\\/www.lainekarp.ee\\\/?s={search_term_string}\"},\"query-input\":{\"@type\":\"PropertyValueSpecification\",\"valueRequired\":true,\"valueName\":\"search_term_string\"}}],\"inLanguage\":\"en-US\"}]}<\/script>\n<!-- \/ Yoast SEO plugin. -->","yoast_head_json":{"title":"K\u00fcpset.vorm NTS 1 6x8=48tk lehel\/100 - Lainekarp","description":"K\u00fcpset.vorm NTS 1 60x80 48tk lehel. Vormid, K\u00fcpsetusvormid. Materjal: paber. Kaal: 0.076kg. M\u00f5\u00f5dud: 60 x 80 x 0 mm.","robots":{"index":"index","follow":"follow","max-snippet":"max-snippet:-1","max-image-preview":"max-image-preview:large","max-video-preview":"max-video-preview:-1"},"canonical":"https:\/\/lainekarp.ee\/en\/product\/kupset-vorm-nts-1-60x80-48tk-lehel\/","og_locale":"en_US","og_type":"article","og_title":"K\u00fcpset.vorm NTS 1 6x8=48tk lehel\/100 - Lainekarp","og_description":"K\u00fcpset.vorm NTS 1 60x80 48tk lehel. Vormid, K\u00fcpsetusvormid. Materjal: paber. Kaal: 0.076kg. M\u00f5\u00f5dud: 60 x 80 x 0 mm.","og_url":"https:\/\/lainekarp.ee\/en\/product\/kupset-vorm-nts-1-60x80-48tk-lehel\/","og_site_name":"Lainekarp","article_modified_time":"2026-03-28T00:00:26+00:00","og_image":[{"width":919,"height":1000,"url":"https:\/\/lainekarp.ee\/wp-content\/uploads\/2026\/01\/KVNTS1-2.jpg","type":"image\/jpeg"}],"twitter_card":"summary_large_image","schema":{"@context":"https:\/\/schema.org","@graph":[{"@type":"WebPage","@id":"https:\/\/lainekarp.ee\/toode\/kupset-vorm-nts-1-60x80-48tk-lehel\/","url":"https:\/\/lainekarp.ee\/toode\/kupset-vorm-nts-1-60x80-48tk-lehel\/","name":"K\u00fcpset.vorm NTS 1 6x8=48tk lehel\/100 - Lainekarp","isPartOf":{"@id":"https:\/\/www.lainekarp.ee\/#website"},"primaryImageOfPage":{"@id":"https:\/\/lainekarp.ee\/toode\/kupset-vorm-nts-1-60x80-48tk-lehel\/#primaryimage"},"image":{"@id":"https:\/\/lainekarp.ee\/toode\/kupset-vorm-nts-1-60x80-48tk-lehel\/#primaryimage"},"thumbnailUrl":"https:\/\/lainekarp.ee\/wp-content\/uploads\/2026\/02\/KVNTS1-2.jpg","datePublished":"2021-10-28T09:47:43+00:00","dateModified":"2026-03-28T00:00:26+00:00","description":"K\u00fcpset.vorm NTS 1 60x80 48tk lehel. Vormid, K\u00fcpsetusvormid. Materjal: paber. Kaal: 0.076kg. M\u00f5\u00f5dud: 60 x 80 x 0 mm.","breadcrumb":{"@id":"https:\/\/lainekarp.ee\/toode\/kupset-vorm-nts-1-60x80-48tk-lehel\/#breadcrumb"},"inLanguage":"en-US","potentialAction":[{"@type":"ReadAction","target":["https:\/\/lainekarp.ee\/toode\/kupset-vorm-nts-1-60x80-48tk-lehel\/"]}]},{"@type":"ImageObject","inLanguage":"en-US","@id":"https:\/\/lainekarp.ee\/toode\/kupset-vorm-nts-1-60x80-48tk-lehel\/#primaryimage","url":"https:\/\/lainekarp.ee\/wp-content\/uploads\/2026\/02\/KVNTS1-2.jpg","contentUrl":"https:\/\/lainekarp.ee\/wp-content\/uploads\/2026\/02\/KVNTS1-2.jpg","width":919,"height":1000,"caption":"KVNTS1-2"},{"@type":"BreadcrumbList","@id":"https:\/\/lainekarp.ee\/toode\/kupset-vorm-nts-1-60x80-48tk-lehel\/#breadcrumb","itemListElement":[{"@type":"ListItem","position":1,"name":"Home","item":"https:\/\/lainekarp.ee\/"},{"@type":"ListItem","position":2,"name":"Kataloog","item":"https:\/\/lainekarp.ee\/epood\/"},{"@type":"ListItem","position":3,"name":"Vormid","item":"https:\/\/lainekarp.ee\/tootekategooria\/vormid\/"},{"@type":"ListItem","position":4,"name":"K\u00fcpsetusvormid","item":"https:\/\/lainekarp.ee\/tootekategooria\/vormid\/kupsetusvormid\/"},{"@type":"ListItem","position":5,"name":"K\u00fcpset.vorm NTS 1 6&#215;8=48tk lehel\/100"}]},{"@type":"WebSite","@id":"https:\/\/www.lainekarp.ee\/#website","url":"https:\/\/www.lainekarp.ee\/","name":"Lainekarp","description":"","potentialAction":[{"@type":"SearchAction","target":{"@type":"EntryPoint","urlTemplate":"https:\/\/www.lainekarp.ee\/?s={search_term_string}"},"query-input":{"@type":"PropertyValueSpecification","valueRequired":true,"valueName":"search_term_string"}}],"inLanguage":"en-US"}]}},"_links":{"self":[{"href":"https:\/\/lainekarp.ee\/en\/wp-json\/wp\/v2\/product\/2622","targetHints":{"allow":["GET"]}}],"collection":[{"href":"https:\/\/lainekarp.ee\/en\/wp-json\/wp\/v2\/product"}],"about":[{"href":"https:\/\/lainekarp.ee\/en\/wp-json\/wp\/v2\/types\/product"}],"version-history":[{"count":2,"href":"https:\/\/lainekarp.ee\/en\/wp-json\/wp\/v2\/product\/2622\/revisions"}],"predecessor-version":[{"id":20344,"href":"https:\/\/lainekarp.ee\/en\/wp-json\/wp\/v2\/product\/2622\/revisions\/20344"}],"wp:featuredmedia":[{"embeddable":true,"href":"https:\/\/lainekarp.ee\/en\/wp-json\/wp\/v2\/media\/20343"}],"wp:attachment":[{"href":"https:\/\/lainekarp.ee\/en\/wp-json\/wp\/v2\/media?parent=2622"}],"wp:term":[{"taxonomy":"product_brand","embeddable":true,"href":"https:\/\/lainekarp.ee\/en\/wp-json\/wp\/v2\/product_brand?post=2622"},{"taxonomy":"product_cat","embeddable":true,"href":"https:\/\/lainekarp.ee\/en\/wp-json\/wp\/v2\/product_cat?post=2622"},{"taxonomy":"product_tag","embeddable":true,"href":"https:\/\/lainekarp.ee\/en\/wp-json\/wp\/v2\/product_tag?post=2622"}],"curies":[{"name":"wp","href":"https:\/\/api.w.org\/{rel}","templated":true}]}}