{"id":2635,"date":"2021-10-28T11:47:44","date_gmt":"2021-10-28T09:47:44","guid":{"rendered":"https:\/\/uus.lainekarp.ee\/product\/lainekarp-11-pohitugevdus-liimitud\/"},"modified":"2026-04-30T09:46:25","modified_gmt":"2026-04-30T07:46:25","slug":"lainekarp-11-pohitugevdus-liimitud","status":"publish","type":"product","link":"https:\/\/lainekarp.ee\/en\/product\/lainekarp-11-pohitugevdus-liimitud\/","title":{"rendered":"Lainekarp 11 p\u00f5hi+tugevdus liimitud"},"content":{"rendered":"","protected":false},"excerpt":{"rendered":"","protected":false},"featured_media":0,"template":"","meta":{"_acf_changed":false},"product_brand":[],"product_cat":[595],"product_tag":[],"class_list":{"0":"post-2635","1":"product","2":"type-product","3":"status-publish","5":"product_cat-lainekarbid","7":"first","8":"outofstock","9":"taxable","10":"shipping-taxable","11":"purchasable","12":"product-type-simple"},"acf":[],"yoast_head":"<!-- This site is optimized with the Yoast SEO plugin v27.5 - https:\/\/yoast.com\/product\/yoast-seo-wordpress\/ -->\n<title>Lainekarp 11 p\u00f5hi+tugevdus liimitud - Lainekarp<\/title>\n<meta name=\"description\" content=\"Lainekarp 11 p\u00f5hi+tugevdus liimitud. Tordi- ja koogikarbid, Lainekarbid. Materjal: lainepapp. Kaal: 0kg. M\u00f5\u00f5dud: 650 x 450 x 0 mm.\" \/>\n<meta name=\"robots\" content=\"index, follow, max-snippet:-1, max-image-preview:large, max-video-preview:-1\" \/>\n<link rel=\"canonical\" href=\"https:\/\/lainekarp.ee\/en\/product\/lainekarp-11-pohitugevdus-liimitud\/\" \/>\n<meta property=\"og:locale\" content=\"en_US\" \/>\n<meta property=\"og:type\" content=\"article\" \/>\n<meta property=\"og:title\" content=\"Lainekarp 11 p\u00f5hi+tugevdus liimitud - Lainekarp\" \/>\n<meta property=\"og:description\" content=\"Lainekarp 11 p\u00f5hi+tugevdus liimitud. Tordi- ja koogikarbid, Lainekarbid. Materjal: lainepapp. Kaal: 0kg. M\u00f5\u00f5dud: 650 x 450 x 0 mm.\" \/>\n<meta property=\"og:url\" content=\"https:\/\/lainekarp.ee\/en\/product\/lainekarp-11-pohitugevdus-liimitud\/\" \/>\n<meta property=\"og:site_name\" content=\"Lainekarp\" \/>\n<meta property=\"article:modified_time\" content=\"2026-04-30T07:46:25+00:00\" \/>\n<meta name=\"twitter:card\" content=\"summary_large_image\" \/>\n<script type=\"application\/ld+json\" class=\"yoast-schema-graph\">{\"@context\":\"https:\\\/\\\/schema.org\",\"@graph\":[{\"@type\":\"WebPage\",\"@id\":\"https:\\\/\\\/lainekarp.ee\\\/toode\\\/lainekarp-11-pohitugevdus-liimitud\\\/\",\"url\":\"https:\\\/\\\/lainekarp.ee\\\/toode\\\/lainekarp-11-pohitugevdus-liimitud\\\/\",\"name\":\"Lainekarp 11 p\u00f5hi+tugevdus liimitud - Lainekarp\",\"isPartOf\":{\"@id\":\"https:\\\/\\\/www.lainekarp.ee\\\/#website\"},\"datePublished\":\"2021-10-28T09:47:44+00:00\",\"dateModified\":\"2026-04-30T07:46:25+00:00\",\"description\":\"Lainekarp 11 p\u00f5hi+tugevdus liimitud. Tordi- ja koogikarbid, Lainekarbid. Materjal: lainepapp. Kaal: 0kg. M\u00f5\u00f5dud: 650 x 450 x 0 mm.\",\"breadcrumb\":{\"@id\":\"https:\\\/\\\/lainekarp.ee\\\/toode\\\/lainekarp-11-pohitugevdus-liimitud\\\/#breadcrumb\"},\"inLanguage\":\"en-US\",\"potentialAction\":[{\"@type\":\"ReadAction\",\"target\":[\"https:\\\/\\\/lainekarp.ee\\\/toode\\\/lainekarp-11-pohitugevdus-liimitud\\\/\"]}]},{\"@type\":\"BreadcrumbList\",\"@id\":\"https:\\\/\\\/lainekarp.ee\\\/toode\\\/lainekarp-11-pohitugevdus-liimitud\\\/#breadcrumb\",\"itemListElement\":[{\"@type\":\"ListItem\",\"position\":1,\"name\":\"Home\",\"item\":\"https:\\\/\\\/lainekarp.ee\\\/\"},{\"@type\":\"ListItem\",\"position\":2,\"name\":\"Kataloog\",\"item\":\"https:\\\/\\\/lainekarp.ee\\\/epood\\\/\"},{\"@type\":\"ListItem\",\"position\":3,\"name\":\"Tordi- ja koogikarbid\",\"item\":\"https:\\\/\\\/www.lainekarp.ee\\\/tootekategooria\\\/tordi-ja-koogikarbid\\\/\"},{\"@type\":\"ListItem\",\"position\":4,\"name\":\"Lainekarbid\",\"item\":\"https:\\\/\\\/www.lainekarp.ee\\\/tootekategooria\\\/tordi-ja-koogikarbid\\\/lainekarbid\\\/\"},{\"@type\":\"ListItem\",\"position\":5,\"name\":\"Lainekarp 11 p\u00f5hi+tugevdus liimitud\"}]},{\"@type\":\"WebSite\",\"@id\":\"https:\\\/\\\/www.lainekarp.ee\\\/#website\",\"url\":\"https:\\\/\\\/www.lainekarp.ee\\\/\",\"name\":\"Lainekarp\",\"description\":\"\",\"potentialAction\":[{\"@type\":\"SearchAction\",\"target\":{\"@type\":\"EntryPoint\",\"urlTemplate\":\"https:\\\/\\\/www.lainekarp.ee\\\/?s={search_term_string}\"},\"query-input\":{\"@type\":\"PropertyValueSpecification\",\"valueRequired\":true,\"valueName\":\"search_term_string\"}}],\"inLanguage\":\"en-US\"}]}<\/script>\n<!-- \/ Yoast SEO plugin. -->","yoast_head_json":{"title":"Lainekarp 11 p\u00f5hi+tugevdus liimitud - Lainekarp","description":"Lainekarp 11 p\u00f5hi+tugevdus liimitud. Tordi- ja koogikarbid, Lainekarbid. Materjal: lainepapp. Kaal: 0kg. M\u00f5\u00f5dud: 650 x 450 x 0 mm.","robots":{"index":"index","follow":"follow","max-snippet":"max-snippet:-1","max-image-preview":"max-image-preview:large","max-video-preview":"max-video-preview:-1"},"canonical":"https:\/\/lainekarp.ee\/en\/product\/lainekarp-11-pohitugevdus-liimitud\/","og_locale":"en_US","og_type":"article","og_title":"Lainekarp 11 p\u00f5hi+tugevdus liimitud - Lainekarp","og_description":"Lainekarp 11 p\u00f5hi+tugevdus liimitud. Tordi- ja koogikarbid, Lainekarbid. Materjal: lainepapp. Kaal: 0kg. M\u00f5\u00f5dud: 650 x 450 x 0 mm.","og_url":"https:\/\/lainekarp.ee\/en\/product\/lainekarp-11-pohitugevdus-liimitud\/","og_site_name":"Lainekarp","article_modified_time":"2026-04-30T07:46:25+00:00","twitter_card":"summary_large_image","schema":{"@context":"https:\/\/schema.org","@graph":[{"@type":"WebPage","@id":"https:\/\/lainekarp.ee\/toode\/lainekarp-11-pohitugevdus-liimitud\/","url":"https:\/\/lainekarp.ee\/toode\/lainekarp-11-pohitugevdus-liimitud\/","name":"Lainekarp 11 p\u00f5hi+tugevdus liimitud - Lainekarp","isPartOf":{"@id":"https:\/\/www.lainekarp.ee\/#website"},"datePublished":"2021-10-28T09:47:44+00:00","dateModified":"2026-04-30T07:46:25+00:00","description":"Lainekarp 11 p\u00f5hi+tugevdus liimitud. Tordi- ja koogikarbid, Lainekarbid. Materjal: lainepapp. Kaal: 0kg. M\u00f5\u00f5dud: 650 x 450 x 0 mm.","breadcrumb":{"@id":"https:\/\/lainekarp.ee\/toode\/lainekarp-11-pohitugevdus-liimitud\/#breadcrumb"},"inLanguage":"en-US","potentialAction":[{"@type":"ReadAction","target":["https:\/\/lainekarp.ee\/toode\/lainekarp-11-pohitugevdus-liimitud\/"]}]},{"@type":"BreadcrumbList","@id":"https:\/\/lainekarp.ee\/toode\/lainekarp-11-pohitugevdus-liimitud\/#breadcrumb","itemListElement":[{"@type":"ListItem","position":1,"name":"Home","item":"https:\/\/lainekarp.ee\/"},{"@type":"ListItem","position":2,"name":"Kataloog","item":"https:\/\/lainekarp.ee\/epood\/"},{"@type":"ListItem","position":3,"name":"Tordi- ja koogikarbid","item":"https:\/\/www.lainekarp.ee\/tootekategooria\/tordi-ja-koogikarbid\/"},{"@type":"ListItem","position":4,"name":"Lainekarbid","item":"https:\/\/www.lainekarp.ee\/tootekategooria\/tordi-ja-koogikarbid\/lainekarbid\/"},{"@type":"ListItem","position":5,"name":"Lainekarp 11 p\u00f5hi+tugevdus liimitud"}]},{"@type":"WebSite","@id":"https:\/\/www.lainekarp.ee\/#website","url":"https:\/\/www.lainekarp.ee\/","name":"Lainekarp","description":"","potentialAction":[{"@type":"SearchAction","target":{"@type":"EntryPoint","urlTemplate":"https:\/\/www.lainekarp.ee\/?s={search_term_string}"},"query-input":{"@type":"PropertyValueSpecification","valueRequired":true,"valueName":"search_term_string"}}],"inLanguage":"en-US"}]}},"_links":{"self":[{"href":"https:\/\/lainekarp.ee\/en\/wp-json\/wp\/v2\/product\/2635","targetHints":{"allow":["GET"]}}],"collection":[{"href":"https:\/\/lainekarp.ee\/en\/wp-json\/wp\/v2\/product"}],"about":[{"href":"https:\/\/lainekarp.ee\/en\/wp-json\/wp\/v2\/types\/product"}],"version-history":[{"count":1,"href":"https:\/\/lainekarp.ee\/en\/wp-json\/wp\/v2\/product\/2635\/revisions"}],"predecessor-version":[{"id":19050,"href":"https:\/\/lainekarp.ee\/en\/wp-json\/wp\/v2\/product\/2635\/revisions\/19050"}],"wp:attachment":[{"href":"https:\/\/lainekarp.ee\/en\/wp-json\/wp\/v2\/media?parent=2635"}],"wp:term":[{"taxonomy":"product_brand","embeddable":true,"href":"https:\/\/lainekarp.ee\/en\/wp-json\/wp\/v2\/product_brand?post=2635"},{"taxonomy":"product_cat","embeddable":true,"href":"https:\/\/lainekarp.ee\/en\/wp-json\/wp\/v2\/product_cat?post=2635"},{"taxonomy":"product_tag","embeddable":true,"href":"https:\/\/lainekarp.ee\/en\/wp-json\/wp\/v2\/product_tag?post=2635"}],"curies":[{"name":"wp","href":"https:\/\/api.w.org\/{rel}","templated":true}]}}