{"id":2656,"date":"2021-10-28T11:47:46","date_gmt":"2021-10-28T09:47:46","guid":{"rendered":"https:\/\/uus.lainekarp.ee\/product\/kupset-vorm-ec-kaas\/"},"modified":"2026-02-19T14:55:14","modified_gmt":"2026-02-19T12:55:14","slug":"kupset-vorm-ec-kaas","status":"publish","type":"product","link":"https:\/\/lainekarp.ee\/en\/product\/kupset-vorm-ec-kaas\/","title":{"rendered":"K\u00fcpset.vorm EC kaas \u00d8205 h24\/288"},"content":{"rendered":"","protected":false},"excerpt":{"rendered":"<p>Kogus kastis 288tk<\/p>","protected":false},"featured_media":13310,"template":"","meta":{"_acf_changed":false},"product_brand":[],"product_cat":[624],"product_tag":[],"class_list":{"0":"post-2656","1":"product","2":"type-product","3":"status-publish","4":"has-post-thumbnail","6":"product_cat-kupsetusvormid","8":"first","9":"instock","10":"taxable","11":"shipping-taxable","12":"purchasable","13":"product-type-simple"},"acf":[],"yoast_head":"<!-- This site is optimized with the Yoast SEO plugin v27.3 - https:\/\/yoast.com\/product\/yoast-seo-wordpress\/ -->\n<title>K\u00fcpset.vorm EC kaas \u00d8205 h24\/288 - Lainekarp<\/title>\n<meta name=\"description\" content=\"K\u00fcpset.vorm EC kaas. Vormid, K\u00fcpsetusvormid. Materjal: paber, PET. Kaal: 0.019kg. M\u00f5\u00f5dud: 205 x 0 x 24 mm.\" \/>\n<meta name=\"robots\" content=\"index, follow, max-snippet:-1, max-image-preview:large, max-video-preview:-1\" \/>\n<link rel=\"canonical\" href=\"https:\/\/lainekarp.ee\/en\/product\/kupset-vorm-ec-kaas\/\" \/>\n<meta property=\"og:locale\" content=\"en_US\" \/>\n<meta property=\"og:type\" content=\"article\" \/>\n<meta property=\"og:title\" content=\"K\u00fcpset.vorm EC kaas \u00d8205 h24\/288 - Lainekarp\" \/>\n<meta property=\"og:description\" content=\"K\u00fcpset.vorm EC kaas. Vormid, K\u00fcpsetusvormid. Materjal: paber, PET. Kaal: 0.019kg. M\u00f5\u00f5dud: 205 x 0 x 24 mm.\" \/>\n<meta property=\"og:url\" content=\"https:\/\/lainekarp.ee\/en\/product\/kupset-vorm-ec-kaas\/\" \/>\n<meta property=\"og:site_name\" content=\"Lainekarp\" \/>\n<meta property=\"article:modified_time\" content=\"2026-02-19T12:55:14+00:00\" \/>\n<meta property=\"og:image\" content=\"https:\/\/lainekarp.ee\/wp-content\/uploads\/2023\/05\/KVECK205.jpeg\" \/>\n\t<meta property=\"og:image:width\" content=\"640\" \/>\n\t<meta property=\"og:image:height\" content=\"597\" \/>\n\t<meta property=\"og:image:type\" content=\"image\/jpeg\" \/>\n<meta name=\"twitter:card\" content=\"summary_large_image\" \/>\n<script type=\"application\/ld+json\" class=\"yoast-schema-graph\">{\"@context\":\"https:\\\/\\\/schema.org\",\"@graph\":[{\"@type\":\"WebPage\",\"@id\":\"https:\\\/\\\/lainekarp.ee\\\/toode\\\/kupset-vorm-ec-kaas\\\/\",\"url\":\"https:\\\/\\\/lainekarp.ee\\\/toode\\\/kupset-vorm-ec-kaas\\\/\",\"name\":\"K\u00fcpset.vorm EC kaas \u00d8205 h24\\\/288 - Lainekarp\",\"isPartOf\":{\"@id\":\"https:\\\/\\\/www.lainekarp.ee\\\/#website\"},\"primaryImageOfPage\":{\"@id\":\"https:\\\/\\\/lainekarp.ee\\\/toode\\\/kupset-vorm-ec-kaas\\\/#primaryimage\"},\"image\":{\"@id\":\"https:\\\/\\\/lainekarp.ee\\\/toode\\\/kupset-vorm-ec-kaas\\\/#primaryimage\"},\"thumbnailUrl\":\"https:\\\/\\\/lainekarp.ee\\\/wp-content\\\/uploads\\\/2023\\\/05\\\/KVECK205.jpeg\",\"datePublished\":\"2021-10-28T09:47:46+00:00\",\"dateModified\":\"2026-02-19T12:55:14+00:00\",\"description\":\"K\u00fcpset.vorm EC kaas. Vormid, K\u00fcpsetusvormid. Materjal: paber, PET. Kaal: 0.019kg. M\u00f5\u00f5dud: 205 x 0 x 24 mm.\",\"breadcrumb\":{\"@id\":\"https:\\\/\\\/lainekarp.ee\\\/toode\\\/kupset-vorm-ec-kaas\\\/#breadcrumb\"},\"inLanguage\":\"en-US\",\"potentialAction\":[{\"@type\":\"ReadAction\",\"target\":[\"https:\\\/\\\/lainekarp.ee\\\/toode\\\/kupset-vorm-ec-kaas\\\/\"]}]},{\"@type\":\"ImageObject\",\"inLanguage\":\"en-US\",\"@id\":\"https:\\\/\\\/lainekarp.ee\\\/toode\\\/kupset-vorm-ec-kaas\\\/#primaryimage\",\"url\":\"https:\\\/\\\/lainekarp.ee\\\/wp-content\\\/uploads\\\/2023\\\/05\\\/KVECK205.jpeg\",\"contentUrl\":\"https:\\\/\\\/lainekarp.ee\\\/wp-content\\\/uploads\\\/2023\\\/05\\\/KVECK205.jpeg\",\"width\":640,\"height\":597,\"caption\":\"KVECK205\"},{\"@type\":\"BreadcrumbList\",\"@id\":\"https:\\\/\\\/lainekarp.ee\\\/toode\\\/kupset-vorm-ec-kaas\\\/#breadcrumb\",\"itemListElement\":[{\"@type\":\"ListItem\",\"position\":1,\"name\":\"Home\",\"item\":\"https:\\\/\\\/lainekarp.ee\\\/\"},{\"@type\":\"ListItem\",\"position\":2,\"name\":\"Kataloog\",\"item\":\"https:\\\/\\\/lainekarp.ee\\\/epood\\\/\"},{\"@type\":\"ListItem\",\"position\":3,\"name\":\"Vormid\",\"item\":\"https:\\\/\\\/lainekarp.ee\\\/tootekategooria\\\/vormid\\\/\"},{\"@type\":\"ListItem\",\"position\":4,\"name\":\"K\u00fcpsetusvormid\",\"item\":\"https:\\\/\\\/lainekarp.ee\\\/tootekategooria\\\/vormid\\\/kupsetusvormid\\\/\"},{\"@type\":\"ListItem\",\"position\":5,\"name\":\"K\u00fcpset.vorm EC kaas \u00d8205 h24\\\/288\"}]},{\"@type\":\"WebSite\",\"@id\":\"https:\\\/\\\/www.lainekarp.ee\\\/#website\",\"url\":\"https:\\\/\\\/www.lainekarp.ee\\\/\",\"name\":\"Lainekarp\",\"description\":\"\",\"potentialAction\":[{\"@type\":\"SearchAction\",\"target\":{\"@type\":\"EntryPoint\",\"urlTemplate\":\"https:\\\/\\\/www.lainekarp.ee\\\/?s={search_term_string}\"},\"query-input\":{\"@type\":\"PropertyValueSpecification\",\"valueRequired\":true,\"valueName\":\"search_term_string\"}}],\"inLanguage\":\"en-US\"}]}<\/script>\n<!-- \/ Yoast SEO plugin. -->","yoast_head_json":{"title":"K\u00fcpset.vorm EC kaas \u00d8205 h24\/288 - Lainekarp","description":"K\u00fcpset.vorm EC kaas. Vormid, K\u00fcpsetusvormid. Materjal: paber, PET. Kaal: 0.019kg. M\u00f5\u00f5dud: 205 x 0 x 24 mm.","robots":{"index":"index","follow":"follow","max-snippet":"max-snippet:-1","max-image-preview":"max-image-preview:large","max-video-preview":"max-video-preview:-1"},"canonical":"https:\/\/lainekarp.ee\/en\/product\/kupset-vorm-ec-kaas\/","og_locale":"en_US","og_type":"article","og_title":"K\u00fcpset.vorm EC kaas \u00d8205 h24\/288 - Lainekarp","og_description":"K\u00fcpset.vorm EC kaas. Vormid, K\u00fcpsetusvormid. Materjal: paber, PET. Kaal: 0.019kg. M\u00f5\u00f5dud: 205 x 0 x 24 mm.","og_url":"https:\/\/lainekarp.ee\/en\/product\/kupset-vorm-ec-kaas\/","og_site_name":"Lainekarp","article_modified_time":"2026-02-19T12:55:14+00:00","og_image":[{"width":640,"height":597,"url":"https:\/\/lainekarp.ee\/wp-content\/uploads\/2023\/05\/KVECK205.jpeg","type":"image\/jpeg"}],"twitter_card":"summary_large_image","schema":{"@context":"https:\/\/schema.org","@graph":[{"@type":"WebPage","@id":"https:\/\/lainekarp.ee\/toode\/kupset-vorm-ec-kaas\/","url":"https:\/\/lainekarp.ee\/toode\/kupset-vorm-ec-kaas\/","name":"K\u00fcpset.vorm EC kaas \u00d8205 h24\/288 - Lainekarp","isPartOf":{"@id":"https:\/\/www.lainekarp.ee\/#website"},"primaryImageOfPage":{"@id":"https:\/\/lainekarp.ee\/toode\/kupset-vorm-ec-kaas\/#primaryimage"},"image":{"@id":"https:\/\/lainekarp.ee\/toode\/kupset-vorm-ec-kaas\/#primaryimage"},"thumbnailUrl":"https:\/\/lainekarp.ee\/wp-content\/uploads\/2023\/05\/KVECK205.jpeg","datePublished":"2021-10-28T09:47:46+00:00","dateModified":"2026-02-19T12:55:14+00:00","description":"K\u00fcpset.vorm EC kaas. Vormid, K\u00fcpsetusvormid. Materjal: paber, PET. Kaal: 0.019kg. M\u00f5\u00f5dud: 205 x 0 x 24 mm.","breadcrumb":{"@id":"https:\/\/lainekarp.ee\/toode\/kupset-vorm-ec-kaas\/#breadcrumb"},"inLanguage":"en-US","potentialAction":[{"@type":"ReadAction","target":["https:\/\/lainekarp.ee\/toode\/kupset-vorm-ec-kaas\/"]}]},{"@type":"ImageObject","inLanguage":"en-US","@id":"https:\/\/lainekarp.ee\/toode\/kupset-vorm-ec-kaas\/#primaryimage","url":"https:\/\/lainekarp.ee\/wp-content\/uploads\/2023\/05\/KVECK205.jpeg","contentUrl":"https:\/\/lainekarp.ee\/wp-content\/uploads\/2023\/05\/KVECK205.jpeg","width":640,"height":597,"caption":"KVECK205"},{"@type":"BreadcrumbList","@id":"https:\/\/lainekarp.ee\/toode\/kupset-vorm-ec-kaas\/#breadcrumb","itemListElement":[{"@type":"ListItem","position":1,"name":"Home","item":"https:\/\/lainekarp.ee\/"},{"@type":"ListItem","position":2,"name":"Kataloog","item":"https:\/\/lainekarp.ee\/epood\/"},{"@type":"ListItem","position":3,"name":"Vormid","item":"https:\/\/lainekarp.ee\/tootekategooria\/vormid\/"},{"@type":"ListItem","position":4,"name":"K\u00fcpsetusvormid","item":"https:\/\/lainekarp.ee\/tootekategooria\/vormid\/kupsetusvormid\/"},{"@type":"ListItem","position":5,"name":"K\u00fcpset.vorm EC kaas \u00d8205 h24\/288"}]},{"@type":"WebSite","@id":"https:\/\/www.lainekarp.ee\/#website","url":"https:\/\/www.lainekarp.ee\/","name":"Lainekarp","description":"","potentialAction":[{"@type":"SearchAction","target":{"@type":"EntryPoint","urlTemplate":"https:\/\/www.lainekarp.ee\/?s={search_term_string}"},"query-input":{"@type":"PropertyValueSpecification","valueRequired":true,"valueName":"search_term_string"}}],"inLanguage":"en-US"}]}},"_links":{"self":[{"href":"https:\/\/lainekarp.ee\/en\/wp-json\/wp\/v2\/product\/2656","targetHints":{"allow":["GET"]}}],"collection":[{"href":"https:\/\/lainekarp.ee\/en\/wp-json\/wp\/v2\/product"}],"about":[{"href":"https:\/\/lainekarp.ee\/en\/wp-json\/wp\/v2\/types\/product"}],"version-history":[{"count":1,"href":"https:\/\/lainekarp.ee\/en\/wp-json\/wp\/v2\/product\/2656\/revisions"}],"predecessor-version":[{"id":20371,"href":"https:\/\/lainekarp.ee\/en\/wp-json\/wp\/v2\/product\/2656\/revisions\/20371"}],"wp:featuredmedia":[{"embeddable":true,"href":"https:\/\/lainekarp.ee\/en\/wp-json\/wp\/v2\/media\/13310"}],"wp:attachment":[{"href":"https:\/\/lainekarp.ee\/en\/wp-json\/wp\/v2\/media?parent=2656"}],"wp:term":[{"taxonomy":"product_brand","embeddable":true,"href":"https:\/\/lainekarp.ee\/en\/wp-json\/wp\/v2\/product_brand?post=2656"},{"taxonomy":"product_cat","embeddable":true,"href":"https:\/\/lainekarp.ee\/en\/wp-json\/wp\/v2\/product_cat?post=2656"},{"taxonomy":"product_tag","embeddable":true,"href":"https:\/\/lainekarp.ee\/en\/wp-json\/wp\/v2\/product_tag?post=2656"}],"curies":[{"name":"wp","href":"https:\/\/api.w.org\/{rel}","templated":true}]}}