{"id":2765,"date":"2021-10-28T11:48:19","date_gmt":"2021-10-28T09:48:19","guid":{"rendered":"https:\/\/uus.lainekarp.ee\/product\/al-kandik-v2-429x288\/"},"modified":"2026-04-09T02:00:27","modified_gmt":"2026-04-09T00:00:27","slug":"al-kandik-v2-429x288","status":"publish","type":"product","link":"https:\/\/lainekarp.ee\/en\/product\/al-kandik-v2-429x288\/","title":{"rendered":"AL kandik V2 429&#215;288\/100\/50"},"content":{"rendered":"","protected":false},"excerpt":{"rendered":"","protected":false},"featured_media":13396,"template":"","meta":{"_acf_changed":false},"product_brand":[],"product_cat":[614],"product_tag":[],"class_list":{"0":"post-2765","1":"product","2":"type-product","3":"status-publish","4":"has-post-thumbnail","6":"product_cat-kandikud","8":"first","9":"instock","10":"taxable","11":"shipping-taxable","12":"purchasable","13":"product-type-simple"},"acf":[],"yoast_head":"<!-- This site is optimized with the Yoast SEO plugin v27.3 - https:\/\/yoast.com\/product\/yoast-seo-wordpress\/ -->\n<title>AL kandik V2 429x288\/100\/50 - Lainekarp<\/title>\n<meta name=\"description\" content=\"AL kandik V2 429x288. \u00dchekordsed s\u00f6\u00f6gin\u00f5ud, Kandikud. Kaal: 0.04kg. M\u00f5\u00f5dud: 429 x 288 x 0 mm.\" \/>\n<meta name=\"robots\" content=\"index, follow, max-snippet:-1, max-image-preview:large, max-video-preview:-1\" \/>\n<link rel=\"canonical\" href=\"https:\/\/lainekarp.ee\/en\/product\/al-kandik-v2-429x288\/\" \/>\n<meta property=\"og:locale\" content=\"en_US\" \/>\n<meta property=\"og:type\" content=\"article\" \/>\n<meta property=\"og:title\" content=\"AL kandik V2 429x288\/100\/50 - Lainekarp\" \/>\n<meta property=\"og:description\" content=\"AL kandik V2 429x288. \u00dchekordsed s\u00f6\u00f6gin\u00f5ud, Kandikud. Kaal: 0.04kg. M\u00f5\u00f5dud: 429 x 288 x 0 mm.\" \/>\n<meta property=\"og:url\" content=\"https:\/\/lainekarp.ee\/en\/product\/al-kandik-v2-429x288\/\" \/>\n<meta property=\"og:site_name\" content=\"Lainekarp\" \/>\n<meta property=\"article:modified_time\" content=\"2026-04-09T00:00:27+00:00\" \/>\n<meta property=\"og:image\" content=\"https:\/\/lainekarp.ee\/wp-content\/uploads\/2023\/05\/ZAV2.jpg\" \/>\n\t<meta property=\"og:image:width\" content=\"544\" \/>\n\t<meta property=\"og:image:height\" content=\"640\" \/>\n\t<meta property=\"og:image:type\" content=\"image\/jpeg\" \/>\n<meta name=\"twitter:card\" content=\"summary_large_image\" \/>\n<script type=\"application\/ld+json\" class=\"yoast-schema-graph\">{\"@context\":\"https:\\\/\\\/schema.org\",\"@graph\":[{\"@type\":\"WebPage\",\"@id\":\"https:\\\/\\\/lainekarp.ee\\\/toode\\\/al-kandik-v2-429x288\\\/\",\"url\":\"https:\\\/\\\/lainekarp.ee\\\/toode\\\/al-kandik-v2-429x288\\\/\",\"name\":\"AL kandik V2 429x288\\\/100\\\/50 - Lainekarp\",\"isPartOf\":{\"@id\":\"https:\\\/\\\/www.lainekarp.ee\\\/#website\"},\"primaryImageOfPage\":{\"@id\":\"https:\\\/\\\/lainekarp.ee\\\/toode\\\/al-kandik-v2-429x288\\\/#primaryimage\"},\"image\":{\"@id\":\"https:\\\/\\\/lainekarp.ee\\\/toode\\\/al-kandik-v2-429x288\\\/#primaryimage\"},\"thumbnailUrl\":\"https:\\\/\\\/lainekarp.ee\\\/wp-content\\\/uploads\\\/2023\\\/05\\\/ZAV2.jpg\",\"datePublished\":\"2021-10-28T09:48:19+00:00\",\"dateModified\":\"2026-04-09T00:00:27+00:00\",\"description\":\"AL kandik V2 429x288. \u00dchekordsed s\u00f6\u00f6gin\u00f5ud, Kandikud. Kaal: 0.04kg. M\u00f5\u00f5dud: 429 x 288 x 0 mm.\",\"breadcrumb\":{\"@id\":\"https:\\\/\\\/lainekarp.ee\\\/toode\\\/al-kandik-v2-429x288\\\/#breadcrumb\"},\"inLanguage\":\"en-US\",\"potentialAction\":[{\"@type\":\"ReadAction\",\"target\":[\"https:\\\/\\\/lainekarp.ee\\\/toode\\\/al-kandik-v2-429x288\\\/\"]}]},{\"@type\":\"ImageObject\",\"inLanguage\":\"en-US\",\"@id\":\"https:\\\/\\\/lainekarp.ee\\\/toode\\\/al-kandik-v2-429x288\\\/#primaryimage\",\"url\":\"https:\\\/\\\/lainekarp.ee\\\/wp-content\\\/uploads\\\/2023\\\/05\\\/ZAV2.jpg\",\"contentUrl\":\"https:\\\/\\\/lainekarp.ee\\\/wp-content\\\/uploads\\\/2023\\\/05\\\/ZAV2.jpg\",\"width\":544,\"height\":640,\"caption\":\"ZAV2\"},{\"@type\":\"BreadcrumbList\",\"@id\":\"https:\\\/\\\/lainekarp.ee\\\/toode\\\/al-kandik-v2-429x288\\\/#breadcrumb\",\"itemListElement\":[{\"@type\":\"ListItem\",\"position\":1,\"name\":\"Home\",\"item\":\"https:\\\/\\\/lainekarp.ee\\\/\"},{\"@type\":\"ListItem\",\"position\":2,\"name\":\"Kataloog\",\"item\":\"https:\\\/\\\/lainekarp.ee\\\/epood\\\/\"},{\"@type\":\"ListItem\",\"position\":3,\"name\":\"\u00dchekordsed s\u00f6\u00f6gin\u00f5ud\",\"item\":\"https:\\\/\\\/lainekarp.ee\\\/tootekategooria\\\/uhekordsed-sooginoud\\\/\"},{\"@type\":\"ListItem\",\"position\":4,\"name\":\"Kandikud\",\"item\":\"https:\\\/\\\/lainekarp.ee\\\/tootekategooria\\\/uhekordsed-sooginoud\\\/kandikud\\\/\"},{\"@type\":\"ListItem\",\"position\":5,\"name\":\"AL kandik V2 429&#215;288\\\/100\\\/50\"}]},{\"@type\":\"WebSite\",\"@id\":\"https:\\\/\\\/www.lainekarp.ee\\\/#website\",\"url\":\"https:\\\/\\\/www.lainekarp.ee\\\/\",\"name\":\"Lainekarp\",\"description\":\"\",\"potentialAction\":[{\"@type\":\"SearchAction\",\"target\":{\"@type\":\"EntryPoint\",\"urlTemplate\":\"https:\\\/\\\/www.lainekarp.ee\\\/?s={search_term_string}\"},\"query-input\":{\"@type\":\"PropertyValueSpecification\",\"valueRequired\":true,\"valueName\":\"search_term_string\"}}],\"inLanguage\":\"en-US\"}]}<\/script>\n<!-- \/ Yoast SEO plugin. -->","yoast_head_json":{"title":"AL kandik V2 429x288\/100\/50 - Lainekarp","description":"AL kandik V2 429x288. \u00dchekordsed s\u00f6\u00f6gin\u00f5ud, Kandikud. Kaal: 0.04kg. M\u00f5\u00f5dud: 429 x 288 x 0 mm.","robots":{"index":"index","follow":"follow","max-snippet":"max-snippet:-1","max-image-preview":"max-image-preview:large","max-video-preview":"max-video-preview:-1"},"canonical":"https:\/\/lainekarp.ee\/en\/product\/al-kandik-v2-429x288\/","og_locale":"en_US","og_type":"article","og_title":"AL kandik V2 429x288\/100\/50 - Lainekarp","og_description":"AL kandik V2 429x288. \u00dchekordsed s\u00f6\u00f6gin\u00f5ud, Kandikud. Kaal: 0.04kg. M\u00f5\u00f5dud: 429 x 288 x 0 mm.","og_url":"https:\/\/lainekarp.ee\/en\/product\/al-kandik-v2-429x288\/","og_site_name":"Lainekarp","article_modified_time":"2026-04-09T00:00:27+00:00","og_image":[{"width":544,"height":640,"url":"https:\/\/lainekarp.ee\/wp-content\/uploads\/2023\/05\/ZAV2.jpg","type":"image\/jpeg"}],"twitter_card":"summary_large_image","schema":{"@context":"https:\/\/schema.org","@graph":[{"@type":"WebPage","@id":"https:\/\/lainekarp.ee\/toode\/al-kandik-v2-429x288\/","url":"https:\/\/lainekarp.ee\/toode\/al-kandik-v2-429x288\/","name":"AL kandik V2 429x288\/100\/50 - Lainekarp","isPartOf":{"@id":"https:\/\/www.lainekarp.ee\/#website"},"primaryImageOfPage":{"@id":"https:\/\/lainekarp.ee\/toode\/al-kandik-v2-429x288\/#primaryimage"},"image":{"@id":"https:\/\/lainekarp.ee\/toode\/al-kandik-v2-429x288\/#primaryimage"},"thumbnailUrl":"https:\/\/lainekarp.ee\/wp-content\/uploads\/2023\/05\/ZAV2.jpg","datePublished":"2021-10-28T09:48:19+00:00","dateModified":"2026-04-09T00:00:27+00:00","description":"AL kandik V2 429x288. \u00dchekordsed s\u00f6\u00f6gin\u00f5ud, Kandikud. Kaal: 0.04kg. M\u00f5\u00f5dud: 429 x 288 x 0 mm.","breadcrumb":{"@id":"https:\/\/lainekarp.ee\/toode\/al-kandik-v2-429x288\/#breadcrumb"},"inLanguage":"en-US","potentialAction":[{"@type":"ReadAction","target":["https:\/\/lainekarp.ee\/toode\/al-kandik-v2-429x288\/"]}]},{"@type":"ImageObject","inLanguage":"en-US","@id":"https:\/\/lainekarp.ee\/toode\/al-kandik-v2-429x288\/#primaryimage","url":"https:\/\/lainekarp.ee\/wp-content\/uploads\/2023\/05\/ZAV2.jpg","contentUrl":"https:\/\/lainekarp.ee\/wp-content\/uploads\/2023\/05\/ZAV2.jpg","width":544,"height":640,"caption":"ZAV2"},{"@type":"BreadcrumbList","@id":"https:\/\/lainekarp.ee\/toode\/al-kandik-v2-429x288\/#breadcrumb","itemListElement":[{"@type":"ListItem","position":1,"name":"Home","item":"https:\/\/lainekarp.ee\/"},{"@type":"ListItem","position":2,"name":"Kataloog","item":"https:\/\/lainekarp.ee\/epood\/"},{"@type":"ListItem","position":3,"name":"\u00dchekordsed s\u00f6\u00f6gin\u00f5ud","item":"https:\/\/lainekarp.ee\/tootekategooria\/uhekordsed-sooginoud\/"},{"@type":"ListItem","position":4,"name":"Kandikud","item":"https:\/\/lainekarp.ee\/tootekategooria\/uhekordsed-sooginoud\/kandikud\/"},{"@type":"ListItem","position":5,"name":"AL kandik V2 429&#215;288\/100\/50"}]},{"@type":"WebSite","@id":"https:\/\/www.lainekarp.ee\/#website","url":"https:\/\/www.lainekarp.ee\/","name":"Lainekarp","description":"","potentialAction":[{"@type":"SearchAction","target":{"@type":"EntryPoint","urlTemplate":"https:\/\/www.lainekarp.ee\/?s={search_term_string}"},"query-input":{"@type":"PropertyValueSpecification","valueRequired":true,"valueName":"search_term_string"}}],"inLanguage":"en-US"}]}},"_links":{"self":[{"href":"https:\/\/lainekarp.ee\/en\/wp-json\/wp\/v2\/product\/2765","targetHints":{"allow":["GET"]}}],"collection":[{"href":"https:\/\/lainekarp.ee\/en\/wp-json\/wp\/v2\/product"}],"about":[{"href":"https:\/\/lainekarp.ee\/en\/wp-json\/wp\/v2\/types\/product"}],"version-history":[{"count":1,"href":"https:\/\/lainekarp.ee\/en\/wp-json\/wp\/v2\/product\/2765\/revisions"}],"predecessor-version":[{"id":14502,"href":"https:\/\/lainekarp.ee\/en\/wp-json\/wp\/v2\/product\/2765\/revisions\/14502"}],"wp:featuredmedia":[{"embeddable":true,"href":"https:\/\/lainekarp.ee\/en\/wp-json\/wp\/v2\/media\/13396"}],"wp:attachment":[{"href":"https:\/\/lainekarp.ee\/en\/wp-json\/wp\/v2\/media?parent=2765"}],"wp:term":[{"taxonomy":"product_brand","embeddable":true,"href":"https:\/\/lainekarp.ee\/en\/wp-json\/wp\/v2\/product_brand?post=2765"},{"taxonomy":"product_cat","embeddable":true,"href":"https:\/\/lainekarp.ee\/en\/wp-json\/wp\/v2\/product_cat?post=2765"},{"taxonomy":"product_tag","embeddable":true,"href":"https:\/\/lainekarp.ee\/en\/wp-json\/wp\/v2\/product_tag?post=2765"}],"curies":[{"name":"wp","href":"https:\/\/api.w.org\/{rel}","templated":true}]}}