{"id":2804,"date":"2021-10-28T11:48:24","date_gmt":"2021-10-28T09:48:24","guid":{"rendered":"https:\/\/uus.lainekarp.ee\/product\/al-kandik-v4-347x280\/"},"modified":"2026-04-09T02:00:27","modified_gmt":"2026-04-09T00:00:27","slug":"al-kandik-v4-347x280","status":"publish","type":"product","link":"https:\/\/lainekarp.ee\/en\/product\/al-kandik-v4-347x280\/","title":{"rendered":"AL kandik V4 347x280x17\/100\/200\/25"},"content":{"rendered":"","protected":false},"excerpt":{"rendered":"","protected":false},"featured_media":3421,"template":"","meta":{"_acf_changed":false},"product_brand":[],"product_cat":[614],"product_tag":[],"class_list":{"0":"post-2804","1":"product","2":"type-product","3":"status-publish","4":"has-post-thumbnail","6":"product_cat-kandikud","8":"first","9":"instock","10":"taxable","11":"shipping-taxable","12":"purchasable","13":"product-type-simple"},"acf":[],"yoast_head":"<!-- This site is optimized with the Yoast SEO plugin v27.3 - https:\/\/yoast.com\/product\/yoast-seo-wordpress\/ -->\n<title>AL kandik V4 347x280x17\/100\/200\/25 - Lainekarp<\/title>\n<meta name=\"description\" content=\"AL kandik V4 347x280. \u00dchekordsed s\u00f6\u00f6gin\u00f5ud, Kandikud. Kaal: 0.046kg. M\u00f5\u00f5dud: 347 x 280 x 0 mm.\" \/>\n<meta name=\"robots\" content=\"index, follow, max-snippet:-1, max-image-preview:large, max-video-preview:-1\" \/>\n<link rel=\"canonical\" href=\"https:\/\/lainekarp.ee\/en\/product\/al-kandik-v4-347x280\/\" \/>\n<meta property=\"og:locale\" content=\"en_US\" \/>\n<meta property=\"og:type\" content=\"article\" \/>\n<meta property=\"og:title\" content=\"AL kandik V4 347x280x17\/100\/200\/25 - Lainekarp\" \/>\n<meta property=\"og:description\" content=\"AL kandik V4 347x280. \u00dchekordsed s\u00f6\u00f6gin\u00f5ud, Kandikud. Kaal: 0.046kg. M\u00f5\u00f5dud: 347 x 280 x 0 mm.\" \/>\n<meta property=\"og:url\" content=\"https:\/\/lainekarp.ee\/en\/product\/al-kandik-v4-347x280\/\" \/>\n<meta property=\"og:site_name\" content=\"Lainekarp\" \/>\n<meta property=\"article:modified_time\" content=\"2026-04-09T00:00:27+00:00\" \/>\n<meta property=\"og:image\" content=\"https:\/\/lainekarp.ee\/wp-content\/uploads\/2021\/11\/ZAV4-scaled.jpeg\" \/>\n\t<meta property=\"og:image:width\" content=\"2560\" \/>\n\t<meta property=\"og:image:height\" content=\"2525\" \/>\n\t<meta property=\"og:image:type\" content=\"image\/jpeg\" \/>\n<meta name=\"twitter:card\" content=\"summary_large_image\" \/>\n<script type=\"application\/ld+json\" class=\"yoast-schema-graph\">{\"@context\":\"https:\\\/\\\/schema.org\",\"@graph\":[{\"@type\":\"WebPage\",\"@id\":\"https:\\\/\\\/lainekarp.ee\\\/toode\\\/al-kandik-v4-347x280\\\/\",\"url\":\"https:\\\/\\\/lainekarp.ee\\\/toode\\\/al-kandik-v4-347x280\\\/\",\"name\":\"AL kandik V4 347x280x17\\\/100\\\/200\\\/25 - Lainekarp\",\"isPartOf\":{\"@id\":\"https:\\\/\\\/www.lainekarp.ee\\\/#website\"},\"primaryImageOfPage\":{\"@id\":\"https:\\\/\\\/lainekarp.ee\\\/toode\\\/al-kandik-v4-347x280\\\/#primaryimage\"},\"image\":{\"@id\":\"https:\\\/\\\/lainekarp.ee\\\/toode\\\/al-kandik-v4-347x280\\\/#primaryimage\"},\"thumbnailUrl\":\"https:\\\/\\\/lainekarp.ee\\\/wp-content\\\/uploads\\\/2021\\\/11\\\/ZAV4-scaled.jpeg\",\"datePublished\":\"2021-10-28T09:48:24+00:00\",\"dateModified\":\"2026-04-09T00:00:27+00:00\",\"description\":\"AL kandik V4 347x280. \u00dchekordsed s\u00f6\u00f6gin\u00f5ud, Kandikud. Kaal: 0.046kg. M\u00f5\u00f5dud: 347 x 280 x 0 mm.\",\"breadcrumb\":{\"@id\":\"https:\\\/\\\/lainekarp.ee\\\/toode\\\/al-kandik-v4-347x280\\\/#breadcrumb\"},\"inLanguage\":\"en-US\",\"potentialAction\":[{\"@type\":\"ReadAction\",\"target\":[\"https:\\\/\\\/lainekarp.ee\\\/toode\\\/al-kandik-v4-347x280\\\/\"]}]},{\"@type\":\"ImageObject\",\"inLanguage\":\"en-US\",\"@id\":\"https:\\\/\\\/lainekarp.ee\\\/toode\\\/al-kandik-v4-347x280\\\/#primaryimage\",\"url\":\"https:\\\/\\\/lainekarp.ee\\\/wp-content\\\/uploads\\\/2021\\\/11\\\/ZAV4-scaled.jpeg\",\"contentUrl\":\"https:\\\/\\\/lainekarp.ee\\\/wp-content\\\/uploads\\\/2021\\\/11\\\/ZAV4-scaled.jpeg\",\"width\":2560,\"height\":2525,\"caption\":\"ZAV4\"},{\"@type\":\"BreadcrumbList\",\"@id\":\"https:\\\/\\\/lainekarp.ee\\\/toode\\\/al-kandik-v4-347x280\\\/#breadcrumb\",\"itemListElement\":[{\"@type\":\"ListItem\",\"position\":1,\"name\":\"Home\",\"item\":\"https:\\\/\\\/lainekarp.ee\\\/\"},{\"@type\":\"ListItem\",\"position\":2,\"name\":\"Kataloog\",\"item\":\"https:\\\/\\\/lainekarp.ee\\\/epood\\\/\"},{\"@type\":\"ListItem\",\"position\":3,\"name\":\"\u00dchekordsed s\u00f6\u00f6gin\u00f5ud\",\"item\":\"https:\\\/\\\/lainekarp.ee\\\/tootekategooria\\\/uhekordsed-sooginoud\\\/\"},{\"@type\":\"ListItem\",\"position\":4,\"name\":\"Kandikud\",\"item\":\"https:\\\/\\\/lainekarp.ee\\\/tootekategooria\\\/uhekordsed-sooginoud\\\/kandikud\\\/\"},{\"@type\":\"ListItem\",\"position\":5,\"name\":\"AL kandik V4 347x280x17\\\/100\\\/200\\\/25\"}]},{\"@type\":\"WebSite\",\"@id\":\"https:\\\/\\\/www.lainekarp.ee\\\/#website\",\"url\":\"https:\\\/\\\/www.lainekarp.ee\\\/\",\"name\":\"Lainekarp\",\"description\":\"\",\"potentialAction\":[{\"@type\":\"SearchAction\",\"target\":{\"@type\":\"EntryPoint\",\"urlTemplate\":\"https:\\\/\\\/www.lainekarp.ee\\\/?s={search_term_string}\"},\"query-input\":{\"@type\":\"PropertyValueSpecification\",\"valueRequired\":true,\"valueName\":\"search_term_string\"}}],\"inLanguage\":\"en-US\"}]}<\/script>\n<!-- \/ Yoast SEO plugin. -->","yoast_head_json":{"title":"AL kandik V4 347x280x17\/100\/200\/25 - Lainekarp","description":"AL kandik V4 347x280. \u00dchekordsed s\u00f6\u00f6gin\u00f5ud, Kandikud. Kaal: 0.046kg. M\u00f5\u00f5dud: 347 x 280 x 0 mm.","robots":{"index":"index","follow":"follow","max-snippet":"max-snippet:-1","max-image-preview":"max-image-preview:large","max-video-preview":"max-video-preview:-1"},"canonical":"https:\/\/lainekarp.ee\/en\/product\/al-kandik-v4-347x280\/","og_locale":"en_US","og_type":"article","og_title":"AL kandik V4 347x280x17\/100\/200\/25 - Lainekarp","og_description":"AL kandik V4 347x280. \u00dchekordsed s\u00f6\u00f6gin\u00f5ud, Kandikud. Kaal: 0.046kg. M\u00f5\u00f5dud: 347 x 280 x 0 mm.","og_url":"https:\/\/lainekarp.ee\/en\/product\/al-kandik-v4-347x280\/","og_site_name":"Lainekarp","article_modified_time":"2026-04-09T00:00:27+00:00","og_image":[{"width":2560,"height":2525,"url":"https:\/\/lainekarp.ee\/wp-content\/uploads\/2021\/11\/ZAV4-scaled.jpeg","type":"image\/jpeg"}],"twitter_card":"summary_large_image","schema":{"@context":"https:\/\/schema.org","@graph":[{"@type":"WebPage","@id":"https:\/\/lainekarp.ee\/toode\/al-kandik-v4-347x280\/","url":"https:\/\/lainekarp.ee\/toode\/al-kandik-v4-347x280\/","name":"AL kandik V4 347x280x17\/100\/200\/25 - Lainekarp","isPartOf":{"@id":"https:\/\/www.lainekarp.ee\/#website"},"primaryImageOfPage":{"@id":"https:\/\/lainekarp.ee\/toode\/al-kandik-v4-347x280\/#primaryimage"},"image":{"@id":"https:\/\/lainekarp.ee\/toode\/al-kandik-v4-347x280\/#primaryimage"},"thumbnailUrl":"https:\/\/lainekarp.ee\/wp-content\/uploads\/2021\/11\/ZAV4-scaled.jpeg","datePublished":"2021-10-28T09:48:24+00:00","dateModified":"2026-04-09T00:00:27+00:00","description":"AL kandik V4 347x280. \u00dchekordsed s\u00f6\u00f6gin\u00f5ud, Kandikud. Kaal: 0.046kg. M\u00f5\u00f5dud: 347 x 280 x 0 mm.","breadcrumb":{"@id":"https:\/\/lainekarp.ee\/toode\/al-kandik-v4-347x280\/#breadcrumb"},"inLanguage":"en-US","potentialAction":[{"@type":"ReadAction","target":["https:\/\/lainekarp.ee\/toode\/al-kandik-v4-347x280\/"]}]},{"@type":"ImageObject","inLanguage":"en-US","@id":"https:\/\/lainekarp.ee\/toode\/al-kandik-v4-347x280\/#primaryimage","url":"https:\/\/lainekarp.ee\/wp-content\/uploads\/2021\/11\/ZAV4-scaled.jpeg","contentUrl":"https:\/\/lainekarp.ee\/wp-content\/uploads\/2021\/11\/ZAV4-scaled.jpeg","width":2560,"height":2525,"caption":"ZAV4"},{"@type":"BreadcrumbList","@id":"https:\/\/lainekarp.ee\/toode\/al-kandik-v4-347x280\/#breadcrumb","itemListElement":[{"@type":"ListItem","position":1,"name":"Home","item":"https:\/\/lainekarp.ee\/"},{"@type":"ListItem","position":2,"name":"Kataloog","item":"https:\/\/lainekarp.ee\/epood\/"},{"@type":"ListItem","position":3,"name":"\u00dchekordsed s\u00f6\u00f6gin\u00f5ud","item":"https:\/\/lainekarp.ee\/tootekategooria\/uhekordsed-sooginoud\/"},{"@type":"ListItem","position":4,"name":"Kandikud","item":"https:\/\/lainekarp.ee\/tootekategooria\/uhekordsed-sooginoud\/kandikud\/"},{"@type":"ListItem","position":5,"name":"AL kandik V4 347x280x17\/100\/200\/25"}]},{"@type":"WebSite","@id":"https:\/\/www.lainekarp.ee\/#website","url":"https:\/\/www.lainekarp.ee\/","name":"Lainekarp","description":"","potentialAction":[{"@type":"SearchAction","target":{"@type":"EntryPoint","urlTemplate":"https:\/\/www.lainekarp.ee\/?s={search_term_string}"},"query-input":{"@type":"PropertyValueSpecification","valueRequired":true,"valueName":"search_term_string"}}],"inLanguage":"en-US"}]}},"_links":{"self":[{"href":"https:\/\/lainekarp.ee\/en\/wp-json\/wp\/v2\/product\/2804","targetHints":{"allow":["GET"]}}],"collection":[{"href":"https:\/\/lainekarp.ee\/en\/wp-json\/wp\/v2\/product"}],"about":[{"href":"https:\/\/lainekarp.ee\/en\/wp-json\/wp\/v2\/types\/product"}],"version-history":[{"count":1,"href":"https:\/\/lainekarp.ee\/en\/wp-json\/wp\/v2\/product\/2804\/revisions"}],"predecessor-version":[{"id":14506,"href":"https:\/\/lainekarp.ee\/en\/wp-json\/wp\/v2\/product\/2804\/revisions\/14506"}],"wp:featuredmedia":[{"embeddable":true,"href":"https:\/\/lainekarp.ee\/en\/wp-json\/wp\/v2\/media\/3421"}],"wp:attachment":[{"href":"https:\/\/lainekarp.ee\/en\/wp-json\/wp\/v2\/media?parent=2804"}],"wp:term":[{"taxonomy":"product_brand","embeddable":true,"href":"https:\/\/lainekarp.ee\/en\/wp-json\/wp\/v2\/product_brand?post=2804"},{"taxonomy":"product_cat","embeddable":true,"href":"https:\/\/lainekarp.ee\/en\/wp-json\/wp\/v2\/product_cat?post=2804"},{"taxonomy":"product_tag","embeddable":true,"href":"https:\/\/lainekarp.ee\/en\/wp-json\/wp\/v2\/product_tag?post=2804"}],"curies":[{"name":"wp","href":"https:\/\/api.w.org\/{rel}","templated":true}]}}