{"id":2848,"date":"2021-10-28T11:48:56","date_gmt":"2021-10-28T09:48:56","guid":{"rendered":"https:\/\/uus.lainekarp.ee\/product\/tsell-kott-cpp-maja-180x25x350-voltpohi\/"},"modified":"2026-04-17T13:56:11","modified_gmt":"2026-04-17T11:56:11","slug":"tsell-kott-cpp-maja-180x25x350-voltpohi","status":"publish","type":"product","link":"https:\/\/lainekarp.ee\/en\/product\/tsell-kott-cpp-maja-180x25x350-voltpohi\/","title":{"rendered":"Tsell.kott CPP maja voltp\u00f5hi 180x25x350\/250"},"content":{"rendered":"","protected":false},"excerpt":{"rendered":"<p>Kogus pakis 500tk<\/p>","protected":false},"featured_media":20739,"template":"","meta":{"_acf_changed":false},"product_brand":[],"product_cat":[683,642],"product_tag":[],"class_list":{"0":"post-2848","1":"product","2":"type-product","3":"status-publish","4":"has-post-thumbnail","6":"product_cat-tahtpaevad","7":"product_cat-tsellofaankotid","9":"first","10":"instock","11":"taxable","12":"shipping-taxable","13":"purchasable","14":"product-type-simple"},"acf":[],"yoast_head":"<!-- This site is optimized with the Yoast SEO plugin v27.5 - https:\/\/yoast.com\/product\/yoast-seo-wordpress\/ -->\n<title>Tsell.kott CPP maja voltp\u00f5hi 180x25x350\/250 - Lainekarp<\/title>\n<meta name=\"description\" content=\"Tsell.kott CPP maja 180x25x350 voltp\u00f5hi. Kotid, Tsellofaankotid. Materjal: CPP. Kaal: 0.003kg. M\u00f5\u00f5dud: 180 x 25 x 350 mm.\" \/>\n<meta name=\"robots\" content=\"index, follow, max-snippet:-1, max-image-preview:large, max-video-preview:-1\" \/>\n<link rel=\"canonical\" href=\"https:\/\/lainekarp.ee\/en\/product\/tsell-kott-cpp-maja-180x25x350-voltpohi\/\" \/>\n<meta property=\"og:locale\" content=\"en_US\" \/>\n<meta property=\"og:type\" content=\"article\" \/>\n<meta property=\"og:title\" content=\"Tsell.kott CPP maja voltp\u00f5hi 180x25x350\/250 - Lainekarp\" \/>\n<meta property=\"og:description\" content=\"Tsell.kott CPP maja 180x25x350 voltp\u00f5hi. Kotid, Tsellofaankotid. Materjal: CPP. Kaal: 0.003kg. M\u00f5\u00f5dud: 180 x 25 x 350 mm.\" \/>\n<meta property=\"og:url\" content=\"https:\/\/lainekarp.ee\/en\/product\/tsell-kott-cpp-maja-180x25x350-voltpohi\/\" \/>\n<meta property=\"og:site_name\" content=\"Lainekarp\" \/>\n<meta property=\"article:modified_time\" content=\"2026-04-17T11:56:11+00:00\" \/>\n<meta property=\"og:image\" content=\"https:\/\/lainekarp.ee\/wp-content\/uploads\/2022\/01\/VE1835MCPP.jpeg\" \/>\n\t<meta property=\"og:image:width\" content=\"2103\" \/>\n\t<meta property=\"og:image:height\" content=\"2545\" \/>\n\t<meta property=\"og:image:type\" content=\"image\/jpeg\" \/>\n<meta name=\"twitter:card\" content=\"summary_large_image\" \/>\n<meta name=\"twitter:label1\" content=\"Est. reading time\" \/>\n\t<meta name=\"twitter:data1\" content=\"1 minute\" \/>\n<script type=\"application\/ld+json\" class=\"yoast-schema-graph\">{\"@context\":\"https:\\\/\\\/schema.org\",\"@graph\":[{\"@type\":\"WebPage\",\"@id\":\"https:\\\/\\\/lainekarp.ee\\\/toode\\\/tsell-kott-cpp-maja-180x25x350-voltpohi\\\/\",\"url\":\"https:\\\/\\\/lainekarp.ee\\\/toode\\\/tsell-kott-cpp-maja-180x25x350-voltpohi\\\/\",\"name\":\"Tsell.kott CPP maja voltp\u00f5hi 180x25x350\\\/250 - Lainekarp\",\"isPartOf\":{\"@id\":\"https:\\\/\\\/www.lainekarp.ee\\\/#website\"},\"primaryImageOfPage\":{\"@id\":\"https:\\\/\\\/lainekarp.ee\\\/toode\\\/tsell-kott-cpp-maja-180x25x350-voltpohi\\\/#primaryimage\"},\"image\":{\"@id\":\"https:\\\/\\\/lainekarp.ee\\\/toode\\\/tsell-kott-cpp-maja-180x25x350-voltpohi\\\/#primaryimage\"},\"thumbnailUrl\":\"https:\\\/\\\/lainekarp.ee\\\/wp-content\\\/uploads\\\/2026\\\/03\\\/VE1835MCPP-1.jpg\",\"datePublished\":\"2021-10-28T09:48:56+00:00\",\"dateModified\":\"2026-04-17T11:56:11+00:00\",\"description\":\"Tsell.kott CPP maja 180x25x350 voltp\u00f5hi. Kotid, Tsellofaankotid. Materjal: CPP. Kaal: 0.003kg. M\u00f5\u00f5dud: 180 x 25 x 350 mm.\",\"breadcrumb\":{\"@id\":\"https:\\\/\\\/lainekarp.ee\\\/toode\\\/tsell-kott-cpp-maja-180x25x350-voltpohi\\\/#breadcrumb\"},\"inLanguage\":\"en-US\",\"potentialAction\":[{\"@type\":\"ReadAction\",\"target\":[\"https:\\\/\\\/lainekarp.ee\\\/toode\\\/tsell-kott-cpp-maja-180x25x350-voltpohi\\\/\"]}]},{\"@type\":\"ImageObject\",\"inLanguage\":\"en-US\",\"@id\":\"https:\\\/\\\/lainekarp.ee\\\/toode\\\/tsell-kott-cpp-maja-180x25x350-voltpohi\\\/#primaryimage\",\"url\":\"https:\\\/\\\/lainekarp.ee\\\/wp-content\\\/uploads\\\/2026\\\/03\\\/VE1835MCPP-1.jpg\",\"contentUrl\":\"https:\\\/\\\/lainekarp.ee\\\/wp-content\\\/uploads\\\/2026\\\/03\\\/VE1835MCPP-1.jpg\",\"width\":689,\"height\":1000,\"caption\":\"VE1835MCPP\"},{\"@type\":\"BreadcrumbList\",\"@id\":\"https:\\\/\\\/lainekarp.ee\\\/toode\\\/tsell-kott-cpp-maja-180x25x350-voltpohi\\\/#breadcrumb\",\"itemListElement\":[{\"@type\":\"ListItem\",\"position\":1,\"name\":\"Home\",\"item\":\"https:\\\/\\\/lainekarp.ee\\\/\"},{\"@type\":\"ListItem\",\"position\":2,\"name\":\"Kataloog\",\"item\":\"https:\\\/\\\/lainekarp.ee\\\/epood\\\/\"},{\"@type\":\"ListItem\",\"position\":3,\"name\":\"Kotid\",\"item\":\"https:\\\/\\\/lainekarp.ee\\\/tootekategooria\\\/kotid\\\/\"},{\"@type\":\"ListItem\",\"position\":4,\"name\":\"Tsellofaankotid\",\"item\":\"https:\\\/\\\/lainekarp.ee\\\/tootekategooria\\\/kotid\\\/tsellofaankotid\\\/\"},{\"@type\":\"ListItem\",\"position\":5,\"name\":\"Tsell.kott CPP maja voltp\u00f5hi 180x25x350\\\/250\"}]},{\"@type\":\"WebSite\",\"@id\":\"https:\\\/\\\/www.lainekarp.ee\\\/#website\",\"url\":\"https:\\\/\\\/www.lainekarp.ee\\\/\",\"name\":\"Lainekarp\",\"description\":\"\",\"potentialAction\":[{\"@type\":\"SearchAction\",\"target\":{\"@type\":\"EntryPoint\",\"urlTemplate\":\"https:\\\/\\\/www.lainekarp.ee\\\/?s={search_term_string}\"},\"query-input\":{\"@type\":\"PropertyValueSpecification\",\"valueRequired\":true,\"valueName\":\"search_term_string\"}}],\"inLanguage\":\"en-US\"}]}<\/script>\n<!-- \/ Yoast SEO plugin. -->","yoast_head_json":{"title":"Tsell.kott CPP maja voltp\u00f5hi 180x25x350\/250 - Lainekarp","description":"Tsell.kott CPP maja 180x25x350 voltp\u00f5hi. Kotid, Tsellofaankotid. Materjal: CPP. Kaal: 0.003kg. M\u00f5\u00f5dud: 180 x 25 x 350 mm.","robots":{"index":"index","follow":"follow","max-snippet":"max-snippet:-1","max-image-preview":"max-image-preview:large","max-video-preview":"max-video-preview:-1"},"canonical":"https:\/\/lainekarp.ee\/en\/product\/tsell-kott-cpp-maja-180x25x350-voltpohi\/","og_locale":"en_US","og_type":"article","og_title":"Tsell.kott CPP maja voltp\u00f5hi 180x25x350\/250 - Lainekarp","og_description":"Tsell.kott CPP maja 180x25x350 voltp\u00f5hi. Kotid, Tsellofaankotid. Materjal: CPP. Kaal: 0.003kg. M\u00f5\u00f5dud: 180 x 25 x 350 mm.","og_url":"https:\/\/lainekarp.ee\/en\/product\/tsell-kott-cpp-maja-180x25x350-voltpohi\/","og_site_name":"Lainekarp","article_modified_time":"2026-04-17T11:56:11+00:00","og_image":[{"width":2103,"height":2545,"url":"https:\/\/lainekarp.ee\/wp-content\/uploads\/2022\/01\/VE1835MCPP.jpeg","type":"image\/jpeg"}],"twitter_card":"summary_large_image","twitter_misc":{"Est. reading time":"1 minute"},"schema":{"@context":"https:\/\/schema.org","@graph":[{"@type":"WebPage","@id":"https:\/\/lainekarp.ee\/toode\/tsell-kott-cpp-maja-180x25x350-voltpohi\/","url":"https:\/\/lainekarp.ee\/toode\/tsell-kott-cpp-maja-180x25x350-voltpohi\/","name":"Tsell.kott CPP maja voltp\u00f5hi 180x25x350\/250 - Lainekarp","isPartOf":{"@id":"https:\/\/www.lainekarp.ee\/#website"},"primaryImageOfPage":{"@id":"https:\/\/lainekarp.ee\/toode\/tsell-kott-cpp-maja-180x25x350-voltpohi\/#primaryimage"},"image":{"@id":"https:\/\/lainekarp.ee\/toode\/tsell-kott-cpp-maja-180x25x350-voltpohi\/#primaryimage"},"thumbnailUrl":"https:\/\/lainekarp.ee\/wp-content\/uploads\/2026\/03\/VE1835MCPP-1.jpg","datePublished":"2021-10-28T09:48:56+00:00","dateModified":"2026-04-17T11:56:11+00:00","description":"Tsell.kott CPP maja 180x25x350 voltp\u00f5hi. Kotid, Tsellofaankotid. Materjal: CPP. Kaal: 0.003kg. M\u00f5\u00f5dud: 180 x 25 x 350 mm.","breadcrumb":{"@id":"https:\/\/lainekarp.ee\/toode\/tsell-kott-cpp-maja-180x25x350-voltpohi\/#breadcrumb"},"inLanguage":"en-US","potentialAction":[{"@type":"ReadAction","target":["https:\/\/lainekarp.ee\/toode\/tsell-kott-cpp-maja-180x25x350-voltpohi\/"]}]},{"@type":"ImageObject","inLanguage":"en-US","@id":"https:\/\/lainekarp.ee\/toode\/tsell-kott-cpp-maja-180x25x350-voltpohi\/#primaryimage","url":"https:\/\/lainekarp.ee\/wp-content\/uploads\/2026\/03\/VE1835MCPP-1.jpg","contentUrl":"https:\/\/lainekarp.ee\/wp-content\/uploads\/2026\/03\/VE1835MCPP-1.jpg","width":689,"height":1000,"caption":"VE1835MCPP"},{"@type":"BreadcrumbList","@id":"https:\/\/lainekarp.ee\/toode\/tsell-kott-cpp-maja-180x25x350-voltpohi\/#breadcrumb","itemListElement":[{"@type":"ListItem","position":1,"name":"Home","item":"https:\/\/lainekarp.ee\/"},{"@type":"ListItem","position":2,"name":"Kataloog","item":"https:\/\/lainekarp.ee\/epood\/"},{"@type":"ListItem","position":3,"name":"Kotid","item":"https:\/\/lainekarp.ee\/tootekategooria\/kotid\/"},{"@type":"ListItem","position":4,"name":"Tsellofaankotid","item":"https:\/\/lainekarp.ee\/tootekategooria\/kotid\/tsellofaankotid\/"},{"@type":"ListItem","position":5,"name":"Tsell.kott CPP maja voltp\u00f5hi 180x25x350\/250"}]},{"@type":"WebSite","@id":"https:\/\/www.lainekarp.ee\/#website","url":"https:\/\/www.lainekarp.ee\/","name":"Lainekarp","description":"","potentialAction":[{"@type":"SearchAction","target":{"@type":"EntryPoint","urlTemplate":"https:\/\/www.lainekarp.ee\/?s={search_term_string}"},"query-input":{"@type":"PropertyValueSpecification","valueRequired":true,"valueName":"search_term_string"}}],"inLanguage":"en-US"}]}},"_links":{"self":[{"href":"https:\/\/lainekarp.ee\/en\/wp-json\/wp\/v2\/product\/2848","targetHints":{"allow":["GET"]}}],"collection":[{"href":"https:\/\/lainekarp.ee\/en\/wp-json\/wp\/v2\/product"}],"about":[{"href":"https:\/\/lainekarp.ee\/en\/wp-json\/wp\/v2\/types\/product"}],"version-history":[{"count":1,"href":"https:\/\/lainekarp.ee\/en\/wp-json\/wp\/v2\/product\/2848\/revisions"}],"predecessor-version":[{"id":15932,"href":"https:\/\/lainekarp.ee\/en\/wp-json\/wp\/v2\/product\/2848\/revisions\/15932"}],"wp:featuredmedia":[{"embeddable":true,"href":"https:\/\/lainekarp.ee\/en\/wp-json\/wp\/v2\/media\/20739"}],"wp:attachment":[{"href":"https:\/\/lainekarp.ee\/en\/wp-json\/wp\/v2\/media?parent=2848"}],"wp:term":[{"taxonomy":"product_brand","embeddable":true,"href":"https:\/\/lainekarp.ee\/en\/wp-json\/wp\/v2\/product_brand?post=2848"},{"taxonomy":"product_cat","embeddable":true,"href":"https:\/\/lainekarp.ee\/en\/wp-json\/wp\/v2\/product_cat?post=2848"},{"taxonomy":"product_tag","embeddable":true,"href":"https:\/\/lainekarp.ee\/en\/wp-json\/wp\/v2\/product_tag?post=2848"}],"curies":[{"name":"wp","href":"https:\/\/api.w.org\/{rel}","templated":true}]}}