{"id":384,"date":"2021-10-18T15:42:14","date_gmt":"2021-10-18T13:42:14","guid":{"rendered":"https:\/\/uus.lainekarp.ee\/product\/pael-glitter-sadelev-pruun-9-mm-50m-rull\/"},"modified":"2026-03-14T02:00:15","modified_gmt":"2026-03-14T00:00:15","slug":"pael-glitter-sadelev-pruun-9-mm-50m-rull","status":"publish","type":"product","link":"https:\/\/lainekarp.ee\/en\/product\/pael-glitter-sadelev-pruun-9-mm-50m-rull\/","title":{"rendered":"Pael Glitter s\u00e4delev pruun 9mm 50m rull"},"content":{"rendered":"","protected":false},"excerpt":{"rendered":"<p>S\u00e4delev pruun pael \u2013 pidulik ja stiilne aktsent pakendile. Elegantselt s\u00e4delev pruun pael sobib suurep\u00e4raselt kingituste, dekoratsioonide ja k\u00e4sit\u00f6\u00f6projektide viimistlemiseks. L\u00e4ikiv pind lisab pidulikkust, samas kui soe pruun toon loob hubase ja maitsekalt luksusliku mulje. Ideaalne kasutamiseks j\u00f5uluhooajal, pulmadeks v\u00f5i erilisteks s\u00fcndmusteks.<\/p>","protected":false},"featured_media":19113,"template":"","meta":{"_acf_changed":false},"product_brand":[],"product_cat":[609],"product_tag":[],"class_list":{"0":"post-384","1":"product","2":"type-product","3":"status-publish","4":"has-post-thumbnail","6":"product_cat-tekstiilpaelad","8":"first","9":"instock","10":"taxable","11":"shipping-taxable","12":"purchasable","13":"product-type-simple"},"acf":[],"yoast_head":"<!-- This site is optimized with the Yoast SEO plugin v27.3 - https:\/\/yoast.com\/product\/yoast-seo-wordpress\/ -->\n<title>Pael Glitter s\u00e4delev pruun 9mm 50m rull - Lainekarp<\/title>\n<meta name=\"description\" content=\"Pael Glitter s\u00e4delev pruun 9 mm 50m\/rull. Dekoratsioon, Tekstiilpaelad. Materjal: tekstiil.\" \/>\n<meta name=\"robots\" content=\"index, follow, max-snippet:-1, max-image-preview:large, max-video-preview:-1\" \/>\n<link rel=\"canonical\" href=\"https:\/\/lainekarp.ee\/en\/product\/pael-glitter-sadelev-pruun-9-mm-50m-rull\/\" \/>\n<meta property=\"og:locale\" content=\"en_US\" \/>\n<meta property=\"og:type\" content=\"article\" \/>\n<meta property=\"og:title\" content=\"Pael Glitter s\u00e4delev pruun 9mm 50m rull - Lainekarp\" \/>\n<meta property=\"og:description\" content=\"Pael Glitter s\u00e4delev pruun 9 mm 50m\/rull. Dekoratsioon, Tekstiilpaelad. Materjal: tekstiil.\" \/>\n<meta property=\"og:url\" content=\"https:\/\/lainekarp.ee\/en\/product\/pael-glitter-sadelev-pruun-9-mm-50m-rull\/\" \/>\n<meta property=\"og:site_name\" content=\"Lainekarp\" \/>\n<meta property=\"article:modified_time\" content=\"2026-03-14T00:00:15+00:00\" \/>\n<meta property=\"og:image\" content=\"https:\/\/lainekarp.ee\/wp-content\/uploads\/2024\/12\/EP466689-1.jpg\" \/>\n\t<meta property=\"og:image:width\" content=\"750\" \/>\n\t<meta property=\"og:image:height\" content=\"1000\" \/>\n\t<meta property=\"og:image:type\" content=\"image\/jpeg\" \/>\n<meta name=\"twitter:card\" content=\"summary_large_image\" \/>\n<script type=\"application\/ld+json\" class=\"yoast-schema-graph\">{\"@context\":\"https:\\\/\\\/schema.org\",\"@graph\":[{\"@type\":\"WebPage\",\"@id\":\"https:\\\/\\\/lainekarp.ee\\\/toode\\\/pael-glitter-sadelev-pruun-9-mm-50m-rull\\\/\",\"url\":\"https:\\\/\\\/lainekarp.ee\\\/toode\\\/pael-glitter-sadelev-pruun-9-mm-50m-rull\\\/\",\"name\":\"Pael Glitter s\u00e4delev pruun 9mm 50m rull - Lainekarp\",\"isPartOf\":{\"@id\":\"https:\\\/\\\/www.lainekarp.ee\\\/#website\"},\"primaryImageOfPage\":{\"@id\":\"https:\\\/\\\/lainekarp.ee\\\/toode\\\/pael-glitter-sadelev-pruun-9-mm-50m-rull\\\/#primaryimage\"},\"image\":{\"@id\":\"https:\\\/\\\/lainekarp.ee\\\/toode\\\/pael-glitter-sadelev-pruun-9-mm-50m-rull\\\/#primaryimage\"},\"thumbnailUrl\":\"https:\\\/\\\/lainekarp.ee\\\/wp-content\\\/uploads\\\/2025\\\/10\\\/EP466689-1.jpg\",\"datePublished\":\"2021-10-18T13:42:14+00:00\",\"dateModified\":\"2026-03-14T00:00:15+00:00\",\"description\":\"Pael Glitter s\u00e4delev pruun 9 mm 50m\\\/rull. Dekoratsioon, Tekstiilpaelad. Materjal: tekstiil.\",\"breadcrumb\":{\"@id\":\"https:\\\/\\\/lainekarp.ee\\\/toode\\\/pael-glitter-sadelev-pruun-9-mm-50m-rull\\\/#breadcrumb\"},\"inLanguage\":\"en-US\",\"potentialAction\":[{\"@type\":\"ReadAction\",\"target\":[\"https:\\\/\\\/lainekarp.ee\\\/toode\\\/pael-glitter-sadelev-pruun-9-mm-50m-rull\\\/\"]}]},{\"@type\":\"ImageObject\",\"inLanguage\":\"en-US\",\"@id\":\"https:\\\/\\\/lainekarp.ee\\\/toode\\\/pael-glitter-sadelev-pruun-9-mm-50m-rull\\\/#primaryimage\",\"url\":\"https:\\\/\\\/lainekarp.ee\\\/wp-content\\\/uploads\\\/2025\\\/10\\\/EP466689-1.jpg\",\"contentUrl\":\"https:\\\/\\\/lainekarp.ee\\\/wp-content\\\/uploads\\\/2025\\\/10\\\/EP466689-1.jpg\",\"width\":750,\"height\":1000,\"caption\":\"EP466689\"},{\"@type\":\"BreadcrumbList\",\"@id\":\"https:\\\/\\\/lainekarp.ee\\\/toode\\\/pael-glitter-sadelev-pruun-9-mm-50m-rull\\\/#breadcrumb\",\"itemListElement\":[{\"@type\":\"ListItem\",\"position\":1,\"name\":\"Home\",\"item\":\"https:\\\/\\\/lainekarp.ee\\\/\"},{\"@type\":\"ListItem\",\"position\":2,\"name\":\"Kataloog\",\"item\":\"https:\\\/\\\/lainekarp.ee\\\/epood\\\/\"},{\"@type\":\"ListItem\",\"position\":3,\"name\":\"Dekoratsioon\",\"item\":\"https:\\\/\\\/lainekarp.ee\\\/tootekategooria\\\/dekoratsioon\\\/\"},{\"@type\":\"ListItem\",\"position\":4,\"name\":\"Tekstiilpaelad\",\"item\":\"https:\\\/\\\/lainekarp.ee\\\/tootekategooria\\\/dekoratsioon\\\/tekstiilpaelad\\\/\"},{\"@type\":\"ListItem\",\"position\":5,\"name\":\"Pael Glitter s\u00e4delev pruun 9mm 50m rull\"}]},{\"@type\":\"WebSite\",\"@id\":\"https:\\\/\\\/www.lainekarp.ee\\\/#website\",\"url\":\"https:\\\/\\\/www.lainekarp.ee\\\/\",\"name\":\"Lainekarp\",\"description\":\"\",\"potentialAction\":[{\"@type\":\"SearchAction\",\"target\":{\"@type\":\"EntryPoint\",\"urlTemplate\":\"https:\\\/\\\/www.lainekarp.ee\\\/?s={search_term_string}\"},\"query-input\":{\"@type\":\"PropertyValueSpecification\",\"valueRequired\":true,\"valueName\":\"search_term_string\"}}],\"inLanguage\":\"en-US\"}]}<\/script>\n<!-- \/ Yoast SEO plugin. -->","yoast_head_json":{"title":"Pael Glitter s\u00e4delev pruun 9mm 50m rull - Lainekarp","description":"Pael Glitter s\u00e4delev pruun 9 mm 50m\/rull. Dekoratsioon, Tekstiilpaelad. Materjal: tekstiil.","robots":{"index":"index","follow":"follow","max-snippet":"max-snippet:-1","max-image-preview":"max-image-preview:large","max-video-preview":"max-video-preview:-1"},"canonical":"https:\/\/lainekarp.ee\/en\/product\/pael-glitter-sadelev-pruun-9-mm-50m-rull\/","og_locale":"en_US","og_type":"article","og_title":"Pael Glitter s\u00e4delev pruun 9mm 50m rull - Lainekarp","og_description":"Pael Glitter s\u00e4delev pruun 9 mm 50m\/rull. Dekoratsioon, Tekstiilpaelad. Materjal: tekstiil.","og_url":"https:\/\/lainekarp.ee\/en\/product\/pael-glitter-sadelev-pruun-9-mm-50m-rull\/","og_site_name":"Lainekarp","article_modified_time":"2026-03-14T00:00:15+00:00","og_image":[{"width":750,"height":1000,"url":"https:\/\/lainekarp.ee\/wp-content\/uploads\/2024\/12\/EP466689-1.jpg","type":"image\/jpeg"}],"twitter_card":"summary_large_image","schema":{"@context":"https:\/\/schema.org","@graph":[{"@type":"WebPage","@id":"https:\/\/lainekarp.ee\/toode\/pael-glitter-sadelev-pruun-9-mm-50m-rull\/","url":"https:\/\/lainekarp.ee\/toode\/pael-glitter-sadelev-pruun-9-mm-50m-rull\/","name":"Pael Glitter s\u00e4delev pruun 9mm 50m rull - Lainekarp","isPartOf":{"@id":"https:\/\/www.lainekarp.ee\/#website"},"primaryImageOfPage":{"@id":"https:\/\/lainekarp.ee\/toode\/pael-glitter-sadelev-pruun-9-mm-50m-rull\/#primaryimage"},"image":{"@id":"https:\/\/lainekarp.ee\/toode\/pael-glitter-sadelev-pruun-9-mm-50m-rull\/#primaryimage"},"thumbnailUrl":"https:\/\/lainekarp.ee\/wp-content\/uploads\/2025\/10\/EP466689-1.jpg","datePublished":"2021-10-18T13:42:14+00:00","dateModified":"2026-03-14T00:00:15+00:00","description":"Pael Glitter s\u00e4delev pruun 9 mm 50m\/rull. Dekoratsioon, Tekstiilpaelad. Materjal: tekstiil.","breadcrumb":{"@id":"https:\/\/lainekarp.ee\/toode\/pael-glitter-sadelev-pruun-9-mm-50m-rull\/#breadcrumb"},"inLanguage":"en-US","potentialAction":[{"@type":"ReadAction","target":["https:\/\/lainekarp.ee\/toode\/pael-glitter-sadelev-pruun-9-mm-50m-rull\/"]}]},{"@type":"ImageObject","inLanguage":"en-US","@id":"https:\/\/lainekarp.ee\/toode\/pael-glitter-sadelev-pruun-9-mm-50m-rull\/#primaryimage","url":"https:\/\/lainekarp.ee\/wp-content\/uploads\/2025\/10\/EP466689-1.jpg","contentUrl":"https:\/\/lainekarp.ee\/wp-content\/uploads\/2025\/10\/EP466689-1.jpg","width":750,"height":1000,"caption":"EP466689"},{"@type":"BreadcrumbList","@id":"https:\/\/lainekarp.ee\/toode\/pael-glitter-sadelev-pruun-9-mm-50m-rull\/#breadcrumb","itemListElement":[{"@type":"ListItem","position":1,"name":"Home","item":"https:\/\/lainekarp.ee\/"},{"@type":"ListItem","position":2,"name":"Kataloog","item":"https:\/\/lainekarp.ee\/epood\/"},{"@type":"ListItem","position":3,"name":"Dekoratsioon","item":"https:\/\/lainekarp.ee\/tootekategooria\/dekoratsioon\/"},{"@type":"ListItem","position":4,"name":"Tekstiilpaelad","item":"https:\/\/lainekarp.ee\/tootekategooria\/dekoratsioon\/tekstiilpaelad\/"},{"@type":"ListItem","position":5,"name":"Pael Glitter s\u00e4delev pruun 9mm 50m rull"}]},{"@type":"WebSite","@id":"https:\/\/www.lainekarp.ee\/#website","url":"https:\/\/www.lainekarp.ee\/","name":"Lainekarp","description":"","potentialAction":[{"@type":"SearchAction","target":{"@type":"EntryPoint","urlTemplate":"https:\/\/www.lainekarp.ee\/?s={search_term_string}"},"query-input":{"@type":"PropertyValueSpecification","valueRequired":true,"valueName":"search_term_string"}}],"inLanguage":"en-US"}]}},"_links":{"self":[{"href":"https:\/\/lainekarp.ee\/en\/wp-json\/wp\/v2\/product\/384","targetHints":{"allow":["GET"]}}],"collection":[{"href":"https:\/\/lainekarp.ee\/en\/wp-json\/wp\/v2\/product"}],"about":[{"href":"https:\/\/lainekarp.ee\/en\/wp-json\/wp\/v2\/types\/product"}],"version-history":[{"count":1,"href":"https:\/\/lainekarp.ee\/en\/wp-json\/wp\/v2\/product\/384\/revisions"}],"predecessor-version":[{"id":17908,"href":"https:\/\/lainekarp.ee\/en\/wp-json\/wp\/v2\/product\/384\/revisions\/17908"}],"wp:featuredmedia":[{"embeddable":true,"href":"https:\/\/lainekarp.ee\/en\/wp-json\/wp\/v2\/media\/19113"}],"wp:attachment":[{"href":"https:\/\/lainekarp.ee\/en\/wp-json\/wp\/v2\/media?parent=384"}],"wp:term":[{"taxonomy":"product_brand","embeddable":true,"href":"https:\/\/lainekarp.ee\/en\/wp-json\/wp\/v2\/product_brand?post=384"},{"taxonomy":"product_cat","embeddable":true,"href":"https:\/\/lainekarp.ee\/en\/wp-json\/wp\/v2\/product_cat?post=384"},{"taxonomy":"product_tag","embeddable":true,"href":"https:\/\/lainekarp.ee\/en\/wp-json\/wp\/v2\/product_tag?post=384"}],"curies":[{"name":"wp","href":"https:\/\/api.w.org\/{rel}","templated":true}]}}