{"id":389,"date":"2021-10-18T15:42:14","date_gmt":"2021-10-18T13:42:14","guid":{"rendered":"https:\/\/uus.lainekarp.ee\/product\/noor-1800-jm-rull\/"},"modified":"2026-03-28T02:00:27","modified_gmt":"2026-03-28T00:00:27","slug":"noor-1800-jm-rull","status":"publish","type":"product","link":"https:\/\/lainekarp.ee\/en\/product\/noor-1800-jm-rull\/","title":{"rendered":"N\u00f6\u00f6r 1800m rull"},"content":{"rendered":"","protected":false},"excerpt":{"rendered":"","protected":false},"featured_media":12064,"template":"","meta":{"_acf_changed":false},"product_brand":[],"product_cat":[643],"product_tag":[],"class_list":{"0":"post-389","1":"product","2":"type-product","3":"status-publish","4":"has-post-thumbnail","6":"product_cat-noorid","8":"first","9":"instock","10":"taxable","11":"shipping-taxable","12":"purchasable","13":"product-type-simple"},"acf":[],"yoast_head":"<!-- This site is optimized with the Yoast SEO plugin v27.3 - https:\/\/yoast.com\/product\/yoast-seo-wordpress\/ -->\n<title>N\u00f6\u00f6r 1800m rull - Lainekarp<\/title>\n<meta name=\"description\" content=\"N\u00f6\u00f6r \/ 1800 jm rull. Seadmed ja abivahendid, N\u00f6\u00f6rid. Materjal: PP.\" \/>\n<meta name=\"robots\" content=\"index, follow, max-snippet:-1, max-image-preview:large, max-video-preview:-1\" \/>\n<link rel=\"canonical\" href=\"https:\/\/lainekarp.ee\/en\/product\/noor-1800-jm-rull\/\" \/>\n<meta property=\"og:locale\" content=\"en_US\" \/>\n<meta property=\"og:type\" content=\"article\" \/>\n<meta property=\"og:title\" content=\"N\u00f6\u00f6r 1800m rull - Lainekarp\" \/>\n<meta property=\"og:description\" content=\"N\u00f6\u00f6r \/ 1800 jm rull. Seadmed ja abivahendid, N\u00f6\u00f6rid. Materjal: PP.\" \/>\n<meta property=\"og:url\" content=\"https:\/\/lainekarp.ee\/en\/product\/noor-1800-jm-rull\/\" \/>\n<meta property=\"og:site_name\" content=\"Lainekarp\" \/>\n<meta property=\"article:modified_time\" content=\"2026-03-28T00:00:27+00:00\" \/>\n<meta property=\"og:image\" content=\"https:\/\/lainekarp.ee\/wp-content\/uploads\/2022\/12\/N1-133.jpg\" \/>\n\t<meta property=\"og:image:width\" content=\"571\" \/>\n\t<meta property=\"og:image:height\" content=\"640\" \/>\n\t<meta property=\"og:image:type\" content=\"image\/jpeg\" \/>\n<meta name=\"twitter:card\" content=\"summary_large_image\" \/>\n<script type=\"application\/ld+json\" class=\"yoast-schema-graph\">{\"@context\":\"https:\\\/\\\/schema.org\",\"@graph\":[{\"@type\":\"WebPage\",\"@id\":\"https:\\\/\\\/lainekarp.ee\\\/toode\\\/noor-1800-jm-rull\\\/\",\"url\":\"https:\\\/\\\/lainekarp.ee\\\/toode\\\/noor-1800-jm-rull\\\/\",\"name\":\"N\u00f6\u00f6r 1800m rull - Lainekarp\",\"isPartOf\":{\"@id\":\"https:\\\/\\\/www.lainekarp.ee\\\/#website\"},\"primaryImageOfPage\":{\"@id\":\"https:\\\/\\\/lainekarp.ee\\\/toode\\\/noor-1800-jm-rull\\\/#primaryimage\"},\"image\":{\"@id\":\"https:\\\/\\\/lainekarp.ee\\\/toode\\\/noor-1800-jm-rull\\\/#primaryimage\"},\"thumbnailUrl\":\"https:\\\/\\\/lainekarp.ee\\\/wp-content\\\/uploads\\\/2022\\\/12\\\/N1-133.jpg\",\"datePublished\":\"2021-10-18T13:42:14+00:00\",\"dateModified\":\"2026-03-28T00:00:27+00:00\",\"description\":\"N\u00f6\u00f6r \\\/ 1800 jm rull. Seadmed ja abivahendid, N\u00f6\u00f6rid. Materjal: PP.\",\"breadcrumb\":{\"@id\":\"https:\\\/\\\/lainekarp.ee\\\/toode\\\/noor-1800-jm-rull\\\/#breadcrumb\"},\"inLanguage\":\"en-US\",\"potentialAction\":[{\"@type\":\"ReadAction\",\"target\":[\"https:\\\/\\\/lainekarp.ee\\\/toode\\\/noor-1800-jm-rull\\\/\"]}]},{\"@type\":\"ImageObject\",\"inLanguage\":\"en-US\",\"@id\":\"https:\\\/\\\/lainekarp.ee\\\/toode\\\/noor-1800-jm-rull\\\/#primaryimage\",\"url\":\"https:\\\/\\\/lainekarp.ee\\\/wp-content\\\/uploads\\\/2022\\\/12\\\/N1-133.jpg\",\"contentUrl\":\"https:\\\/\\\/lainekarp.ee\\\/wp-content\\\/uploads\\\/2022\\\/12\\\/N1-133.jpg\",\"width\":571,\"height\":640,\"caption\":\"N1-133\"},{\"@type\":\"BreadcrumbList\",\"@id\":\"https:\\\/\\\/lainekarp.ee\\\/toode\\\/noor-1800-jm-rull\\\/#breadcrumb\",\"itemListElement\":[{\"@type\":\"ListItem\",\"position\":1,\"name\":\"Home\",\"item\":\"https:\\\/\\\/lainekarp.ee\\\/\"},{\"@type\":\"ListItem\",\"position\":2,\"name\":\"Kataloog\",\"item\":\"https:\\\/\\\/lainekarp.ee\\\/epood\\\/\"},{\"@type\":\"ListItem\",\"position\":3,\"name\":\"Dekoratsioon\",\"item\":\"https:\\\/\\\/lainekarp.ee\\\/tootekategooria\\\/dekoratsioon\\\/\"},{\"@type\":\"ListItem\",\"position\":4,\"name\":\"N\u00f6\u00f6rid\",\"item\":\"https:\\\/\\\/lainekarp.ee\\\/tootekategooria\\\/dekoratsioon\\\/noorid\\\/\"},{\"@type\":\"ListItem\",\"position\":5,\"name\":\"N\u00f6\u00f6r 1800m rull\"}]},{\"@type\":\"WebSite\",\"@id\":\"https:\\\/\\\/www.lainekarp.ee\\\/#website\",\"url\":\"https:\\\/\\\/www.lainekarp.ee\\\/\",\"name\":\"Lainekarp\",\"description\":\"\",\"potentialAction\":[{\"@type\":\"SearchAction\",\"target\":{\"@type\":\"EntryPoint\",\"urlTemplate\":\"https:\\\/\\\/www.lainekarp.ee\\\/?s={search_term_string}\"},\"query-input\":{\"@type\":\"PropertyValueSpecification\",\"valueRequired\":true,\"valueName\":\"search_term_string\"}}],\"inLanguage\":\"en-US\"}]}<\/script>\n<!-- \/ Yoast SEO plugin. -->","yoast_head_json":{"title":"N\u00f6\u00f6r 1800m rull - Lainekarp","description":"N\u00f6\u00f6r \/ 1800 jm rull. Seadmed ja abivahendid, N\u00f6\u00f6rid. Materjal: PP.","robots":{"index":"index","follow":"follow","max-snippet":"max-snippet:-1","max-image-preview":"max-image-preview:large","max-video-preview":"max-video-preview:-1"},"canonical":"https:\/\/lainekarp.ee\/en\/product\/noor-1800-jm-rull\/","og_locale":"en_US","og_type":"article","og_title":"N\u00f6\u00f6r 1800m rull - Lainekarp","og_description":"N\u00f6\u00f6r \/ 1800 jm rull. Seadmed ja abivahendid, N\u00f6\u00f6rid. Materjal: PP.","og_url":"https:\/\/lainekarp.ee\/en\/product\/noor-1800-jm-rull\/","og_site_name":"Lainekarp","article_modified_time":"2026-03-28T00:00:27+00:00","og_image":[{"width":571,"height":640,"url":"https:\/\/lainekarp.ee\/wp-content\/uploads\/2022\/12\/N1-133.jpg","type":"image\/jpeg"}],"twitter_card":"summary_large_image","schema":{"@context":"https:\/\/schema.org","@graph":[{"@type":"WebPage","@id":"https:\/\/lainekarp.ee\/toode\/noor-1800-jm-rull\/","url":"https:\/\/lainekarp.ee\/toode\/noor-1800-jm-rull\/","name":"N\u00f6\u00f6r 1800m rull - Lainekarp","isPartOf":{"@id":"https:\/\/www.lainekarp.ee\/#website"},"primaryImageOfPage":{"@id":"https:\/\/lainekarp.ee\/toode\/noor-1800-jm-rull\/#primaryimage"},"image":{"@id":"https:\/\/lainekarp.ee\/toode\/noor-1800-jm-rull\/#primaryimage"},"thumbnailUrl":"https:\/\/lainekarp.ee\/wp-content\/uploads\/2022\/12\/N1-133.jpg","datePublished":"2021-10-18T13:42:14+00:00","dateModified":"2026-03-28T00:00:27+00:00","description":"N\u00f6\u00f6r \/ 1800 jm rull. Seadmed ja abivahendid, N\u00f6\u00f6rid. Materjal: PP.","breadcrumb":{"@id":"https:\/\/lainekarp.ee\/toode\/noor-1800-jm-rull\/#breadcrumb"},"inLanguage":"en-US","potentialAction":[{"@type":"ReadAction","target":["https:\/\/lainekarp.ee\/toode\/noor-1800-jm-rull\/"]}]},{"@type":"ImageObject","inLanguage":"en-US","@id":"https:\/\/lainekarp.ee\/toode\/noor-1800-jm-rull\/#primaryimage","url":"https:\/\/lainekarp.ee\/wp-content\/uploads\/2022\/12\/N1-133.jpg","contentUrl":"https:\/\/lainekarp.ee\/wp-content\/uploads\/2022\/12\/N1-133.jpg","width":571,"height":640,"caption":"N1-133"},{"@type":"BreadcrumbList","@id":"https:\/\/lainekarp.ee\/toode\/noor-1800-jm-rull\/#breadcrumb","itemListElement":[{"@type":"ListItem","position":1,"name":"Home","item":"https:\/\/lainekarp.ee\/"},{"@type":"ListItem","position":2,"name":"Kataloog","item":"https:\/\/lainekarp.ee\/epood\/"},{"@type":"ListItem","position":3,"name":"Dekoratsioon","item":"https:\/\/lainekarp.ee\/tootekategooria\/dekoratsioon\/"},{"@type":"ListItem","position":4,"name":"N\u00f6\u00f6rid","item":"https:\/\/lainekarp.ee\/tootekategooria\/dekoratsioon\/noorid\/"},{"@type":"ListItem","position":5,"name":"N\u00f6\u00f6r 1800m rull"}]},{"@type":"WebSite","@id":"https:\/\/www.lainekarp.ee\/#website","url":"https:\/\/www.lainekarp.ee\/","name":"Lainekarp","description":"","potentialAction":[{"@type":"SearchAction","target":{"@type":"EntryPoint","urlTemplate":"https:\/\/www.lainekarp.ee\/?s={search_term_string}"},"query-input":{"@type":"PropertyValueSpecification","valueRequired":true,"valueName":"search_term_string"}}],"inLanguage":"en-US"}]}},"_links":{"self":[{"href":"https:\/\/lainekarp.ee\/en\/wp-json\/wp\/v2\/product\/389","targetHints":{"allow":["GET"]}}],"collection":[{"href":"https:\/\/lainekarp.ee\/en\/wp-json\/wp\/v2\/product"}],"about":[{"href":"https:\/\/lainekarp.ee\/en\/wp-json\/wp\/v2\/types\/product"}],"version-history":[{"count":0,"href":"https:\/\/lainekarp.ee\/en\/wp-json\/wp\/v2\/product\/389\/revisions"}],"wp:featuredmedia":[{"embeddable":true,"href":"https:\/\/lainekarp.ee\/en\/wp-json\/wp\/v2\/media\/12064"}],"wp:attachment":[{"href":"https:\/\/lainekarp.ee\/en\/wp-json\/wp\/v2\/media?parent=389"}],"wp:term":[{"taxonomy":"product_brand","embeddable":true,"href":"https:\/\/lainekarp.ee\/en\/wp-json\/wp\/v2\/product_brand?post=389"},{"taxonomy":"product_cat","embeddable":true,"href":"https:\/\/lainekarp.ee\/en\/wp-json\/wp\/v2\/product_cat?post=389"},{"taxonomy":"product_tag","embeddable":true,"href":"https:\/\/lainekarp.ee\/en\/wp-json\/wp\/v2\/product_tag?post=389"}],"curies":[{"name":"wp","href":"https:\/\/api.w.org\/{rel}","templated":true}]}}