{"id":424,"date":"2021-10-18T15:42:18","date_gmt":"2021-10-18T13:42:18","guid":{"rendered":"https:\/\/uus.lainekarp.ee\/product\/puu-vaike-valge-h1200-olmo\/"},"modified":"2026-03-06T02:00:20","modified_gmt":"2026-03-06T00:00:20","slug":"puu-vaike-valge-h1200-olmo","status":"publish","type":"product","link":"https:\/\/lainekarp.ee\/en\/product\/puu-vaike-valge-h1200-olmo\/","title":{"rendered":"Puu v\u00e4ike valge h1200 Olmo"},"content":{"rendered":"","protected":false},"excerpt":{"rendered":"<p>Valgest papist kokkupandav dekoratiivne puu on maitsekas ja mitmek\u00fclgne sisustuselement, mis sobib suurep\u00e4raselt pidulike s\u00fcndmuste dekoreerimiseks, hooajaliste v\u00e4ljapanekute loomiseks v\u00f5i k\u00e4sit\u00f6\u00f6projektide osaks. Lihtsasti kokkupandav konstruktsioon v\u00f5imaldab mugavat hoiustamist ja taaskasutamist. Minimalistlik valge toon loob piduliku ja puhta tausta, mida saab soovi korral isikup\u00e4rastada v\u00e4rvide, paelte v\u00f5i muude kaunistustega.<\/p>","protected":false},"featured_media":730,"template":"","meta":{"_acf_changed":false},"product_brand":[],"product_cat":[617],"product_tag":[],"class_list":{"0":"post-424","1":"product","2":"type-product","3":"status-publish","4":"has-post-thumbnail","6":"product_cat-varia","8":"first","9":"instock","10":"taxable","11":"shipping-taxable","12":"purchasable","13":"product-type-simple"},"acf":[],"yoast_head":"<!-- This site is optimized with the Yoast SEO plugin v27.3 - https:\/\/yoast.com\/product\/yoast-seo-wordpress\/ -->\n<title>Puu v\u00e4ike valge h1200 Olmo - Lainekarp<\/title>\n<meta name=\"description\" content=\"Puu v\u00e4ike valge h1200 Olmo. Dekoratsioon, Muud. Materjal: lainepapp.\" \/>\n<meta name=\"robots\" content=\"index, follow, max-snippet:-1, max-image-preview:large, max-video-preview:-1\" \/>\n<link rel=\"canonical\" href=\"https:\/\/lainekarp.ee\/en\/product\/puu-vaike-valge-h1200-olmo\/\" \/>\n<meta property=\"og:locale\" content=\"en_US\" \/>\n<meta property=\"og:type\" content=\"article\" \/>\n<meta property=\"og:title\" content=\"Puu v\u00e4ike valge h1200 Olmo - Lainekarp\" \/>\n<meta property=\"og:description\" content=\"Puu v\u00e4ike valge h1200 Olmo. Dekoratsioon, Muud. Materjal: lainepapp.\" \/>\n<meta property=\"og:url\" content=\"https:\/\/lainekarp.ee\/en\/product\/puu-vaike-valge-h1200-olmo\/\" \/>\n<meta property=\"og:site_name\" content=\"Lainekarp\" \/>\n<meta property=\"article:modified_time\" content=\"2026-03-06T00:00:20+00:00\" \/>\n<meta property=\"og:image\" content=\"https:\/\/lainekarp.ee\/wp-content\/uploads\/2021\/10\/E16929.jpg\" \/>\n\t<meta property=\"og:image:width\" content=\"631\" \/>\n\t<meta property=\"og:image:height\" content=\"703\" \/>\n\t<meta property=\"og:image:type\" content=\"image\/jpeg\" \/>\n<meta name=\"twitter:card\" content=\"summary_large_image\" \/>\n<meta name=\"twitter:label1\" content=\"Est. reading time\" \/>\n\t<meta name=\"twitter:data1\" content=\"1 minute\" \/>\n<script type=\"application\/ld+json\" class=\"yoast-schema-graph\">{\"@context\":\"https:\\\/\\\/schema.org\",\"@graph\":[{\"@type\":\"WebPage\",\"@id\":\"https:\\\/\\\/lainekarp.ee\\\/toode\\\/puu-vaike-valge-h1200-olmo\\\/\",\"url\":\"https:\\\/\\\/lainekarp.ee\\\/toode\\\/puu-vaike-valge-h1200-olmo\\\/\",\"name\":\"Puu v\u00e4ike valge h1200 Olmo - Lainekarp\",\"isPartOf\":{\"@id\":\"https:\\\/\\\/www.lainekarp.ee\\\/#website\"},\"primaryImageOfPage\":{\"@id\":\"https:\\\/\\\/lainekarp.ee\\\/toode\\\/puu-vaike-valge-h1200-olmo\\\/#primaryimage\"},\"image\":{\"@id\":\"https:\\\/\\\/lainekarp.ee\\\/toode\\\/puu-vaike-valge-h1200-olmo\\\/#primaryimage\"},\"thumbnailUrl\":\"https:\\\/\\\/lainekarp.ee\\\/wp-content\\\/uploads\\\/2021\\\/10\\\/E16929.jpg\",\"datePublished\":\"2021-10-18T13:42:18+00:00\",\"dateModified\":\"2026-03-06T00:00:20+00:00\",\"description\":\"Puu v\u00e4ike valge h1200 Olmo. Dekoratsioon, Muud. Materjal: lainepapp.\",\"breadcrumb\":{\"@id\":\"https:\\\/\\\/lainekarp.ee\\\/toode\\\/puu-vaike-valge-h1200-olmo\\\/#breadcrumb\"},\"inLanguage\":\"en-US\",\"potentialAction\":[{\"@type\":\"ReadAction\",\"target\":[\"https:\\\/\\\/lainekarp.ee\\\/toode\\\/puu-vaike-valge-h1200-olmo\\\/\"]}]},{\"@type\":\"ImageObject\",\"inLanguage\":\"en-US\",\"@id\":\"https:\\\/\\\/lainekarp.ee\\\/toode\\\/puu-vaike-valge-h1200-olmo\\\/#primaryimage\",\"url\":\"https:\\\/\\\/lainekarp.ee\\\/wp-content\\\/uploads\\\/2021\\\/10\\\/E16929.jpg\",\"contentUrl\":\"https:\\\/\\\/lainekarp.ee\\\/wp-content\\\/uploads\\\/2021\\\/10\\\/E16929.jpg\",\"width\":631,\"height\":703,\"caption\":\"E16929\"},{\"@type\":\"BreadcrumbList\",\"@id\":\"https:\\\/\\\/lainekarp.ee\\\/toode\\\/puu-vaike-valge-h1200-olmo\\\/#breadcrumb\",\"itemListElement\":[{\"@type\":\"ListItem\",\"position\":1,\"name\":\"Home\",\"item\":\"https:\\\/\\\/lainekarp.ee\\\/\"},{\"@type\":\"ListItem\",\"position\":2,\"name\":\"Kataloog\",\"item\":\"https:\\\/\\\/lainekarp.ee\\\/epood\\\/\"},{\"@type\":\"ListItem\",\"position\":3,\"name\":\"Dekoratsioon\",\"item\":\"https:\\\/\\\/lainekarp.ee\\\/tootekategooria\\\/dekoratsioon\\\/\"},{\"@type\":\"ListItem\",\"position\":4,\"name\":\"Varia\",\"item\":\"https:\\\/\\\/lainekarp.ee\\\/tootekategooria\\\/dekoratsioon\\\/varia\\\/\"},{\"@type\":\"ListItem\",\"position\":5,\"name\":\"Puu v\u00e4ike valge h1200 Olmo\"}]},{\"@type\":\"WebSite\",\"@id\":\"https:\\\/\\\/www.lainekarp.ee\\\/#website\",\"url\":\"https:\\\/\\\/www.lainekarp.ee\\\/\",\"name\":\"Lainekarp\",\"description\":\"\",\"potentialAction\":[{\"@type\":\"SearchAction\",\"target\":{\"@type\":\"EntryPoint\",\"urlTemplate\":\"https:\\\/\\\/www.lainekarp.ee\\\/?s={search_term_string}\"},\"query-input\":{\"@type\":\"PropertyValueSpecification\",\"valueRequired\":true,\"valueName\":\"search_term_string\"}}],\"inLanguage\":\"en-US\"}]}<\/script>\n<!-- \/ Yoast SEO plugin. -->","yoast_head_json":{"title":"Puu v\u00e4ike valge h1200 Olmo - Lainekarp","description":"Puu v\u00e4ike valge h1200 Olmo. Dekoratsioon, Muud. Materjal: lainepapp.","robots":{"index":"index","follow":"follow","max-snippet":"max-snippet:-1","max-image-preview":"max-image-preview:large","max-video-preview":"max-video-preview:-1"},"canonical":"https:\/\/lainekarp.ee\/en\/product\/puu-vaike-valge-h1200-olmo\/","og_locale":"en_US","og_type":"article","og_title":"Puu v\u00e4ike valge h1200 Olmo - Lainekarp","og_description":"Puu v\u00e4ike valge h1200 Olmo. Dekoratsioon, Muud. Materjal: lainepapp.","og_url":"https:\/\/lainekarp.ee\/en\/product\/puu-vaike-valge-h1200-olmo\/","og_site_name":"Lainekarp","article_modified_time":"2026-03-06T00:00:20+00:00","og_image":[{"width":631,"height":703,"url":"https:\/\/lainekarp.ee\/wp-content\/uploads\/2021\/10\/E16929.jpg","type":"image\/jpeg"}],"twitter_card":"summary_large_image","twitter_misc":{"Est. reading time":"1 minute"},"schema":{"@context":"https:\/\/schema.org","@graph":[{"@type":"WebPage","@id":"https:\/\/lainekarp.ee\/toode\/puu-vaike-valge-h1200-olmo\/","url":"https:\/\/lainekarp.ee\/toode\/puu-vaike-valge-h1200-olmo\/","name":"Puu v\u00e4ike valge h1200 Olmo - Lainekarp","isPartOf":{"@id":"https:\/\/www.lainekarp.ee\/#website"},"primaryImageOfPage":{"@id":"https:\/\/lainekarp.ee\/toode\/puu-vaike-valge-h1200-olmo\/#primaryimage"},"image":{"@id":"https:\/\/lainekarp.ee\/toode\/puu-vaike-valge-h1200-olmo\/#primaryimage"},"thumbnailUrl":"https:\/\/lainekarp.ee\/wp-content\/uploads\/2021\/10\/E16929.jpg","datePublished":"2021-10-18T13:42:18+00:00","dateModified":"2026-03-06T00:00:20+00:00","description":"Puu v\u00e4ike valge h1200 Olmo. Dekoratsioon, Muud. Materjal: lainepapp.","breadcrumb":{"@id":"https:\/\/lainekarp.ee\/toode\/puu-vaike-valge-h1200-olmo\/#breadcrumb"},"inLanguage":"en-US","potentialAction":[{"@type":"ReadAction","target":["https:\/\/lainekarp.ee\/toode\/puu-vaike-valge-h1200-olmo\/"]}]},{"@type":"ImageObject","inLanguage":"en-US","@id":"https:\/\/lainekarp.ee\/toode\/puu-vaike-valge-h1200-olmo\/#primaryimage","url":"https:\/\/lainekarp.ee\/wp-content\/uploads\/2021\/10\/E16929.jpg","contentUrl":"https:\/\/lainekarp.ee\/wp-content\/uploads\/2021\/10\/E16929.jpg","width":631,"height":703,"caption":"E16929"},{"@type":"BreadcrumbList","@id":"https:\/\/lainekarp.ee\/toode\/puu-vaike-valge-h1200-olmo\/#breadcrumb","itemListElement":[{"@type":"ListItem","position":1,"name":"Home","item":"https:\/\/lainekarp.ee\/"},{"@type":"ListItem","position":2,"name":"Kataloog","item":"https:\/\/lainekarp.ee\/epood\/"},{"@type":"ListItem","position":3,"name":"Dekoratsioon","item":"https:\/\/lainekarp.ee\/tootekategooria\/dekoratsioon\/"},{"@type":"ListItem","position":4,"name":"Varia","item":"https:\/\/lainekarp.ee\/tootekategooria\/dekoratsioon\/varia\/"},{"@type":"ListItem","position":5,"name":"Puu v\u00e4ike valge h1200 Olmo"}]},{"@type":"WebSite","@id":"https:\/\/www.lainekarp.ee\/#website","url":"https:\/\/www.lainekarp.ee\/","name":"Lainekarp","description":"","potentialAction":[{"@type":"SearchAction","target":{"@type":"EntryPoint","urlTemplate":"https:\/\/www.lainekarp.ee\/?s={search_term_string}"},"query-input":{"@type":"PropertyValueSpecification","valueRequired":true,"valueName":"search_term_string"}}],"inLanguage":"en-US"}]}},"_links":{"self":[{"href":"https:\/\/lainekarp.ee\/en\/wp-json\/wp\/v2\/product\/424","targetHints":{"allow":["GET"]}}],"collection":[{"href":"https:\/\/lainekarp.ee\/en\/wp-json\/wp\/v2\/product"}],"about":[{"href":"https:\/\/lainekarp.ee\/en\/wp-json\/wp\/v2\/types\/product"}],"version-history":[{"count":2,"href":"https:\/\/lainekarp.ee\/en\/wp-json\/wp\/v2\/product\/424\/revisions"}],"predecessor-version":[{"id":17872,"href":"https:\/\/lainekarp.ee\/en\/wp-json\/wp\/v2\/product\/424\/revisions\/17872"}],"wp:featuredmedia":[{"embeddable":true,"href":"https:\/\/lainekarp.ee\/en\/wp-json\/wp\/v2\/media\/730"}],"wp:attachment":[{"href":"https:\/\/lainekarp.ee\/en\/wp-json\/wp\/v2\/media?parent=424"}],"wp:term":[{"taxonomy":"product_brand","embeddable":true,"href":"https:\/\/lainekarp.ee\/en\/wp-json\/wp\/v2\/product_brand?post=424"},{"taxonomy":"product_cat","embeddable":true,"href":"https:\/\/lainekarp.ee\/en\/wp-json\/wp\/v2\/product_cat?post=424"},{"taxonomy":"product_tag","embeddable":true,"href":"https:\/\/lainekarp.ee\/en\/wp-json\/wp\/v2\/product_tag?post=424"}],"curies":[{"name":"wp","href":"https:\/\/api.w.org\/{rel}","templated":true}]}}