{"id":434,"date":"2021-10-18T15:42:18","date_gmt":"2021-10-18T13:42:18","guid":{"rendered":"https:\/\/uus.lainekarp.ee\/product\/kuusk-valge-albero-sfere-bianco-h595\/"},"modified":"2026-01-20T15:35:48","modified_gmt":"2026-01-20T13:35:48","slug":"kuusk-valge-albero-sfere-bianco-h595","status":"publish","type":"product","link":"https:\/\/lainekarp.ee\/en\/product\/kuusk-valge-albero-sfere-bianco-h595\/","title":{"rendered":"Kuusk valge albero sfere bianco h595"},"content":{"rendered":"","protected":false},"excerpt":{"rendered":"<p>Kokkupandav valge papist j\u00f5ulukuusk. Kerge ja dekoratiivne kokkupandav j\u00f5ulukuusk, valmistatud tugevast valge papist. Lihtsasti kokkupandav konstruktsioon v\u00f5imaldab mugavat hoiustamist ja taas kasutamist. Sobib suurep\u00e4raselt lauakaunistuseks, aknalauale v\u00f5i pidulikuks v\u00e4ljapanekuks. Ideaalne lahendus ruumis\u00e4\u00e4stlikuks ja looduss\u00f5bralikuks j\u00f5uludekoratsiooniks.<\/p>","protected":false},"featured_media":778,"template":"","meta":{"_acf_changed":false},"product_brand":[],"product_cat":[617],"product_tag":[],"class_list":{"0":"post-434","1":"product","2":"type-product","3":"status-publish","4":"has-post-thumbnail","6":"product_cat-varia","8":"first","9":"instock","10":"taxable","11":"shipping-taxable","12":"purchasable","13":"product-type-simple"},"acf":[],"yoast_head":"<!-- This site is optimized with the Yoast SEO plugin v27.3 - https:\/\/yoast.com\/product\/yoast-seo-wordpress\/ -->\n<title>Kuusk valge albero sfere bianco h595 - Lainekarp<\/title>\n<meta name=\"description\" content=\"Kuusk valge albero sfere bianco h595. Dekoratsioon, Muud. Materjal: lainepapp.\" \/>\n<meta name=\"robots\" content=\"index, follow, max-snippet:-1, max-image-preview:large, max-video-preview:-1\" \/>\n<link rel=\"canonical\" href=\"https:\/\/lainekarp.ee\/en\/product\/kuusk-valge-albero-sfere-bianco-h595\/\" \/>\n<meta property=\"og:locale\" content=\"en_US\" \/>\n<meta property=\"og:type\" content=\"article\" \/>\n<meta property=\"og:title\" content=\"Kuusk valge albero sfere bianco h595 - Lainekarp\" \/>\n<meta property=\"og:description\" content=\"Kuusk valge albero sfere bianco h595. Dekoratsioon, Muud. Materjal: lainepapp.\" \/>\n<meta property=\"og:url\" content=\"https:\/\/lainekarp.ee\/en\/product\/kuusk-valge-albero-sfere-bianco-h595\/\" \/>\n<meta property=\"og:site_name\" content=\"Lainekarp\" \/>\n<meta property=\"article:modified_time\" content=\"2026-01-20T13:35:48+00:00\" \/>\n<meta property=\"og:image\" content=\"https:\/\/lainekarp.ee\/wp-content\/uploads\/2021\/10\/E36324.jpg\" \/>\n\t<meta property=\"og:image:width\" content=\"562\" \/>\n\t<meta property=\"og:image:height\" content=\"703\" \/>\n\t<meta property=\"og:image:type\" content=\"image\/jpeg\" \/>\n<meta name=\"twitter:card\" content=\"summary_large_image\" \/>\n<script type=\"application\/ld+json\" class=\"yoast-schema-graph\">{\"@context\":\"https:\\\/\\\/schema.org\",\"@graph\":[{\"@type\":\"WebPage\",\"@id\":\"https:\\\/\\\/lainekarp.ee\\\/toode\\\/kuusk-valge-albero-sfere-bianco-h595\\\/\",\"url\":\"https:\\\/\\\/lainekarp.ee\\\/toode\\\/kuusk-valge-albero-sfere-bianco-h595\\\/\",\"name\":\"Kuusk valge albero sfere bianco h595 - Lainekarp\",\"isPartOf\":{\"@id\":\"https:\\\/\\\/www.lainekarp.ee\\\/#website\"},\"primaryImageOfPage\":{\"@id\":\"https:\\\/\\\/lainekarp.ee\\\/toode\\\/kuusk-valge-albero-sfere-bianco-h595\\\/#primaryimage\"},\"image\":{\"@id\":\"https:\\\/\\\/lainekarp.ee\\\/toode\\\/kuusk-valge-albero-sfere-bianco-h595\\\/#primaryimage\"},\"thumbnailUrl\":\"https:\\\/\\\/lainekarp.ee\\\/wp-content\\\/uploads\\\/2021\\\/10\\\/E36324.jpg\",\"datePublished\":\"2021-10-18T13:42:18+00:00\",\"dateModified\":\"2026-01-20T13:35:48+00:00\",\"description\":\"Kuusk valge albero sfere bianco h595. Dekoratsioon, Muud. Materjal: lainepapp.\",\"breadcrumb\":{\"@id\":\"https:\\\/\\\/lainekarp.ee\\\/toode\\\/kuusk-valge-albero-sfere-bianco-h595\\\/#breadcrumb\"},\"inLanguage\":\"en-US\",\"potentialAction\":[{\"@type\":\"ReadAction\",\"target\":[\"https:\\\/\\\/lainekarp.ee\\\/toode\\\/kuusk-valge-albero-sfere-bianco-h595\\\/\"]}]},{\"@type\":\"ImageObject\",\"inLanguage\":\"en-US\",\"@id\":\"https:\\\/\\\/lainekarp.ee\\\/toode\\\/kuusk-valge-albero-sfere-bianco-h595\\\/#primaryimage\",\"url\":\"https:\\\/\\\/lainekarp.ee\\\/wp-content\\\/uploads\\\/2021\\\/10\\\/E36324.jpg\",\"contentUrl\":\"https:\\\/\\\/lainekarp.ee\\\/wp-content\\\/uploads\\\/2021\\\/10\\\/E36324.jpg\",\"width\":562,\"height\":703,\"caption\":\"E36324\"},{\"@type\":\"BreadcrumbList\",\"@id\":\"https:\\\/\\\/lainekarp.ee\\\/toode\\\/kuusk-valge-albero-sfere-bianco-h595\\\/#breadcrumb\",\"itemListElement\":[{\"@type\":\"ListItem\",\"position\":1,\"name\":\"Home\",\"item\":\"https:\\\/\\\/lainekarp.ee\\\/\"},{\"@type\":\"ListItem\",\"position\":2,\"name\":\"Kataloog\",\"item\":\"https:\\\/\\\/lainekarp.ee\\\/epood\\\/\"},{\"@type\":\"ListItem\",\"position\":3,\"name\":\"Dekoratsioon\",\"item\":\"https:\\\/\\\/lainekarp.ee\\\/tootekategooria\\\/dekoratsioon\\\/\"},{\"@type\":\"ListItem\",\"position\":4,\"name\":\"Varia\",\"item\":\"https:\\\/\\\/lainekarp.ee\\\/tootekategooria\\\/dekoratsioon\\\/varia\\\/\"},{\"@type\":\"ListItem\",\"position\":5,\"name\":\"Kuusk valge albero sfere bianco h595\"}]},{\"@type\":\"WebSite\",\"@id\":\"https:\\\/\\\/www.lainekarp.ee\\\/#website\",\"url\":\"https:\\\/\\\/www.lainekarp.ee\\\/\",\"name\":\"Lainekarp\",\"description\":\"\",\"potentialAction\":[{\"@type\":\"SearchAction\",\"target\":{\"@type\":\"EntryPoint\",\"urlTemplate\":\"https:\\\/\\\/www.lainekarp.ee\\\/?s={search_term_string}\"},\"query-input\":{\"@type\":\"PropertyValueSpecification\",\"valueRequired\":true,\"valueName\":\"search_term_string\"}}],\"inLanguage\":\"en-US\"}]}<\/script>\n<!-- \/ Yoast SEO plugin. -->","yoast_head_json":{"title":"Kuusk valge albero sfere bianco h595 - Lainekarp","description":"Kuusk valge albero sfere bianco h595. Dekoratsioon, Muud. Materjal: lainepapp.","robots":{"index":"index","follow":"follow","max-snippet":"max-snippet:-1","max-image-preview":"max-image-preview:large","max-video-preview":"max-video-preview:-1"},"canonical":"https:\/\/lainekarp.ee\/en\/product\/kuusk-valge-albero-sfere-bianco-h595\/","og_locale":"en_US","og_type":"article","og_title":"Kuusk valge albero sfere bianco h595 - Lainekarp","og_description":"Kuusk valge albero sfere bianco h595. Dekoratsioon, Muud. Materjal: lainepapp.","og_url":"https:\/\/lainekarp.ee\/en\/product\/kuusk-valge-albero-sfere-bianco-h595\/","og_site_name":"Lainekarp","article_modified_time":"2026-01-20T13:35:48+00:00","og_image":[{"width":562,"height":703,"url":"https:\/\/lainekarp.ee\/wp-content\/uploads\/2021\/10\/E36324.jpg","type":"image\/jpeg"}],"twitter_card":"summary_large_image","schema":{"@context":"https:\/\/schema.org","@graph":[{"@type":"WebPage","@id":"https:\/\/lainekarp.ee\/toode\/kuusk-valge-albero-sfere-bianco-h595\/","url":"https:\/\/lainekarp.ee\/toode\/kuusk-valge-albero-sfere-bianco-h595\/","name":"Kuusk valge albero sfere bianco h595 - Lainekarp","isPartOf":{"@id":"https:\/\/www.lainekarp.ee\/#website"},"primaryImageOfPage":{"@id":"https:\/\/lainekarp.ee\/toode\/kuusk-valge-albero-sfere-bianco-h595\/#primaryimage"},"image":{"@id":"https:\/\/lainekarp.ee\/toode\/kuusk-valge-albero-sfere-bianco-h595\/#primaryimage"},"thumbnailUrl":"https:\/\/lainekarp.ee\/wp-content\/uploads\/2021\/10\/E36324.jpg","datePublished":"2021-10-18T13:42:18+00:00","dateModified":"2026-01-20T13:35:48+00:00","description":"Kuusk valge albero sfere bianco h595. Dekoratsioon, Muud. Materjal: lainepapp.","breadcrumb":{"@id":"https:\/\/lainekarp.ee\/toode\/kuusk-valge-albero-sfere-bianco-h595\/#breadcrumb"},"inLanguage":"en-US","potentialAction":[{"@type":"ReadAction","target":["https:\/\/lainekarp.ee\/toode\/kuusk-valge-albero-sfere-bianco-h595\/"]}]},{"@type":"ImageObject","inLanguage":"en-US","@id":"https:\/\/lainekarp.ee\/toode\/kuusk-valge-albero-sfere-bianco-h595\/#primaryimage","url":"https:\/\/lainekarp.ee\/wp-content\/uploads\/2021\/10\/E36324.jpg","contentUrl":"https:\/\/lainekarp.ee\/wp-content\/uploads\/2021\/10\/E36324.jpg","width":562,"height":703,"caption":"E36324"},{"@type":"BreadcrumbList","@id":"https:\/\/lainekarp.ee\/toode\/kuusk-valge-albero-sfere-bianco-h595\/#breadcrumb","itemListElement":[{"@type":"ListItem","position":1,"name":"Home","item":"https:\/\/lainekarp.ee\/"},{"@type":"ListItem","position":2,"name":"Kataloog","item":"https:\/\/lainekarp.ee\/epood\/"},{"@type":"ListItem","position":3,"name":"Dekoratsioon","item":"https:\/\/lainekarp.ee\/tootekategooria\/dekoratsioon\/"},{"@type":"ListItem","position":4,"name":"Varia","item":"https:\/\/lainekarp.ee\/tootekategooria\/dekoratsioon\/varia\/"},{"@type":"ListItem","position":5,"name":"Kuusk valge albero sfere bianco h595"}]},{"@type":"WebSite","@id":"https:\/\/www.lainekarp.ee\/#website","url":"https:\/\/www.lainekarp.ee\/","name":"Lainekarp","description":"","potentialAction":[{"@type":"SearchAction","target":{"@type":"EntryPoint","urlTemplate":"https:\/\/www.lainekarp.ee\/?s={search_term_string}"},"query-input":{"@type":"PropertyValueSpecification","valueRequired":true,"valueName":"search_term_string"}}],"inLanguage":"en-US"}]}},"_links":{"self":[{"href":"https:\/\/lainekarp.ee\/en\/wp-json\/wp\/v2\/product\/434","targetHints":{"allow":["GET"]}}],"collection":[{"href":"https:\/\/lainekarp.ee\/en\/wp-json\/wp\/v2\/product"}],"about":[{"href":"https:\/\/lainekarp.ee\/en\/wp-json\/wp\/v2\/types\/product"}],"version-history":[{"count":1,"href":"https:\/\/lainekarp.ee\/en\/wp-json\/wp\/v2\/product\/434\/revisions"}],"predecessor-version":[{"id":17887,"href":"https:\/\/lainekarp.ee\/en\/wp-json\/wp\/v2\/product\/434\/revisions\/17887"}],"wp:featuredmedia":[{"embeddable":true,"href":"https:\/\/lainekarp.ee\/en\/wp-json\/wp\/v2\/media\/778"}],"wp:attachment":[{"href":"https:\/\/lainekarp.ee\/en\/wp-json\/wp\/v2\/media?parent=434"}],"wp:term":[{"taxonomy":"product_brand","embeddable":true,"href":"https:\/\/lainekarp.ee\/en\/wp-json\/wp\/v2\/product_brand?post=434"},{"taxonomy":"product_cat","embeddable":true,"href":"https:\/\/lainekarp.ee\/en\/wp-json\/wp\/v2\/product_cat?post=434"},{"taxonomy":"product_tag","embeddable":true,"href":"https:\/\/lainekarp.ee\/en\/wp-json\/wp\/v2\/product_tag?post=434"}],"curies":[{"name":"wp","href":"https:\/\/api.w.org\/{rel}","templated":true}]}}