{"id":449,"date":"2021-10-18T15:42:19","date_gmt":"2021-10-18T13:42:19","guid":{"rendered":"https:\/\/uus.lainekarp.ee\/product\/rosett-punased-marjad\/"},"modified":"2026-01-20T15:37:23","modified_gmt":"2026-01-20T13:37:23","slug":"rosett-punased-marjad","status":"publish","type":"product","link":"https:\/\/lainekarp.ee\/en\/product\/rosett-punased-marjad\/","title":{"rendered":"Rosett punased marjad 12tk"},"content":{"rendered":"","protected":false},"excerpt":{"rendered":"<p>Silmapaistev ja meeleolukas rosett, mida kaunistavad s\u00fcgavpunased marjad ning rohelised lehed. See j\u00f5ululik ja rikkalikult detailne aksessuaar sobib suurep\u00e4raselt kingituste viimistlemiseks, pidulike lauaseadete kaunistamiseks, p\u00e4rgade ja k\u00e4sit\u00f6\u00f6projektide juurde lisamiseks. Rosett lisab igale esemele sooja ja piduliku ilme ning on ideaalne valik hooajalisteks dekoratsioonideks, eriti j\u00f5uluajal.<\/p>","protected":false},"featured_media":16314,"template":"","meta":{"_acf_changed":false},"product_brand":[],"product_cat":[636],"product_tag":[],"class_list":{"0":"post-449","1":"product","2":"type-product","3":"status-publish","4":"has-post-thumbnail","6":"product_cat-kaunistused","8":"first","9":"instock","10":"taxable","11":"shipping-taxable","12":"purchasable","13":"product-type-simple"},"acf":[],"yoast_head":"<!-- This site is optimized with the Yoast SEO plugin v27.3 - https:\/\/yoast.com\/product\/yoast-seo-wordpress\/ -->\n<title>Rosett punased marjad 12tk - Lainekarp<\/title>\n<meta name=\"description\" content=\"Rosett punased marjad. Dekoratsioon, Kaunistused. Kaal: 0.008kg. M\u00f5\u00f5dud: 50 x 80 x 0 mm.\" \/>\n<meta name=\"robots\" content=\"index, follow, max-snippet:-1, max-image-preview:large, max-video-preview:-1\" \/>\n<link rel=\"canonical\" href=\"https:\/\/lainekarp.ee\/en\/product\/rosett-punased-marjad\/\" \/>\n<meta property=\"og:locale\" content=\"en_US\" \/>\n<meta property=\"og:type\" content=\"article\" \/>\n<meta property=\"og:title\" content=\"Rosett punased marjad 12tk - Lainekarp\" \/>\n<meta property=\"og:description\" content=\"Rosett punased marjad. Dekoratsioon, Kaunistused. Kaal: 0.008kg. M\u00f5\u00f5dud: 50 x 80 x 0 mm.\" \/>\n<meta property=\"og:url\" content=\"https:\/\/lainekarp.ee\/en\/product\/rosett-punased-marjad\/\" \/>\n<meta property=\"og:site_name\" content=\"Lainekarp\" \/>\n<meta property=\"article:modified_time\" content=\"2026-01-20T13:37:23+00:00\" \/>\n<meta property=\"og:image\" content=\"https:\/\/lainekarp.ee\/wp-content\/uploads\/2024\/11\/ED506798.jpg\" \/>\n\t<meta property=\"og:image:width\" content=\"480\" \/>\n\t<meta property=\"og:image:height\" content=\"640\" \/>\n\t<meta property=\"og:image:type\" content=\"image\/jpeg\" \/>\n<meta name=\"twitter:card\" content=\"summary_large_image\" \/>\n<script type=\"application\/ld+json\" class=\"yoast-schema-graph\">{\"@context\":\"https:\\\/\\\/schema.org\",\"@graph\":[{\"@type\":\"WebPage\",\"@id\":\"https:\\\/\\\/lainekarp.ee\\\/toode\\\/rosett-punased-marjad\\\/\",\"url\":\"https:\\\/\\\/lainekarp.ee\\\/toode\\\/rosett-punased-marjad\\\/\",\"name\":\"Rosett punased marjad 12tk - Lainekarp\",\"isPartOf\":{\"@id\":\"https:\\\/\\\/www.lainekarp.ee\\\/#website\"},\"primaryImageOfPage\":{\"@id\":\"https:\\\/\\\/lainekarp.ee\\\/toode\\\/rosett-punased-marjad\\\/#primaryimage\"},\"image\":{\"@id\":\"https:\\\/\\\/lainekarp.ee\\\/toode\\\/rosett-punased-marjad\\\/#primaryimage\"},\"thumbnailUrl\":\"https:\\\/\\\/lainekarp.ee\\\/wp-content\\\/uploads\\\/2024\\\/11\\\/ED506798.jpg\",\"datePublished\":\"2021-10-18T13:42:19+00:00\",\"dateModified\":\"2026-01-20T13:37:23+00:00\",\"description\":\"Rosett punased marjad. Dekoratsioon, Kaunistused. Kaal: 0.008kg. M\u00f5\u00f5dud: 50 x 80 x 0 mm.\",\"breadcrumb\":{\"@id\":\"https:\\\/\\\/lainekarp.ee\\\/toode\\\/rosett-punased-marjad\\\/#breadcrumb\"},\"inLanguage\":\"en-US\",\"potentialAction\":[{\"@type\":\"ReadAction\",\"target\":[\"https:\\\/\\\/lainekarp.ee\\\/toode\\\/rosett-punased-marjad\\\/\"]}]},{\"@type\":\"ImageObject\",\"inLanguage\":\"en-US\",\"@id\":\"https:\\\/\\\/lainekarp.ee\\\/toode\\\/rosett-punased-marjad\\\/#primaryimage\",\"url\":\"https:\\\/\\\/lainekarp.ee\\\/wp-content\\\/uploads\\\/2024\\\/11\\\/ED506798.jpg\",\"contentUrl\":\"https:\\\/\\\/lainekarp.ee\\\/wp-content\\\/uploads\\\/2024\\\/11\\\/ED506798.jpg\",\"width\":480,\"height\":640,\"caption\":\"ED506798\"},{\"@type\":\"BreadcrumbList\",\"@id\":\"https:\\\/\\\/lainekarp.ee\\\/toode\\\/rosett-punased-marjad\\\/#breadcrumb\",\"itemListElement\":[{\"@type\":\"ListItem\",\"position\":1,\"name\":\"Home\",\"item\":\"https:\\\/\\\/lainekarp.ee\\\/\"},{\"@type\":\"ListItem\",\"position\":2,\"name\":\"Kataloog\",\"item\":\"https:\\\/\\\/lainekarp.ee\\\/epood\\\/\"},{\"@type\":\"ListItem\",\"position\":3,\"name\":\"Dekoratsioon\",\"item\":\"https:\\\/\\\/lainekarp.ee\\\/tootekategooria\\\/dekoratsioon\\\/\"},{\"@type\":\"ListItem\",\"position\":4,\"name\":\"Kaunistused\",\"item\":\"https:\\\/\\\/lainekarp.ee\\\/tootekategooria\\\/dekoratsioon\\\/kaunistused\\\/\"},{\"@type\":\"ListItem\",\"position\":5,\"name\":\"Rosett punased marjad 12tk\"}]},{\"@type\":\"WebSite\",\"@id\":\"https:\\\/\\\/www.lainekarp.ee\\\/#website\",\"url\":\"https:\\\/\\\/www.lainekarp.ee\\\/\",\"name\":\"Lainekarp\",\"description\":\"\",\"potentialAction\":[{\"@type\":\"SearchAction\",\"target\":{\"@type\":\"EntryPoint\",\"urlTemplate\":\"https:\\\/\\\/www.lainekarp.ee\\\/?s={search_term_string}\"},\"query-input\":{\"@type\":\"PropertyValueSpecification\",\"valueRequired\":true,\"valueName\":\"search_term_string\"}}],\"inLanguage\":\"en-US\"}]}<\/script>\n<!-- \/ Yoast SEO plugin. -->","yoast_head_json":{"title":"Rosett punased marjad 12tk - Lainekarp","description":"Rosett punased marjad. Dekoratsioon, Kaunistused. Kaal: 0.008kg. M\u00f5\u00f5dud: 50 x 80 x 0 mm.","robots":{"index":"index","follow":"follow","max-snippet":"max-snippet:-1","max-image-preview":"max-image-preview:large","max-video-preview":"max-video-preview:-1"},"canonical":"https:\/\/lainekarp.ee\/en\/product\/rosett-punased-marjad\/","og_locale":"en_US","og_type":"article","og_title":"Rosett punased marjad 12tk - Lainekarp","og_description":"Rosett punased marjad. Dekoratsioon, Kaunistused. Kaal: 0.008kg. M\u00f5\u00f5dud: 50 x 80 x 0 mm.","og_url":"https:\/\/lainekarp.ee\/en\/product\/rosett-punased-marjad\/","og_site_name":"Lainekarp","article_modified_time":"2026-01-20T13:37:23+00:00","og_image":[{"width":480,"height":640,"url":"https:\/\/lainekarp.ee\/wp-content\/uploads\/2024\/11\/ED506798.jpg","type":"image\/jpeg"}],"twitter_card":"summary_large_image","schema":{"@context":"https:\/\/schema.org","@graph":[{"@type":"WebPage","@id":"https:\/\/lainekarp.ee\/toode\/rosett-punased-marjad\/","url":"https:\/\/lainekarp.ee\/toode\/rosett-punased-marjad\/","name":"Rosett punased marjad 12tk - Lainekarp","isPartOf":{"@id":"https:\/\/www.lainekarp.ee\/#website"},"primaryImageOfPage":{"@id":"https:\/\/lainekarp.ee\/toode\/rosett-punased-marjad\/#primaryimage"},"image":{"@id":"https:\/\/lainekarp.ee\/toode\/rosett-punased-marjad\/#primaryimage"},"thumbnailUrl":"https:\/\/lainekarp.ee\/wp-content\/uploads\/2024\/11\/ED506798.jpg","datePublished":"2021-10-18T13:42:19+00:00","dateModified":"2026-01-20T13:37:23+00:00","description":"Rosett punased marjad. Dekoratsioon, Kaunistused. Kaal: 0.008kg. M\u00f5\u00f5dud: 50 x 80 x 0 mm.","breadcrumb":{"@id":"https:\/\/lainekarp.ee\/toode\/rosett-punased-marjad\/#breadcrumb"},"inLanguage":"en-US","potentialAction":[{"@type":"ReadAction","target":["https:\/\/lainekarp.ee\/toode\/rosett-punased-marjad\/"]}]},{"@type":"ImageObject","inLanguage":"en-US","@id":"https:\/\/lainekarp.ee\/toode\/rosett-punased-marjad\/#primaryimage","url":"https:\/\/lainekarp.ee\/wp-content\/uploads\/2024\/11\/ED506798.jpg","contentUrl":"https:\/\/lainekarp.ee\/wp-content\/uploads\/2024\/11\/ED506798.jpg","width":480,"height":640,"caption":"ED506798"},{"@type":"BreadcrumbList","@id":"https:\/\/lainekarp.ee\/toode\/rosett-punased-marjad\/#breadcrumb","itemListElement":[{"@type":"ListItem","position":1,"name":"Home","item":"https:\/\/lainekarp.ee\/"},{"@type":"ListItem","position":2,"name":"Kataloog","item":"https:\/\/lainekarp.ee\/epood\/"},{"@type":"ListItem","position":3,"name":"Dekoratsioon","item":"https:\/\/lainekarp.ee\/tootekategooria\/dekoratsioon\/"},{"@type":"ListItem","position":4,"name":"Kaunistused","item":"https:\/\/lainekarp.ee\/tootekategooria\/dekoratsioon\/kaunistused\/"},{"@type":"ListItem","position":5,"name":"Rosett punased marjad 12tk"}]},{"@type":"WebSite","@id":"https:\/\/www.lainekarp.ee\/#website","url":"https:\/\/www.lainekarp.ee\/","name":"Lainekarp","description":"","potentialAction":[{"@type":"SearchAction","target":{"@type":"EntryPoint","urlTemplate":"https:\/\/www.lainekarp.ee\/?s={search_term_string}"},"query-input":{"@type":"PropertyValueSpecification","valueRequired":true,"valueName":"search_term_string"}}],"inLanguage":"en-US"}]}},"_links":{"self":[{"href":"https:\/\/lainekarp.ee\/en\/wp-json\/wp\/v2\/product\/449","targetHints":{"allow":["GET"]}}],"collection":[{"href":"https:\/\/lainekarp.ee\/en\/wp-json\/wp\/v2\/product"}],"about":[{"href":"https:\/\/lainekarp.ee\/en\/wp-json\/wp\/v2\/types\/product"}],"version-history":[{"count":1,"href":"https:\/\/lainekarp.ee\/en\/wp-json\/wp\/v2\/product\/449\/revisions"}],"predecessor-version":[{"id":17938,"href":"https:\/\/lainekarp.ee\/en\/wp-json\/wp\/v2\/product\/449\/revisions\/17938"}],"wp:featuredmedia":[{"embeddable":true,"href":"https:\/\/lainekarp.ee\/en\/wp-json\/wp\/v2\/media\/16314"}],"wp:attachment":[{"href":"https:\/\/lainekarp.ee\/en\/wp-json\/wp\/v2\/media?parent=449"}],"wp:term":[{"taxonomy":"product_brand","embeddable":true,"href":"https:\/\/lainekarp.ee\/en\/wp-json\/wp\/v2\/product_brand?post=449"},{"taxonomy":"product_cat","embeddable":true,"href":"https:\/\/lainekarp.ee\/en\/wp-json\/wp\/v2\/product_cat?post=449"},{"taxonomy":"product_tag","embeddable":true,"href":"https:\/\/lainekarp.ee\/en\/wp-json\/wp\/v2\/product_tag?post=449"}],"curies":[{"name":"wp","href":"https:\/\/api.w.org\/{rel}","templated":true}]}}