{"id":478,"date":"2021-10-18T15:42:22","date_gmt":"2021-10-18T13:42:22","guid":{"rendered":"https:\/\/uus.lainekarp.ee\/product\/suda-rosso-85x20\/"},"modified":"2026-01-20T15:40:38","modified_gmt":"2026-01-20T13:40:38","slug":"suda-rosso-85x20","status":"publish","type":"product","link":"https:\/\/lainekarp.ee\/en\/product\/suda-rosso-85x20\/","title":{"rendered":"S\u00fcda rosso kingikarp 85&#215;20"},"content":{"rendered":"","protected":false},"excerpt":{"rendered":"","protected":false},"featured_media":19851,"template":"","meta":{"_acf_changed":false},"product_brand":[],"product_cat":[608,683],"product_tag":[],"class_list":{"0":"post-478","1":"product","2":"type-product","3":"status-publish","4":"has-post-thumbnail","6":"product_cat-kingikarbid","7":"product_cat-tahtpaevad","9":"first","10":"instock","11":"taxable","12":"shipping-taxable","13":"purchasable","14":"product-type-simple"},"acf":[],"yoast_head":"<!-- This site is optimized with the Yoast SEO plugin v27.5 - https:\/\/yoast.com\/product\/yoast-seo-wordpress\/ -->\n<title>S\u00fcda rosso kingikarp 85x20 - Lainekarp<\/title>\n<meta name=\"description\" content=\"S\u00fcda rosso 85x20. Kinkekarbid, Kingikarbid. Materjal: kartong. Kaal: 0.008kg. M\u00f5\u00f5dud: 85 x 0 x 20 mm.\" \/>\n<meta name=\"robots\" content=\"index, follow, max-snippet:-1, max-image-preview:large, max-video-preview:-1\" \/>\n<link rel=\"canonical\" href=\"https:\/\/lainekarp.ee\/en\/product\/suda-rosso-85x20\/\" \/>\n<meta property=\"og:locale\" content=\"en_US\" \/>\n<meta property=\"og:type\" content=\"article\" \/>\n<meta property=\"og:title\" content=\"S\u00fcda rosso kingikarp 85x20 - Lainekarp\" \/>\n<meta property=\"og:description\" content=\"S\u00fcda rosso 85x20. Kinkekarbid, Kingikarbid. Materjal: kartong. Kaal: 0.008kg. M\u00f5\u00f5dud: 85 x 0 x 20 mm.\" \/>\n<meta property=\"og:url\" content=\"https:\/\/lainekarp.ee\/en\/product\/suda-rosso-85x20\/\" \/>\n<meta property=\"og:site_name\" content=\"Lainekarp\" \/>\n<meta property=\"article:modified_time\" content=\"2026-01-20T13:40:38+00:00\" \/>\n<meta property=\"og:image\" content=\"https:\/\/lainekarp.ee\/wp-content\/uploads\/2025\/09\/E136438-2.jpg\" \/>\n\t<meta property=\"og:image:width\" content=\"845\" \/>\n\t<meta property=\"og:image:height\" content=\"1000\" \/>\n\t<meta property=\"og:image:type\" content=\"image\/jpeg\" \/>\n<meta name=\"twitter:card\" content=\"summary_large_image\" \/>\n<script type=\"application\/ld+json\" class=\"yoast-schema-graph\">{\"@context\":\"https:\\\/\\\/schema.org\",\"@graph\":[{\"@type\":\"WebPage\",\"@id\":\"https:\\\/\\\/lainekarp.ee\\\/toode\\\/suda-rosso-85x20\\\/\",\"url\":\"https:\\\/\\\/lainekarp.ee\\\/toode\\\/suda-rosso-85x20\\\/\",\"name\":\"S\u00fcda rosso kingikarp 85x20 - Lainekarp\",\"isPartOf\":{\"@id\":\"https:\\\/\\\/www.lainekarp.ee\\\/#website\"},\"primaryImageOfPage\":{\"@id\":\"https:\\\/\\\/lainekarp.ee\\\/toode\\\/suda-rosso-85x20\\\/#primaryimage\"},\"image\":{\"@id\":\"https:\\\/\\\/lainekarp.ee\\\/toode\\\/suda-rosso-85x20\\\/#primaryimage\"},\"thumbnailUrl\":\"https:\\\/\\\/lainekarp.ee\\\/wp-content\\\/uploads\\\/2026\\\/01\\\/E136438-2.jpg\",\"datePublished\":\"2021-10-18T13:42:22+00:00\",\"dateModified\":\"2026-01-20T13:40:38+00:00\",\"description\":\"S\u00fcda rosso 85x20. Kinkekarbid, Kingikarbid. Materjal: kartong. Kaal: 0.008kg. M\u00f5\u00f5dud: 85 x 0 x 20 mm.\",\"breadcrumb\":{\"@id\":\"https:\\\/\\\/lainekarp.ee\\\/toode\\\/suda-rosso-85x20\\\/#breadcrumb\"},\"inLanguage\":\"en-US\",\"potentialAction\":[{\"@type\":\"ReadAction\",\"target\":[\"https:\\\/\\\/lainekarp.ee\\\/toode\\\/suda-rosso-85x20\\\/\"]}]},{\"@type\":\"ImageObject\",\"inLanguage\":\"en-US\",\"@id\":\"https:\\\/\\\/lainekarp.ee\\\/toode\\\/suda-rosso-85x20\\\/#primaryimage\",\"url\":\"https:\\\/\\\/lainekarp.ee\\\/wp-content\\\/uploads\\\/2026\\\/01\\\/E136438-2.jpg\",\"contentUrl\":\"https:\\\/\\\/lainekarp.ee\\\/wp-content\\\/uploads\\\/2026\\\/01\\\/E136438-2.jpg\",\"width\":845,\"height\":1000,\"caption\":\"E136438\"},{\"@type\":\"BreadcrumbList\",\"@id\":\"https:\\\/\\\/lainekarp.ee\\\/toode\\\/suda-rosso-85x20\\\/#breadcrumb\",\"itemListElement\":[{\"@type\":\"ListItem\",\"position\":1,\"name\":\"Home\",\"item\":\"https:\\\/\\\/lainekarp.ee\\\/\"},{\"@type\":\"ListItem\",\"position\":2,\"name\":\"Kataloog\",\"item\":\"https:\\\/\\\/lainekarp.ee\\\/epood\\\/\"},{\"@type\":\"ListItem\",\"position\":3,\"name\":\"Kinkekarbid\",\"item\":\"https:\\\/\\\/www.lainekarp.ee\\\/tootekategooria\\\/kinkekarbid\\\/\"},{\"@type\":\"ListItem\",\"position\":4,\"name\":\"Kingikarbid\",\"item\":\"https:\\\/\\\/www.lainekarp.ee\\\/tootekategooria\\\/kinkekarbid\\\/kingikarbid\\\/\"},{\"@type\":\"ListItem\",\"position\":5,\"name\":\"S\u00fcda rosso kingikarp 85&#215;20\"}]},{\"@type\":\"WebSite\",\"@id\":\"https:\\\/\\\/www.lainekarp.ee\\\/#website\",\"url\":\"https:\\\/\\\/www.lainekarp.ee\\\/\",\"name\":\"Lainekarp\",\"description\":\"\",\"potentialAction\":[{\"@type\":\"SearchAction\",\"target\":{\"@type\":\"EntryPoint\",\"urlTemplate\":\"https:\\\/\\\/www.lainekarp.ee\\\/?s={search_term_string}\"},\"query-input\":{\"@type\":\"PropertyValueSpecification\",\"valueRequired\":true,\"valueName\":\"search_term_string\"}}],\"inLanguage\":\"en-US\"}]}<\/script>\n<!-- \/ Yoast SEO plugin. -->","yoast_head_json":{"title":"S\u00fcda rosso kingikarp 85x20 - Lainekarp","description":"S\u00fcda rosso 85x20. Kinkekarbid, Kingikarbid. Materjal: kartong. Kaal: 0.008kg. M\u00f5\u00f5dud: 85 x 0 x 20 mm.","robots":{"index":"index","follow":"follow","max-snippet":"max-snippet:-1","max-image-preview":"max-image-preview:large","max-video-preview":"max-video-preview:-1"},"canonical":"https:\/\/lainekarp.ee\/en\/product\/suda-rosso-85x20\/","og_locale":"en_US","og_type":"article","og_title":"S\u00fcda rosso kingikarp 85x20 - Lainekarp","og_description":"S\u00fcda rosso 85x20. Kinkekarbid, Kingikarbid. Materjal: kartong. Kaal: 0.008kg. M\u00f5\u00f5dud: 85 x 0 x 20 mm.","og_url":"https:\/\/lainekarp.ee\/en\/product\/suda-rosso-85x20\/","og_site_name":"Lainekarp","article_modified_time":"2026-01-20T13:40:38+00:00","og_image":[{"width":845,"height":1000,"url":"https:\/\/lainekarp.ee\/wp-content\/uploads\/2025\/09\/E136438-2.jpg","type":"image\/jpeg"}],"twitter_card":"summary_large_image","schema":{"@context":"https:\/\/schema.org","@graph":[{"@type":"WebPage","@id":"https:\/\/lainekarp.ee\/toode\/suda-rosso-85x20\/","url":"https:\/\/lainekarp.ee\/toode\/suda-rosso-85x20\/","name":"S\u00fcda rosso kingikarp 85x20 - Lainekarp","isPartOf":{"@id":"https:\/\/www.lainekarp.ee\/#website"},"primaryImageOfPage":{"@id":"https:\/\/lainekarp.ee\/toode\/suda-rosso-85x20\/#primaryimage"},"image":{"@id":"https:\/\/lainekarp.ee\/toode\/suda-rosso-85x20\/#primaryimage"},"thumbnailUrl":"https:\/\/lainekarp.ee\/wp-content\/uploads\/2026\/01\/E136438-2.jpg","datePublished":"2021-10-18T13:42:22+00:00","dateModified":"2026-01-20T13:40:38+00:00","description":"S\u00fcda rosso 85x20. Kinkekarbid, Kingikarbid. Materjal: kartong. Kaal: 0.008kg. M\u00f5\u00f5dud: 85 x 0 x 20 mm.","breadcrumb":{"@id":"https:\/\/lainekarp.ee\/toode\/suda-rosso-85x20\/#breadcrumb"},"inLanguage":"en-US","potentialAction":[{"@type":"ReadAction","target":["https:\/\/lainekarp.ee\/toode\/suda-rosso-85x20\/"]}]},{"@type":"ImageObject","inLanguage":"en-US","@id":"https:\/\/lainekarp.ee\/toode\/suda-rosso-85x20\/#primaryimage","url":"https:\/\/lainekarp.ee\/wp-content\/uploads\/2026\/01\/E136438-2.jpg","contentUrl":"https:\/\/lainekarp.ee\/wp-content\/uploads\/2026\/01\/E136438-2.jpg","width":845,"height":1000,"caption":"E136438"},{"@type":"BreadcrumbList","@id":"https:\/\/lainekarp.ee\/toode\/suda-rosso-85x20\/#breadcrumb","itemListElement":[{"@type":"ListItem","position":1,"name":"Home","item":"https:\/\/lainekarp.ee\/"},{"@type":"ListItem","position":2,"name":"Kataloog","item":"https:\/\/lainekarp.ee\/epood\/"},{"@type":"ListItem","position":3,"name":"Kinkekarbid","item":"https:\/\/www.lainekarp.ee\/tootekategooria\/kinkekarbid\/"},{"@type":"ListItem","position":4,"name":"Kingikarbid","item":"https:\/\/www.lainekarp.ee\/tootekategooria\/kinkekarbid\/kingikarbid\/"},{"@type":"ListItem","position":5,"name":"S\u00fcda rosso kingikarp 85&#215;20"}]},{"@type":"WebSite","@id":"https:\/\/www.lainekarp.ee\/#website","url":"https:\/\/www.lainekarp.ee\/","name":"Lainekarp","description":"","potentialAction":[{"@type":"SearchAction","target":{"@type":"EntryPoint","urlTemplate":"https:\/\/www.lainekarp.ee\/?s={search_term_string}"},"query-input":{"@type":"PropertyValueSpecification","valueRequired":true,"valueName":"search_term_string"}}],"inLanguage":"en-US"}]}},"_links":{"self":[{"href":"https:\/\/lainekarp.ee\/en\/wp-json\/wp\/v2\/product\/478","targetHints":{"allow":["GET"]}}],"collection":[{"href":"https:\/\/lainekarp.ee\/en\/wp-json\/wp\/v2\/product"}],"about":[{"href":"https:\/\/lainekarp.ee\/en\/wp-json\/wp\/v2\/types\/product"}],"version-history":[{"count":1,"href":"https:\/\/lainekarp.ee\/en\/wp-json\/wp\/v2\/product\/478\/revisions"}],"predecessor-version":[{"id":19852,"href":"https:\/\/lainekarp.ee\/en\/wp-json\/wp\/v2\/product\/478\/revisions\/19852"}],"wp:featuredmedia":[{"embeddable":true,"href":"https:\/\/lainekarp.ee\/en\/wp-json\/wp\/v2\/media\/19851"}],"wp:attachment":[{"href":"https:\/\/lainekarp.ee\/en\/wp-json\/wp\/v2\/media?parent=478"}],"wp:term":[{"taxonomy":"product_brand","embeddable":true,"href":"https:\/\/lainekarp.ee\/en\/wp-json\/wp\/v2\/product_brand?post=478"},{"taxonomy":"product_cat","embeddable":true,"href":"https:\/\/lainekarp.ee\/en\/wp-json\/wp\/v2\/product_cat?post=478"},{"taxonomy":"product_tag","embeddable":true,"href":"https:\/\/lainekarp.ee\/en\/wp-json\/wp\/v2\/product_tag?post=478"}],"curies":[{"name":"wp","href":"https:\/\/api.w.org\/{rel}","templated":true}]}}