{"id":5569,"date":"2021-12-15T14:34:02","date_gmt":"2021-12-15T12:34:02","guid":{"rendered":"https:\/\/uus.lainekarp.ee\/product\/koogikarp-1-aknaga-lk-roheline-145x115x60\/"},"modified":"2026-04-17T10:27:05","modified_gmt":"2026-04-17T08:27:05","slug":"koogikarp-1-aknaga-lk-roheline-145x115x60","status":"publish","type":"product","link":"https:\/\/lainekarp.ee\/en\/product\/koogikarp-1-aknaga-lk-roheline-145x115x60\/","title":{"rendered":"Koogikarp 1 aknaga LK roheline 115x145x60\/250"},"content":{"rendered":"","protected":false},"excerpt":{"rendered":"<p>KK1WLK on Lainekarbi enda kujundusega koogikarp. Koogikarp koosneb kahest lehest. KK1WLK sobib ainult kaane pooleks. P\u00f5hja pooleks sobivad KK1KKI, KK1KI ja KK1PR. Erinevaid kombineerimisv\u00f5imalusi leiad: SELLE TOOTEGA \u00dcHILDUVAD KA&#8230; Kogus pakis 250tk<\/p>","protected":false},"featured_media":17500,"template":"","meta":{"_acf_changed":false},"product_brand":[],"product_cat":[627,683],"product_tag":[],"class_list":{"0":"post-5569","1":"product","2":"type-product","3":"status-publish","4":"has-post-thumbnail","6":"product_cat-kartongist-koogikarbid","7":"product_cat-tahtpaevad","9":"first","10":"instock","11":"taxable","12":"shipping-taxable","13":"purchasable","14":"product-type-simple"},"acf":[],"yoast_head":"<!-- This site is optimized with the Yoast SEO plugin v27.5 - https:\/\/yoast.com\/product\/yoast-seo-wordpress\/ -->\n<title>Koogikarp 1 aknaga LK roheline 115x145x60\/250 - Lainekarp<\/title>\n<meta name=\"description\" content=\"Koogikarp 1 aknaga LK roheline 115x145x60. Tordi- ja koogikarbid, Kartongist koogikarbid. Kaal: 0.015kg. M\u00f5\u00f5dud: 115 x 145 x 60 mm.\" \/>\n<meta name=\"robots\" content=\"index, follow, max-snippet:-1, max-image-preview:large, max-video-preview:-1\" \/>\n<link rel=\"canonical\" href=\"https:\/\/lainekarp.ee\/en\/product\/koogikarp-1-aknaga-lk-roheline-145x115x60\/\" \/>\n<meta property=\"og:locale\" content=\"en_US\" \/>\n<meta property=\"og:type\" content=\"article\" \/>\n<meta property=\"og:title\" content=\"Koogikarp 1 aknaga LK roheline 115x145x60\/250 - Lainekarp\" \/>\n<meta property=\"og:description\" content=\"Koogikarp 1 aknaga LK roheline 115x145x60. Tordi- ja koogikarbid, Kartongist koogikarbid. Kaal: 0.015kg. M\u00f5\u00f5dud: 115 x 145 x 60 mm.\" \/>\n<meta property=\"og:url\" content=\"https:\/\/lainekarp.ee\/en\/product\/koogikarp-1-aknaga-lk-roheline-145x115x60\/\" \/>\n<meta property=\"og:site_name\" content=\"Lainekarp\" \/>\n<meta property=\"article:modified_time\" content=\"2026-04-17T08:27:05+00:00\" \/>\n<meta property=\"og:image\" content=\"https:\/\/lainekarp.ee\/wp-content\/uploads\/2025\/03\/kk1wlk.jpg\" \/>\n\t<meta property=\"og:image:width\" content=\"483\" \/>\n\t<meta property=\"og:image:height\" content=\"640\" \/>\n\t<meta property=\"og:image:type\" content=\"image\/jpeg\" \/>\n<meta name=\"twitter:card\" content=\"summary_large_image\" \/>\n<meta name=\"twitter:label1\" content=\"Est. reading time\" \/>\n\t<meta name=\"twitter:data1\" content=\"1 minute\" \/>\n<script type=\"application\/ld+json\" class=\"yoast-schema-graph\">{\"@context\":\"https:\\\/\\\/schema.org\",\"@graph\":[{\"@type\":\"WebPage\",\"@id\":\"https:\\\/\\\/lainekarp.ee\\\/toode\\\/koogikarp-1-aknaga-lk-roheline-145x115x60\\\/\",\"url\":\"https:\\\/\\\/lainekarp.ee\\\/toode\\\/koogikarp-1-aknaga-lk-roheline-145x115x60\\\/\",\"name\":\"Koogikarp 1 aknaga LK roheline 115x145x60\\\/250 - Lainekarp\",\"isPartOf\":{\"@id\":\"https:\\\/\\\/www.lainekarp.ee\\\/#website\"},\"primaryImageOfPage\":{\"@id\":\"https:\\\/\\\/lainekarp.ee\\\/toode\\\/koogikarp-1-aknaga-lk-roheline-145x115x60\\\/#primaryimage\"},\"image\":{\"@id\":\"https:\\\/\\\/lainekarp.ee\\\/toode\\\/koogikarp-1-aknaga-lk-roheline-145x115x60\\\/#primaryimage\"},\"thumbnailUrl\":\"https:\\\/\\\/lainekarp.ee\\\/wp-content\\\/uploads\\\/2025\\\/03\\\/kk1wlk.jpg\",\"datePublished\":\"2021-12-15T12:34:02+00:00\",\"dateModified\":\"2026-04-17T08:27:05+00:00\",\"description\":\"Koogikarp 1 aknaga LK roheline 115x145x60. Tordi- ja koogikarbid, Kartongist koogikarbid. Kaal: 0.015kg. M\u00f5\u00f5dud: 115 x 145 x 60 mm.\",\"breadcrumb\":{\"@id\":\"https:\\\/\\\/lainekarp.ee\\\/toode\\\/koogikarp-1-aknaga-lk-roheline-145x115x60\\\/#breadcrumb\"},\"inLanguage\":\"en-US\",\"potentialAction\":[{\"@type\":\"ReadAction\",\"target\":[\"https:\\\/\\\/lainekarp.ee\\\/toode\\\/koogikarp-1-aknaga-lk-roheline-145x115x60\\\/\"]}]},{\"@type\":\"ImageObject\",\"inLanguage\":\"en-US\",\"@id\":\"https:\\\/\\\/lainekarp.ee\\\/toode\\\/koogikarp-1-aknaga-lk-roheline-145x115x60\\\/#primaryimage\",\"url\":\"https:\\\/\\\/lainekarp.ee\\\/wp-content\\\/uploads\\\/2025\\\/03\\\/kk1wlk.jpg\",\"contentUrl\":\"https:\\\/\\\/lainekarp.ee\\\/wp-content\\\/uploads\\\/2025\\\/03\\\/kk1wlk.jpg\",\"width\":483,\"height\":640,\"caption\":\"kk1wlk\"},{\"@type\":\"BreadcrumbList\",\"@id\":\"https:\\\/\\\/lainekarp.ee\\\/toode\\\/koogikarp-1-aknaga-lk-roheline-145x115x60\\\/#breadcrumb\",\"itemListElement\":[{\"@type\":\"ListItem\",\"position\":1,\"name\":\"Home\",\"item\":\"https:\\\/\\\/lainekarp.ee\\\/\"},{\"@type\":\"ListItem\",\"position\":2,\"name\":\"Kataloog\",\"item\":\"https:\\\/\\\/lainekarp.ee\\\/epood\\\/\"},{\"@type\":\"ListItem\",\"position\":3,\"name\":\"T\u00e4htp\u00e4evad\",\"item\":\"https:\\\/\\\/lainekarp.ee\\\/tootekategooria\\\/tahtpaevad\\\/\"},{\"@type\":\"ListItem\",\"position\":4,\"name\":\"Koogikarp 1 aknaga LK roheline 115x145x60\\\/250\"}]},{\"@type\":\"WebSite\",\"@id\":\"https:\\\/\\\/www.lainekarp.ee\\\/#website\",\"url\":\"https:\\\/\\\/www.lainekarp.ee\\\/\",\"name\":\"Lainekarp\",\"description\":\"\",\"potentialAction\":[{\"@type\":\"SearchAction\",\"target\":{\"@type\":\"EntryPoint\",\"urlTemplate\":\"https:\\\/\\\/www.lainekarp.ee\\\/?s={search_term_string}\"},\"query-input\":{\"@type\":\"PropertyValueSpecification\",\"valueRequired\":true,\"valueName\":\"search_term_string\"}}],\"inLanguage\":\"en-US\"}]}<\/script>\n<!-- \/ Yoast SEO plugin. -->","yoast_head_json":{"title":"Koogikarp 1 aknaga LK roheline 115x145x60\/250 - Lainekarp","description":"Koogikarp 1 aknaga LK roheline 115x145x60. Tordi- ja koogikarbid, Kartongist koogikarbid. Kaal: 0.015kg. M\u00f5\u00f5dud: 115 x 145 x 60 mm.","robots":{"index":"index","follow":"follow","max-snippet":"max-snippet:-1","max-image-preview":"max-image-preview:large","max-video-preview":"max-video-preview:-1"},"canonical":"https:\/\/lainekarp.ee\/en\/product\/koogikarp-1-aknaga-lk-roheline-145x115x60\/","og_locale":"en_US","og_type":"article","og_title":"Koogikarp 1 aknaga LK roheline 115x145x60\/250 - Lainekarp","og_description":"Koogikarp 1 aknaga LK roheline 115x145x60. Tordi- ja koogikarbid, Kartongist koogikarbid. Kaal: 0.015kg. M\u00f5\u00f5dud: 115 x 145 x 60 mm.","og_url":"https:\/\/lainekarp.ee\/en\/product\/koogikarp-1-aknaga-lk-roheline-145x115x60\/","og_site_name":"Lainekarp","article_modified_time":"2026-04-17T08:27:05+00:00","og_image":[{"width":483,"height":640,"url":"https:\/\/lainekarp.ee\/wp-content\/uploads\/2025\/03\/kk1wlk.jpg","type":"image\/jpeg"}],"twitter_card":"summary_large_image","twitter_misc":{"Est. reading time":"1 minute"},"schema":{"@context":"https:\/\/schema.org","@graph":[{"@type":"WebPage","@id":"https:\/\/lainekarp.ee\/toode\/koogikarp-1-aknaga-lk-roheline-145x115x60\/","url":"https:\/\/lainekarp.ee\/toode\/koogikarp-1-aknaga-lk-roheline-145x115x60\/","name":"Koogikarp 1 aknaga LK roheline 115x145x60\/250 - Lainekarp","isPartOf":{"@id":"https:\/\/www.lainekarp.ee\/#website"},"primaryImageOfPage":{"@id":"https:\/\/lainekarp.ee\/toode\/koogikarp-1-aknaga-lk-roheline-145x115x60\/#primaryimage"},"image":{"@id":"https:\/\/lainekarp.ee\/toode\/koogikarp-1-aknaga-lk-roheline-145x115x60\/#primaryimage"},"thumbnailUrl":"https:\/\/lainekarp.ee\/wp-content\/uploads\/2025\/03\/kk1wlk.jpg","datePublished":"2021-12-15T12:34:02+00:00","dateModified":"2026-04-17T08:27:05+00:00","description":"Koogikarp 1 aknaga LK roheline 115x145x60. Tordi- ja koogikarbid, Kartongist koogikarbid. Kaal: 0.015kg. M\u00f5\u00f5dud: 115 x 145 x 60 mm.","breadcrumb":{"@id":"https:\/\/lainekarp.ee\/toode\/koogikarp-1-aknaga-lk-roheline-145x115x60\/#breadcrumb"},"inLanguage":"en-US","potentialAction":[{"@type":"ReadAction","target":["https:\/\/lainekarp.ee\/toode\/koogikarp-1-aknaga-lk-roheline-145x115x60\/"]}]},{"@type":"ImageObject","inLanguage":"en-US","@id":"https:\/\/lainekarp.ee\/toode\/koogikarp-1-aknaga-lk-roheline-145x115x60\/#primaryimage","url":"https:\/\/lainekarp.ee\/wp-content\/uploads\/2025\/03\/kk1wlk.jpg","contentUrl":"https:\/\/lainekarp.ee\/wp-content\/uploads\/2025\/03\/kk1wlk.jpg","width":483,"height":640,"caption":"kk1wlk"},{"@type":"BreadcrumbList","@id":"https:\/\/lainekarp.ee\/toode\/koogikarp-1-aknaga-lk-roheline-145x115x60\/#breadcrumb","itemListElement":[{"@type":"ListItem","position":1,"name":"Home","item":"https:\/\/lainekarp.ee\/"},{"@type":"ListItem","position":2,"name":"Kataloog","item":"https:\/\/lainekarp.ee\/epood\/"},{"@type":"ListItem","position":3,"name":"T\u00e4htp\u00e4evad","item":"https:\/\/lainekarp.ee\/tootekategooria\/tahtpaevad\/"},{"@type":"ListItem","position":4,"name":"Koogikarp 1 aknaga LK roheline 115x145x60\/250"}]},{"@type":"WebSite","@id":"https:\/\/www.lainekarp.ee\/#website","url":"https:\/\/www.lainekarp.ee\/","name":"Lainekarp","description":"","potentialAction":[{"@type":"SearchAction","target":{"@type":"EntryPoint","urlTemplate":"https:\/\/www.lainekarp.ee\/?s={search_term_string}"},"query-input":{"@type":"PropertyValueSpecification","valueRequired":true,"valueName":"search_term_string"}}],"inLanguage":"en-US"}]}},"_links":{"self":[{"href":"https:\/\/lainekarp.ee\/en\/wp-json\/wp\/v2\/product\/5569","targetHints":{"allow":["GET"]}}],"collection":[{"href":"https:\/\/lainekarp.ee\/en\/wp-json\/wp\/v2\/product"}],"about":[{"href":"https:\/\/lainekarp.ee\/en\/wp-json\/wp\/v2\/types\/product"}],"version-history":[{"count":2,"href":"https:\/\/lainekarp.ee\/en\/wp-json\/wp\/v2\/product\/5569\/revisions"}],"predecessor-version":[{"id":19174,"href":"https:\/\/lainekarp.ee\/en\/wp-json\/wp\/v2\/product\/5569\/revisions\/19174"}],"wp:featuredmedia":[{"embeddable":true,"href":"https:\/\/lainekarp.ee\/en\/wp-json\/wp\/v2\/media\/17500"}],"wp:attachment":[{"href":"https:\/\/lainekarp.ee\/en\/wp-json\/wp\/v2\/media?parent=5569"}],"wp:term":[{"taxonomy":"product_brand","embeddable":true,"href":"https:\/\/lainekarp.ee\/en\/wp-json\/wp\/v2\/product_brand?post=5569"},{"taxonomy":"product_cat","embeddable":true,"href":"https:\/\/lainekarp.ee\/en\/wp-json\/wp\/v2\/product_cat?post=5569"},{"taxonomy":"product_tag","embeddable":true,"href":"https:\/\/lainekarp.ee\/en\/wp-json\/wp\/v2\/product_tag?post=5569"}],"curies":[{"name":"wp","href":"https:\/\/api.w.org\/{rel}","templated":true}]}}